{"id":10180,"date":"2022-03-08T12:28:04","date_gmt":"2022-03-08T14:28:04","guid":{"rendered":"https:\/\/fcfrp.usp.br\/?page_id=10180"},"modified":"2025-12-02T14:51:18","modified_gmt":"2025-12-02T16:51:18","slug":"emeritos","status":"publish","type":"page","link":"https:\/\/fcfrp.usp.br\/pt\/institucional\/emeritos\/","title":{"rendered":"Professores Em\u00e9ritos"},"content":{"rendered":"<div id=\"pl-10180\"  class=\"panel-layout\" ><div id=\"pg-10180-0\"  class=\"panel-grid panel-no-style\" ><div id=\"pgc-10180-0-0\"  class=\"panel-grid-cell\" ><div id=\"panel-10180-0-0-0\" class=\"so-panel widget widget_text panel-first-child panel-last-child\" data-index=\"0\" >\t\t\t<div class=\"textwidget\"><table width=\"800\">\n<tbody>\n<tr>\n<td width=\"800\">\n<h4><strong>Profa. Dra. Maria de Lourdes Pires Bianchi<\/strong><\/h4>\n<div style=\"text-align: justify;\">Data Aprova\u00e7\u00e3o: 25\/04\/2025 na 442\u00aa Sess\u00e3o Ordin\u00e1ria da Congrega\u00e7\u00e3o<br \/>\nData Solenidade de Outorga do T\u00edtulo: 13\/06\/2025<\/div>\n<\/td>\n<\/tr>\n<\/tbody>\n<\/table>\n<table width=\"800\">\n<tbody>\n<tr>\n<td width=\"800\">\n<h4><strong>Prof. Dr. Augusto C\u00e9sar Cropanese Spadaro<\/strong><\/h4>\n<div style=\"text-align: justify;\">Data Aprova\u00e7\u00e3o: 30\/08\/2024 na 436\u00aa\u00a0Sess\u00e3o Extraordin\u00e1ria da Congrega\u00e7\u00e3o<br \/>\nData Solenidade de Outorga do T\u00edtulo: 14\/11\/2024<\/div>\n<\/td>\n<\/tr>\n<\/tbody>\n<\/table>\n<table width=\"800\">\n<tbody>\n<tr>\n<td width=\"800\">\n<h4><strong>Prof. Dr. Jo\u00e3o Luis Callegari Lopes<\/strong><\/h4>\n<div style=\"text-align: justify;\">Data Aprova\u00e7\u00e3o: 30\/08\/2024 na 436\u00aa\u00a0Sess\u00e3o Extraordin\u00e1ria da Congrega\u00e7\u00e3o<br \/>\nData Solenidade de Outorga do T\u00edtulo: 14\/11\/2024<\/div>\n<\/td>\n<\/tr>\n<\/tbody>\n<\/table>\n<table width=\"800\">\n<tbody>\n<tr>\n<td width=\"800\">\n<h4><strong>Prof. Dr. Demerval de Carvalho<\/strong><\/h4>\n<div style=\"text-align: justify;\">Data Aprova\u00e7\u00e3o: 30\/11\/2017 na 381\u00aa Sess\u00e3o Extraordin\u00e1ria da Congrega\u00e7\u00e3o<br \/>\nData Solenidade de Outorga do T\u00edtulo: 19\/12\/2017<\/div>\n<\/td>\n<\/tr>\n<\/tbody>\n<\/table>\n<table width=\"800\">\n<tbody>\n<tr>\n<td width=\"800\">\n<h4><strong>Profa. Dra. Elza Helena Guimar\u00e3es Lara<\/strong><\/h4>\n<div style=\"text-align: justify;\">Data Aprova\u00e7\u00e3o: 30\/11\/2017 na 381\u00aa Sess\u00e3o Extraordin\u00e1ria da Congrega\u00e7\u00e3o<br \/>\nData Solenidade de Outorga do T\u00edtulo: 19\/12\/2017<\/div>\n<\/td>\n<\/tr>\n<\/tbody>\n<\/table>\n<table width=\"800\">\n<tbody>\n<tr>\n<td width=\"800\">\n<h4><strong>Prof. Dr. Jos\u00e9 Norberto Callegari Lopes<\/strong><\/h4>\n<div style=\"text-align: justify;\">Data Aprova\u00e7\u00e3o: 30\/11\/2017 na 381\u00aa Sess\u00e3o Extraordin\u00e1ria da Congrega\u00e7\u00e3o<br \/>\nData Solenidade de Outorga do T\u00edtulo: 19\/12\/2017<\/div>\n<\/td>\n<\/tr>\n<\/tbody>\n<\/table>\n<table width=\"800\">\n<tbody>\n<tr>\n<td width=\"800\">\n<h4><strong>Profa. Dra. Rosa Domingues Ribeiro<\/strong><\/h4>\n<div style=\"text-align: justify;\">Data Aprova\u00e7\u00e3o: 30\/11\/2017 na 381\u00aa Sess\u00e3o Extraordin\u00e1ria da Congrega\u00e7\u00e3o<br \/>\nData Solenidade de Outorga do T\u00edtulo: 19\/12\/2017<\/div>\n<\/td>\n<\/tr>\n<\/tbody>\n<\/table>\n<table width=\"800\">\n<tbody>\n<tr>\n<td width=\"800\">\n<h4><strong>Prof. Dr. Oct\u00e1vio Barrachini<\/strong><\/h4>\n<div style=\"text-align: justify;\">Data Aprova\u00e7\u00e3o: 30\/05\/2008 na 291\u00aa Sess\u00e3o Extraordin\u00e1ria da Congrega\u00e7\u00e3o<br \/>\nData Solenidade de Outorga do T\u00edtulo: 14\/11\/2008<\/div>\n<\/td>\n<\/tr>\n<\/tbody>\n<\/table>\n<\/div>\n\t\t<\/div><\/div><div id=\"pgc-10180-0-1\"  class=\"panel-grid-cell\" ><div id=\"panel-10180-0-1-0\" class=\"so-panel widget widget_nav_menu panel-first-child panel-last-child\" data-index=\"1\" ><div class=\"menu-menu-institucional-container\"><ul id=\"menu-menu-institucional\" class=\"menu\"><li id=\"menu-item-5965\" class=\"menu-item menu-item-type-post_type menu-item-object-page menu-item-has-children menu-item-5965\"><a href=\"https:\/\/fcfrp.usp.br\/pt\/institucional\/\">INSTITUCIONAL<\/a>\n<ul class=\"sub-menu\">\n\t<li id=\"menu-item-5967\" class=\"menu-item menu-item-type-post_type menu-item-object-page menu-item-5967\"><a href=\"https:\/\/fcfrp.usp.br\/pt\/institucional\/diretoria\/\">Diretoria<\/a><\/li>\n\t<li id=\"menu-item-9372\" class=\"menu-item menu-item-type-post_type menu-item-object-page menu-item-9372\"><a href=\"https:\/\/fcfrp.usp.br\/pt\/institucional\/exdiretores\/\">Ex-Diretores(as)<\/a><\/li>\n\t<li id=\"menu-item-10185\" class=\"menu-item menu-item-type-post_type menu-item-object-page menu-item-10185\"><a href=\"https:\/\/fcfrp.usp.br\/pt\/institucional\/emeritos\/\">Professores Em\u00e9ritos<\/a><\/li>\n\t<li id=\"menu-item-5968\" class=\"menu-item menu-item-type-post_type menu-item-object-page menu-item-5968\"><a href=\"https:\/\/fcfrp.usp.br\/pt\/institucional\/departamentos\/\">Departamentos<\/a><\/li>\n\t<li id=\"menu-item-5971\" class=\"menu-item menu-item-type-post_type menu-item-object-page menu-item-has-children menu-item-5971\"><a href=\"https:\/\/fcfrp.usp.br\/pt\/institucional\/administracao\/\">Administra\u00e7\u00e3o<\/a>\n\t<ul class=\"sub-menu\">\n\t\t<li id=\"menu-item-5969\" class=\"menu-item menu-item-type-post_type menu-item-object-page menu-item-5969\"><a href=\"https:\/\/fcfrp.usp.br\/pt\/institucional\/administracao\/atac\/\">Divis\u00e3o Acad\u00eamica<\/a><\/li>\n\t\t<li id=\"menu-item-5970\" class=\"menu-item menu-item-type-post_type menu-item-object-page menu-item-5970\"><a href=\"https:\/\/fcfrp.usp.br\/pt\/institucional\/administracao\/assistencia-tecnica-administrativa\/\">Divis\u00e3o Administrativa<\/a><\/li>\n\t\t<li id=\"menu-item-5974\" class=\"menu-item menu-item-type-post_type menu-item-object-page menu-item-5974\"><a href=\"https:\/\/fcfrp.usp.br\/pt\/institucional\/administracao\/assistencia-tecnica-financeira\/\">Divis\u00e3o Financeira<\/a><\/li>\n\t<\/ul>\n<\/li>\n\t<li id=\"menu-item-10507\" class=\"menu-item menu-item-type-post_type menu-item-object-page menu-item-10507\"><a href=\"https:\/\/fcfrp.usp.br\/pt\/institucional\/cap\/\">Centro de Apoio a Projetos<\/a><\/li>\n\t<li id=\"menu-item-5972\" class=\"menu-item menu-item-type-post_type menu-item-object-page menu-item-5972\"><a href=\"https:\/\/fcfrp.usp.br\/pt\/institucional\/servicos\/\">Servi\u00e7os<\/a><\/li>\n\t<li id=\"menu-item-5973\" class=\"menu-item menu-item-type-post_type menu-item-object-page menu-item-5973\"><a href=\"https:\/\/fcfrp.usp.br\/pt\/institucional\/comissoes\/\">Comiss\u00f5es<\/a><\/li>\n\t<li id=\"menu-item-5975\" class=\"menu-item menu-item-type-post_type menu-item-object-page menu-item-5975\"><a href=\"https:\/\/fcfrp.usp.br\/pt\/institucional\/concursos\/\">Concursos<\/a><\/li>\n\t<li id=\"menu-item-6182\" class=\"menu-item menu-item-type-custom menu-item-object-custom menu-item-6182\"><a href=\"https:\/\/fcfrp.usp.br\/pt\/institucional\/administracao\/assistencia-tecnica-financeira\/materiais\/\">Licita\u00e7\u00f5es<\/a><\/li>\n\t<li id=\"menu-item-5966\" class=\"menu-item menu-item-type-post_type menu-item-object-page current_page_parent menu-item-5966\"><a href=\"https:\/\/fcfrp.usp.br\/pt\/institucional\/eventos-noticias\/\">Eventos \/ Not\u00edcias<\/a><\/li>\n\t<li id=\"menu-item-5976\" class=\"menu-item menu-item-type-post_type menu-item-object-page menu-item-5976\"><a target=\"_blank\" href=\"https:\/\/fcfrp.usp.br\/wp-content\/uploads\/sites\/528\/2025\/03\/Lista-de-ramais-marco-2025.pdf\">Servidores<\/a><\/li>\n\t<li id=\"menu-item-7206\" class=\"menu-item menu-item-type-post_type menu-item-object-page menu-item-7206\"><a href=\"https:\/\/fcfrp.usp.br\/pt\/institucional\/identidade-visual\/\">Identidade Visual<\/a><\/li>\n<\/ul>\n<\/li>\n<\/ul><\/div><\/div><\/div><\/div><\/div>","protected":false},"excerpt":{"rendered":"<p>Profa. Dra. Maria de Lourdes Pires Bianchi Data Aprova\u00e7\u00e3o: 25\/04\/2025 na 442\u00aa Sess\u00e3o Ordin\u00e1ria da Congrega\u00e7\u00e3o Data Solenidade de Outorga do T\u00edtulo: 13\/06\/2025 Prof. Dr. Augusto C\u00e9sar Cropanese Spadaro Data Aprova\u00e7\u00e3o: 30\/08\/2024 na 436\u00aa\u00a0Sess\u00e3o Extraordin\u00e1ria da Congrega\u00e7\u00e3o Data Solenidade de Outorga do T\u00edtulo: 14\/11\/2024 Prof. Dr. Jo\u00e3o Luis Callegari Lopes Data Aprova\u00e7\u00e3o: 30\/08\/2024 na 436\u00aa\u00a0Sess\u00e3o<a href=\"https:\/\/fcfrp.usp.br\/pt\/institucional\/emeritos\/\">[&#8230;]<\/a><\/p>\n","protected":false},"author":978,"featured_media":0,"parent":312,"menu_order":1,"comment_status":"closed","ping_status":"closed","template":"template-fullwidth.php","meta":{"footnotes":"","_links_to":"","_links_to_target":""},"class_list":["post-10180","page","type-page","status-publish","hentry"],"_links":{"self":[{"href":"https:\/\/fcfrp.usp.br\/pt\/wp-json\/wp\/v2\/pages\/10180","targetHints":{"allow":["GET"]}}],"collection":[{"href":"https:\/\/fcfrp.usp.br\/pt\/wp-json\/wp\/v2\/pages"}],"about":[{"href":"https:\/\/fcfrp.usp.br\/pt\/wp-json\/wp\/v2\/types\/page"}],"author":[{"embeddable":true,"href":"https:\/\/fcfrp.usp.br\/pt\/wp-json\/wp\/v2\/users\/978"}],"replies":[{"embeddable":true,"href":"https:\/\/fcfrp.usp.br\/pt\/wp-json\/wp\/v2\/comments?post=10180"}],"version-history":[{"count":4,"href":"https:\/\/fcfrp.usp.br\/pt\/wp-json\/wp\/v2\/pages\/10180\/revisions"}],"predecessor-version":[{"id":15858,"href":"https:\/\/fcfrp.usp.br\/pt\/wp-json\/wp\/v2\/pages\/10180\/revisions\/15858"}],"up":[{"embeddable":true,"href":"https:\/\/fcfrp.usp.br\/pt\/wp-json\/wp\/v2\/pages\/312"}],"wp:attachment":[{"href":"https:\/\/fcfrp.usp.br\/pt\/wp-json\/wp\/v2\/media?parent=10180"}],"curies":[{"name":"wp","href":"https:\/\/api.w.org\/{rel}","templated":true}]}}