{"id":10435,"date":"2022-03-29T16:02:33","date_gmt":"2022-03-29T18:02:33","guid":{"rendered":"https:\/\/fcfrp.usp.br\/?page_id=10435"},"modified":"2022-03-29T16:02:33","modified_gmt":"2022-03-29T18:02:33","slug":"comissao-projeto-academico","status":"publish","type":"page","link":"https:\/\/fcfrp.usp.br\/pt\/institucional\/comissoes\/comissao-projeto-academico\/","title":{"rendered":"Comiss\u00e3o Coordenadora do Projeto Acad\u00eamico"},"content":{"rendered":"<div id=\"pl-10435\"  class=\"panel-layout\" ><div id=\"pg-10435-0\"  class=\"panel-grid panel-no-style\" ><div id=\"pgc-10435-0-0\"  class=\"panel-grid-cell\" ><div id=\"panel-10435-0-0-0\" class=\"so-panel widget widget_text panel-first-child panel-last-child\" data-index=\"0\" >\t\t\t<div class=\"textwidget\"><h4><strong>Presidente<\/strong><\/h4>\n<h3>Prof. Dr. S\u00e9rgio Akira Uyemura<a href=\"https:\/\/fcfrp.usp.br\/wp-content\/uploads\/sites\/528\/2022\/03\/akirad.jpg\"><img loading=\"lazy\" decoding=\"async\" class=\"wp-image-10227 size-full alignright\" src=\"https:\/\/fcfrp.usp.br\/wp-content\/uploads\/sites\/528\/2022\/03\/akirad.jpg\" alt=\"\" width=\"100\" height=\"128\" \/><\/a><\/h3>\n<p>Email: suyemura@fcfrp.usp.br<br \/>\nTel: (16) 3315-4199<\/p>\n<p>&nbsp;<\/p>\n<div style=\"text-align: justify; text-indent: 30pt;\"><\/div>\n<p>&nbsp;<\/p>\n<p>&nbsp;<\/p>\n<h4><strong>Membros<\/strong><\/h4>\n<div style=\"text-align: justify;\"><em>Profa. Dra. M\u00f4nica Tallarico Pupo (Vice-Presidente)<\/em><br \/>\nProfa. Dra. Cristiane Masetto de Gaitani (Gradua\u00e7\u00e3o)<br \/>\nProfa. Dra. Elaine Cristina Nonato (Pesquisa)<br \/>\nProfa. Dra. Lorena Rigo Gaspar Cordeiro (Cultura)<br \/>\nProf. Dr. Gilberto \u00dabida Leite Braga (Chefe DACTB)<br \/>\nProfa. Dra. Maria Jos\u00e9 Vieira Fonseca (Chefe DCF)<br \/>\nProfa. Dra. Carem Gledes Vargas Rechia (Chefe DCBm)<br \/>\n<strong>Suplentes<\/strong><br \/>\nProfa. Dra. Dion\u00e9ia Camlo R. de Oliveira (Gradua\u00e7\u00e3o)<br \/>\nProfa. Dra. Renata Fonseca V. Lopez (P\u00f3s-Gradua\u00e7\u00e3o)<br \/>\nProfa. Dra. Andr\u00e9ia Machado Leopoldino (Pesquisa)<br \/>\nProfa. Dra. Hosana Maria Debonsi (Cultura)<br \/>\nProfa. Dra. Danielle Palma de Oliveira (DACTB)<br \/>\nProfa. Dra. Patr\u00edcia Maria B.G. Maia Campos (DCF)<br \/>\nProf. Dr. Giuliano C\u00e9sar Closoki (DCBm)\n<\/div>\n<p>&nbsp;<\/p>\n<h4><strong>Contato<\/strong><\/h4>\n<p>Email: suyemura@fcfrp.usp.br<\/p>\n<p>&nbsp;<\/p>\n<\/div>\n\t\t<\/div><\/div><div id=\"pgc-10435-0-1\"  class=\"panel-grid-cell\" ><div id=\"panel-10435-0-1-0\" class=\"so-panel widget widget_nav_menu panel-first-child panel-last-child\" data-index=\"1\" ><div class=\"menu-menu-instcomissoes-container\"><ul id=\"menu-menu-instcomissoes\" class=\"menu\"><li id=\"menu-item-2692\" class=\"menu-item menu-item-type-post_type menu-item-object-page menu-item-has-children menu-item-2692\"><a href=\"https:\/\/fcfrp.usp.br\/pt\/institucional\/\">INSTITUCIONAL<\/a>\n<ul class=\"sub-menu\">\n\t<li id=\"menu-item-2694\" class=\"menu-item menu-item-type-post_type menu-item-object-page menu-item-2694\"><a href=\"https:\/\/fcfrp.usp.br\/pt\/institucional\/diretoria\/\">Diretoria<\/a><\/li>\n\t<li id=\"menu-item-2695\" class=\"menu-item menu-item-type-post_type menu-item-object-page menu-item-2695\"><a href=\"https:\/\/fcfrp.usp.br\/pt\/institucional\/departamentos\/\">Departamentos<\/a><\/li>\n\t<li id=\"menu-item-2696\" class=\"menu-item menu-item-type-post_type menu-item-object-page menu-item-2696\"><a href=\"https:\/\/fcfrp.usp.br\/pt\/institucional\/administracao\/\">Administra\u00e7\u00e3o<\/a><\/li>\n\t<li id=\"menu-item-10509\" class=\"menu-item menu-item-type-post_type menu-item-object-page menu-item-10509\"><a href=\"https:\/\/fcfrp.usp.br\/pt\/institucional\/cap\/\">Centro de Apoio a Projetos<\/a><\/li>\n\t<li id=\"menu-item-2689\" class=\"menu-item menu-item-type-post_type menu-item-object-page menu-item-2689\"><a href=\"https:\/\/fcfrp.usp.br\/pt\/institucional\/servicos\/\">Servi\u00e7os<\/a><\/li>\n\t<li id=\"menu-item-2718\" class=\"menu-item menu-item-type-post_type menu-item-object-page menu-item-has-children menu-item-2718\"><a href=\"https:\/\/fcfrp.usp.br\/pt\/institucional\/comissoes\/\">Comiss\u00f5es<\/a>\n\t<ul class=\"sub-menu\">\n\t\t<li id=\"menu-item-10441\" class=\"menu-item menu-item-type-post_type menu-item-object-page menu-item-10441\"><a href=\"https:\/\/fcfrp.usp.br\/pt\/institucional\/comissoes\/comissao-covid\/\">Comiss\u00e3o Assessora de Acompanhamento da Covid-19<\/a><\/li>\n\t\t<li id=\"menu-item-10381\" class=\"menu-item menu-item-type-post_type menu-item-object-page menu-item-10381\"><a href=\"https:\/\/fcfrp.usp.br\/pt\/institucional\/comissoes\/comissao-infra-pesquisa\/\">Comiss\u00e3o Assessora de Infraestrutura em Pesquisa<\/a><\/li>\n\t\t<li id=\"menu-item-2895\" class=\"menu-item menu-item-type-post_type menu-item-object-page menu-item-2895\"><a href=\"https:\/\/fcfrp.usp.br\/pt\/institucional\/comissoes\/comissao-bioterio\/\">Biot\u00e9rio<\/a><\/li>\n\t\t<li id=\"menu-item-3078\" class=\"menu-item menu-item-type-post_type menu-item-object-page menu-item-3078\"><a href=\"https:\/\/fcfrp.usp.br\/pt\/institucional\/comissoes\/comissao-boas-praticas\/\">Boas Pr\u00e1ticas Cient\u00edficas<\/a><\/li>\n\t\t<li id=\"menu-item-3008\" class=\"menu-item menu-item-type-post_type menu-item-object-page menu-item-3008\"><a href=\"https:\/\/fcfrp.usp.br\/pt\/institucional\/comissoes\/brigada\/\">Brigada de Inc\u00eandio<\/a><\/li>\n\t\t<li id=\"menu-item-2872\" class=\"menu-item menu-item-type-post_type menu-item-object-page menu-item-2872\"><a href=\"https:\/\/fcfrp.usp.br\/pt\/institucional\/comissoes\/comissao-biosseguranca\/\">Biosseguran\u00e7a &#8211; CiBio<\/a><\/li>\n\t\t<li id=\"menu-item-13238\" class=\"menu-item menu-item-type-post_type menu-item-object-page menu-item-13238\"><a href=\"https:\/\/fcfrp.usp.br\/pt\/institucional\/comissoes\/cip\/\">Comiss\u00e3o de Inclus\u00e3o e Pertencimento<\/a><\/li>\n\t\t<li id=\"menu-item-2846\" class=\"menu-item menu-item-type-post_type menu-item-object-page menu-item-2846\"><a href=\"https:\/\/fcfrp.usp.br\/pt\/institucional\/comissoes\/cipa\/\">CIPA<\/a><\/li>\n\t\t<li id=\"menu-item-3071\" class=\"menu-item menu-item-type-post_type menu-item-object-page menu-item-3071\"><a href=\"https:\/\/fcfrp.usp.br\/pt\/institucional\/comissoes\/comite-gestor-liarec\/\">Comit\u00ea Gestor Superior do Liarec<\/a><\/li>\n\t\t<li id=\"menu-item-10440\" class=\"menu-item menu-item-type-post_type menu-item-object-page menu-item-10440\"><a href=\"https:\/\/fcfrp.usp.br\/pt\/institucional\/comissoes\/comissao-projeto-academico\/\">Comiss\u00e3o Coordenadora do Projeto Acad\u00eamico<\/a><\/li>\n\t\t<li id=\"menu-item-2780\" class=\"menu-item menu-item-type-post_type menu-item-object-page menu-item-2780\"><a href=\"https:\/\/fcfrp.usp.br\/pt\/pesquisa-extensao\/extensao\/\">Cultura e Extens\u00e3o<\/a><\/li>\n\t\t<li id=\"menu-item-5136\" class=\"menu-item menu-item-type-post_type menu-item-object-page menu-item-5136\"><a href=\"https:\/\/fcfrp.usp.br\/pt\/institucional\/comissoes\/comissao-difusao\/\">Difus\u00e3o Cient\u00edfica e Acad\u00eamica<\/a><\/li>\n\t\t<li id=\"menu-item-2943\" class=\"menu-item menu-item-type-post_type menu-item-object-page menu-item-2943\"><a href=\"https:\/\/fcfrp.usp.br\/pt\/institucional\/comissoes\/comite-etica-pesquisa\/\">\u00c9tica em Pesquisa<\/a><\/li>\n\t\t<li id=\"menu-item-2799\" class=\"menu-item menu-item-type-post_type menu-item-object-page menu-item-2799\"><a href=\"https:\/\/fcfrp.usp.br\/pt\/institucional\/comissoes\/comissao-ceua\/\">\u00c9tica no Uso de Animais<\/a><\/li>\n\t\t<li id=\"menu-item-2919\" class=\"menu-item menu-item-type-post_type menu-item-object-page menu-item-2919\"><a href=\"https:\/\/fcfrp.usp.br\/pt\/institucional\/comissoes\/comissao-residuos-quimicos\/\">Gerenciamento de Res\u00edduos Qu\u00edmicos<\/a><\/li>\n\t\t<li id=\"menu-item-2728\" class=\"menu-item menu-item-type-post_type menu-item-object-page menu-item-2728\"><a href=\"https:\/\/fcfrp.usp.br\/pt\/institucional\/comissoes\/comissao-residuos-saude\/\">Gerenciamento de Res\u00edduos de Servi\u00e7os de Sa\u00fade<\/a><\/li>\n\t\t<li id=\"menu-item-2785\" class=\"menu-item menu-item-type-post_type menu-item-object-page menu-item-2785\"><a href=\"https:\/\/fcfrp.usp.br\/pt\/ensino\/graduacao\/comissao-graduacao\/\">Gradua\u00e7\u00e3o<\/a><\/li>\n\t\t<li id=\"menu-item-2779\" class=\"menu-item menu-item-type-post_type menu-item-object-page menu-item-2779\"><a href=\"https:\/\/fcfrp.usp.br\/pt\/pesquisa-extensao\/pesquisa\/\">Pesquisa<\/a><\/li>\n\t\t<li id=\"menu-item-2906\" class=\"menu-item menu-item-type-post_type menu-item-object-page menu-item-2906\"><a href=\"https:\/\/fcfrp.usp.br\/pt\/ensino\/pos-graduacao\/comissao-pos-graduacao\/\">P\u00f3s-Gradua\u00e7\u00e3o<\/a><\/li>\n\t\t<li id=\"menu-item-6132\" class=\"menu-item menu-item-type-post_type menu-item-object-page menu-item-6132\"><a href=\"https:\/\/fcfrp.usp.br\/pt\/institucional\/comissoes\/comissoes-pae\/\">Programa de Aperfei\u00e7oamento de Ensino<\/a><\/li>\n\t\t<li id=\"menu-item-2781\" class=\"menu-item menu-item-type-post_type menu-item-object-page menu-item-has-children menu-item-2781\"><a href=\"https:\/\/fcfrp.usp.br\/pt\/institucional\/comissoes\/relacoes-internacionais\/\">Rela\u00e7\u00f5es Internacionais<\/a>\n\t\t<ul class=\"sub-menu\">\n\t\t\t<li id=\"menu-item-5938\" class=\"menu-item menu-item-type-post_type menu-item-object-page menu-item-5938\"><a href=\"https:\/\/fcfrp.usp.br\/pt\/institucional\/comissoes\/relacoes-internacionais\/convenios-relacoes-internacionais\/\">Conv\u00eanios e Informa\u00e7\u00f5es<\/a><\/li>\n\t\t<\/ul>\n<\/li>\n\t\t<li id=\"menu-item-3084\" class=\"menu-item menu-item-type-post_type menu-item-object-page menu-item-3084\"><a href=\"https:\/\/fcfrp.usp.br\/pt\/institucional\/comissoes\/comissao-seguranca-laboratorios\/\">Seguran\u00e7a em Laborat\u00f3rios<\/a><\/li>\n\t\t<li id=\"menu-item-2795\" class=\"menu-item menu-item-type-post_type menu-item-object-page menu-item-2795\"><a href=\"https:\/\/fcfrp.usp.br\/pt\/institucional\/comissoes\/comissao-sausp\/\">Setorial do SAUSP<\/a><\/li>\n\t\t<li id=\"menu-item-2717\" class=\"menu-item menu-item-type-post_type menu-item-object-page menu-item-2717\"><a href=\"https:\/\/fcfrp.usp.br\/pt\/institucional\/comissoes\/comissao-treinamento\/\">Treinamento e Desenvolvimento dos Servidores N\u00e3o-Docentes<\/a><\/li>\n\t\t<li id=\"menu-item-2852\" class=\"menu-item menu-item-type-post_type menu-item-object-page menu-item-2852\"><a href=\"https:\/\/fcfrp.usp.br\/pt\/institucional\/comissoes\/comissao-usp-recicla\/\">USP Recicla<\/a><\/li>\n\t\t<li id=\"menu-item-3060\" class=\"menu-item menu-item-type-post_type menu-item-object-page menu-item-3060\"><a href=\"https:\/\/fcfrp.usp.br\/pt\/institucional\/comissoes\/comissao-usuarios-liarec\/\">Usu\u00e1rios do Liarec<\/a><\/li>\n\t<\/ul>\n<\/li>\n\t<li id=\"menu-item-2690\" class=\"menu-item menu-item-type-post_type menu-item-object-page menu-item-2690\"><a href=\"https:\/\/fcfrp.usp.br\/pt\/institucional\/concursos\/\">Concursos<\/a><\/li>\n\t<li id=\"menu-item-6217\" class=\"menu-item menu-item-type-custom menu-item-object-custom menu-item-6217\"><a href=\"https:\/\/fcfrp.usp.br\/pt\/institucional\/administracao\/assistencia-tecnica-financeira\/prov-materiais\/\">Licita\u00e7\u00f5es<\/a><\/li>\n\t<li id=\"menu-item-2693\" class=\"menu-item menu-item-type-post_type menu-item-object-page current_page_parent menu-item-2693\"><a href=\"https:\/\/fcfrp.usp.br\/pt\/institucional\/eventos-noticias\/\">Eventos \/ Not\u00edcias<\/a><\/li>\n\t<li id=\"menu-item-2691\" class=\"menu-item menu-item-type-post_type menu-item-object-page menu-item-2691\"><a target=\"_blank\" href=\"https:\/\/fcfrp.usp.br\/wp-content\/uploads\/sites\/528\/2025\/03\/Lista-de-ramais-marco-2025.pdf\">Servidores<\/a><\/li>\n\t<li id=\"menu-item-7209\" class=\"menu-item menu-item-type-post_type menu-item-object-page menu-item-7209\"><a href=\"https:\/\/fcfrp.usp.br\/pt\/institucional\/identidade-visual\/\">Identidade Visual<\/a><\/li>\n<\/ul>\n<\/li>\n<\/ul><\/div><\/div><\/div><\/div><\/div>","protected":false},"excerpt":{"rendered":"<p>Presidente Prof. Dr. S\u00e9rgio Akira Uyemura Email: suyemura@fcfrp.usp.br Tel: (16) 3315-4199 &nbsp; &nbsp; &nbsp; Membros Profa. Dra. M\u00f4nica Tallarico Pupo (Vice-Presidente) Profa. Dra. Cristiane Masetto de Gaitani (Gradua\u00e7\u00e3o) Profa. Dra. Elaine Cristina Nonato (Pesquisa) Profa. Dra. Lorena Rigo Gaspar Cordeiro (Cultura) Prof. Dr. Gilberto \u00dabida Leite Braga (Chefe DACTB) Profa. Dra. Maria Jos\u00e9 Vieira Fonseca<a href=\"https:\/\/fcfrp.usp.br\/pt\/institucional\/comissoes\/comissao-projeto-academico\/\">[&#8230;]<\/a><\/p>\n","protected":false},"author":978,"featured_media":0,"parent":2697,"menu_order":0,"comment_status":"closed","ping_status":"closed","template":"template-fullwidth.php","meta":{"footnotes":"","_links_to":"","_links_to_target":""},"class_list":["post-10435","page","type-page","status-publish","hentry"],"_links":{"self":[{"href":"https:\/\/fcfrp.usp.br\/pt\/wp-json\/wp\/v2\/pages\/10435","targetHints":{"allow":["GET"]}}],"collection":[{"href":"https:\/\/fcfrp.usp.br\/pt\/wp-json\/wp\/v2\/pages"}],"about":[{"href":"https:\/\/fcfrp.usp.br\/pt\/wp-json\/wp\/v2\/types\/page"}],"author":[{"embeddable":true,"href":"https:\/\/fcfrp.usp.br\/pt\/wp-json\/wp\/v2\/users\/978"}],"replies":[{"embeddable":true,"href":"https:\/\/fcfrp.usp.br\/pt\/wp-json\/wp\/v2\/comments?post=10435"}],"version-history":[{"count":2,"href":"https:\/\/fcfrp.usp.br\/pt\/wp-json\/wp\/v2\/pages\/10435\/revisions"}],"predecessor-version":[{"id":10437,"href":"https:\/\/fcfrp.usp.br\/pt\/wp-json\/wp\/v2\/pages\/10435\/revisions\/10437"}],"up":[{"embeddable":true,"href":"https:\/\/fcfrp.usp.br\/pt\/wp-json\/wp\/v2\/pages\/2697"}],"wp:attachment":[{"href":"https:\/\/fcfrp.usp.br\/pt\/wp-json\/wp\/v2\/media?parent=10435"}],"curies":[{"name":"wp","href":"https:\/\/api.w.org\/{rel}","templated":true}]}}