{"id":1052,"date":"2020-04-14T09:23:41","date_gmt":"2020-04-14T11:23:41","guid":{"rendered":"https:\/\/sites.usp.br\/fcfrp\/?page_id=1052"},"modified":"2026-03-19T17:19:08","modified_gmt":"2026-03-19T19:19:08","slug":"dcf","status":"publish","type":"page","link":"https:\/\/fcfrp.usp.br\/pt\/institucional\/departamentos\/dcf\/","title":{"rendered":"Departamento de Ci\u00eancias Farmac\u00eauticas"},"content":{"rendered":"<div id=\"pl-1052\"  class=\"panel-layout\" ><div id=\"pg-1052-0\"  class=\"panel-grid panel-no-style\" ><div id=\"pgc-1052-0-0\"  class=\"panel-grid-cell\" ><div id=\"panel-1052-0-0-0\" class=\"so-panel widget widget_text panel-first-child panel-last-child\" data-index=\"0\" >\t\t\t<div class=\"textwidget\"><p><a href=\"https:\/\/sites.usp.br\/fcfrp\/wp-content\/uploads\/sites\/528\/2020\/04\/dcf.jpg\"><img loading=\"lazy\" decoding=\"async\" class=\"alignright wp-image-1588\" src=\"https:\/\/sites.usp.br\/fcfrp\/wp-content\/uploads\/sites\/528\/2020\/04\/dcf-1024x595.jpg\" alt=\"\" width=\"400\" height=\"232\" srcset=\"https:\/\/fcfrp.usp.br\/wp-content\/uploads\/sites\/528\/2020\/04\/dcf-1024x595.jpg 1024w, https:\/\/fcfrp.usp.br\/wp-content\/uploads\/sites\/528\/2020\/04\/dcf-300x174.jpg 300w, https:\/\/fcfrp.usp.br\/wp-content\/uploads\/sites\/528\/2020\/04\/dcf-768x446.jpg 768w, https:\/\/fcfrp.usp.br\/wp-content\/uploads\/sites\/528\/2020\/04\/dcf-400x232.jpg 400w, https:\/\/fcfrp.usp.br\/wp-content\/uploads\/sites\/528\/2020\/04\/dcf.jpg 1119w\" sizes=\"auto, (max-width: 400px) 100vw, 400px\" \/><\/a><\/p>\n<div style=\"text-align: justify; text-indent: 30pt;\">A miss\u00e3o do Departamento de Ci\u00eancias Farmac\u00eauticas, DCF, \u00e9 congruente com a miss\u00e3o maior da FCFRP e desta Universidade, que \u00e9 a forma\u00e7\u00e3o de profissionais da sa\u00fade capacitados para enfrentar os desafios de um mundo globalizado, em constante transforma\u00e7\u00e3o e em um grau de reciclagem nunca antes visto pela humanidade. Assim, prop\u00f5e-se propiciar aos alunos n\u00e3o somente conhecimentos t\u00e9cnico-cient\u00edficos voltados para os aspectos multidisciplinares das Ci\u00eancias Farmac\u00eauticas, envolvendo as \u00e1reas de assist\u00eancia farmac\u00eautica, farm\u00e1cia magistral, biotecnol\u00f3gica aplicada \u00e0 farm\u00e1cia, ind\u00fastrias farmac\u00eautica e cosm\u00e9tica, mas, tamb\u00e9m, desenvolver o pensamento cr\u00edtico, habilidades e compet\u00eancias que os capacitem ao sucesso como profissionais da sa\u00fade, bem como, valores \u00e9ticos que os tornem cidad\u00e3os plenos. Al\u00e9m disso, a grande demanda de profissionais para atuarem na \u00e1rea de sa\u00fade, desde o desenvolvimento e produ\u00e7\u00e3o de insumos, medicamentos e demais produtos m\u00e9dicos, at\u00e9 o seu uso por meio da Assist\u00eancia e Aten\u00e7\u00e3o Farmac\u00eauticas, exige que estes profissionais tenham uma forma\u00e7\u00e3o ampla, generalista e humanista. Destaca-se tamb\u00e9m a miss\u00e3o de forma\u00e7\u00e3o de Mestres e Doutores, com especial aten\u00e7\u00e3o na \u00e1rea de F\u00e1rmacos e Medicamentos, para exercerem suas compet\u00eancias de ensino e pesquisa em Universidades de todo o Pa\u00eds e do exterior, coordenar projetos de inova\u00e7\u00e3o\/incorpora\u00e7\u00e3o tecnol\u00f3gicas na \u00e1rea de Pesquisa; Desenvolvimento de Ind\u00fastrias Farmac\u00eauticas e Cosm\u00e9ticas, bem como atuar em Ag\u00eancias Regulat\u00f3rias, desta forma, atendendo parte da enorme demanda da sociedade.<\/div>\n<div style=\"text-align: justify; text-indent: 30pt;\">O Departamento possui uma grande diversidade de pesquisas dentro das Ci\u00eancias Farmac\u00eauticas, representada pelas suas atividades de pesquisas em qu\u00edmica farmac\u00eautica, farmacognosia e produtos naturais, tecnologia de cosm\u00e9ticos, desenvolvimento e controle de qualidade de sistemas de libera\u00e7\u00e3o e nanotecnologia farmac\u00eautica e biotecnologia farmac\u00eautica. Na \u00e1rea de qu\u00edmica farmac\u00eautica, desenvolvem pesquisas no planejamento, s\u00edntese ou semiss\u00edntese de f\u00e1rmacos e a avalia\u00e7\u00e3o de suas atividades in silico. Na \u00e1rea de farmacognosia e produtos naturais, s\u00e3o realizadas pesquisas em bot\u00e2nica de plantas, extra\u00e7\u00e3o, isolamento, identifica\u00e7\u00e3o e avalia\u00e7\u00e3o biol\u00f3gica de produtos naturais e de biotransforma\u00e7\u00e3o por fungos endof\u00edticos. Em tecnologia de cosm\u00e9ticos, s\u00e3o realizadas pesquisas de desenvolvimento, estabilidade e avalia\u00e7\u00e3o de produtos cosm\u00e9ticos com \u00eanfase em estudos de efic\u00e1cia cl\u00ednica por t\u00e9cnicas de biof\u00edsica e de an\u00e1lise de imagem da pele. No desenvolvimento e controle de qualidade de sistemas de libera\u00e7\u00e3o, pesquisam em sistemas de libera\u00e7\u00e3o e m\u00e9todos anal\u00edticos, e atualmente com grande avan\u00e7o na \u00e1rea de nanotecnologia. H\u00e1 significativa produ\u00e7\u00e3o cient\u00edfica em biologia molecular, enzimologia e biotecnologia industrial e o Departamento vem investindo na contrata\u00e7\u00e3o de novos docentes para a implementa\u00e7\u00e3o da \u00e1rea de Biotecnologia e Biof\u00e1rmacos. Novas linhas de pesquisa em ci\u00eancias farmac\u00eauticas tamb\u00e9m t\u00eam crescido no DCF, nas \u00e1reas de Gest\u00e3o de Inova\u00e7\u00e3o Farmac\u00eautica e de Assist\u00eancia Farmac\u00eautica.<\/div>\n<p>&nbsp;<\/p>\n<h4><strong>Chefe do Departamento<\/strong><\/h4>\n<h3>Prof. Dr. Leonardo Regis Leira Pereira<a href=\"https:\/\/fcfrp.usp.br\/wp-content\/uploads\/sites\/528\/2020\/07\/lpLeonardoPereira.png\"><img loading=\"lazy\" decoding=\"async\" class=\"wp-image-6489 size-full alignright\" src=\"https:\/\/fcfrp.usp.br\/wp-content\/uploads\/sites\/528\/2020\/07\/lpLeonardoPereira.png\" alt=\"\" width=\"100\" height=\"125\" \/><\/a><\/h3>\n<p>Email: lpereira@fcfrp.usp.br<br \/>\nTel: (16) 3315-4236<\/p>\n<p>&nbsp;<\/p>\n<h4><strong>Vice-Chefe<\/strong><\/h4>\n<h3>Prof. Dr. Hamilton Cabral<a href=\"https:\/\/fcfrp.usp.br\/wp-content\/uploads\/sites\/528\/2020\/07\/lpHamilton.png\"><img loading=\"lazy\" decoding=\"async\" class=\"wp-image-6514 size-full alignright\" src=\"https:\/\/fcfrp.usp.br\/wp-content\/uploads\/sites\/528\/2020\/07\/lpHamilton.png\" alt=\"\" width=\"100\" height=\"125\" \/><\/a><\/h3>\n<p>Email: hamilton@fcfrp.usp.br<br \/>\nTel: (16) 3315-4979<\/p>\n<p>&nbsp;<\/p>\n<h4><strong>Secret\u00e1ria do Departamento<\/strong><\/h4>\n<h3>Nilva Aparecida Afonso Ruggiero<a href=\"https:\/\/sites.usp.br\/fcfrp\/wp-content\/uploads\/sites\/528\/2020\/04\/nilva-1.jpg\"><img loading=\"lazy\" decoding=\"async\" class=\"wp-image-3178 size-full alignright\" src=\"https:\/\/sites.usp.br\/fcfrp\/wp-content\/uploads\/sites\/528\/2020\/04\/nilva-1.jpg\" alt=\"\" width=\"100\" height=\"128\" \/><\/a><\/h3>\n<p>Email: dcf@fcfrp.usp.br<br \/>\nTel: (16) 3315-4879<\/p>\n<p>&nbsp;<\/p>\n<p>&nbsp;<\/p>\n<h4><strong><a href=\"https:\/\/fcfrp.usp.br\/wp-content\/uploads\/sites\/528\/2025\/02\/Composicao-Conselho-DCF.pdf\" target=\"_blank\" rel=\"noopener\">Conselho do DCF<\/a><\/strong><\/h4>\n<p>&nbsp;<\/p>\n<h4><strong><a href=\"https:\/\/sites.usp.br\/fcfrp\/wp-content\/uploads\/sites\/528\/2020\/04\/comissoes-dcf.pdf\" target=\"_blank\" rel=\"noopener\">Comiss\u00f5es do DCF<\/a><\/strong><\/h4>\n<p>&nbsp;<\/p>\n<h4><strong>Elei\u00e7\u00f5es<\/strong><\/h4>\n<div><a href=\"https:\/\/fcfrp.usp.br\/wp-content\/uploads\/sites\/528\/2026\/02\/Portaria-03-Eleicao-Chefe-e-Vice-Chefe-2026-2028.pdf\">&#8211; Portaria da Chefia n\u00ba 03\/2025-DCF \u2013 Elei\u00e7\u00e3o para escolha do(a) Chefe e do(a) Vice-Chefe do Departamento de Ci\u00eancias Farmac\u00eauticas<\/a><\/div>\n<div><a href=\"https:\/\/fcfrp.usp.br\/wp-content\/uploads\/sites\/528\/2026\/02\/Requerimento-Chefia_Vice-Chefia-DCF_Hamilton-Fabiana.pdf\">&#8211; Requerimento de Inscri\u00e7\u00e3o<\/a><\/div>\n<div><a href=\"https:\/\/fcfrp.usp.br\/wp-content\/uploads\/sites\/528\/2026\/03\/Inscricao-Deferida.pdf\">&#8211; Inscri\u00e7\u00e3o Deferida<\/a><\/div>\n<div><a href=\"https:\/\/fcfrp.usp.br\/wp-content\/uploads\/sites\/528\/2026\/03\/Apuracao_Resultado-Eleicao-Chefia-DCF-2026.pdf\">&#8211; Apura\u00e7\u00e3o &#8211; Resultado da elei\u00e7\u00e3o para escolha do Chefe e Vice-Chefe do DCF<\/a><\/div>\n<p>&nbsp;<\/p>\n<h4>CRONOGRAMAS DE AULAS \u2013 1\u00ba SEMESTRE DE 2026<\/h4>\n<div style=\"text-align: justify;\"><a href=\"https:\/\/fcfrp.usp.br\/wp-content\/uploads\/sites\/528\/2026\/03\/Assistencia-Farmaceutica_anual.pdf\">&#8211; Assist\u00eancia Farmac\u00eautica<\/a><br \/>\n<a href=\"https:\/\/fcfrp.usp.br\/wp-content\/uploads\/sites\/528\/2026\/02\/Biotecnologia-Farmaceutica-I.pdf\">&#8211; Biotecnologia Farmac\u00eautica I<\/a><br \/>\n&#8211; Cuidado Multidisciplinar para Seguran\u00e7a do Paciente em Uso de Medicamentos<br \/>\n<a href=\"https:\/\/fcfrp.usp.br\/wp-content\/uploads\/sites\/528\/2026\/02\/Enzimas-Aplicadas-as-Ciencias-Farmaceuticas.pdf\">&#8211; Enzimas Aplicadas \u00e0s Ci\u00eancias Farmac\u00eauticas<\/a><br \/>\n&#8211; Enzimologia Industrial e suas Aplica\u00e7\u00f5es<br \/>\n<a href=\"https:\/\/fcfrp.usp.br\/wp-content\/uploads\/sites\/528\/2026\/03\/Farmacia-Clinica-e-Cuidado-Farmaceutico_anual.pdf\">&#8211; Farm\u00e1cia Cl\u00ednica e Cuidado Terap\u00eautico<\/a><br \/>\n<a href=\"https:\/\/fcfrp.usp.br\/wp-content\/uploads\/sites\/528\/2026\/02\/FTMC-I.pdf\">&#8211; FTMC I<\/a><br \/>\n<a href=\"https:\/\/fcfrp.usp.br\/wp-content\/uploads\/sites\/528\/2026\/02\/FTMC-II.pdf\">&#8211; FTMC II<\/a><br \/>\n<a href=\"https:\/\/fcfrp.usp.br\/wp-content\/uploads\/sites\/528\/2026\/02\/FTMC-IV.pdf\">&#8211; FTMC IV<\/a><br \/>\n<a href=\"https:\/\/fcfrp.usp.br\/wp-content\/uploads\/sites\/528\/2026\/02\/GESTAO-II.pdf\">&#8211; Gest\u00e3o II<\/a><br \/>\n<a href=\"https:\/\/fcfrp.usp.br\/wp-content\/uploads\/sites\/528\/2026\/02\/Gestao-da-Inovacao-e-Empreendedorismo.pdf\">&#8211; Gest\u00e3o da Inova\u00e7\u00e3o e Empreendedorismo<\/a><br \/>\n<a href=\"https:\/\/fcfrp.usp.br\/wp-content\/uploads\/sites\/528\/2026\/03\/Planejamento-e-Desenvolvimento-de-Farmacos-I.pdf\">&#8211; Planejamento e Desenvolvimento de F\u00e1rmacos I<\/a><\/div>\n<div style=\"text-align: justify;\"><a href=\"https:\/\/fcfrp.usp.br\/wp-content\/uploads\/sites\/528\/2026\/03\/Praticas-em-Cuidado-Farmaceutico.pdf\">&#8211; Pr\u00e1ticas em Cuidado Farmac\u00eautico<\/a><br \/>\n&#8211; Tecnologia Fitofarmac\u00eautica<\/div>\n<p>&nbsp;<\/p>\n<h4><strong>Cronogramas de aulas \u2013 2\u00ba semestre de 2025<\/strong><\/h4>\n<div>&#8211; Assist\u00eancia Farmac\u00eautica<br \/>\n&#8211; Biotecnologia Farmac\u00eautica II \u2013 Te\u00f3rica<br \/>\n&#8211; Biotecnologia Farmac\u00eautica II \u2013 Pr\u00e1ticas<\/div>\n<div>&#8211; Farm\u00e1cia Cl\u00ednica e Cuidado Farmac\u00eautico II<br \/>\n&#8211; Farm\u00e1cia Homeop\u00e1tica \u2013 Te\u00f3rico<br \/>\n&#8211; Farm\u00e1cia Homeop\u00e1tica \u2013 Pr\u00e1tico<\/div>\n<div>&#8211; Farmacognosia \u2013 Te\u00f3ricas<\/div>\n<div>&#8211; Farmacognosia \u2013 Pr\u00e1ticas<\/div>\n<div>&#8211; FCPIFB<\/div>\n<div>&#8211; FTMC III &#8211; Te\u00f3ricas<br \/>\n&#8211; FTMC III &#8211; Pr\u00e1ticas<br \/>\n&#8211; FTMC V &#8211; Te\u00f3ricas<\/div>\n<div>&#8211; FTMC V &#8211; Pr\u00e1ticas<\/div>\n<div>&#8211; Gest\u00e3o I<\/div>\n<div>&#8211; Habilita\u00e7\u00e3o de laborat\u00f3rios anal\u00edticos em sa\u00fade para estudos de controle de qualidade, ensaios de equival\u00eancia farmac\u00eautica e bioequival\u00eancia<\/div>\n<div>&#8211; Planejamento e Desenvolvimento de F\u00e1rmacos &#8211; Te\u00f3ricas<br \/>\n&#8211; Planejamento e Desenvolvimento de F\u00e1rmacos &#8211; Pr\u00e1ticas &#8211; Turma A<br \/>\n&#8211; Planejamento e Desenvolvimento de F\u00e1rmacos &#8211; Pr\u00e1ticas &#8211; Turma B<\/div>\n<p>&nbsp;<\/p>\n<h4><strong>Docentes do DCF<\/strong><\/h4>\n<div style=\"text-align: justify;\">\n<table width=\"393\">\n<tbody>\n<tr>\n<td width=\"393\">Carlos Henrique Tomich de P. Silva<\/td>\n<\/tr>\n<tr>\n<td width=\"393\">Cristiane Masetto de Gaitani<\/td>\n<\/tr>\n<tr>\n<td width=\"393\">Fabiana Rossi Varallo<\/td>\n<\/tr>\n<tr>\n<td width=\"393\">Fabiana Testa Moura de Carvalho Vicentini<\/td>\n<\/tr>\n<tr>\n<td width=\"393\">Fernando Batista da Costa<\/td>\n<\/tr>\n<tr>\n<td width=\"393\">Fl\u00e1vio da Silva Emery<\/td>\n<\/tr>\n<tr>\n<td width=\"393\">Gustavo Henrique Goldman<\/td>\n<\/tr>\n<tr>\n<td width=\"393\">Hamilton Cabral<\/td>\n<\/tr>\n<tr>\n<td width=\"393\">Ivone Carvalho<\/td>\n<\/tr>\n<tr>\n<td width=\"393\">Jairo Kenupp Bastos<\/td>\n<\/tr>\n<tr>\n<td width=\"393\">Jana\u00edna Artem Ata\u00edde<\/td>\n<\/tr>\n<tr>\n<td width=\"393\">Leonardo R\u00e9gis Leira Pereira<\/td>\n<\/tr>\n<tr>\n<td width=\"393\">Lorena Rigo Gaspar Cordeiro<\/td>\n<\/tr>\n<tr>\n<td width=\"393\">M\u00e1rcia Eliana da Silva Ferreira<\/td>\n<\/tr>\n<tr>\n<td width=\"393\">Maria Jos\u00e9 Vieira Fonseca<\/td>\n<\/tr>\n<tr>\n<td width=\"393\">Maria Vit\u00f3ria Lopes Badra Bentley<\/td>\n<\/tr>\n<tr>\n<td width=\"393\">Marilia Valli<\/td>\n<\/tr>\n<tr>\n<td width=\"393\">Marilisa Guimar\u00e3es Lara<\/td>\n<\/tr>\n<tr>\n<td width=\"393\">M\u00f4nica Tallarico Pupo<\/td>\n<\/tr>\n<tr>\n<td width=\"393\">Nath\u00e1lia Vieira Porphirio Ver\u00edssimo<\/td>\n<\/tr>\n<tr>\n<td width=\"393\">Niege Ara\u00e7ari Jacometti Cardoso Furtado<\/td>\n<\/tr>\n<tr>\n<td width=\"393\">Osvaldo de Freitas<\/td>\n<\/tr>\n<tr>\n<td width=\"393\">Patr\u00edcia Maria Berardo Gon\u00e7alves Maia Campos<\/td>\n<\/tr>\n<tr>\n<td width=\"393\">Pedro Alves da Rocha Filho<\/td>\n<\/tr>\n<tr>\n<td width=\"393\">Priscyla Daniely Marcato Gaspari<\/td>\n<\/tr>\n<tr>\n<td width=\"393\">Regina C\u00e9lia Garcia de Andrade<\/td>\n<\/tr>\n<tr>\n<td width=\"393\">Renata Fonseca Vianna Lopez<\/td>\n<\/tr>\n<tr>\n<td width=\"393\">Simone de P\u00e1dua Teixeira<\/td>\n<\/tr>\n<tr>\n<td width=\"393\">V\u00e2nia Passarini Takahashi<\/td>\n<\/tr>\n<tr>\n<td width=\"393\">Wanderley Pereira de Oliveira<\/td>\n<\/tr>\n<\/tbody>\n<\/table>\n<\/div>\n<p>&nbsp;<\/p>\n<h4><strong>Divulga\u00e7\u00f5es<\/strong><\/h4>\n<\/div>\n\t\t<\/div><\/div><div id=\"pgc-1052-0-1\"  class=\"panel-grid-cell\" ><div id=\"panel-1052-0-1-0\" class=\"so-panel widget widget_nav_menu panel-first-child panel-last-child\" data-index=\"1\" ><div class=\"menu-menu-instidepart-container\"><ul id=\"menu-menu-instidepart\" class=\"menu\"><li id=\"menu-item-1181\" class=\"menu-item menu-item-type-post_type menu-item-object-page menu-item-has-children menu-item-1181\"><a href=\"https:\/\/fcfrp.usp.br\/pt\/institucional\/\">INSTITUCIONAL<\/a>\n<ul class=\"sub-menu\">\n\t<li id=\"menu-item-1183\" class=\"menu-item menu-item-type-post_type menu-item-object-page menu-item-1183\"><a href=\"https:\/\/fcfrp.usp.br\/pt\/institucional\/diretoria\/\">Diretoria<\/a><\/li>\n\t<li id=\"menu-item-1184\" class=\"menu-item menu-item-type-post_type menu-item-object-page menu-item-has-children menu-item-1184\"><a href=\"https:\/\/fcfrp.usp.br\/pt\/institucional\/departamentos\/\">Departamentos<\/a>\n\t<ul class=\"sub-menu\">\n\t\t<li id=\"menu-item-1185\" class=\"menu-item menu-item-type-post_type menu-item-object-page menu-item-1185\"><a href=\"https:\/\/fcfrp.usp.br\/pt\/institucional\/departamentos\/dactb\/\">DACTB<\/a><\/li>\n\t\t<li id=\"menu-item-15202\" class=\"menu-item menu-item-type-custom menu-item-object-custom menu-item-15202\"><a href=\"https:\/\/sites.usp.br\/dcbm\/\">DCBm<\/a><\/li>\n\t\t<li id=\"menu-item-1193\" class=\"menu-item menu-item-type-post_type menu-item-object-page menu-item-1193\"><a href=\"https:\/\/fcfrp.usp.br\/pt\/institucional\/departamentos\/dcf\/\">DCF<\/a><\/li>\n\t<\/ul>\n<\/li>\n\t<li id=\"menu-item-1197\" class=\"menu-item menu-item-type-post_type menu-item-object-page menu-item-1197\"><a href=\"https:\/\/fcfrp.usp.br\/pt\/institucional\/administracao\/\">Administra\u00e7\u00e3o<\/a><\/li>\n\t<li id=\"menu-item-10508\" class=\"menu-item menu-item-type-post_type menu-item-object-page menu-item-10508\"><a href=\"https:\/\/fcfrp.usp.br\/pt\/institucional\/cap\/\">Centro de Apoio a Projetos<\/a><\/li>\n\t<li id=\"menu-item-1198\" class=\"menu-item menu-item-type-post_type menu-item-object-page menu-item-1198\"><a href=\"https:\/\/fcfrp.usp.br\/pt\/institucional\/servicos\/\">Servi\u00e7os<\/a><\/li>\n\t<li id=\"menu-item-2704\" class=\"menu-item menu-item-type-post_type menu-item-object-page menu-item-2704\"><a href=\"https:\/\/fcfrp.usp.br\/pt\/institucional\/comissoes\/\">Comiss\u00f5es<\/a><\/li>\n\t<li id=\"menu-item-1199\" class=\"menu-item menu-item-type-post_type menu-item-object-page menu-item-1199\"><a href=\"https:\/\/fcfrp.usp.br\/pt\/institucional\/concursos\/\">Concursos<\/a><\/li>\n\t<li id=\"menu-item-6211\" class=\"menu-item menu-item-type-custom menu-item-object-custom menu-item-6211\"><a href=\"https:\/\/fcfrp.usp.br\/pt\/institucional\/administracao\/assistencia-tecnica-financeira\/prov-materiais\/\">Licita\u00e7\u00f5es<\/a><\/li>\n\t<li id=\"menu-item-1182\" class=\"menu-item menu-item-type-post_type menu-item-object-page current_page_parent menu-item-1182\"><a href=\"https:\/\/fcfrp.usp.br\/pt\/institucional\/eventos-noticias\/\">Eventos \/ Not\u00edcias<\/a><\/li>\n\t<li id=\"menu-item-1200\" class=\"menu-item menu-item-type-post_type menu-item-object-page menu-item-1200\"><a target=\"_blank\" href=\"https:\/\/fcfrp.usp.br\/wp-content\/uploads\/sites\/528\/2025\/03\/Lista-de-ramais-marco-2025.pdf\">Servidores<\/a><\/li>\n\t<li id=\"menu-item-7211\" class=\"menu-item menu-item-type-post_type menu-item-object-page menu-item-7211\"><a href=\"https:\/\/fcfrp.usp.br\/pt\/institucional\/identidade-visual\/\">Identidade Visual<\/a><\/li>\n<\/ul>\n<\/li>\n<\/ul><\/div><\/div><\/div><\/div><\/div>","protected":false},"excerpt":{"rendered":"<p>A miss\u00e3o do Departamento de Ci\u00eancias Farmac\u00eauticas, DCF, \u00e9 congruente com a miss\u00e3o maior da FCFRP e desta Universidade, que \u00e9 a forma\u00e7\u00e3o de profissionais da sa\u00fade capacitados para enfrentar os desafios de um mundo globalizado, em constante transforma\u00e7\u00e3o e em um grau de reciclagem nunca antes visto pela humanidade. Assim, prop\u00f5e-se propiciar aos alunos<a href=\"https:\/\/fcfrp.usp.br\/pt\/institucional\/departamentos\/dcf\/\">[&#8230;]<\/a><\/p>\n","protected":false},"author":978,"featured_media":0,"parent":558,"menu_order":2,"comment_status":"closed","ping_status":"closed","template":"template-fullwidth.php","meta":{"footnotes":"","_links_to":"","_links_to_target":""},"class_list":["post-1052","page","type-page","status-publish","hentry"],"_links":{"self":[{"href":"https:\/\/fcfrp.usp.br\/pt\/wp-json\/wp\/v2\/pages\/1052","targetHints":{"allow":["GET"]}}],"collection":[{"href":"https:\/\/fcfrp.usp.br\/pt\/wp-json\/wp\/v2\/pages"}],"about":[{"href":"https:\/\/fcfrp.usp.br\/pt\/wp-json\/wp\/v2\/types\/page"}],"author":[{"embeddable":true,"href":"https:\/\/fcfrp.usp.br\/pt\/wp-json\/wp\/v2\/users\/978"}],"replies":[{"embeddable":true,"href":"https:\/\/fcfrp.usp.br\/pt\/wp-json\/wp\/v2\/comments?post=1052"}],"version-history":[{"count":4,"href":"https:\/\/fcfrp.usp.br\/pt\/wp-json\/wp\/v2\/pages\/1052\/revisions"}],"predecessor-version":[{"id":16473,"href":"https:\/\/fcfrp.usp.br\/pt\/wp-json\/wp\/v2\/pages\/1052\/revisions\/16473"}],"up":[{"embeddable":true,"href":"https:\/\/fcfrp.usp.br\/pt\/wp-json\/wp\/v2\/pages\/558"}],"wp:attachment":[{"href":"https:\/\/fcfrp.usp.br\/pt\/wp-json\/wp\/v2\/media?parent=1052"}],"curies":[{"name":"wp","href":"https:\/\/api.w.org\/{rel}","templated":true}]}}