{"id":12644,"date":"2023-09-15T09:35:06","date_gmt":"2023-09-15T11:35:06","guid":{"rendered":"https:\/\/fcfrp.usp.br\/?page_id=12644"},"modified":"2023-09-15T09:59:39","modified_gmt":"2023-09-15T11:59:39","slug":"mercurio","status":"publish","type":"page","link":"https:\/\/fcfrp.usp.br\/pt\/institucional\/administracao\/assistencia-tecnica-administrativa\/secao-informatica\/mercurio\/","title":{"rendered":"Bens Merc\u00fario"},"content":{"rendered":"<div id=\"pl-12644\"  class=\"panel-layout\" ><div id=\"pg-12644-0\"  class=\"panel-grid panel-no-style\" ><div id=\"pgc-12644-0-0\"  class=\"panel-grid-cell\" ><div id=\"panel-12644-0-0-0\" class=\"so-panel widget widget_text panel-first-child panel-last-child\" data-index=\"0\" >\t\t\t<div class=\"textwidget\"><h3><strong>Baterias para No-Break<\/strong><\/h3>\n<div style=\"text-align: justify;\">Bateria 12v 5ah &#8211; N\u00famero de Bem: <strong>9401652<\/strong><br \/>\nBateria 12v 7ah &#8211; N\u00famero de Bem: <strong>10076000<\/strong><br \/>\nBateria 12v 9ah &#8211; N\u00famero de Bem: <strong>9177159<\/strong><br \/>\nBateria 12v 12ah &#8211; N\u00famero de Bem: <strong>9021655<\/strong><br \/>\nBateria 12v 17ah &#8211; N\u00famero de Bem: <strong>9293868<\/strong><br \/>\nBateria 12v 18ah &#8211; N\u00famero de Bem: <strong>9233288<\/strong><\/div>\n<p>&nbsp;<\/p>\n<h3><strong>Computador &#8211; Gabinete<\/strong><\/h3>\n<div style=\"text-align: justify;\">N\u00famero de Bem: <strong>9549978<\/strong> &#8211; Computador com processador i5 (ou equivalente), 16GB de mem\u00f3ria RAM, disco r\u00edgido SSD m2 de 256GB, gravadora de dvd e windows 10 ou superior.<\/div>\n<p>&nbsp;<\/p>\n<h3><strong>Monitor<\/strong><\/h3>\n<div style=\"text-align: justify;\">N\u00famero de Bem: <strong>9629181<\/strong> &#8211; Monitor LED com 23.8&#8243;, resolu\u00e7\u00e3o full hd (1920&#215;1080), entradas VGA (D-SUB) e HDMI.<\/div>\n<p>&nbsp;<\/p>\n<h3><strong>Notebook<\/strong><\/h3>\n<div style=\"text-align: justify;\">N\u00famero de Bem: <strong>9762612<\/strong> &#8211; Notebook com tela de 15.6&#8243;, resolu\u00e7\u00e3o full hd (1920&#215;1080), processador i5 (ou equivalente), 8GB de mem\u00f3ria RAM, disco r\u00edgido SSD m2 de 256GB e windows 10 ou superior.<\/div>\n<\/div>\n\t\t<\/div><\/div><div id=\"pgc-12644-0-1\"  class=\"panel-grid-cell\" ><div id=\"panel-12644-0-1-0\" class=\"so-panel widget widget_nav_menu panel-first-child panel-last-child\" data-index=\"1\" ><div class=\"menu-menu-instiadmin-container\"><ul id=\"menu-menu-instiadmin\" class=\"menu\"><li id=\"menu-item-1265\" class=\"menu-item menu-item-type-post_type menu-item-object-page menu-item-has-children menu-item-1265\"><a href=\"https:\/\/fcfrp.usp.br\/pt\/institucional\/\">INSTITUCIONAL<\/a>\n<ul class=\"sub-menu\">\n\t<li id=\"menu-item-1267\" class=\"menu-item menu-item-type-post_type menu-item-object-page menu-item-1267\"><a href=\"https:\/\/fcfrp.usp.br\/pt\/institucional\/diretoria\/\">Diretoria<\/a><\/li>\n\t<li id=\"menu-item-1268\" class=\"menu-item menu-item-type-post_type menu-item-object-page menu-item-1268\"><a href=\"https:\/\/fcfrp.usp.br\/pt\/institucional\/departamentos\/\">Departamentos<\/a><\/li>\n\t<li id=\"menu-item-1269\" class=\"menu-item menu-item-type-post_type menu-item-object-page menu-item-has-children menu-item-1269\"><a href=\"https:\/\/fcfrp.usp.br\/pt\/institucional\/administracao\/\">Administra\u00e7\u00e3o<\/a>\n\t<ul class=\"sub-menu\">\n\t\t<li id=\"menu-item-1270\" class=\"menu-item menu-item-type-post_type menu-item-object-page menu-item-has-children menu-item-1270\"><a href=\"https:\/\/fcfrp.usp.br\/pt\/institucional\/administracao\/atac\/\">Divis\u00e3o Acad\u00eamica<\/a>\n\t\t<ul class=\"sub-menu\">\n\t\t\t<li id=\"menu-item-2179\" class=\"menu-item menu-item-type-post_type menu-item-object-page menu-item-2179\"><a href=\"https:\/\/fcfrp.usp.br\/pt\/institucional\/administracao\/atac\/secao-graduacao\/\">Servi\u00e7o de Gradua\u00e7\u00e3o<\/a><\/li>\n\t\t\t<li id=\"menu-item-2178\" class=\"menu-item menu-item-type-post_type menu-item-object-page menu-item-2178\"><a href=\"https:\/\/fcfrp.usp.br\/pt\/institucional\/administracao\/atac\/secao-posgraduacao\/\">Servi\u00e7o de P\u00f3s-Gradua\u00e7\u00e3o<\/a><\/li>\n\t\t\t<li id=\"menu-item-1300\" class=\"menu-item menu-item-type-post_type menu-item-object-page menu-item-1300\"><a href=\"https:\/\/fcfrp.usp.br\/pt\/institucional\/administracao\/atac\/apoio-academico\/\">Se\u00e7\u00e3o de Apoio Acad\u00eamico<\/a><\/li>\n\t\t\t<li id=\"menu-item-1917\" class=\"menu-item menu-item-type-post_type menu-item-object-page menu-item-1917\"><a href=\"https:\/\/fcfrp.usp.br\/pt\/institucional\/administracao\/atac\/apoio-pedagogico\/\">Apoio Pedag\u00f3gico<\/a><\/li>\n\t\t<\/ul>\n<\/li>\n\t\t<li id=\"menu-item-1271\" class=\"menu-item menu-item-type-post_type menu-item-object-page menu-item-has-children menu-item-1271\"><a href=\"https:\/\/fcfrp.usp.br\/pt\/institucional\/administracao\/assistencia-tecnica-administrativa\/\">Divis\u00e3o Administrativa<\/a>\n\t\t<ul class=\"sub-menu\">\n\t\t\t<li id=\"menu-item-1354\" class=\"menu-item menu-item-type-post_type menu-item-object-page menu-item-1354\"><a href=\"https:\/\/fcfrp.usp.br\/pt\/institucional\/administracao\/assistencia-tecnica-administrativa\/secao-informatica\/\">Se\u00e7\u00e3o T\u00e9cnica de Inform\u00e1tica<\/a><\/li>\n\t\t\t<li id=\"menu-item-1355\" class=\"menu-item menu-item-type-post_type menu-item-object-page menu-item-1355\"><a href=\"https:\/\/fcfrp.usp.br\/pt\/institucional\/administracao\/assistencia-tecnica-administrativa\/apoio-operacional\/\">Servi\u00e7o de Apoio Operacional<\/a><\/li>\n\t\t\t<li id=\"menu-item-1358\" class=\"menu-item menu-item-type-post_type menu-item-object-page menu-item-1358\"><a href=\"https:\/\/fcfrp.usp.br\/pt\/institucional\/administracao\/assistencia-tecnica-administrativa\/apoio-adm\/\">Se\u00e7\u00e3o de Apoio Administrativo<\/a><\/li>\n\t\t<\/ul>\n<\/li>\n\t\t<li id=\"menu-item-1272\" class=\"menu-item menu-item-type-post_type menu-item-object-page menu-item-has-children menu-item-1272\"><a href=\"https:\/\/fcfrp.usp.br\/pt\/institucional\/administracao\/assistencia-tecnica-financeira\/\">Divis\u00e3o Financeira<\/a>\n\t\t<ul class=\"sub-menu\">\n\t\t\t<li id=\"menu-item-9878\" class=\"menu-item menu-item-type-post_type menu-item-object-page menu-item-9878\"><a href=\"https:\/\/fcfrp.usp.br\/pt\/institucional\/administracao\/assistencia-tecnica-financeira\/contabilidade\/\">Se\u00e7\u00e3o T\u00e9cnica de Contabilidade, Patrim\u00f4nio, Contratos e Conv\u00eanios<\/a><\/li>\n\t\t\t<li id=\"menu-item-9882\" class=\"menu-item menu-item-type-post_type menu-item-object-page menu-item-9882\"><a href=\"https:\/\/fcfrp.usp.br\/pt\/institucional\/administracao\/assistencia-tecnica-financeira\/materiais\/\">Servi\u00e7o de Materiais e Tesouraria<\/a><\/li>\n\t\t<\/ul>\n<\/li>\n\t\t<li id=\"menu-item-1273\" class=\"menu-item menu-item-type-post_type menu-item-object-page menu-item-1273\"><a href=\"https:\/\/fcfrp.usp.br\/pt\/institucional\/administracao\/secao-apoio-institucional\/\">Se\u00e7\u00e3o de Apoio Institucional<\/a><\/li>\n\t\t<li id=\"menu-item-1274\" class=\"menu-item menu-item-type-post_type menu-item-object-page menu-item-1274\"><a href=\"https:\/\/fcfrp.usp.br\/pt\/institucional\/administracao\/secao-de-bioterio\/\">Se\u00e7\u00e3o de Biot\u00e9rio<\/a><\/li>\n\t<\/ul>\n<\/li>\n\t<li id=\"menu-item-1359\" class=\"menu-item menu-item-type-post_type menu-item-object-page menu-item-1359\"><a href=\"https:\/\/fcfrp.usp.br\/pt\/institucional\/cap\/\">Centro de Apoio a Projetos<\/a><\/li>\n\t<li id=\"menu-item-1275\" class=\"menu-item menu-item-type-post_type menu-item-object-page menu-item-1275\"><a href=\"https:\/\/fcfrp.usp.br\/pt\/institucional\/servicos\/\">Servi\u00e7os<\/a><\/li>\n\t<li id=\"menu-item-2705\" class=\"menu-item menu-item-type-post_type menu-item-object-page menu-item-2705\"><a href=\"https:\/\/fcfrp.usp.br\/pt\/institucional\/comissoes\/\">Comiss\u00f5es<\/a><\/li>\n\t<li id=\"menu-item-1276\" class=\"menu-item menu-item-type-post_type menu-item-object-page menu-item-1276\"><a href=\"https:\/\/fcfrp.usp.br\/pt\/institucional\/concursos\/\">Concursos<\/a><\/li>\n\t<li id=\"menu-item-6213\" class=\"menu-item menu-item-type-custom menu-item-object-custom menu-item-6213\"><a href=\"https:\/\/fcfrp.usp.br\/pt\/institucional\/administracao\/assistencia-tecnica-financeira\/prov-materiais\/\">Licita\u00e7\u00f5es<\/a><\/li>\n\t<li id=\"menu-item-1266\" class=\"menu-item menu-item-type-post_type menu-item-object-page current_page_parent menu-item-1266\"><a href=\"https:\/\/fcfrp.usp.br\/pt\/institucional\/eventos-noticias\/\">Eventos \/ Not\u00edcias<\/a><\/li>\n\t<li id=\"menu-item-1277\" class=\"menu-item menu-item-type-post_type menu-item-object-page menu-item-1277\"><a target=\"_blank\" href=\"https:\/\/fcfrp.usp.br\/wp-content\/uploads\/sites\/528\/2025\/03\/Lista-de-ramais-marco-2025.pdf\">Servidores<\/a><\/li>\n\t<li id=\"menu-item-7210\" class=\"menu-item menu-item-type-post_type menu-item-object-page menu-item-7210\"><a href=\"https:\/\/fcfrp.usp.br\/pt\/institucional\/identidade-visual\/\">Identidade Visual<\/a><\/li>\n<\/ul>\n<\/li>\n<\/ul><\/div><\/div><\/div><\/div><\/div>","protected":false},"excerpt":{"rendered":"<p>Baterias para No-Break Bateria 12v 5ah &#8211; N\u00famero de Bem: 9401652 Bateria 12v 7ah &#8211; N\u00famero de Bem: 10076000 Bateria 12v 9ah &#8211; N\u00famero de Bem: 9177159 Bateria 12v 12ah &#8211; N\u00famero de Bem: 9021655 Bateria 12v 17ah &#8211; N\u00famero de Bem: 9293868 Bateria 12v 18ah &#8211; N\u00famero de Bem: 9233288 &nbsp; Computador &#8211; Gabinete<a href=\"https:\/\/fcfrp.usp.br\/pt\/institucional\/administracao\/assistencia-tecnica-administrativa\/secao-informatica\/mercurio\/\">[&#8230;]<\/a><\/p>\n","protected":false},"author":978,"featured_media":0,"parent":1314,"menu_order":0,"comment_status":"closed","ping_status":"closed","template":"template-fullwidth.php","meta":{"footnotes":"","_links_to":"","_links_to_target":""},"class_list":["post-12644","page","type-page","status-publish","hentry"],"_links":{"self":[{"href":"https:\/\/fcfrp.usp.br\/pt\/wp-json\/wp\/v2\/pages\/12644","targetHints":{"allow":["GET"]}}],"collection":[{"href":"https:\/\/fcfrp.usp.br\/pt\/wp-json\/wp\/v2\/pages"}],"about":[{"href":"https:\/\/fcfrp.usp.br\/pt\/wp-json\/wp\/v2\/types\/page"}],"author":[{"embeddable":true,"href":"https:\/\/fcfrp.usp.br\/pt\/wp-json\/wp\/v2\/users\/978"}],"replies":[{"embeddable":true,"href":"https:\/\/fcfrp.usp.br\/pt\/wp-json\/wp\/v2\/comments?post=12644"}],"version-history":[{"count":4,"href":"https:\/\/fcfrp.usp.br\/pt\/wp-json\/wp\/v2\/pages\/12644\/revisions"}],"predecessor-version":[{"id":12654,"href":"https:\/\/fcfrp.usp.br\/pt\/wp-json\/wp\/v2\/pages\/12644\/revisions\/12654"}],"up":[{"embeddable":true,"href":"https:\/\/fcfrp.usp.br\/pt\/wp-json\/wp\/v2\/pages\/1314"}],"wp:attachment":[{"href":"https:\/\/fcfrp.usp.br\/pt\/wp-json\/wp\/v2\/media?parent=12644"}],"curies":[{"name":"wp","href":"https:\/\/api.w.org\/{rel}","templated":true}]}}