{"id":1314,"date":"2020-04-15T11:18:14","date_gmt":"2020-04-15T13:18:14","guid":{"rendered":"https:\/\/sites.usp.br\/fcfrp\/?page_id=1314"},"modified":"2026-02-27T14:58:25","modified_gmt":"2026-02-27T16:58:25","slug":"secao-informatica","status":"publish","type":"page","link":"https:\/\/fcfrp.usp.br\/pt\/institucional\/administracao\/assistencia-tecnica-administrativa\/secao-informatica\/","title":{"rendered":"Se\u00e7\u00e3o T\u00e9cnica de Inform\u00e1tica"},"content":{"rendered":"<div id=\"pl-1314\"  class=\"panel-layout\" ><div id=\"pg-1314-0\"  class=\"panel-grid panel-no-style\" ><div id=\"pgc-1314-0-0\"  class=\"panel-grid-cell\" ><div id=\"panel-1314-0-0-0\" class=\"so-panel widget widget_text panel-first-child panel-last-child\" data-index=\"0\" >\t\t\t<div class=\"textwidget\"><h4><strong>Respons\u00e1vel pela Se\u00e7\u00e3o de Inform\u00e1tica<\/strong><\/h4>\n<h3>Vitor Luiz de Araujo<a href=\"https:\/\/fcfrp.usp.br\/wp-content\/uploads\/sites\/528\/2024\/04\/scinforvitor.jpg\"><img loading=\"lazy\" decoding=\"async\" class=\"wp-image-13554 size-full alignright\" src=\"https:\/\/fcfrp.usp.br\/wp-content\/uploads\/sites\/528\/2024\/04\/scinforvitor.jpg\" alt=\"\" width=\"100\" height=\"128\" \/><\/a><\/h3>\n<p>E-mail: informatica@fcfrp.usp.br<\/p>\n<p>&nbsp;<\/p>\n<p>&nbsp;<\/p>\n<div style=\"text-align: justify; text-indent: 30pt;\">A fun\u00e7\u00e3o da Se\u00e7\u00e3o T\u00e9cnica de Inform\u00e1tica (SCINFOR-60) \u00e9 prover suporte tecnol\u00f3gico para as atividades administrativas e acad\u00eamicas; atuando principalmente nas \u00e1reas de Infraestrutura, Suporte e Seguran\u00e7a.<\/div>\n<p>&nbsp;<\/p>\n<p>&nbsp;<\/p>\n<h4><strong>Telefones<\/strong><\/h4>\n<div style=\"text-align: justify;\"><strong>Alessandro<\/strong> &#8211; (16) 3315-8659<\/div>\n<div style=\"text-align: justify;\"><strong>Diego<\/strong> &#8211; (16) 3315-8662<\/div>\n<div style=\"text-align: justify;\"><strong>Marcelo<\/strong> &#8211; (16) 3315-0607<br \/>\n<strong>Vitor<\/strong> &#8211; (16) 3315-4173<\/div>\n<p>&nbsp;<\/p>\n<p>&nbsp;<\/p>\n<h4><strong>Hor\u00e1rio de Atendimento<\/strong><\/h4>\n<div style=\"text-align: justify;\">Segunda a Sexta-feira: das 7:30 \u00e0s 18:00 h<\/div>\n<p>&nbsp;<\/p>\n<p>&nbsp;<\/p>\n<h4><strong>Localiza\u00e7\u00e3o<\/strong><\/h4>\n<div style=\"text-align: justify;\">Sala 04 A-M, no t\u00e9rreo do Bloco M da Faculdade de Ci\u00eancias Farmac\u00eauticas de Ribeir\u00e3o Preto &#8211; USP<\/div>\n<p>&nbsp;<\/p>\n<p>&nbsp;<\/p>\n<h3>TUTORIAIS E INSTRU\u00c7\u00d5ES<\/h3>\n<p><strong><a href=\"https:\/\/atendimentosti.usp.br\/otrs\/public.pl?Action=PublicFAQExplorer;CategoryID=0\" target=\"_blank\" rel=\"noopener\">&#8211; FAQ da STI-USP<\/a><\/strong><\/p>\n<h4><strong>IMPRESSORAS DE REDE &#8211; CONTRATO SIMPRESS<\/strong><\/h4>\n<div style=\"text-align: justify;\"><a href=\"https:\/\/youtu.be\/BSCKfFPNfpE\" target=\"_blank\" rel=\"noopener\">&#8211; Instala\u00e7\u00e3o do TeamViewer<\/a><br \/>\n<a href=\"https:\/\/youtu.be\/RmGTt_TsItc\" target=\"_blank\" rel=\"noopener\">&#8211; HP &#8211; Digitalizar para e-mail<\/a><br \/>\n<a href=\"https:\/\/youtu.be\/XW131pK5_cI\" target=\"_blank\" rel=\"noopener\">&#8211; HP &#8211; Digitalizar para pendrive<\/a><br \/>\n<a href=\"https:\/\/youtu.be\/enX14l6KM80\" target=\"_blank\" rel=\"noopener\">&#8211; HP &#8211; Impress\u00e3o com senha<\/a><br \/>\n<a href=\"https:\/\/youtu.be\/QSOX5etC9JQ\" target=\"_blank\" rel=\"noopener\">&#8211; Samsung &#8211; Digitalizar para email<\/a><br \/>\n<a href=\"https:\/\/youtu.be\/-nty_pmbhN4\" target=\"_blank\" rel=\"noopener\">&#8211; Samsung &#8211; Digitalizar para pendrive<\/a><br \/>\n<a href=\"https:\/\/youtu.be\/WAgKz4f1dvE\" target=\"_blank\" rel=\"noopener\">&#8211; Samsung &#8211; Impress\u00e3o com senha<\/a><\/div>\n<p>&nbsp;<\/p>\n<h4><strong>E-MAILS E SENHAS<\/strong><\/h4>\n<div style=\"text-align: justify;\"><a href=\"https:\/\/atendimentosti.usp.br\/otrs\/public.pl?Action=PublicFAQZoom;ItemID=43;ZoomBackLink=QWN0aW9uPVB1YmxpY0ZBUUV4cGxvcmVyO0NhdGVnb3J5SUQ9NTtTb3J0Qnk9RkFRSUQ7T3JkZXI9%0ARG93bjtTdGFydEhpdD0x%0A;\" target=\"_blank\" rel=\"noopener\">&#8211; Cria\u00e7\u00e3o de E-mails<\/a><\/div>\n<div style=\"text-align: justify;\"><a href=\"https:\/\/sites.usp.br\/fcfrp\/wp-content\/uploads\/sites\/528\/2020\/04\/scinfor-email-alternativo.pdf\" target=\"_blank\" rel=\"noopener\">&#8211; E-mail alternativo nos Sistemas USP<\/a><br \/>\n<a href=\"http:\/\/e.usp.br\/8lp\" target=\"_blank\" rel=\"noopener\">&#8211; Alterar senha do E-mail Institucional<\/a><br \/>\n<a href=\"https:\/\/atendimentosti.usp.br\/otrs\/public.pl?Action=PublicFAQZoom;ItemID=271;ZoomBackLink=QWN0aW9uPVB1YmxpY0ZBUUV4cGxvcmVyO0NhdGVnb3J5SUQ9NTtTb3J0Qnk9VGl0bGU7T3JkZXI9%0AVXA7U3RhcnRIaXQ9MQ%3D%3D%0A;\" target=\"_blank\" rel=\"noopener\">&#8211; Recupera\u00e7\u00e3o de Senha \u00danica<\/a><br \/>\n<a href=\"https:\/\/sites.usp.br\/encerramentogsuite\/\" target=\"_blank\" rel=\"noopener\">&#8211; Encerramento de E-mail: orienta\u00e7\u00f5es para Ex-Alunos e Ex-Funcion\u00e1rios<\/a><\/div>\n<div style=\"text-align: justify;\">ATEN\u00c7\u00c3O: Acesse periodicamente seu e-mail para que n\u00e3o seja bloqueado\/cancelado!<\/div>\n<p>&nbsp;<\/p>\n<h4><strong>INTERNET SEM FIO (Wi-Fi)<\/strong><\/h4>\n<div style=\"text-align: justify;\"><a href=\"https:\/\/fcfrp.usp.br\/wp-content\/uploads\/sites\/528\/2022\/01\/Eduroam.pdf\" target=\"_blank\" rel=\"noopener\">&#8211; EDUROAM<\/a><br \/>\n<a href=\"http:\/\/rp.usp.br\/uspnet\/\" target=\"_blank\" rel=\"noopener\">&#8211; USPnet<\/a><br \/>\n<a href=\"https:\/\/atendimentosti.usp.br\/otrs\/public.pl?Action=PublicFAQExplorer;CategoryID=12\" target=\"_blank\" rel=\"noopener\">&#8211; VPN USPnet<\/a><\/div>\n<p>&nbsp;<\/p>\n<h4><strong>INTERNO FCFRP<\/strong><\/h4>\n<div style=\"text-align: justify;\"><strong>\u26a0\ufe0f ATEN\u00c7\u00c3O \u2013 <a href=\"https:\/\/forms.gle\/pvZ4AU2NZy8z1SyFA\">Formul\u00e1rio para Cadastro de Acesso por Reconhecimento Facial<\/a> <\/strong>(obrigat\u00f3rio realizar o login com uma conta institucional, p. ex. @fcfrp.usp.br ou @usp.br)<br \/>\n<a href=\"https:\/\/fcfrp.usp.br\/wp-content\/uploads\/sites\/528\/2020\/10\/mac.pdf\" target=\"_blank\" rel=\"noopener\">&#8211; Como obter o endere\u00e7o <em>MAC Address<\/em> da sua placa de rede<\/a><br \/>\n<a href=\"https:\/\/sites.usp.br\/fcfrp\/wp-content\/uploads\/sites\/528\/2020\/04\/scinfor-impressora.pdf\" target=\"_blank\" rel=\"noopener\">&#8211; Impressora de Rede SAMSUNG<\/a><br \/>\n<a href=\"https:\/\/sites.usp.br\/fcfrp\/wp-content\/uploads\/sites\/528\/2020\/04\/scinfor-equipamentos-salas.pdf\" target=\"_blank\" rel=\"noopener\">&#8211; Uso de Equipamentos nas Salas de Aula<\/a><\/div>\n<div><a href=\"https:\/\/fcfrp.usp.br\/pt\/institucional\/administracao\/assistencia-tecnica-administrativa\/secao-informatica\/mercurio\/\">&#8211; Bens padronizados para compras via Sistema Merc\u00fario<\/a><\/div>\n<p>&nbsp;<\/p>\n<h4><strong>SOFTWARES<\/strong><\/h4>\n<div style=\"text-align: justify;\"><a href=\"https:\/\/atendimentosti.usp.br\/otrs\/public.pl?Action=PublicFAQExplorer;CategoryID=77\" target=\"_blank\" rel=\"noopener\">&#8211; Softwares Institucionais<\/a><br \/>\n<a href=\"https:\/\/atendimentosti.usp.br\/otrs\/public.pl?Action=PublicFAQExplorer;CategoryID=26\" target=\"_blank\" rel=\"noopener\">&#8211; Sistema GLISE &#8211; Solicitar Softwares Institucionais<\/a><br \/>\n<a href=\"https:\/\/sites.usp.br\/fcfrp\/wp-content\/uploads\/sites\/528\/2020\/04\/scinfor-origin.pdf\" target=\"_blank\" rel=\"noopener\">&#8211; Software Origin &#8211; Solicitar<\/a><br \/>\n<a href=\"https:\/\/sites.usp.br\/fcfrp\/wp-content\/uploads\/sites\/528\/2020\/07\/Tutorial-PDF24.pdf\" target=\"_blank\" rel=\"noopener\">&#8211; Tutorial PDF24<\/a><br \/>\n<a href=\"https:\/\/sites.usp.br\/fcfrp\/wp-content\/uploads\/sites\/528\/2020\/04\/scinfor-r.pdf\" target=\"_blank\" rel=\"noopener\">&#8211; Software Estat\u00edstico R<\/a><\/div>\n<p>&nbsp;<\/p>\n<h4><strong>ENSINO EAD &#8211; VIDEOAULAS \/ VIDEOCONFER\u00caNCIA<\/strong><\/h4>\n<div style=\"text-align: justify;\"><a href=\"https:\/\/atendimentosti.usp.br\/otrs\/public.pl?Action=PublicFAQExplorer;CategoryID=86\" target=\"_blank\" rel=\"noopener\">&#8211; Links \u00dateis para Atividades Docentes \u00e0 Dist\u00e2ncia<\/a><br \/>\n<a href=\"https:\/\/edisciplinas.usp.br\/acessar\/\" target=\"_blank\" rel=\"noopener\">&#8211; E-Disciplinas da USP<\/a><br \/>\n<a href=\"https:\/\/cetirp.sti.usp.br\/recursos-on-line\/\" target=\"_blank\" rel=\"noopener\">&#8211; Ferramentas Google, Recursos de Confer\u00eancia Web e Ferramentas EaD<\/a><br \/>\n<a href=\"https:\/\/m.youtube.com\/watch?feature=youtu.be&amp;v=SL0mTknDMps\" target=\"_blank\" rel=\"noopener\">&#8211; Como Fazer V\u00eddeo Aula Usando OBS Studio e disponibilizar no YouTube<\/a><\/div>\n<p>&nbsp;<\/p>\n<h4><strong>SEGURAN\u00c7A<\/strong><\/h4>\n<div style=\"text-align: justify;\"><a href=\"https:\/\/sites.usp.br\/fcfrp\/wp-content\/uploads\/sites\/528\/2020\/04\/scinfor-backup.pdf\" target=\"_blank\" rel=\"noopener\">&#8211; Backup de Dados<\/a><br \/>\n<a href=\"https:\/\/sites.usp.br\/fcfrp\/wp-content\/uploads\/sites\/528\/2020\/04\/scinfor-seg-email.pdf\" target=\"_blank\" rel=\"noopener\">&#8211; Boas Pr\u00e1ticas para uso de E-mails<\/a><br \/>\n<a href=\"https:\/\/sites.usp.br\/fcfrp\/wp-content\/uploads\/sites\/528\/2020\/04\/scinfor-seg-usuarios.pdf\" target=\"_blank\" rel=\"noopener\">&#8211; Boas Pr\u00e1ticas de Seguran\u00e7a para Usu\u00e1rios<\/a><\/div>\n<p>&nbsp;<\/p>\n<h4><strong>BAIXA E DESCARTE DE EQUIPAMENTOS<\/strong><\/h4>\n<div style=\"text-align: justify;\"><a href=\"https:\/\/fcfrp.usp.br\/wp-content\/uploads\/sites\/528\/2022\/11\/scinfor-baixa.pdf\" target=\"_blank\" rel=\"noopener\">&#8211; Baixa de Patrim\u00f4nio<\/a><br \/>\n<a href=\"https:\/\/www.ribeiraopreto.sp.gov.br\/recicla\/ecopontos#ecopontos\" target=\"_blank\" rel=\"noopener\">&#8211; Descarte de Lixo Eletr\u00f4nico<\/a><\/div>\n<p>&nbsp;<\/p>\n<h4><strong><a href=\"https:\/\/fcfrp.usp.br\/pt\/proa\">SALA PR\u00d3-ALUNO FCFRP<\/a><\/strong><\/h4>\n<div style=\"text-align: justify;\"><\/div>\n<\/div>\n\t\t<\/div><\/div><div id=\"pgc-1314-0-1\"  class=\"panel-grid-cell\" ><div id=\"panel-1314-0-1-0\" class=\"so-panel widget widget_nav_menu panel-first-child panel-last-child\" data-index=\"1\" ><div class=\"menu-menu-instiadmin-container\"><ul id=\"menu-menu-instiadmin\" class=\"menu\"><li id=\"menu-item-1265\" class=\"menu-item menu-item-type-post_type menu-item-object-page menu-item-has-children menu-item-1265\"><a href=\"https:\/\/fcfrp.usp.br\/pt\/institucional\/\">INSTITUCIONAL<\/a>\n<ul class=\"sub-menu\">\n\t<li id=\"menu-item-1267\" class=\"menu-item menu-item-type-post_type menu-item-object-page menu-item-1267\"><a href=\"https:\/\/fcfrp.usp.br\/pt\/institucional\/diretoria\/\">Diretoria<\/a><\/li>\n\t<li id=\"menu-item-1268\" class=\"menu-item menu-item-type-post_type menu-item-object-page menu-item-1268\"><a href=\"https:\/\/fcfrp.usp.br\/pt\/institucional\/departamentos\/\">Departamentos<\/a><\/li>\n\t<li id=\"menu-item-1269\" class=\"menu-item menu-item-type-post_type menu-item-object-page menu-item-has-children menu-item-1269\"><a href=\"https:\/\/fcfrp.usp.br\/pt\/institucional\/administracao\/\">Administra\u00e7\u00e3o<\/a>\n\t<ul class=\"sub-menu\">\n\t\t<li id=\"menu-item-1270\" class=\"menu-item menu-item-type-post_type menu-item-object-page menu-item-has-children menu-item-1270\"><a href=\"https:\/\/fcfrp.usp.br\/pt\/institucional\/administracao\/atac\/\">Divis\u00e3o Acad\u00eamica<\/a>\n\t\t<ul class=\"sub-menu\">\n\t\t\t<li id=\"menu-item-2179\" class=\"menu-item menu-item-type-post_type menu-item-object-page menu-item-2179\"><a href=\"https:\/\/fcfrp.usp.br\/pt\/institucional\/administracao\/atac\/secao-graduacao\/\">Servi\u00e7o de Gradua\u00e7\u00e3o<\/a><\/li>\n\t\t\t<li id=\"menu-item-2178\" class=\"menu-item menu-item-type-post_type menu-item-object-page menu-item-2178\"><a href=\"https:\/\/fcfrp.usp.br\/pt\/institucional\/administracao\/atac\/secao-posgraduacao\/\">Servi\u00e7o de P\u00f3s-Gradua\u00e7\u00e3o<\/a><\/li>\n\t\t\t<li id=\"menu-item-1300\" class=\"menu-item menu-item-type-post_type menu-item-object-page menu-item-1300\"><a href=\"https:\/\/fcfrp.usp.br\/pt\/institucional\/administracao\/atac\/apoio-academico\/\">Se\u00e7\u00e3o de Apoio Acad\u00eamico<\/a><\/li>\n\t\t\t<li id=\"menu-item-1917\" class=\"menu-item menu-item-type-post_type menu-item-object-page menu-item-1917\"><a href=\"https:\/\/fcfrp.usp.br\/pt\/institucional\/administracao\/atac\/apoio-pedagogico\/\">Apoio Pedag\u00f3gico<\/a><\/li>\n\t\t<\/ul>\n<\/li>\n\t\t<li id=\"menu-item-1271\" class=\"menu-item menu-item-type-post_type menu-item-object-page menu-item-has-children menu-item-1271\"><a href=\"https:\/\/fcfrp.usp.br\/pt\/institucional\/administracao\/assistencia-tecnica-administrativa\/\">Divis\u00e3o Administrativa<\/a>\n\t\t<ul class=\"sub-menu\">\n\t\t\t<li id=\"menu-item-1354\" class=\"menu-item menu-item-type-post_type menu-item-object-page menu-item-1354\"><a href=\"https:\/\/fcfrp.usp.br\/pt\/institucional\/administracao\/assistencia-tecnica-administrativa\/secao-informatica\/\">Se\u00e7\u00e3o T\u00e9cnica de Inform\u00e1tica<\/a><\/li>\n\t\t\t<li id=\"menu-item-1355\" class=\"menu-item menu-item-type-post_type menu-item-object-page menu-item-1355\"><a href=\"https:\/\/fcfrp.usp.br\/pt\/institucional\/administracao\/assistencia-tecnica-administrativa\/apoio-operacional\/\">Servi\u00e7o de Apoio Operacional<\/a><\/li>\n\t\t\t<li id=\"menu-item-1358\" class=\"menu-item menu-item-type-post_type menu-item-object-page menu-item-1358\"><a href=\"https:\/\/fcfrp.usp.br\/pt\/institucional\/administracao\/assistencia-tecnica-administrativa\/apoio-adm\/\">Se\u00e7\u00e3o de Apoio Administrativo<\/a><\/li>\n\t\t<\/ul>\n<\/li>\n\t\t<li id=\"menu-item-1272\" class=\"menu-item menu-item-type-post_type menu-item-object-page menu-item-has-children menu-item-1272\"><a href=\"https:\/\/fcfrp.usp.br\/pt\/institucional\/administracao\/assistencia-tecnica-financeira\/\">Divis\u00e3o Financeira<\/a>\n\t\t<ul class=\"sub-menu\">\n\t\t\t<li id=\"menu-item-9878\" class=\"menu-item menu-item-type-post_type menu-item-object-page menu-item-9878\"><a href=\"https:\/\/fcfrp.usp.br\/pt\/institucional\/administracao\/assistencia-tecnica-financeira\/contabilidade\/\">Se\u00e7\u00e3o T\u00e9cnica de Contabilidade, Patrim\u00f4nio, Contratos e Conv\u00eanios<\/a><\/li>\n\t\t\t<li id=\"menu-item-9882\" class=\"menu-item menu-item-type-post_type menu-item-object-page menu-item-9882\"><a href=\"https:\/\/fcfrp.usp.br\/pt\/institucional\/administracao\/assistencia-tecnica-financeira\/materiais\/\">Servi\u00e7o de Materiais e Tesouraria<\/a><\/li>\n\t\t<\/ul>\n<\/li>\n\t\t<li id=\"menu-item-1273\" class=\"menu-item menu-item-type-post_type menu-item-object-page menu-item-1273\"><a href=\"https:\/\/fcfrp.usp.br\/pt\/institucional\/administracao\/secao-apoio-institucional\/\">Se\u00e7\u00e3o de Apoio Institucional<\/a><\/li>\n\t\t<li id=\"menu-item-1274\" class=\"menu-item menu-item-type-post_type menu-item-object-page menu-item-1274\"><a href=\"https:\/\/fcfrp.usp.br\/pt\/institucional\/administracao\/secao-de-bioterio\/\">Se\u00e7\u00e3o de Biot\u00e9rio<\/a><\/li>\n\t<\/ul>\n<\/li>\n\t<li id=\"menu-item-1359\" class=\"menu-item menu-item-type-post_type menu-item-object-page menu-item-1359\"><a href=\"https:\/\/fcfrp.usp.br\/pt\/institucional\/cap\/\">Centro de Apoio a Projetos<\/a><\/li>\n\t<li id=\"menu-item-1275\" class=\"menu-item menu-item-type-post_type menu-item-object-page menu-item-1275\"><a href=\"https:\/\/fcfrp.usp.br\/pt\/institucional\/servicos\/\">Servi\u00e7os<\/a><\/li>\n\t<li id=\"menu-item-2705\" class=\"menu-item menu-item-type-post_type menu-item-object-page menu-item-2705\"><a href=\"https:\/\/fcfrp.usp.br\/pt\/institucional\/comissoes\/\">Comiss\u00f5es<\/a><\/li>\n\t<li id=\"menu-item-1276\" class=\"menu-item menu-item-type-post_type menu-item-object-page menu-item-1276\"><a href=\"https:\/\/fcfrp.usp.br\/pt\/institucional\/concursos\/\">Concursos<\/a><\/li>\n\t<li id=\"menu-item-6213\" class=\"menu-item menu-item-type-custom menu-item-object-custom menu-item-6213\"><a href=\"https:\/\/fcfrp.usp.br\/pt\/institucional\/administracao\/assistencia-tecnica-financeira\/prov-materiais\/\">Licita\u00e7\u00f5es<\/a><\/li>\n\t<li id=\"menu-item-1266\" class=\"menu-item menu-item-type-post_type menu-item-object-page current_page_parent menu-item-1266\"><a href=\"https:\/\/fcfrp.usp.br\/pt\/institucional\/eventos-noticias\/\">Eventos \/ Not\u00edcias<\/a><\/li>\n\t<li id=\"menu-item-1277\" class=\"menu-item menu-item-type-post_type menu-item-object-page menu-item-1277\"><a target=\"_blank\" href=\"https:\/\/fcfrp.usp.br\/wp-content\/uploads\/sites\/528\/2025\/03\/Lista-de-ramais-marco-2025.pdf\">Servidores<\/a><\/li>\n\t<li id=\"menu-item-7210\" class=\"menu-item menu-item-type-post_type menu-item-object-page menu-item-7210\"><a href=\"https:\/\/fcfrp.usp.br\/pt\/institucional\/identidade-visual\/\">Identidade Visual<\/a><\/li>\n<\/ul>\n<\/li>\n<\/ul><\/div><\/div><\/div><\/div><\/div>","protected":false},"excerpt":{"rendered":"<p>Respons\u00e1vel pela Se\u00e7\u00e3o de Inform\u00e1tica Vitor Luiz de Araujo E-mail: informatica@fcfrp.usp.br &nbsp; &nbsp; A fun\u00e7\u00e3o da Se\u00e7\u00e3o T\u00e9cnica de Inform\u00e1tica (SCINFOR-60) \u00e9 prover suporte tecnol\u00f3gico para as atividades administrativas e acad\u00eamicas; atuando principalmente nas \u00e1reas de Infraestrutura, Suporte e Seguran\u00e7a. &nbsp; &nbsp; Telefones Alessandro &#8211; (16) 3315-8659 Diego &#8211; (16) 3315-8662 Marcelo &#8211; (16) 3315-0607<a href=\"https:\/\/fcfrp.usp.br\/pt\/institucional\/administracao\/assistencia-tecnica-administrativa\/secao-informatica\/\">[&#8230;]<\/a><\/p>\n","protected":false},"author":978,"featured_media":0,"parent":1028,"menu_order":0,"comment_status":"closed","ping_status":"closed","template":"template-fullwidth.php","meta":{"footnotes":"","_links_to":"","_links_to_target":""},"class_list":["post-1314","page","type-page","status-publish","hentry"],"_links":{"self":[{"href":"https:\/\/fcfrp.usp.br\/pt\/wp-json\/wp\/v2\/pages\/1314","targetHints":{"allow":["GET"]}}],"collection":[{"href":"https:\/\/fcfrp.usp.br\/pt\/wp-json\/wp\/v2\/pages"}],"about":[{"href":"https:\/\/fcfrp.usp.br\/pt\/wp-json\/wp\/v2\/types\/page"}],"author":[{"embeddable":true,"href":"https:\/\/fcfrp.usp.br\/pt\/wp-json\/wp\/v2\/users\/978"}],"replies":[{"embeddable":true,"href":"https:\/\/fcfrp.usp.br\/pt\/wp-json\/wp\/v2\/comments?post=1314"}],"version-history":[{"count":4,"href":"https:\/\/fcfrp.usp.br\/pt\/wp-json\/wp\/v2\/pages\/1314\/revisions"}],"predecessor-version":[{"id":16342,"href":"https:\/\/fcfrp.usp.br\/pt\/wp-json\/wp\/v2\/pages\/1314\/revisions\/16342"}],"up":[{"embeddable":true,"href":"https:\/\/fcfrp.usp.br\/pt\/wp-json\/wp\/v2\/pages\/1028"}],"wp:attachment":[{"href":"https:\/\/fcfrp.usp.br\/pt\/wp-json\/wp\/v2\/media?parent=1314"}],"curies":[{"name":"wp","href":"https:\/\/api.w.org\/{rel}","templated":true}]}}