{"id":1340,"date":"2020-04-15T11:40:00","date_gmt":"2020-04-15T13:40:00","guid":{"rendered":"https:\/\/sites.usp.br\/fcfrp\/?page_id=1340"},"modified":"2026-03-02T14:31:40","modified_gmt":"2026-03-02T16:31:40","slug":"analises-clinicas","status":"publish","type":"page","link":"https:\/\/fcfrp.usp.br\/pt\/institucional\/servicos\/analises-clinicas\/","title":{"rendered":"Servi\u00e7o de An\u00e1lises Cl\u00ednicas"},"content":{"rendered":"<div id=\"pl-1340\"  class=\"panel-layout\" ><div id=\"pg-1340-0\"  class=\"panel-grid panel-no-style\" ><div id=\"pgc-1340-0-0\"  class=\"panel-grid-cell\" ><div id=\"panel-1340-0-0-0\" class=\"so-panel widget widget_text panel-first-child panel-last-child\" data-index=\"0\" >\t\t\t<div class=\"textwidget\"><h4><strong>Supervisor T\u00e9cnico<\/strong><\/h4>\n<h3>Profa. Dra. Elisa Maria de Sousa Russo<a href=\"https:\/\/fcfrp.usp.br\/wp-content\/uploads\/sites\/528\/2020\/07\/lpElisa.png\"><img loading=\"lazy\" decoding=\"async\" class=\"wp-image-6504 size-full alignright\" src=\"https:\/\/fcfrp.usp.br\/wp-content\/uploads\/sites\/528\/2020\/07\/lpElisa.png\" alt=\"\" width=\"100\" height=\"125\" \/><\/a><\/h3>\n<p>Email: elisa@fcfrp.usp.br<br \/>\nTel: (16) 3315-0559<br \/>\n&nbsp;<br \/>\n&nbsp;<\/p>\n<h4><strong>Secretaria e Informa\u00e7\u00f5es<\/strong><\/h4>\n<p>Tel: (16) 3315-4196<br \/>\n(16) 3315-8834<br \/>\n(16) 3315-8835<br \/>\n&nbsp;<br \/>\n&nbsp;<\/p>\n<div style=\"text-align: justify; text-indent: 30pt;\">O Servi\u00e7o de An\u00e1lises Cl\u00ednicas (SAC) da Faculdade de Ci\u00eancias Farmac\u00eauticas de Ribeir\u00e3o Preto &#8211; USP, criado em maio de 1986, foi o primeiro laborat\u00f3rio-ensino implantado na Universidade de S\u00e3o Paulo. O SAC atende a comunidade uspiana e ribeir\u00e3opretana na realiza\u00e7\u00e3o de exames para o apoio m\u00e9dico no diagn\u00f3stico.<\/div>\n<div style=\"text-align: justify; text-indent: 30pt;\">O servi\u00e7o \u00e9 estruturado de maneira a dar suporte \u00e0 FCFRP-USP para que esta atenda aos objetivos fins da Universidade de S\u00e3o Paulo de ensino, pesquisa e extens\u00e3o. Semestralmente, o servi\u00e7o recebe alunos de gradua\u00e7\u00e3o para realizarem seus est\u00e1gios obrigat\u00f3rios ou remunerados, o servi\u00e7o \u00e9 colaborador em pesquisas dos docentes desta e de outras unidades. Prestamos servi\u00e7os \u00e0 Prefeitura de Ribeir\u00e3o Preto no apoio diagn\u00f3stico de pacientes atendidos pelo SUS.<\/div>\n<div style=\"text-align: justify; text-indent: 30pt;\">Todos os colaboradores respons\u00e1veis pelos diferentes setores do laborat\u00f3rio s\u00e3o graduados nas \u00e1reas de Farm\u00e1cia Bioqu\u00edmica e Biomedicina compondo uma equipe altamente qualificada.<\/div>\n<p>&nbsp;<br \/>\n&nbsp;<\/p>\n<h2><a href=\"https:\/\/fcfrp-usp.laborlis.net\/\" target=\"_blank\" rel=\"noopener\">RESULTADO DE EXAMES (CLIQUE AQUI)<\/a><\/h2>\n<p>&nbsp;<br \/>\n&nbsp;<\/p>\n<h4><strong>Hor\u00e1rio de Atendimento<\/strong><\/h4>\n<div style=\"text-align: justify;\">Segunda a Sexta-feira: das 7:30 \u00e0s 17:00 h<\/div>\n<p>&nbsp;<br \/>\n&nbsp;<\/p>\n<h4><strong>Telefones<\/strong><\/h4>\n<div style=\"text-align: justify;\"><strong>Carmen &#8211; (16) 3315-4196<\/strong><br \/>\n<strong>Luciane &#8211; (16) 3315-8834<\/strong><br \/>\n<strong>Rubiane &#8211; (16) 3315-8835<\/strong><\/div>\n<p>&nbsp;<\/p>\n<h4><strong>Ouvidoria<\/strong><\/h4>\n<div style=\"text-align: justify;\">Email: ouvidoriasac@fcfrp.usp.br<\/div>\n<p>&nbsp;<br \/>\n&nbsp;<\/p>\n<h4><strong>Localiza\u00e7\u00e3o<\/strong><\/h4>\n<div style=\"text-align: justify;\">Bloco R da Faculdade de Ci\u00eancias Farmac\u00eauticas de Ribeir\u00e3o Preto &#8211; USP<\/div>\n<p><a href=\"https:\/\/sites.usp.br\/fcfrp\/wp-content\/uploads\/sites\/528\/2020\/05\/sacfachada-scaled.jpg\"><img loading=\"lazy\" decoding=\"async\" class=\"alignleft wp-image-3899 size-large\" src=\"https:\/\/sites.usp.br\/fcfrp\/wp-content\/uploads\/sites\/528\/2020\/05\/sacfachada-1024x438.jpg\" alt=\"\" width=\"640\" height=\"274\" srcset=\"https:\/\/fcfrp.usp.br\/wp-content\/uploads\/sites\/528\/2020\/05\/sacfachada-1024x438.jpg 1024w, https:\/\/fcfrp.usp.br\/wp-content\/uploads\/sites\/528\/2020\/05\/sacfachada-300x128.jpg 300w, https:\/\/fcfrp.usp.br\/wp-content\/uploads\/sites\/528\/2020\/05\/sacfachada-768x328.jpg 768w, https:\/\/fcfrp.usp.br\/wp-content\/uploads\/sites\/528\/2020\/05\/sacfachada-1536x657.jpg 1536w, https:\/\/fcfrp.usp.br\/wp-content\/uploads\/sites\/528\/2020\/05\/sacfachada-2048x876.jpg 2048w, https:\/\/fcfrp.usp.br\/wp-content\/uploads\/sites\/528\/2020\/05\/sacfachada-400x171.jpg 400w\" sizes=\"auto, (max-width: 640px) 100vw, 640px\" \/><\/a><\/p>\n<h4><\/h4>\n<p>&nbsp;<br \/>\n&nbsp;<\/p>\n<h4><strong>Conv\u00eanios<\/strong><\/h4>\n<div style=\"text-align: justify;\">Prefeitura Municipal de Ribeir\u00e3o Preto &#8211; SUS<br \/>\nDepartamento de Sa\u00fade &#8211; UBAS\/ Campus Ribeir\u00e3o Preto<br \/>\nServi\u00e7o Especializado de Medicina e Sa\u00fade Ocupacional \/ SESMT<br \/>\nConv\u00eanios Acad\u00eamicos<br \/>\nPacientes particulares<\/div>\n<p>&nbsp;<br \/>\n&nbsp;<\/p>\n<h4><strong>Est\u00e1gios<\/strong><\/h4>\n<div style=\"text-align: justify;\"><strong>1\u00ba passo:<\/strong> qualquer aluno (USP &#8211; FCFRP e demais Unidades; e externos \u00e0 USP &#8211; de qualquer outra institui\u00e7\u00e3o de ensino) que tiver interesse em realizar seu est\u00e1gio aqui, deve primeiramente entrar em contato com Edna Aparecida Barizon pelo e-mail ebarizon@fcfrp.usp.br ou pelo telefone (16) 3315-4174 para verificar se \u00e9 poss\u00edvel.<br \/>\n<strong>2\u00ba passo:<\/strong> providenciar os documentos em conjunto com sua institui\u00e7\u00e3o de ensino (que ser\u00e1 interveniente neste caso), pois existem modelos da FCFRP na p\u00e1gina <a href=\"https:\/\/fcfrp.usp.br\/pt\/ensino\/graduacao\/estagios\/\" target=\"_blank\" rel=\"noopener\">https:\/\/fcfrp.usp.br\/pt\/ensino\/graduacao\/estagios\/<\/a> . Caso exista um modelo espec\u00edfico da sua faculdade ele poder\u00e1 ser utilizado.<br \/>\n<strong>3\u00ba passo:<\/strong> entregar no Servi\u00e7o de Gradua\u00e7\u00e3o a documenta\u00e7\u00e3o confeccionada e assinada pela institui\u00e7\u00e3o de ensino interveniente e pelo aluno para assinatura do respons\u00e1vel pela FCFRP.<br \/>\nContato: David de Mello J\u00fanior<br \/>\nE-mail: estagios@fcfrp.usp.br<br \/>\nTel: (16) 3315-4207<\/div>\n<\/div>\n\t\t<\/div><\/div><div id=\"pgc-1340-0-1\"  class=\"panel-grid-cell\" ><div id=\"panel-1340-0-1-0\" class=\"so-panel widget widget_nav_menu panel-first-child panel-last-child\" data-index=\"1\" ><div class=\"menu-menu-instservi-container\"><ul id=\"menu-menu-instservi\" class=\"menu\"><li id=\"menu-item-1303\" class=\"menu-item menu-item-type-post_type menu-item-object-page menu-item-has-children menu-item-1303\"><a href=\"https:\/\/fcfrp.usp.br\/pt\/institucional\/\">INSTITUCIONAL<\/a>\n<ul class=\"sub-menu\">\n\t<li id=\"menu-item-1305\" class=\"menu-item menu-item-type-post_type menu-item-object-page menu-item-1305\"><a href=\"https:\/\/fcfrp.usp.br\/pt\/institucional\/diretoria\/\">Diretoria<\/a><\/li>\n\t<li id=\"menu-item-1306\" class=\"menu-item menu-item-type-post_type menu-item-object-page menu-item-1306\"><a href=\"https:\/\/fcfrp.usp.br\/pt\/institucional\/departamentos\/\">Departamentos<\/a><\/li>\n\t<li id=\"menu-item-1307\" class=\"menu-item menu-item-type-post_type menu-item-object-page menu-item-1307\"><a href=\"https:\/\/fcfrp.usp.br\/pt\/institucional\/administracao\/\">Administra\u00e7\u00e3o<\/a><\/li>\n\t<li id=\"menu-item-10520\" class=\"menu-item menu-item-type-post_type menu-item-object-page menu-item-10520\"><a href=\"https:\/\/fcfrp.usp.br\/pt\/institucional\/cap\/\">Centro de Apoio a Projetos<\/a><\/li>\n\t<li id=\"menu-item-1311\" class=\"menu-item menu-item-type-post_type menu-item-object-page menu-item-has-children menu-item-1311\"><a href=\"https:\/\/fcfrp.usp.br\/pt\/institucional\/servicos\/\">Servi\u00e7os<\/a>\n\t<ul class=\"sub-menu\">\n\t\t<li id=\"menu-item-1353\" class=\"menu-item menu-item-type-post_type menu-item-object-page menu-item-has-children menu-item-1353\"><a href=\"https:\/\/fcfrp.usp.br\/pt\/institucional\/servicos\/analises-clinicas\/\">Servi\u00e7o de An\u00e1lises Cl\u00ednicas<\/a>\n\t\t<ul class=\"sub-menu\">\n\t\t\t<li id=\"menu-item-2264\" class=\"menu-item menu-item-type-post_type menu-item-object-page menu-item-2264\"><a target=\"_blank\" href=\"https:\/\/fcfrp-usp.laborlis.net\/\">Resultados de Exames<\/a><\/li>\n\t\t\t<li id=\"menu-item-2215\" class=\"menu-item menu-item-type-post_type menu-item-object-page menu-item-2215\"><a href=\"https:\/\/fcfrp.usp.br\/pt\/institucional\/servicos\/analises-clinicas\/equipe-sac\/\">Equipe SAC<\/a><\/li>\n\t\t\t<li id=\"menu-item-2214\" class=\"menu-item menu-item-type-post_type menu-item-object-page menu-item-2214\"><a href=\"https:\/\/fcfrp.usp.br\/pt\/institucional\/servicos\/analises-clinicas\/exames-sac\/\">Exames e Prepara\u00e7\u00e3o<\/a><\/li>\n\t\t<\/ul>\n<\/li>\n\t\t<li id=\"menu-item-1352\" class=\"menu-item menu-item-type-post_type menu-item-object-page menu-item-1352\"><a href=\"https:\/\/fcfrp.usp.br\/pt\/institucional\/servicos\/analises-toxicologicas\/\">Servi\u00e7o de An\u00e1lises Toxicol\u00f3gicas<\/a><\/li>\n\t\t<li id=\"menu-item-1351\" class=\"menu-item menu-item-type-post_type menu-item-object-page menu-item-has-children menu-item-1351\"><a href=\"https:\/\/fcfrp.usp.br\/pt\/institucional\/servicos\/servico-farmaceutico\/\">Servi\u00e7o Farmac\u00eautico<\/a>\n\t\t<ul class=\"sub-menu\">\n\t\t\t<li id=\"menu-item-2405\" class=\"menu-item menu-item-type-post_type menu-item-object-page menu-item-2405\"><a href=\"https:\/\/fcfrp.usp.br\/pt\/institucional\/servicos\/servico-farmaceutico\/equipe-farmacia\/\">Equipe Farm\u00e1cia Ensino<\/a><\/li>\n\t\t\t<li id=\"menu-item-5706\" class=\"menu-item menu-item-type-post_type menu-item-object-page menu-item-5706\"><a href=\"https:\/\/fcfrp.usp.br\/pt\/institucional\/servicos\/servico-farmaceutico\/equipe-servico-farmaceutico\/\">Equipe Servi\u00e7o Farmac\u00eautico<\/a><\/li>\n\t\t\t<li id=\"menu-item-2404\" class=\"menu-item menu-item-type-post_type menu-item-object-page menu-item-2404\"><a href=\"https:\/\/fcfrp.usp.br\/pt\/institucional\/servicos\/servico-farmaceutico\/servicos-farmacia\/\">Servi\u00e7os<\/a><\/li>\n\t\t<\/ul>\n<\/li>\n\t<\/ul>\n<\/li>\n\t<li id=\"menu-item-2702\" class=\"menu-item menu-item-type-post_type menu-item-object-page menu-item-2702\"><a href=\"https:\/\/fcfrp.usp.br\/pt\/institucional\/comissoes\/\">Comiss\u00f5es<\/a><\/li>\n\t<li id=\"menu-item-1312\" class=\"menu-item menu-item-type-post_type menu-item-object-page menu-item-1312\"><a href=\"https:\/\/fcfrp.usp.br\/pt\/institucional\/concursos\/\">Concursos<\/a><\/li>\n\t<li id=\"menu-item-6216\" class=\"menu-item menu-item-type-custom menu-item-object-custom menu-item-6216\"><a href=\"https:\/\/fcfrp.usp.br\/pt\/institucional\/administracao\/assistencia-tecnica-financeira\/prov-materiais\/\">Licita\u00e7\u00f5es<\/a><\/li>\n\t<li id=\"menu-item-1304\" class=\"menu-item menu-item-type-post_type menu-item-object-page current_page_parent menu-item-1304\"><a href=\"https:\/\/fcfrp.usp.br\/pt\/institucional\/eventos-noticias\/\">Eventos \/ Not\u00edcias<\/a><\/li>\n\t<li id=\"menu-item-1313\" class=\"menu-item menu-item-type-post_type menu-item-object-page menu-item-1313\"><a target=\"_blank\" href=\"https:\/\/fcfrp.usp.br\/wp-content\/uploads\/sites\/528\/2025\/03\/Lista-de-ramais-marco-2025.pdf\">Servidores<\/a><\/li>\n\t<li id=\"menu-item-7212\" class=\"menu-item menu-item-type-post_type menu-item-object-page menu-item-7212\"><a href=\"https:\/\/fcfrp.usp.br\/pt\/institucional\/identidade-visual\/\">Identidade Visual<\/a><\/li>\n<\/ul>\n<\/li>\n<\/ul><\/div><\/div><\/div><\/div><\/div>","protected":false},"excerpt":{"rendered":"<p>Supervisor T\u00e9cnico Profa. Dra. Elisa Maria de Sousa Russo Email: elisa@fcfrp.usp.br Tel: (16) 3315-0559 &nbsp; &nbsp; Secretaria e Informa\u00e7\u00f5es Tel: (16) 3315-4196 (16) 3315-8834 (16) 3315-8835 &nbsp; &nbsp; O Servi\u00e7o de An\u00e1lises Cl\u00ednicas (SAC) da Faculdade de Ci\u00eancias Farmac\u00eauticas de Ribeir\u00e3o Preto &#8211; USP, criado em maio de 1986, foi o primeiro laborat\u00f3rio-ensino implantado na<a href=\"https:\/\/fcfrp.usp.br\/pt\/institucional\/servicos\/analises-clinicas\/\">[&#8230;]<\/a><\/p>\n","protected":false},"author":978,"featured_media":0,"parent":564,"menu_order":0,"comment_status":"closed","ping_status":"closed","template":"template-fullwidth.php","meta":{"footnotes":"","_links_to":"","_links_to_target":""},"class_list":["post-1340","page","type-page","status-publish","hentry"],"_links":{"self":[{"href":"https:\/\/fcfrp.usp.br\/pt\/wp-json\/wp\/v2\/pages\/1340","targetHints":{"allow":["GET"]}}],"collection":[{"href":"https:\/\/fcfrp.usp.br\/pt\/wp-json\/wp\/v2\/pages"}],"about":[{"href":"https:\/\/fcfrp.usp.br\/pt\/wp-json\/wp\/v2\/types\/page"}],"author":[{"embeddable":true,"href":"https:\/\/fcfrp.usp.br\/pt\/wp-json\/wp\/v2\/users\/978"}],"replies":[{"embeddable":true,"href":"https:\/\/fcfrp.usp.br\/pt\/wp-json\/wp\/v2\/comments?post=1340"}],"version-history":[{"count":4,"href":"https:\/\/fcfrp.usp.br\/pt\/wp-json\/wp\/v2\/pages\/1340\/revisions"}],"predecessor-version":[{"id":16378,"href":"https:\/\/fcfrp.usp.br\/pt\/wp-json\/wp\/v2\/pages\/1340\/revisions\/16378"}],"up":[{"embeddable":true,"href":"https:\/\/fcfrp.usp.br\/pt\/wp-json\/wp\/v2\/pages\/564"}],"wp:attachment":[{"href":"https:\/\/fcfrp.usp.br\/pt\/wp-json\/wp\/v2\/media?parent=1340"}],"curies":[{"name":"wp","href":"https:\/\/api.w.org\/{rel}","templated":true}]}}