{"id":1345,"date":"2020-04-15T11:41:57","date_gmt":"2020-04-15T13:41:57","guid":{"rendered":"https:\/\/sites.usp.br\/fcfrp\/?page_id=1345"},"modified":"2020-04-30T09:42:31","modified_gmt":"2020-04-30T11:42:31","slug":"analises-toxicologicas","status":"publish","type":"page","link":"https:\/\/fcfrp.usp.br\/pt\/institucional\/servicos\/analises-toxicologicas\/","title":{"rendered":"Servi\u00e7o de An\u00e1lises Toxicol\u00f3gicas"},"content":{"rendered":"<div id=\"pl-1345\"  class=\"panel-layout\" ><div id=\"pg-1345-0\"  class=\"panel-grid panel-no-style\" ><div id=\"pgc-1345-0-0\"  class=\"panel-grid-cell\" ><div id=\"panel-1345-0-0-0\" class=\"so-panel widget widget_text panel-first-child panel-last-child\" data-index=\"0\" >\t\t\t<div class=\"textwidget\"><h4><strong>Supervisor T\u00e9cnico<\/strong><\/h4>\n<h3>Prof. Dr. Fernando Barbosa J\u00fanior<a href=\"https:\/\/sites.usp.br\/fcfrp\/wp-content\/uploads\/sites\/528\/2020\/04\/fbarbosa.jpg\"><img loading=\"lazy\" decoding=\"async\" class=\"wp-image-2364 size-full alignright\" src=\"https:\/\/sites.usp.br\/fcfrp\/wp-content\/uploads\/sites\/528\/2020\/04\/fbarbosa.jpg\" alt=\"\" width=\"100\" height=\"128\" \/><\/a><\/h3>\n<p>Email: fbarbosa@fcfrp.usp.br<br \/>\nTel: (16) 3315-4725<\/p>\n<p>&nbsp;<\/p>\n<p>&nbsp;<\/p>\n<div style=\"text-align: justify; text-indent: 30pt;\">O Servi\u00e7o de An\u00e1lises Toxicol\u00f3gicas da FCFRP-USP tem como miss\u00e3o oferecer de forma r\u00e1pida a comunidade em geral an\u00e1lises de alta qualidade para determina\u00e7\u00e3o de metais e compostos org\u00e2nicos em diversas matrizes que incluem alimentos e amostras cl\u00ednicas. S\u00e3o realizadas an\u00e1lises em sangue, plasma, urina e cabelo para monitoramento de exposi\u00e7\u00e3o a metais e compostos org\u00e2nicos no homem e de alimentos em geral para diagn\u00f3stico de poss\u00edveis contamina\u00e7\u00f5es visando a seguran\u00e7a alimentar da popula\u00e7\u00e3o.<\/div>\n<div style=\"text-align: justify; text-indent: 30pt;\">Para isso, o laborat\u00f3rio disp\u00f5e da mais recente tecnologia em equipamentos para determina\u00e7\u00e3o de diversas esp\u00e9cies de metais e metaloides (ICP-MS e LC-ICP-MS) e compostos org\u00e2nicos (HPLC-UV-Fluorescencia, GC-MS, LC-MS\/MS). Para assegurar a qualidade dos resultados, o laborat\u00f3rio participa frequentemente de Programas de Ensaio de Profici\u00eancia de Laborat\u00f3rios.<\/div>\n<p>&nbsp;<\/p>\n<p>&nbsp;<\/p>\n<h4><strong>Conv\u00eanios<\/strong><\/h4>\n<p>O servi\u00e7o de an\u00e1lises toxicol\u00f3gicas atende:<br \/>\nConv\u00eanio SUS<br \/>\nAmbulat\u00f3rio de Sa\u00fade do Trabalhador<br \/>\nAmbulat\u00f3rio Regional de Sa\u00fade Mental<br \/>\nCentro de Sa\u00fade Escola<br \/>\nHospital das Cl\u00ednicas da FMRP -USP<br \/>\nHospital Psiqui\u00e1trico de Ribeir\u00e3o Preto<br \/>\nEntidades Filantr\u00f3picas<br \/>\nPostos de Sa\u00fade da Regi\u00e3o<br \/>\nAmbulat\u00f3rio de Sa\u00fade Mental da Regi\u00e3o<br \/>\nLaborat\u00f3rios de An\u00e1lises Cl\u00ednicas<br \/>\nSecretaria do Meio-Ambiente de Ribeir\u00e3o Preto<br \/>\nP\u00fablico em geral, atrav\u00e9s de solicita\u00e7\u00e3o m\u00e9dica<br \/>\nControle de Qualidade de Mat\u00e9ria Prima e Medicamentos<\/p>\n<p>&nbsp;<\/p>\n<h4><strong>Est\u00e1gios<\/strong><\/h4>\n<div style=\"text-align: justify;\">Est\u00e1gios curriculares junto a modalidade de An\u00e1lises Cl\u00ednicas e Toxicol\u00f3gicas da FCFRP-USP.<\/div>\n<\/div>\n\t\t<\/div><\/div><div id=\"pgc-1345-0-1\"  class=\"panel-grid-cell\" ><div id=\"panel-1345-0-1-0\" class=\"so-panel widget widget_nav_menu panel-first-child panel-last-child\" data-index=\"1\" ><div class=\"menu-menu-instservi-container\"><ul id=\"menu-menu-instservi\" class=\"menu\"><li id=\"menu-item-1303\" class=\"menu-item menu-item-type-post_type menu-item-object-page menu-item-has-children menu-item-1303\"><a href=\"https:\/\/fcfrp.usp.br\/pt\/institucional\/\">INSTITUCIONAL<\/a>\n<ul class=\"sub-menu\">\n\t<li id=\"menu-item-1305\" class=\"menu-item menu-item-type-post_type menu-item-object-page menu-item-1305\"><a href=\"https:\/\/fcfrp.usp.br\/pt\/institucional\/diretoria\/\">Diretoria<\/a><\/li>\n\t<li id=\"menu-item-1306\" class=\"menu-item menu-item-type-post_type menu-item-object-page menu-item-1306\"><a href=\"https:\/\/fcfrp.usp.br\/pt\/institucional\/departamentos\/\">Departamentos<\/a><\/li>\n\t<li id=\"menu-item-1307\" class=\"menu-item menu-item-type-post_type menu-item-object-page menu-item-1307\"><a href=\"https:\/\/fcfrp.usp.br\/pt\/institucional\/administracao\/\">Administra\u00e7\u00e3o<\/a><\/li>\n\t<li id=\"menu-item-10520\" class=\"menu-item menu-item-type-post_type menu-item-object-page menu-item-10520\"><a href=\"https:\/\/fcfrp.usp.br\/pt\/institucional\/cap\/\">Centro de Apoio a Projetos<\/a><\/li>\n\t<li id=\"menu-item-1311\" class=\"menu-item menu-item-type-post_type menu-item-object-page menu-item-has-children menu-item-1311\"><a href=\"https:\/\/fcfrp.usp.br\/pt\/institucional\/servicos\/\">Servi\u00e7os<\/a>\n\t<ul class=\"sub-menu\">\n\t\t<li id=\"menu-item-1353\" class=\"menu-item menu-item-type-post_type menu-item-object-page menu-item-has-children menu-item-1353\"><a href=\"https:\/\/fcfrp.usp.br\/pt\/institucional\/servicos\/analises-clinicas\/\">Servi\u00e7o de An\u00e1lises Cl\u00ednicas<\/a>\n\t\t<ul class=\"sub-menu\">\n\t\t\t<li id=\"menu-item-2264\" class=\"menu-item menu-item-type-post_type menu-item-object-page menu-item-2264\"><a target=\"_blank\" href=\"https:\/\/fcfrp-usp.laborlis.net\/\">Resultados de Exames<\/a><\/li>\n\t\t\t<li id=\"menu-item-2215\" class=\"menu-item menu-item-type-post_type menu-item-object-page menu-item-2215\"><a href=\"https:\/\/fcfrp.usp.br\/pt\/institucional\/servicos\/analises-clinicas\/equipe-sac\/\">Equipe SAC<\/a><\/li>\n\t\t\t<li id=\"menu-item-2214\" class=\"menu-item menu-item-type-post_type menu-item-object-page menu-item-2214\"><a href=\"https:\/\/fcfrp.usp.br\/pt\/institucional\/servicos\/analises-clinicas\/exames-sac\/\">Exames e Prepara\u00e7\u00e3o<\/a><\/li>\n\t\t<\/ul>\n<\/li>\n\t\t<li id=\"menu-item-1352\" class=\"menu-item menu-item-type-post_type menu-item-object-page menu-item-1352\"><a href=\"https:\/\/fcfrp.usp.br\/pt\/institucional\/servicos\/analises-toxicologicas\/\">Servi\u00e7o de An\u00e1lises Toxicol\u00f3gicas<\/a><\/li>\n\t\t<li id=\"menu-item-1351\" class=\"menu-item menu-item-type-post_type menu-item-object-page menu-item-has-children menu-item-1351\"><a href=\"https:\/\/fcfrp.usp.br\/pt\/institucional\/servicos\/servico-farmaceutico\/\">Servi\u00e7o Farmac\u00eautico<\/a>\n\t\t<ul class=\"sub-menu\">\n\t\t\t<li id=\"menu-item-2405\" class=\"menu-item menu-item-type-post_type menu-item-object-page menu-item-2405\"><a href=\"https:\/\/fcfrp.usp.br\/pt\/institucional\/servicos\/servico-farmaceutico\/equipe-farmacia\/\">Equipe Farm\u00e1cia Ensino<\/a><\/li>\n\t\t\t<li id=\"menu-item-5706\" class=\"menu-item menu-item-type-post_type menu-item-object-page menu-item-5706\"><a href=\"https:\/\/fcfrp.usp.br\/pt\/institucional\/servicos\/servico-farmaceutico\/equipe-servico-farmaceutico\/\">Equipe Servi\u00e7o Farmac\u00eautico<\/a><\/li>\n\t\t\t<li id=\"menu-item-2404\" class=\"menu-item menu-item-type-post_type menu-item-object-page menu-item-2404\"><a href=\"https:\/\/fcfrp.usp.br\/pt\/institucional\/servicos\/servico-farmaceutico\/servicos-farmacia\/\">Servi\u00e7os<\/a><\/li>\n\t\t<\/ul>\n<\/li>\n\t<\/ul>\n<\/li>\n\t<li id=\"menu-item-2702\" class=\"menu-item menu-item-type-post_type menu-item-object-page menu-item-2702\"><a href=\"https:\/\/fcfrp.usp.br\/pt\/institucional\/comissoes\/\">Comiss\u00f5es<\/a><\/li>\n\t<li id=\"menu-item-1312\" class=\"menu-item menu-item-type-post_type menu-item-object-page menu-item-1312\"><a href=\"https:\/\/fcfrp.usp.br\/pt\/institucional\/concursos\/\">Concursos<\/a><\/li>\n\t<li id=\"menu-item-6216\" class=\"menu-item menu-item-type-custom menu-item-object-custom menu-item-6216\"><a href=\"https:\/\/fcfrp.usp.br\/pt\/institucional\/administracao\/assistencia-tecnica-financeira\/prov-materiais\/\">Licita\u00e7\u00f5es<\/a><\/li>\n\t<li id=\"menu-item-1304\" class=\"menu-item menu-item-type-post_type menu-item-object-page current_page_parent menu-item-1304\"><a href=\"https:\/\/fcfrp.usp.br\/pt\/institucional\/eventos-noticias\/\">Eventos \/ Not\u00edcias<\/a><\/li>\n\t<li id=\"menu-item-1313\" class=\"menu-item menu-item-type-post_type menu-item-object-page menu-item-1313\"><a target=\"_blank\" href=\"https:\/\/fcfrp.usp.br\/wp-content\/uploads\/sites\/528\/2025\/03\/Lista-de-ramais-marco-2025.pdf\">Servidores<\/a><\/li>\n\t<li id=\"menu-item-7212\" class=\"menu-item menu-item-type-post_type menu-item-object-page menu-item-7212\"><a href=\"https:\/\/fcfrp.usp.br\/pt\/institucional\/identidade-visual\/\">Identidade Visual<\/a><\/li>\n<\/ul>\n<\/li>\n<\/ul><\/div><\/div><\/div><\/div><\/div>","protected":false},"excerpt":{"rendered":"<p>Supervisor T\u00e9cnico Prof. Dr. Fernando Barbosa J\u00fanior Email: fbarbosa@fcfrp.usp.br Tel: (16) 3315-4725 &nbsp; &nbsp; O Servi\u00e7o de An\u00e1lises Toxicol\u00f3gicas da FCFRP-USP tem como miss\u00e3o oferecer de forma r\u00e1pida a comunidade em geral an\u00e1lises de alta qualidade para determina\u00e7\u00e3o de metais e compostos org\u00e2nicos em diversas matrizes que incluem alimentos e amostras cl\u00ednicas. S\u00e3o realizadas an\u00e1lises<a href=\"https:\/\/fcfrp.usp.br\/pt\/institucional\/servicos\/analises-toxicologicas\/\">[&#8230;]<\/a><\/p>\n","protected":false},"author":978,"featured_media":0,"parent":564,"menu_order":1,"comment_status":"closed","ping_status":"closed","template":"template-fullwidth.php","meta":{"footnotes":"","_links_to":"","_links_to_target":""},"class_list":["post-1345","page","type-page","status-publish","hentry"],"_links":{"self":[{"href":"https:\/\/fcfrp.usp.br\/pt\/wp-json\/wp\/v2\/pages\/1345","targetHints":{"allow":["GET"]}}],"collection":[{"href":"https:\/\/fcfrp.usp.br\/pt\/wp-json\/wp\/v2\/pages"}],"about":[{"href":"https:\/\/fcfrp.usp.br\/pt\/wp-json\/wp\/v2\/types\/page"}],"author":[{"embeddable":true,"href":"https:\/\/fcfrp.usp.br\/pt\/wp-json\/wp\/v2\/users\/978"}],"replies":[{"embeddable":true,"href":"https:\/\/fcfrp.usp.br\/pt\/wp-json\/wp\/v2\/comments?post=1345"}],"version-history":[{"count":4,"href":"https:\/\/fcfrp.usp.br\/pt\/wp-json\/wp\/v2\/pages\/1345\/revisions"}],"predecessor-version":[{"id":3265,"href":"https:\/\/fcfrp.usp.br\/pt\/wp-json\/wp\/v2\/pages\/1345\/revisions\/3265"}],"up":[{"embeddable":true,"href":"https:\/\/fcfrp.usp.br\/pt\/wp-json\/wp\/v2\/pages\/564"}],"wp:attachment":[{"href":"https:\/\/fcfrp.usp.br\/pt\/wp-json\/wp\/v2\/media?parent=1345"}],"curies":[{"name":"wp","href":"https:\/\/api.w.org\/{rel}","templated":true}]}}