{"id":16337,"date":"2026-02-27T14:49:30","date_gmt":"2026-02-27T16:49:30","guid":{"rendered":"https:\/\/fcfrp.usp.br\/?page_id=16337"},"modified":"2026-04-10T14:26:26","modified_gmt":"2026-04-10T16:26:26","slug":"proa","status":"publish","type":"page","link":"https:\/\/fcfrp.usp.br\/pt\/proa\/","title":{"rendered":"Pr\u00f3-Aluno"},"content":{"rendered":"<div id=\"pl-16337\"  class=\"panel-layout\" ><div id=\"pg-16337-0\"  class=\"panel-grid panel-no-style\" ><div id=\"pgc-16337-0-0\"  class=\"panel-grid-cell\" ><div id=\"panel-16337-0-0-0\" class=\"so-panel widget widget_text panel-first-child panel-last-child\" data-index=\"0\" >\t\t\t<div class=\"textwidget\"><p style=\"text-align: justify;\"><strong>Funciona de segunda a sexta-feira, das 7h30 \u00e0s 19h30<\/strong>, atendendo aos alunos de gradua\u00e7\u00e3o da FCFRP em um espa\u00e7o de 137 m\u00b2, disp\u00f5e de 15 esta\u00e7\u00f5es de trabalho com a vers\u00e3o mais recente do Windows, al\u00e9m de capacidade para mais de 20 usu\u00e1rios com notebooks conectados via Wi-Fi. O ambiente conta com mesas adapt\u00e1veis para cadeirantes e 3 salas de reuni\u00f5es, garantindo acessibilidade e conforto; al\u00e9m de <strong>6 monitores<\/strong> contratados anualmente por meio de edital da Pr\u00f3-Reitoria de Gradua\u00e7\u00e3o que se revezam para assegurar o funcionamento ininterrupto da sala.<\/p>\n<p>&nbsp;<\/p>\n<h4><strong>\ud83d\udce2 MURAL DE RECADOS<\/strong><\/h4>\n<ul>\n<li><strong>&#8211; SALA FECHADA:<\/strong> \ud83d\udcc5 14\/04\/2026\u00a0 |\u00a0 <img loading=\"lazy\" decoding=\"async\" class=\"an1\" draggable=\"false\" src=\"https:\/\/fonts.gstatic.com\/s\/e\/notoemoji\/17.0\/23f0\/32.png\" alt=\"\u23f0\" width=\"18\" height=\"18\" data-emoji=\"\u23f0\" aria-label=\"\u23f0\" \/> das 7h30 at\u00e9 19h30\u00a0 |\u00a0 \u2139\ufe0f: Devido a paralisa\u00e7\u00e3o conjunta de estudantes e funcion\u00e1rios da USP<\/li>\n<\/ul>\n<p>&nbsp;<\/p>\n<h4><strong>\ud83d\udcc4 DOCUMENTOS<\/strong><\/h4>\n<ul>\n<li><a href=\"https:\/\/fcfrp.usp.br\/wp-content\/uploads\/sites\/528\/2025\/06\/Edital_Pro_Aluno_2025_a_2026.pdf\">Edital vigente da Pr\u00f3-Reitoria de Gradua\u00e7\u00e3o<\/a><\/li>\n<li><a href=\"https:\/\/fcfrp.usp.br\/wp-content\/uploads\/sites\/528\/2025\/02\/Regulamento-do-Programa-Pro-Aluno-Resolucao-CoG-4133-de-17-11-94.pdf\">Regulamenta\u00e7\u00e3o<\/a><\/li>\n<li><a href=\"https:\/\/fcfrp.usp.br\/wp-content\/uploads\/sites\/528\/2025\/02\/Regimento-Interno-das-Salas-Pro-Aluno.pdf\">Regimento interno<\/a><\/li>\n<li><a href=\"https:\/\/fcfrp.usp.br\/wp-content\/uploads\/sites\/528\/2025\/02\/Codigo-de-Etica-do-Aluno-Usuario.pdf\">C\u00f3digo de \u00e9tica do aluno<\/a><\/li>\n<li><a href=\"https:\/\/fcfrp.usp.br\/wp-content\/uploads\/sites\/528\/2025\/02\/Guia-do-Monitor.pdf\">Guia do Monitor<\/a><\/li>\n<\/ul>\n<p>&nbsp;<\/p>\n<h4><strong><img loading=\"lazy\" decoding=\"async\" class=\"an1\" draggable=\"false\" src=\"https:\/\/fonts.gstatic.com\/s\/e\/notoemoji\/17.0\/1f5d3\/32.png\" alt=\"\ud83d\uddd3\" width=\"20\" height=\"20\" data-emoji=\"\ud83d\uddd3\" aria-label=\"\ud83d\uddd3\" \/> FUNCIONAMENTO<\/strong><\/h4>\n<ul>\n<li><a href=\"https:\/\/fcfrp.usp.br\/wp-content\/uploads\/sites\/528\/2026\/03\/CALENDARIO-MENSAL-2026.pdf\">Calend\u00e1rio mensal<\/a><\/li>\n<li><a href=\"https:\/\/fcfrp.usp.br\/wp-content\/uploads\/sites\/528\/2026\/03\/HORARIO-SEMANAL.pdf\">Grade de hor\u00e1rios dos Monitores<\/a><\/li>\n<\/ul>\n<p>&nbsp;<\/p>\n<h4><strong>\ud83d\udd0d SELE\u00c7\u00c3O DE MONITORES<\/strong><\/h4>\n<ul>\n<li>Processo Seletivo 2026-27<\/li>\n<li>Resultado Parcial<\/li>\n<li>Resultado Final<\/li>\n<\/ul>\n<p>&nbsp;<\/p>\n<h4><strong>\ud83d\udc49 CANAL OFICIAL DE COMUNICA\u00c7\u00c3O<\/strong><\/h4>\n<ul>\n<li>D\u00favidas, sugest\u00f5es, cr\u00edticas, elogios ou quaisquer relatos relacionadas \u00e0 sala dever\u00e3o ser encaminhadas para:<\/li>\n<li>\ud83d\udce9 <a href=\"mailto:proaluno@fcfrp.usp.br\">proaluno@fcfrp.usp.br<\/a><\/li>\n<\/ul>\n<\/div>\n\t\t<\/div><\/div><div id=\"pgc-16337-0-1\"  class=\"panel-grid-cell\" ><div id=\"panel-16337-0-1-0\" class=\"so-panel widget widget_nav_menu panel-first-child panel-last-child\" data-index=\"1\" ><div class=\"menu-menu-institucional-container\"><ul id=\"menu-menu-institucional\" class=\"menu\"><li id=\"menu-item-5965\" class=\"menu-item menu-item-type-post_type menu-item-object-page menu-item-has-children menu-item-5965\"><a href=\"https:\/\/fcfrp.usp.br\/pt\/institucional\/\">INSTITUCIONAL<\/a>\n<ul class=\"sub-menu\">\n\t<li id=\"menu-item-5967\" class=\"menu-item menu-item-type-post_type menu-item-object-page menu-item-5967\"><a href=\"https:\/\/fcfrp.usp.br\/pt\/institucional\/diretoria\/\">Diretoria<\/a><\/li>\n\t<li id=\"menu-item-9372\" class=\"menu-item menu-item-type-post_type menu-item-object-page menu-item-9372\"><a href=\"https:\/\/fcfrp.usp.br\/pt\/institucional\/exdiretores\/\">Ex-Diretores(as)<\/a><\/li>\n\t<li id=\"menu-item-10185\" class=\"menu-item menu-item-type-post_type menu-item-object-page menu-item-10185\"><a href=\"https:\/\/fcfrp.usp.br\/pt\/institucional\/emeritos\/\">Professores Em\u00e9ritos<\/a><\/li>\n\t<li id=\"menu-item-5968\" class=\"menu-item menu-item-type-post_type menu-item-object-page menu-item-5968\"><a href=\"https:\/\/fcfrp.usp.br\/pt\/institucional\/departamentos\/\">Departamentos<\/a><\/li>\n\t<li id=\"menu-item-5971\" class=\"menu-item menu-item-type-post_type menu-item-object-page menu-item-has-children menu-item-5971\"><a href=\"https:\/\/fcfrp.usp.br\/pt\/institucional\/administracao\/\">Administra\u00e7\u00e3o<\/a>\n\t<ul class=\"sub-menu\">\n\t\t<li id=\"menu-item-5969\" class=\"menu-item menu-item-type-post_type menu-item-object-page menu-item-5969\"><a href=\"https:\/\/fcfrp.usp.br\/pt\/institucional\/administracao\/atac\/\">Divis\u00e3o Acad\u00eamica<\/a><\/li>\n\t\t<li id=\"menu-item-5970\" class=\"menu-item menu-item-type-post_type menu-item-object-page menu-item-5970\"><a href=\"https:\/\/fcfrp.usp.br\/pt\/institucional\/administracao\/assistencia-tecnica-administrativa\/\">Divis\u00e3o Administrativa<\/a><\/li>\n\t\t<li id=\"menu-item-5974\" class=\"menu-item menu-item-type-post_type menu-item-object-page menu-item-5974\"><a href=\"https:\/\/fcfrp.usp.br\/pt\/institucional\/administracao\/assistencia-tecnica-financeira\/\">Divis\u00e3o Financeira<\/a><\/li>\n\t<\/ul>\n<\/li>\n\t<li id=\"menu-item-10507\" class=\"menu-item menu-item-type-post_type menu-item-object-page menu-item-10507\"><a href=\"https:\/\/fcfrp.usp.br\/pt\/institucional\/cap\/\">Centro de Apoio a Projetos<\/a><\/li>\n\t<li id=\"menu-item-5972\" class=\"menu-item menu-item-type-post_type menu-item-object-page menu-item-5972\"><a href=\"https:\/\/fcfrp.usp.br\/pt\/institucional\/servicos\/\">Servi\u00e7os<\/a><\/li>\n\t<li id=\"menu-item-5973\" class=\"menu-item menu-item-type-post_type menu-item-object-page menu-item-5973\"><a href=\"https:\/\/fcfrp.usp.br\/pt\/institucional\/comissoes\/\">Comiss\u00f5es<\/a><\/li>\n\t<li id=\"menu-item-5975\" class=\"menu-item menu-item-type-post_type menu-item-object-page menu-item-5975\"><a href=\"https:\/\/fcfrp.usp.br\/pt\/institucional\/concursos\/\">Concursos<\/a><\/li>\n\t<li id=\"menu-item-6182\" class=\"menu-item menu-item-type-custom menu-item-object-custom menu-item-6182\"><a href=\"https:\/\/fcfrp.usp.br\/pt\/institucional\/administracao\/assistencia-tecnica-financeira\/materiais\/\">Licita\u00e7\u00f5es<\/a><\/li>\n\t<li id=\"menu-item-5966\" class=\"menu-item menu-item-type-post_type menu-item-object-page current_page_parent menu-item-5966\"><a href=\"https:\/\/fcfrp.usp.br\/pt\/institucional\/eventos-noticias\/\">Eventos \/ Not\u00edcias<\/a><\/li>\n\t<li id=\"menu-item-5976\" class=\"menu-item menu-item-type-post_type menu-item-object-page menu-item-5976\"><a target=\"_blank\" href=\"https:\/\/fcfrp.usp.br\/wp-content\/uploads\/sites\/528\/2025\/03\/Lista-de-ramais-marco-2025.pdf\">Servidores<\/a><\/li>\n\t<li id=\"menu-item-7206\" class=\"menu-item menu-item-type-post_type menu-item-object-page menu-item-7206\"><a href=\"https:\/\/fcfrp.usp.br\/pt\/institucional\/identidade-visual\/\">Identidade Visual<\/a><\/li>\n<\/ul>\n<\/li>\n<\/ul><\/div><\/div><\/div><\/div><\/div>","protected":false},"excerpt":{"rendered":"<p>Funciona de segunda a sexta-feira, das 7h30 \u00e0s 19h30, atendendo aos alunos de gradua\u00e7\u00e3o da FCFRP em um espa\u00e7o de 137 m\u00b2, disp\u00f5e de 15 esta\u00e7\u00f5es de trabalho com a vers\u00e3o mais recente do Windows, al\u00e9m de capacidade para mais de 20 usu\u00e1rios com notebooks conectados via Wi-Fi. O ambiente conta com mesas adapt\u00e1veis para<a href=\"https:\/\/fcfrp.usp.br\/pt\/proa\/\">[&#8230;]<\/a><\/p>\n","protected":false},"author":978,"featured_media":0,"parent":0,"menu_order":0,"comment_status":"closed","ping_status":"closed","template":"template-fullwidth.php","meta":{"footnotes":"","_links_to":"","_links_to_target":""},"class_list":["post-16337","page","type-page","status-publish","hentry"],"_links":{"self":[{"href":"https:\/\/fcfrp.usp.br\/pt\/wp-json\/wp\/v2\/pages\/16337","targetHints":{"allow":["GET"]}}],"collection":[{"href":"https:\/\/fcfrp.usp.br\/pt\/wp-json\/wp\/v2\/pages"}],"about":[{"href":"https:\/\/fcfrp.usp.br\/pt\/wp-json\/wp\/v2\/types\/page"}],"author":[{"embeddable":true,"href":"https:\/\/fcfrp.usp.br\/pt\/wp-json\/wp\/v2\/users\/978"}],"replies":[{"embeddable":true,"href":"https:\/\/fcfrp.usp.br\/pt\/wp-json\/wp\/v2\/comments?post=16337"}],"version-history":[{"count":4,"href":"https:\/\/fcfrp.usp.br\/pt\/wp-json\/wp\/v2\/pages\/16337\/revisions"}],"predecessor-version":[{"id":16594,"href":"https:\/\/fcfrp.usp.br\/pt\/wp-json\/wp\/v2\/pages\/16337\/revisions\/16594"}],"wp:attachment":[{"href":"https:\/\/fcfrp.usp.br\/pt\/wp-json\/wp\/v2\/media?parent=16337"}],"curies":[{"name":"wp","href":"https:\/\/api.w.org\/{rel}","templated":true}]}}