{"id":2164,"date":"2020-04-19T09:31:09","date_gmt":"2020-04-19T11:31:09","guid":{"rendered":"https:\/\/sites.usp.br\/fcfrp\/?page_id=2164"},"modified":"2022-02-03T17:41:17","modified_gmt":"2022-02-03T19:41:17","slug":"secao-graduacao","status":"publish","type":"page","link":"https:\/\/fcfrp.usp.br\/pt\/institucional\/administracao\/atac\/secao-graduacao\/","title":{"rendered":"Servi\u00e7o de Gradua\u00e7\u00e3o"},"content":{"rendered":"<div id=\"pl-2164\"  class=\"panel-layout\" ><div id=\"pg-2164-0\"  class=\"panel-grid panel-no-style\" ><div id=\"pgc-2164-0-0\"  class=\"panel-grid-cell\" ><div id=\"panel-2164-0-0-0\" class=\"so-panel widget widget_text panel-first-child panel-last-child\" data-index=\"0\" >\t\t\t<div class=\"textwidget\"><h4><strong>Respons\u00e1vel pelo Servi\u00e7o Gradua\u00e7\u00e3o<\/strong><\/h4>\n<h3>Cristiane de Oliveira Gobbi<a href=\"https:\/\/sites.usp.br\/fcfrp\/wp-content\/uploads\/sites\/528\/2020\/04\/cristiane.jpg\"><img loading=\"lazy\" decoding=\"async\" class=\"wp-image-2166 size-full alignright\" src=\"https:\/\/sites.usp.br\/fcfrp\/wp-content\/uploads\/sites\/528\/2020\/04\/cristiane.jpg\" alt=\"\" width=\"100\" height=\"128\" \/><\/a><\/h3>\n<p>Email: sgrad@fcfrp.usp.br<br \/>\nTel: (16) 3315-8561<\/p>\n<p>&nbsp;<\/p>\n<p>&nbsp;<\/p>\n<div style=\"text-align: justify; text-indent: 30pt;\">Respons\u00e1vel por executar as tarefas administrativas referentes ao curso de gradua\u00e7\u00e3o, conforme regras pr\u00f3prias, da Comiss\u00e3o de Gradua\u00e7\u00e3o e da Pr\u00f3-Reitoria de Gradua\u00e7\u00e3o. Recebe, processa e distribui informa\u00e7\u00f5es que afetam a vida acad\u00eamica dos estudantes, desde o ingresso at\u00e9 a conclus\u00e3o do curso.<\/div>\n<p>&nbsp;<\/p>\n<p>&nbsp;<\/p>\n<h4><strong>Atendimento<\/strong><\/h4>\n<div style=\"text-align: justify;\">&#8211; Whatsapp 16-3315.8561 ou e-mail sgrad@fcfrp.usp.br (n\u00e3o presenciais e agendamento de atendimentos presenciais)<\/div>\n<p>&nbsp;<\/p>\n<p>&nbsp;<\/p>\n<h4><strong>Localiza\u00e7\u00e3o<\/strong><\/h4>\n<div style=\"text-align: justify;\">Sala 121 do Bloco H da Faculdade de Ci\u00eancias Farmac\u00eauticas de Ribeir\u00e3o Preto \u2013 USP<\/div>\n<p>&nbsp;<\/p>\n<p>&nbsp;<\/p>\n<h4><strong>Compet\u00eancias<\/strong><\/h4>\n<div style=\"text-align: justify;\">&#8211; Divulgar, distribuir e informar os alunos sobre quaisquer assuntos que afete a sua vida acad\u00eamica;<br \/>\n&#8211; Gerenciar, acompanhar e providenciar cadastros no Sistema J\u00fapiter;<br \/>\n&#8211; Organizar as cerim\u00f4nias de Cola\u00e7\u00e3o de Grau;<br \/>\n&#8211; Atendimento ao p\u00fablico em geral.<\/div>\n<\/div>\n\t\t<\/div><\/div><div id=\"pgc-2164-0-1\"  class=\"panel-grid-cell\" ><div id=\"panel-2164-0-1-0\" class=\"so-panel widget widget_nav_menu panel-first-child panel-last-child\" data-index=\"1\" ><div class=\"menu-menu-grad-container\"><ul id=\"menu-menu-grad\" class=\"menu\"><li id=\"menu-item-3941\" class=\"menu-item menu-item-type-post_type menu-item-object-page menu-item-has-children menu-item-3941\"><a href=\"https:\/\/fcfrp.usp.br\/pt\/ensino\/\">ENSINO<\/a>\n<ul class=\"sub-menu\">\n\t<li id=\"menu-item-3942\" class=\"menu-item menu-item-type-post_type menu-item-object-page menu-item-has-children menu-item-3942\"><a href=\"https:\/\/fcfrp.usp.br\/pt\/ensino\/graduacao\/\">Gradua\u00e7\u00e3o<\/a>\n\t<ul class=\"sub-menu\">\n\t\t<li id=\"menu-item-3938\" class=\"menu-item menu-item-type-post_type menu-item-object-page menu-item-has-children menu-item-3938\"><a href=\"https:\/\/fcfrp.usp.br\/pt\/ensino\/graduacao\/comissao-graduacao\/\">Comiss\u00e3o de Gradua\u00e7\u00e3o<\/a>\n\t\t<ul class=\"sub-menu\">\n\t\t\t<li id=\"menu-item-10994\" class=\"menu-item menu-item-type-post_type menu-item-object-page menu-item-10994\"><a href=\"https:\/\/fcfrp.usp.br\/pt\/ensino\/graduacao\/deliberacoes\/\">Regimento e Delibera\u00e7\u00f5es<\/a><\/li>\n\t\t\t<li id=\"menu-item-13034\" class=\"menu-item menu-item-type-post_type menu-item-object-page menu-item-13034\"><a href=\"https:\/\/fcfrp.usp.br\/pt\/ensino\/graduacao\/eventos\/\">Eventos<\/a><\/li>\n\t\t<\/ul>\n<\/li>\n\t\t<li id=\"menu-item-3939\" class=\"menu-item menu-item-type-post_type menu-item-object-page menu-item-3939\"><a href=\"https:\/\/fcfrp.usp.br\/pt\/institucional\/administracao\/atac\/secao-graduacao\/\">Servi\u00e7o de Gradua\u00e7\u00e3o<\/a><\/li>\n\t\t<li id=\"menu-item-3940\" class=\"menu-item menu-item-type-post_type menu-item-object-page menu-item-3940\"><a href=\"https:\/\/fcfrp.usp.br\/pt\/institucional\/administracao\/atac\/apoio-pedagogico\/\">Apoio Pedag\u00f3gico<\/a><\/li>\n\t\t<li id=\"menu-item-4000\" class=\"menu-item menu-item-type-post_type menu-item-object-page menu-item-4000\"><a href=\"https:\/\/fcfrp.usp.br\/pt\/ensino\/graduacao\/como-estudar\/\">Como Estudar na FCFRP\/USP<\/a><\/li>\n\t\t<li id=\"menu-item-4064\" class=\"menu-item menu-item-type-post_type menu-item-object-page menu-item-4064\"><a href=\"https:\/\/fcfrp.usp.br\/pt\/ensino\/graduacao\/atestados\/\">Solicita\u00e7\u00f5es &#8211; alunos<\/a><\/li>\n\t\t<li id=\"menu-item-4047\" class=\"menu-item menu-item-type-post_type menu-item-object-page menu-item-4047\"><a href=\"https:\/\/fcfrp.usp.br\/pt\/ensino\/graduacao\/aulas\/\">Aulas e Calend\u00e1rios<\/a><\/li>\n\t\t<li id=\"menu-item-7698\" class=\"menu-item menu-item-type-post_type menu-item-object-page menu-item-7698\"><a href=\"https:\/\/fcfrp.usp.br\/pt\/ensino\/graduacao\/onibus\/\">Dados para Carteirinha de \u00d4nibus<\/a><\/li>\n\t\t<li id=\"menu-item-4073\" class=\"menu-item menu-item-type-post_type menu-item-object-page menu-item-4073\"><a href=\"https:\/\/fcfrp.usp.br\/pt\/ensino\/graduacao\/colacoes\/\">Cola\u00e7\u00f5es de Grau<\/a><\/li>\n\t\t<li id=\"menu-item-4097\" class=\"menu-item menu-item-type-post_type menu-item-object-page menu-item-4097\"><a href=\"https:\/\/fcfrp.usp.br\/pt\/ensino\/graduacao\/estagios\/\">Est\u00e1gios<\/a><\/li>\n\t\t<li id=\"menu-item-4096\" class=\"menu-item menu-item-type-post_type menu-item-object-page menu-item-4096\"><a href=\"https:\/\/fcfrp.usp.br\/pt\/ensino\/graduacao\/formularios-grad\/\">Formul\u00e1rios para professores<\/a><\/li>\n\t\t<li id=\"menu-item-4095\" class=\"menu-item menu-item-type-post_type menu-item-object-page menu-item-4095\"><a href=\"https:\/\/fcfrp.usp.br\/pt\/ensino\/graduacao\/matriculas\/\">Matr\u00edculas 2026<\/a><\/li>\n\t\t<li id=\"menu-item-4094\" class=\"menu-item menu-item-type-post_type menu-item-object-page menu-item-4094\"><a href=\"https:\/\/fcfrp.usp.br\/pt\/ensino\/graduacao\/monitoria\/\">Monitoria<\/a><\/li>\n\t\t<li id=\"menu-item-4092\" class=\"menu-item menu-item-type-post_type menu-item-object-page menu-item-4092\"><a href=\"https:\/\/fcfrp.usp.br\/pt\/ensino\/graduacao\/tcc\/\">TCC<\/a><\/li>\n\t\t<li id=\"menu-item-4093\" class=\"menu-item menu-item-type-post_type menu-item-object-page menu-item-4093\"><a href=\"https:\/\/fcfrp.usp.br\/pt\/ensino\/graduacao\/trancamentos\/\">Trancamentos<\/a><\/li>\n\t\t<li id=\"menu-item-4009\" class=\"menu-item menu-item-type-post_type menu-item-object-page menu-item-4009\"><a href=\"https:\/\/fcfrp.usp.br\/pt\/ensino\/graduacao\/egressos\/\">Egressos (Ex-Alunos)<\/a><\/li>\n\t<\/ul>\n<\/li>\n\t<li id=\"menu-item-3943\" class=\"menu-item menu-item-type-post_type menu-item-object-page menu-item-3943\"><a href=\"https:\/\/fcfrp.usp.br\/pt\/ensino\/pos-graduacao\/\">P\u00f3s-Gradua\u00e7\u00e3o<\/a><\/li>\n<\/ul>\n<\/li>\n<\/ul><\/div><\/div><\/div><\/div><\/div>","protected":false},"excerpt":{"rendered":"<p>Respons\u00e1vel pelo Servi\u00e7o Gradua\u00e7\u00e3o Cristiane de Oliveira Gobbi Email: sgrad@fcfrp.usp.br Tel: (16) 3315-8561 &nbsp; &nbsp; Respons\u00e1vel por executar as tarefas administrativas referentes ao curso de gradua\u00e7\u00e3o, conforme regras pr\u00f3prias, da Comiss\u00e3o de Gradua\u00e7\u00e3o e da Pr\u00f3-Reitoria de Gradua\u00e7\u00e3o. Recebe, processa e distribui informa\u00e7\u00f5es que afetam a vida acad\u00eamica dos estudantes, desde o ingresso at\u00e9 a<a href=\"https:\/\/fcfrp.usp.br\/pt\/institucional\/administracao\/atac\/secao-graduacao\/\">[&#8230;]<\/a><\/p>\n","protected":false},"author":978,"featured_media":0,"parent":1008,"menu_order":0,"comment_status":"closed","ping_status":"closed","template":"template-fullwidth.php","meta":{"footnotes":"","_links_to":"","_links_to_target":""},"class_list":["post-2164","page","type-page","status-publish","hentry"],"_links":{"self":[{"href":"https:\/\/fcfrp.usp.br\/pt\/wp-json\/wp\/v2\/pages\/2164","targetHints":{"allow":["GET"]}}],"collection":[{"href":"https:\/\/fcfrp.usp.br\/pt\/wp-json\/wp\/v2\/pages"}],"about":[{"href":"https:\/\/fcfrp.usp.br\/pt\/wp-json\/wp\/v2\/types\/page"}],"author":[{"embeddable":true,"href":"https:\/\/fcfrp.usp.br\/pt\/wp-json\/wp\/v2\/users\/978"}],"replies":[{"embeddable":true,"href":"https:\/\/fcfrp.usp.br\/pt\/wp-json\/wp\/v2\/comments?post=2164"}],"version-history":[{"count":4,"href":"https:\/\/fcfrp.usp.br\/pt\/wp-json\/wp\/v2\/pages\/2164\/revisions"}],"predecessor-version":[{"id":9915,"href":"https:\/\/fcfrp.usp.br\/pt\/wp-json\/wp\/v2\/pages\/2164\/revisions\/9915"}],"up":[{"embeddable":true,"href":"https:\/\/fcfrp.usp.br\/pt\/wp-json\/wp\/v2\/pages\/1008"}],"wp:attachment":[{"href":"https:\/\/fcfrp.usp.br\/pt\/wp-json\/wp\/v2\/media?parent=2164"}],"curies":[{"name":"wp","href":"https:\/\/api.w.org\/{rel}","templated":true}]}}