{"id":2382,"date":"2020-04-20T22:53:30","date_gmt":"2020-04-21T00:53:30","guid":{"rendered":"https:\/\/sites.usp.br\/fcfrp\/?page_id=2382"},"modified":"2020-06-23T20:02:31","modified_gmt":"2020-06-23T22:02:31","slug":"equipe-farmacia","status":"publish","type":"page","link":"https:\/\/fcfrp.usp.br\/pt\/institucional\/servicos\/servico-farmaceutico\/equipe-farmacia\/","title":{"rendered":"Equipe Farm\u00e1cia Ensino"},"content":{"rendered":"<div id=\"pl-2382\"  class=\"panel-layout\" ><div id=\"pg-2382-0\"  class=\"panel-grid panel-no-style\" ><div id=\"pgc-2382-0-0\"  class=\"panel-grid-cell\" ><div id=\"panel-2382-0-0-0\" class=\"so-panel widget widget_text panel-first-child panel-last-child\" data-index=\"0\" >\t\t\t<div class=\"textwidget\"><h4><strong>Farmac\u00eautico<\/strong><\/h4>\n<h3>Maur\u00edlio Polizello J\u00fanior<a href=\"https:\/\/sites.usp.br\/fcfrp\/wp-content\/uploads\/sites\/528\/2020\/04\/maurilio.jpg\"><img loading=\"lazy\" decoding=\"async\" class=\"wp-image-2378 size-full alignright\" src=\"https:\/\/sites.usp.br\/fcfrp\/wp-content\/uploads\/sites\/528\/2020\/04\/maurilio.jpg\" alt=\"\" width=\"100\" height=\"128\" \/><\/a><\/h3>\n<p>Email: polinet@fcfrp.usp.br<br \/>\nTel: (16) 3315-4263<\/p>\n<p>&nbsp;<\/p>\n<h4><strong>Farmac\u00eautica<\/strong><\/h4>\n<h3>Milena Costa Nocera<a href=\"https:\/\/sites.usp.br\/fcfrp\/wp-content\/uploads\/sites\/528\/2020\/04\/milena.jpg\"><img loading=\"lazy\" decoding=\"async\" class=\"alignright wp-image-2379 size-full\" src=\"https:\/\/sites.usp.br\/fcfrp\/wp-content\/uploads\/sites\/528\/2020\/04\/milena.jpg\" alt=\"\" width=\"100\" height=\"128\" \/><\/a><\/h3>\n<p>Email: milena@fcfrp.usp.br<br \/>\nTel: (16) 3315-4263<\/p>\n<\/div>\n\t\t<\/div><\/div><div id=\"pgc-2382-0-1\"  class=\"panel-grid-cell\" ><div id=\"panel-2382-0-1-0\" class=\"so-panel widget widget_nav_menu panel-first-child panel-last-child\" data-index=\"1\" ><div class=\"menu-menu-instservi-container\"><ul id=\"menu-menu-instservi\" class=\"menu\"><li id=\"menu-item-1303\" class=\"menu-item menu-item-type-post_type menu-item-object-page menu-item-has-children menu-item-1303\"><a href=\"https:\/\/fcfrp.usp.br\/pt\/institucional\/\">INSTITUCIONAL<\/a>\n<ul class=\"sub-menu\">\n\t<li id=\"menu-item-1305\" class=\"menu-item menu-item-type-post_type menu-item-object-page menu-item-1305\"><a href=\"https:\/\/fcfrp.usp.br\/pt\/institucional\/diretoria\/\">Diretoria<\/a><\/li>\n\t<li id=\"menu-item-1306\" class=\"menu-item menu-item-type-post_type menu-item-object-page menu-item-1306\"><a href=\"https:\/\/fcfrp.usp.br\/pt\/institucional\/departamentos\/\">Departamentos<\/a><\/li>\n\t<li id=\"menu-item-1307\" class=\"menu-item menu-item-type-post_type menu-item-object-page menu-item-1307\"><a href=\"https:\/\/fcfrp.usp.br\/pt\/institucional\/administracao\/\">Administra\u00e7\u00e3o<\/a><\/li>\n\t<li id=\"menu-item-10520\" class=\"menu-item menu-item-type-post_type menu-item-object-page menu-item-10520\"><a href=\"https:\/\/fcfrp.usp.br\/pt\/institucional\/cap\/\">Centro de Apoio a Projetos<\/a><\/li>\n\t<li id=\"menu-item-1311\" class=\"menu-item menu-item-type-post_type menu-item-object-page menu-item-has-children menu-item-1311\"><a href=\"https:\/\/fcfrp.usp.br\/pt\/institucional\/servicos\/\">Servi\u00e7os<\/a>\n\t<ul class=\"sub-menu\">\n\t\t<li id=\"menu-item-1353\" class=\"menu-item menu-item-type-post_type menu-item-object-page menu-item-has-children menu-item-1353\"><a href=\"https:\/\/fcfrp.usp.br\/pt\/institucional\/servicos\/analises-clinicas\/\">Servi\u00e7o de An\u00e1lises Cl\u00ednicas<\/a>\n\t\t<ul class=\"sub-menu\">\n\t\t\t<li id=\"menu-item-2264\" class=\"menu-item menu-item-type-post_type menu-item-object-page menu-item-2264\"><a target=\"_blank\" href=\"https:\/\/fcfrp-usp.laborlis.net\/\">Resultados de Exames<\/a><\/li>\n\t\t\t<li id=\"menu-item-2215\" class=\"menu-item menu-item-type-post_type menu-item-object-page menu-item-2215\"><a href=\"https:\/\/fcfrp.usp.br\/pt\/institucional\/servicos\/analises-clinicas\/equipe-sac\/\">Equipe SAC<\/a><\/li>\n\t\t\t<li id=\"menu-item-2214\" class=\"menu-item menu-item-type-post_type menu-item-object-page menu-item-2214\"><a href=\"https:\/\/fcfrp.usp.br\/pt\/institucional\/servicos\/analises-clinicas\/exames-sac\/\">Exames e Prepara\u00e7\u00e3o<\/a><\/li>\n\t\t<\/ul>\n<\/li>\n\t\t<li id=\"menu-item-1352\" class=\"menu-item menu-item-type-post_type menu-item-object-page menu-item-1352\"><a href=\"https:\/\/fcfrp.usp.br\/pt\/institucional\/servicos\/analises-toxicologicas\/\">Servi\u00e7o de An\u00e1lises Toxicol\u00f3gicas<\/a><\/li>\n\t\t<li id=\"menu-item-1351\" class=\"menu-item menu-item-type-post_type menu-item-object-page menu-item-has-children menu-item-1351\"><a href=\"https:\/\/fcfrp.usp.br\/pt\/institucional\/servicos\/servico-farmaceutico\/\">Servi\u00e7o Farmac\u00eautico<\/a>\n\t\t<ul class=\"sub-menu\">\n\t\t\t<li id=\"menu-item-2405\" class=\"menu-item menu-item-type-post_type menu-item-object-page menu-item-2405\"><a href=\"https:\/\/fcfrp.usp.br\/pt\/institucional\/servicos\/servico-farmaceutico\/equipe-farmacia\/\">Equipe Farm\u00e1cia Ensino<\/a><\/li>\n\t\t\t<li id=\"menu-item-5706\" class=\"menu-item menu-item-type-post_type menu-item-object-page menu-item-5706\"><a href=\"https:\/\/fcfrp.usp.br\/pt\/institucional\/servicos\/servico-farmaceutico\/equipe-servico-farmaceutico\/\">Equipe Servi\u00e7o Farmac\u00eautico<\/a><\/li>\n\t\t\t<li id=\"menu-item-2404\" class=\"menu-item menu-item-type-post_type menu-item-object-page menu-item-2404\"><a href=\"https:\/\/fcfrp.usp.br\/pt\/institucional\/servicos\/servico-farmaceutico\/servicos-farmacia\/\">Servi\u00e7os<\/a><\/li>\n\t\t<\/ul>\n<\/li>\n\t<\/ul>\n<\/li>\n\t<li id=\"menu-item-2702\" class=\"menu-item menu-item-type-post_type menu-item-object-page menu-item-2702\"><a href=\"https:\/\/fcfrp.usp.br\/pt\/institucional\/comissoes\/\">Comiss\u00f5es<\/a><\/li>\n\t<li id=\"menu-item-1312\" class=\"menu-item menu-item-type-post_type menu-item-object-page menu-item-1312\"><a href=\"https:\/\/fcfrp.usp.br\/pt\/institucional\/concursos\/\">Concursos<\/a><\/li>\n\t<li id=\"menu-item-6216\" class=\"menu-item menu-item-type-custom menu-item-object-custom menu-item-6216\"><a href=\"https:\/\/fcfrp.usp.br\/pt\/institucional\/administracao\/assistencia-tecnica-financeira\/prov-materiais\/\">Licita\u00e7\u00f5es<\/a><\/li>\n\t<li id=\"menu-item-1304\" class=\"menu-item menu-item-type-post_type menu-item-object-page current_page_parent menu-item-1304\"><a href=\"https:\/\/fcfrp.usp.br\/pt\/institucional\/eventos-noticias\/\">Eventos \/ Not\u00edcias<\/a><\/li>\n\t<li id=\"menu-item-1313\" class=\"menu-item menu-item-type-post_type menu-item-object-page menu-item-1313\"><a target=\"_blank\" href=\"https:\/\/fcfrp.usp.br\/wp-content\/uploads\/sites\/528\/2025\/03\/Lista-de-ramais-marco-2025.pdf\">Servidores<\/a><\/li>\n\t<li id=\"menu-item-7212\" class=\"menu-item menu-item-type-post_type menu-item-object-page menu-item-7212\"><a href=\"https:\/\/fcfrp.usp.br\/pt\/institucional\/identidade-visual\/\">Identidade Visual<\/a><\/li>\n<\/ul>\n<\/li>\n<\/ul><\/div><\/div><\/div><\/div><\/div>","protected":false},"excerpt":{"rendered":"<p>Farmac\u00eautico Maur\u00edlio Polizello J\u00fanior Email: polinet@fcfrp.usp.br Tel: (16) 3315-4263 &nbsp; Farmac\u00eautica Milena Costa Nocera Email: milena@fcfrp.usp.br Tel: (16) 3315-4263<\/p>\n","protected":false},"author":978,"featured_media":0,"parent":1348,"menu_order":0,"comment_status":"closed","ping_status":"closed","template":"template-fullwidth.php","meta":{"footnotes":"","_links_to":"","_links_to_target":""},"class_list":["post-2382","page","type-page","status-publish","hentry"],"_links":{"self":[{"href":"https:\/\/fcfrp.usp.br\/pt\/wp-json\/wp\/v2\/pages\/2382","targetHints":{"allow":["GET"]}}],"collection":[{"href":"https:\/\/fcfrp.usp.br\/pt\/wp-json\/wp\/v2\/pages"}],"about":[{"href":"https:\/\/fcfrp.usp.br\/pt\/wp-json\/wp\/v2\/types\/page"}],"author":[{"embeddable":true,"href":"https:\/\/fcfrp.usp.br\/pt\/wp-json\/wp\/v2\/users\/978"}],"replies":[{"embeddable":true,"href":"https:\/\/fcfrp.usp.br\/pt\/wp-json\/wp\/v2\/comments?post=2382"}],"version-history":[{"count":4,"href":"https:\/\/fcfrp.usp.br\/pt\/wp-json\/wp\/v2\/pages\/2382\/revisions"}],"predecessor-version":[{"id":5700,"href":"https:\/\/fcfrp.usp.br\/pt\/wp-json\/wp\/v2\/pages\/2382\/revisions\/5700"}],"up":[{"embeddable":true,"href":"https:\/\/fcfrp.usp.br\/pt\/wp-json\/wp\/v2\/pages\/1348"}],"wp:attachment":[{"href":"https:\/\/fcfrp.usp.br\/pt\/wp-json\/wp\/v2\/media?parent=2382"}],"curies":[{"name":"wp","href":"https:\/\/api.w.org\/{rel}","templated":true}]}}