{"id":2445,"date":"2020-04-21T22:29:57","date_gmt":"2020-04-22T00:29:57","guid":{"rendered":"https:\/\/sites.usp.br\/fcfrp\/?page_id=2445"},"modified":"2022-02-24T18:01:23","modified_gmt":"2022-02-24T20:01:23","slug":"cursos-extensao","status":"publish","type":"page","link":"https:\/\/fcfrp.usp.br\/pt\/pesquisa-extensao\/extensao\/cursos-extensao\/","title":{"rendered":"Cursos e Atividades"},"content":{"rendered":"<div id=\"pl-2445\"  class=\"panel-layout\" ><div id=\"pg-2445-0\"  class=\"panel-grid panel-no-style\" ><div id=\"pgc-2445-0-0\"  class=\"panel-grid-cell\" ><div id=\"panel-2445-0-0-0\" class=\"so-panel widget widget_text panel-first-child panel-last-child\" data-index=\"0\" >\t\t\t<div class=\"textwidget\"><div style=\"text-align: justify; text-indent: 30pt;\">As diferentes atividades de Cultura e Extens\u00e3o oferecidas pela FCFRP s\u00e3o avaliadas pela CCEx, seguindo os <a href=\"http:\/\/www.leginf.usp.br\/?cat=111\" target=\"_blank\" rel=\"noopener\">Regimentos<\/a> e <a href=\"http:\/\/www.leginf.usp.br\/?cat=15\" target=\"_blank\" rel=\"noopener\">Resolu\u00e7\u00f5es<\/a> estabelecidas pela PRCEU.<\/div>\n<div style=\"text-align: justify; text-indent: 30pt;\"><a href=\"http:\/\/www.leginf.usp.br\/?resolucao=resolucao-cocex-no-7897-de-02-de-dezembro-de-2019\" target=\"_blank\" rel=\"noopener\">RESOLU\u00c7\u00c3O CoCEx N\u00ba 7897, DE 02 DE DEZEMBRO DE 2019<\/a><\/div>\n<div style=\"text-align: justify; text-indent: 30pt;\">Regulamenta e estabelece normas sobre os Cursos de Extens\u00e3o Universit\u00e1ria da Universidade de S\u00e3o Paulo e d\u00e1 outras provid\u00eancias.<\/div>\n<p>&nbsp;<\/p>\n<table width=\"849\">\n<tbody>\n<tr>\n<td width=\"172\">Atividade<\/td>\n<td width=\"308\">Objetivo<\/td>\n<td width=\"129\">Carga hor\u00e1ria m\u00edn.<\/td>\n<td width=\"240\">P\u00fablico Alvo<\/td>\n<\/tr>\n<tr>\n<td width=\"172\">Especializa\u00e7\u00e3o<\/td>\n<td width=\"308\">Formar profissionais qualificados para atender \u00e0 demanda em campo determinado de atua\u00e7\u00e3o farmac\u00eautica<\/td>\n<td width=\"129\">360h<\/td>\n<td width=\"240\">Somente graduados<\/td>\n<\/tr>\n<tr>\n<td width=\"172\">Aperfei\u00e7oamento<\/td>\n<td width=\"308\">Oferecer aprofundamento dos conhecimentos em campo de conhecimento determinado da \u00e1rea farmac\u00eautica<\/td>\n<td width=\"129\">180 h<\/td>\n<td width=\"240\">Somente graduados<\/td>\n<\/tr>\n<tr>\n<td width=\"172\">Atualiza\u00e7\u00e3o<\/td>\n<td width=\"308\">Difundir o progresso do conhecimento em determinadas \u00e1reas ou disciplinas, destinado aos interessados em rever e aprimorar suas atividades profissionais, melhorando sua capacita\u00e7\u00e3o profissional<\/td>\n<td width=\"129\">30 h<\/td>\n<td width=\"240\">Somente graduados<\/td>\n<\/tr>\n<tr>\n<td width=\"172\">Pr\u00e1tica Profissionalizante<\/td>\n<td width=\"308\">Aprimorar o exerc\u00edcio da atividade profissional<\/td>\n<td width=\"129\">N\u00e3o h\u00e1<\/td>\n<td width=\"240\">Somente graduados<\/td>\n<\/tr>\n<tr>\n<td width=\"172\">Curso de Difus\u00e3o<\/td>\n<td width=\"308\">Atividade de divulga\u00e7\u00e3o art\u00edstica, cultural, cient\u00edfica, t\u00e9cnica, tecnol\u00f3gica ou desportiva<\/td>\n<td width=\"129\">04 hrs<\/td>\n<td width=\"240\">P\u00fablico em geral<\/td>\n<\/tr>\n<\/tbody>\n<\/table>\n<div style=\"text-align: justify; text-indent: 30pt;\">Para oferecer uma atividade, o docente deve preencher o arquivo &#8220;Caracteriza\u00e7\u00e3o acad\u00eamica&#8221; abaixo referente \u00e0 atividade que deseja oferecer e enviar por e-mail para a secret\u00e1ria do seu departamento. A proposta deve ser aprovada na reuni\u00e3o do departamento e da CCEx.<\/div>\n<div style=\"text-align: justify; text-indent: 30pt;\">As atividades pr\u00e1tica profissionalizante tamb\u00e9m devem ser aprovadas pela C\u00e2mara de Forma\u00e7\u00e3o Profissional da PRCEU.<\/div>\n<div style=\"text-align: justify; text-indent: 30pt;\">As atividades pagas devem preencher tamb\u00e9m a Caracteriza\u00e7\u00e3o Financeira.<\/div>\n<p>&nbsp;<\/p>\n<h4><strong>Servi\u00e7os de Extens\u00e3o<\/strong><\/h4>\n<p><a href=\"https:\/\/fcfrp.usp.br\/institucional\/servicos\/analises-clinicas\/\">&#8211; Servi\u00e7o de An\u00e1lises Cl\u00ednicas<\/a><br \/>\n<a href=\"https:\/\/fcfrp.usp.br\/institucional\/servicos\/analises-toxicologicas\/\">&#8211; Servi\u00e7o de An\u00e1lises Toxicol\u00f3gicas<\/a><br \/>\n<a href=\"https:\/\/fcfrp.usp.br\/institucional\/servicos\/servico-farmaceutico\/\">&#8211; Servi\u00e7o Farmac\u00eautico<\/a><\/p>\n<p>&nbsp;<\/p>\n<h4><strong>Documentos<\/strong><\/h4>\n<p><a href=\"https:\/\/fcfrp.usp.br\/wp-content\/uploads\/sites\/528\/2022\/02\/Cadastro-de-cursos-Curso-de-Difusao-Presencial.docx\" target=\"_blank\" rel=\"noopener\">&#8211; Cadastro de cursos &#8211; Curso de Difus\u00e3o &#8211; Presencial<\/a><br \/>\n<a href=\"https:\/\/fcfrp.usp.br\/wp-content\/uploads\/sites\/528\/2022\/02\/Cadastro-de-cursos-Pratica-Profissionalizante-Presencial.docx\" target=\"_blank\" rel=\"noopener\">&#8211; Cadastro de cursos &#8211; Pr\u00e1tica Profissionalizante &#8211; Presencial<\/a><br \/>\n<a href=\"https:\/\/fcfrp.usp.br\/wp-content\/uploads\/sites\/528\/2022\/02\/Cadastro-de-cursos-Curso-de-Difusao-a-Distancia.docx\" target=\"_blank\" rel=\"noopener\">&#8211; Cadastro de cursos &#8211; Curso de Difus\u00e3o &#8211; \u00e0 Distancia<\/a><br \/>\n<a href=\"https:\/\/sites.usp.br\/fcfrp\/wp-content\/uploads\/sites\/528\/2020\/04\/ficha_de_inscricao_9.doc\" target=\"_blank\" rel=\"noopener\">&#8211; Ficha de Inscri\u00e7\u00e3o<\/a><br \/>\n<a href=\"https:\/\/sites.usp.br\/fcfrp\/wp-content\/uploads\/sites\/528\/2020\/04\/relatorio_academico_3.doc\" target=\"_blank\" rel=\"noopener\">&#8211; Relat\u00f3rio Acad\u00eamico<\/a><\/p>\n<\/div>\n\t\t<\/div><\/div><div id=\"pgc-2445-0-1\"  class=\"panel-grid-cell\" ><div id=\"panel-2445-0-1-0\" class=\"so-panel widget widget_nav_menu panel-first-child panel-last-child\" data-index=\"1\" ><div class=\"menu-menu-extensao-container\"><ul id=\"menu-menu-extensao\" class=\"menu\"><li id=\"menu-item-5943\" class=\"menu-item menu-item-type-post_type menu-item-object-page menu-item-has-children menu-item-5943\"><a href=\"https:\/\/fcfrp.usp.br\/pt\/pesquisa-extensao\/\">PESQUISA \/ EXTENS\u00c3O<\/a>\n<ul class=\"sub-menu\">\n\t<li id=\"menu-item-5944\" class=\"menu-item menu-item-type-post_type menu-item-object-page menu-item-5944\"><a href=\"https:\/\/fcfrp.usp.br\/pt\/pesquisa-extensao\/pesquisa\/\">Pesquisa<\/a><\/li>\n\t<li id=\"menu-item-5945\" class=\"menu-item menu-item-type-post_type menu-item-object-page menu-item-has-children menu-item-5945\"><a href=\"https:\/\/fcfrp.usp.br\/pt\/pesquisa-extensao\/extensao\/\">Cultura e Extens\u00e3o<\/a>\n\t<ul class=\"sub-menu\">\n\t\t<li id=\"menu-item-15867\" class=\"menu-item menu-item-type-post_type menu-item-object-page menu-item-15867\"><a href=\"https:\/\/fcfrp.usp.br\/pt\/pesquisa-extensao\/extensao\/curricularizacao\/\">Curriculariza\u00e7\u00e3o<\/a><\/li>\n\t\t<li id=\"menu-item-5946\" class=\"menu-item menu-item-type-post_type menu-item-object-page menu-item-5946\"><a href=\"https:\/\/fcfrp.usp.br\/pt\/pesquisa-extensao\/extensao\/cursos-extensao\/\">Cursos e Atividades<\/a><\/li>\n\t\t<li id=\"menu-item-6781\" class=\"menu-item menu-item-type-post_type menu-item-object-page menu-item-6781\"><a href=\"https:\/\/fcfrp.usp.br\/pt\/pesquisa-extensao\/extensao\/fepusp\/\">Feira de Profiss\u00f5es<\/a><\/li>\n\t\t<li id=\"menu-item-11497\" class=\"menu-item menu-item-type-post_type menu-item-object-page menu-item-11497\"><a href=\"https:\/\/fcfrp.usp.br\/pt\/pesquisa-extensao\/extensao\/material-divulgacao\/\">Material de Divulga\u00e7\u00e3o \u00e0 Comunidade<\/a><\/li>\n\t\t<li id=\"menu-item-5947\" class=\"menu-item menu-item-type-post_type menu-item-object-page menu-item-5947\"><a href=\"https:\/\/fcfrp.usp.br\/pt\/pesquisa-extensao\/extensao\/programas-extensao\/\">Programas e Projetos<\/a><\/li>\n\t<\/ul>\n<\/li>\n<\/ul>\n<\/li>\n<\/ul><\/div><\/div><\/div><\/div><\/div>","protected":false},"excerpt":{"rendered":"<p>As diferentes atividades de Cultura e Extens\u00e3o oferecidas pela FCFRP s\u00e3o avaliadas pela CCEx, seguindo os Regimentos e Resolu\u00e7\u00f5es estabelecidas pela PRCEU. RESOLU\u00c7\u00c3O CoCEx N\u00ba 7897, DE 02 DE DEZEMBRO DE 2019 Regulamenta e estabelece normas sobre os Cursos de Extens\u00e3o Universit\u00e1ria da Universidade de S\u00e3o Paulo e d\u00e1 outras provid\u00eancias. &nbsp; Atividade Objetivo Carga<a href=\"https:\/\/fcfrp.usp.br\/pt\/pesquisa-extensao\/extensao\/cursos-extensao\/\">[&#8230;]<\/a><\/p>\n","protected":false},"author":978,"featured_media":0,"parent":458,"menu_order":0,"comment_status":"closed","ping_status":"closed","template":"template-fullwidth.php","meta":{"footnotes":"","_links_to":"","_links_to_target":""},"class_list":["post-2445","page","type-page","status-publish","hentry"],"_links":{"self":[{"href":"https:\/\/fcfrp.usp.br\/pt\/wp-json\/wp\/v2\/pages\/2445","targetHints":{"allow":["GET"]}}],"collection":[{"href":"https:\/\/fcfrp.usp.br\/pt\/wp-json\/wp\/v2\/pages"}],"about":[{"href":"https:\/\/fcfrp.usp.br\/pt\/wp-json\/wp\/v2\/types\/page"}],"author":[{"embeddable":true,"href":"https:\/\/fcfrp.usp.br\/pt\/wp-json\/wp\/v2\/users\/978"}],"replies":[{"embeddable":true,"href":"https:\/\/fcfrp.usp.br\/pt\/wp-json\/wp\/v2\/comments?post=2445"}],"version-history":[{"count":4,"href":"https:\/\/fcfrp.usp.br\/pt\/wp-json\/wp\/v2\/pages\/2445\/revisions"}],"predecessor-version":[{"id":10112,"href":"https:\/\/fcfrp.usp.br\/pt\/wp-json\/wp\/v2\/pages\/2445\/revisions\/10112"}],"up":[{"embeddable":true,"href":"https:\/\/fcfrp.usp.br\/pt\/wp-json\/wp\/v2\/pages\/458"}],"wp:attachment":[{"href":"https:\/\/fcfrp.usp.br\/pt\/wp-json\/wp\/v2\/media?parent=2445"}],"curies":[{"name":"wp","href":"https:\/\/api.w.org\/{rel}","templated":true}]}}