{"id":2501,"date":"2020-04-22T08:58:36","date_gmt":"2020-04-22T10:58:36","guid":{"rendered":"https:\/\/sites.usp.br\/fcfrp\/?page_id=2501"},"modified":"2020-10-06T10:29:57","modified_gmt":"2020-10-06T12:29:57","slug":"convenios-relacoes-internacionais","status":"publish","type":"page","link":"https:\/\/fcfrp.usp.br\/pt\/institucional\/comissoes\/relacoes-internacionais\/convenios-relacoes-internacionais\/","title":{"rendered":"Conv\u00eanios e Informa\u00e7\u00f5es"},"content":{"rendered":"<div id=\"pl-2501\"  class=\"panel-layout\" ><div id=\"pg-2501-0\"  class=\"panel-grid panel-no-style\" ><div id=\"pgc-2501-0-0\"  class=\"panel-grid-cell\" ><div id=\"panel-2501-0-0-0\" class=\"so-panel widget widget_text panel-first-child panel-last-child\" data-index=\"0\" >\t\t\t<div class=\"textwidget\"><h4><strong>Conv\u00eanios<\/strong><\/h4>\n<div style=\"text-align: justify; text-indent: 30pt;\">Os docentes da FCFRP-USP interessados em estabelecer acordos e conv\u00eanios acad\u00eamicos com institui\u00e7\u00f5es estrangeiras de ensino e pesquisa devem inicialmente encontrar um parceiro interessado e definirem em conjunto qual o tipo de acordo mais indicado para suas necessidades. Os conv\u00eanios devem ser assinados em dois idiomas: em portugu\u00eas e em um segundo idioma. Com intuito de facilitar a celebra\u00e7\u00e3o destes conv\u00eanios, a USP possui quatro modelos diferentes de minutas de acordos e conv\u00eanios (vers\u00f5es dispon\u00edveis em portugu\u00eas, ingl\u00eas, franc\u00eas, espanhol, italiano e alem\u00e3o), a saber:<\/div>\n<p>&nbsp;<\/p>\n<h4>1) Protocolo Acad\u00eamico Internacional<\/h4>\n<p>&#8211; Trata-se de um protocolo de inten\u00e7\u00f5es entre ambas institui\u00e7\u00f5es;<br \/>\n&#8211; A proposi\u00e7\u00e3o de projetos espec\u00edficos e a celebra\u00e7\u00e3o de um novo conv\u00eanio de maior dura\u00e7\u00e3o poder\u00e1 ocorrer posteriormente;<br \/>\n&#8211; Pode envolver interc\u00e2mbio de professores e estudantes;<br \/>\n&#8211; Vigora pelo prazo de 2 (dois) anos.<\/p>\n<p>&nbsp;<\/p>\n<h4>2) Acordo de Coopera\u00e7\u00e3o Acad\u00eamica<\/h4>\n<p>&#8211; Promove a coopera\u00e7\u00e3o acad\u00eamica em \u00e1reas de m\u00fatuo interesse;<br \/>\n&#8211; Pode envolver interc\u00e2mbios de docentes\/pesquisadores, estudantes de p\u00f3s-gradua\u00e7\u00e3o, estudantes de gradua\u00e7\u00e3o e membros da equipe t\u00e9cnico-administrativa das respectivas institui\u00e7\u00f5es;<br \/>\n&#8211; A implementa\u00e7\u00e3o de cada caso espec\u00edfico de coopera\u00e7\u00e3o deve ser feita com a proposi\u00e7\u00e3o de um programa que ser\u00e1 objeto de um novo conv\u00eanio espec\u00edfico a ser firmado posteriormente;<br \/>\n&#8211; Vigora pelo prazo de 5 (cinco) anos.<\/p>\n<p>&nbsp;<\/p>\n<h4>3) Conv\u00eanio Acad\u00eamico Internacional para Interc\u00e2mbio<\/h4>\n<p>&#8211; Tipo de acordo mais comum;<br \/>\n&#8211; Envolve coopera\u00e7\u00e3o acad\u00eamica em uma determinada \u00e1rea de pesquisa;<br \/>\n&#8211; Destinado a interc\u00e2mbio de docentes\/pesquisadores, estudantes de p\u00f3s-gradua\u00e7\u00e3o, estudantes de gradua\u00e7\u00e3o e membros da equipe t\u00e9cnico-administrativa das respectivas institui\u00e7\u00f5es;<br \/>\n&#8211; Vigora pelo prazo de 5 (cinco) anos.<\/p>\n<p>&nbsp;<\/p>\n<h4>4) Conv\u00eanio Acad\u00eamico Internacional<\/h4>\n<p>&#8211; Envolve coopera\u00e7\u00e3o acad\u00eamica em uma determinada \u00e1rea de pesquisa;<br \/>\n&#8211; Destinado \u00e0 pesquisa, troca de materiais, transfer\u00eancia de tecnologia, etc. e pode envolver interc\u00e2mbio;<br \/>\n&#8211; Envolve plano de trabalho detalhado, espec\u00edfico, a ser anexado na minuta;<br \/>\n&#8211; Vigora pelo prazo de 5 (cinco) anos.<\/p>\n<p>&nbsp;<\/p>\n<div style=\"text-align: justify; text-indent: 30pt;\">Uma vez definido o tipo de acordo a ser firmado, deve-se preencher os dados de ambas institui\u00e7\u00f5es de ensino e adequar o texto da minuta \u00e0s peculiaridades do acordo em quest\u00e3o, sempre em comum acordo com a institui\u00e7\u00e3o estrangeira. Por\u00e9m, antes da coleta de assinaturas, a vers\u00e3o final deve ser analisada quanto \u00e0 sua forma (e n\u00e3o quanto ao m\u00e9rito, conte\u00fado do texto ou idiomas) pelo Setor de Contratos e Conv\u00eanios da FCFRP-USP. Em seguida, quando o processo estiver devidamente montado, o aval \u00e9 dado pela CRInt (em reuni\u00e3o) e o conv\u00eanio segue para aprova\u00e7\u00e3o pela Congrega\u00e7\u00e3o da FCFRP-USP, uma vez que se trata de acordo institucional e, portanto, deve seguir os tr\u00e2mites regimentais da USP. Por fim, ap\u00f3s uma an\u00e1lise pela Consultoria Jur\u00eddica da USP, caso esteja tudo de acordo com as normas, s\u00e3o coletadas as assinaturas necess\u00e1rias, primeiro na FCFRP e depois na institui\u00e7\u00e3o do exterior. Os conv\u00eanios celebrados pela FCFRP-USP devem ser assinados pelo diretor de nossa Unidade e pelo reitor e\/ou dirigente da institui\u00e7\u00e3o estrangeira. Devido aos tr\u00e2mites burocr\u00e1ticos da USP, recomenda-se que os representantes da institui\u00e7\u00e3o estrangeira sejam os \u00faltimos a assinar os documentos, em sua forma definitiva, que \u00e9 enviada a eles por correio. Deve ser lembrado que os acordos n\u00e3o envolvem obriga\u00e7\u00f5es financeiras para as institui\u00e7\u00f5es.<\/div>\n<div style=\"text-align: justify; text-indent: 30pt;\">Maiores informa\u00e7\u00f5es e orienta\u00e7\u00e3o junto \u00e0 secretaria da CRInt\/FCFRP ou com o Setor de Contratos e Conv\u00eanios da FCFRP (Sr. Wagner, ramal 154231). Aten\u00e7\u00e3o: n\u00e3o recebemos conv\u00eanios por email!<\/div>\n<div style=\"text-align: justify; text-indent: 30pt;\">Os modelos das minutas de conv\u00eanios das unidades da USP est\u00e3o dispon\u00edveis para download na \u00e1rea p\u00fablica Sistema Mundus, <a href=\"https:\/\/uspdigital.usp.br\/mundus\/conveniosinternacionaismodelos?codmnu=2058\" target=\"_blank\" rel=\"noopener\">aqui<\/a>.<\/div>\n<div style=\"text-align: justify; text-indent: 30pt;\">Estes documentos tratam-se apenas de modelos e, caso seja necess\u00e1rio, pode-se utilizar documentos j\u00e1 existentes de institui\u00e7\u00f5es estrangeiras de ensino e pesquisa com as quais se deseja estabelecer acordos e conv\u00eanios, ou mesmo elaborar documentos espec\u00edficos, sempre com acompanhamento da CRInt e da Consultoria Jur\u00eddica da USP.<\/div>\n<p>&nbsp;<\/p>\n<h4>Conv\u00eanios Acad\u00eamicos Internacionais vigentes da FCFRP<\/h4>\n<table width=\"644\">\n<tbody>\n<tr>\n<td width=\"262\"><strong>INSTITUI\u00c7\u00c3O<\/strong><\/td>\n<td width=\"313\"><strong>\u00c1rea(s)<\/strong><\/td>\n<td width=\"69\"><strong>PA\u00cdS<\/strong><\/td>\n<\/tr>\n<tr>\n<td width=\"262\">Albany College of Pharmacy and Health Sciences<\/td>\n<td width=\"313\">Farm\u00e1cia, Ci\u00eancias Farmac\u00eauticas e Ci\u00eancias da Sa\u00fade.<\/td>\n<td>EUA<\/td>\n<\/tr>\n<tr>\n<td width=\"262\">Instituto de Ci\u00eancias Biom\u00e9dicas Abel Salazar Universidade do Porto (ICBAS-UP)<\/td>\n<td width=\"313\">Imunologia e Glicobiologia.<\/td>\n<td>Portugal<\/td>\n<\/tr>\n<tr>\n<td width=\"262\">Universidade de Lus\u00f3fona de Humanidades e Tecnologias<\/td>\n<td width=\"313\">Todas as \u00e1reas do conhecimento das institui\u00e7\u00f5es envolvidas.<\/td>\n<td>Portugal<\/td>\n<\/tr>\n<tr>\n<td width=\"262\">Universidad de Antioquia<\/td>\n<td width=\"313\">Todas as \u00e1reas do conhecimento das institui\u00e7\u00f5es envolvidas.<\/td>\n<td>Col\u00f4mbia<\/td>\n<\/tr>\n<tr>\n<td width=\"262\">University of Strathclyde<\/td>\n<td width=\"313\">Qu\u00edmica de Produtos Naturais.<\/td>\n<td>Esc\u00f3cia<\/td>\n<\/tr>\n<tr>\n<td width=\"262\">Nikoderm Research Inc.<\/td>\n<td width=\"313\">Aplica\u00e7\u00e3o de m\u00e9todos n\u00e3o-invasivos para a avalia\u00e7\u00e3o da efic\u00e1cia e seguran\u00e7a em produtos cosm\u00e9ticos.<\/td>\n<td>Jap\u00e3o<\/td>\n<\/tr>\n<tr>\n<td width=\"262\">Freie Universit\u00e4t Berlin<\/td>\n<td width=\"313\">Modelos de pele in vitro.<\/td>\n<td>Alemanha<\/td>\n<\/tr>\n<tr>\n<td width=\"262\">Jard\u00edn Bot\u00e1nico de Bogot\u00e1 Jos\u00e9 Celestino Mutis<\/td>\n<td width=\"313\">\u00c1reas de m\u00fatuo interesse.<\/td>\n<td>Col\u00f4mbia<\/td>\n<\/tr>\n<tr>\n<td width=\"262\">\u00c9cole de Biologie Industrielle<\/td>\n<td width=\"313\">Farmacot\u00e9cnica, com destaque em emuls\u00f5es.<\/td>\n<td>Fran\u00e7a<\/td>\n<\/tr>\n<tr>\n<td width=\"262\">\u00c9cole Nationale Sup\u00e9rieure Agronomique de Toulouse<\/td>\n<td width=\"313\">Farmacot\u00e9cnica, com destaque em emuls\u00f5es.<\/td>\n<td>Fran\u00e7a<\/td>\n<\/tr>\n<tr>\n<td width=\"262\">Faculty of Medicine of the University of Tsukuba<\/td>\n<td width=\"313\">Sa\u00fade e Ci\u00eancias Farmac\u00eauticas.<\/td>\n<td>Jap\u00e3o<\/td>\n<\/tr>\n<tr>\n<td width=\"262\">University Of Missouri<\/td>\n<td width=\"313\">\u00c1reas de m\u00fatuo interesse.<\/td>\n<td>EUA<\/td>\n<\/tr>\n<tr>\n<td width=\"262\">Aarhus Universitet<\/td>\n<td width=\"313\">Sa\u00fade.<\/td>\n<td>Dinamarca<\/td>\n<\/tr>\n<\/tbody>\n<\/table>\n<p>&nbsp;<\/p>\n<h4><strong>Informa\u00e7\u00f5es<\/strong><\/h4>\n<h4>Interc\u00e2mbio de Alunos de Gradua\u00e7\u00e3o<\/h4>\n<div style=\"text-align: justify; text-indent: 30pt;\">A Ag\u00eancia de Coopera\u00e7\u00e3o Nacional e Internacional da USP (AUCANI) divulga regularmente v\u00e1rios editais espec\u00edficos e processos seletivos para a realiza\u00e7\u00e3o de interc\u00e2mbio de alunos de gradua\u00e7\u00e3o da USP em institui\u00e7\u00f5es de ensino superior de diversos pa\u00edses. O portal de entrada para as candidaturas \u00e9 pelo Sistema Mundus. Entretanto, a AUCANI somente intermedeia mobilidade estudantil se a institui\u00e7\u00e3o estrangeira possui conv\u00eanio acad\u00eamico internacional com a USP ou com a FCFRP. Os conv\u00eanios com a FCFRP s\u00e3o estabelecidos apenas por docentes. Para obter maiores informa\u00e7\u00f5es sobre os conv\u00eanios estabelecidos entre a FCFRP-USP e institui\u00e7\u00f5es do exterior, entrar em contato com o <a href=\"https:\/\/sites.usp.br\/fcfrp\/institucional\/administracao\/assistencia-tecnica-financeira\/contabilidade-patrimonio-convenios\/\">respons\u00e1vel pelos Contratos e Conv\u00eanios<\/a>.<\/div>\n<div style=\"text-align: justify; text-indent: 30pt;\">Os alunos de gradua\u00e7\u00e3o da FCFRP-USP tamb\u00e9m podem se candidatar a duas modalidades de interc\u00e2mbio internacional: Programa Ci\u00eancia Sem Fronteiras (CsF) e Bolsas de Interc\u00e2mbio Internacional Para Alunos de Gradua\u00e7\u00e3o da USP. As candidaturas pelo CsF s\u00e3o intermediadas pela AUCANI (Sistema Mundus) com posterior anu\u00eancia da CRInt-FCFRP. As bolsas de interc\u00e2mbio internacional s\u00e3o concedidas pela USP e anualmente \u00e9 concedida uma quota para a CRInt-FCFRP, que se responsabiliza pelas inscri\u00e7\u00f5es e pelo processo seletivo. Para concorrer a uma bolsa de M\u00e9rito Acad\u00eamico o aluno deve ler o edital espec\u00edfico para esta finalidade, o qual \u00e9 publicado anualmente pela CRInt-FCFRP (veja a aba &#8220;editais&#8221; deste site). O aval final sobre a concess\u00e3o \u00e9 dado pela AUCANI.<\/div>\n<div style=\"text-align: justify; text-indent: 30pt;\">A <a href=\"http:\/\/www.fapesp.br\/\" target=\"_blank\" rel=\"noopener\">FAPESP<\/a> oferece a Bolsa Est\u00e1gio de Pesquisa no Exterior (BEPE) por um per\u00edodo m\u00e1ximo de quatro meses para bolsistas de Inicia\u00e7\u00e3o Cient\u00edfica da FAPESP.<\/div>\n<p>&nbsp;<\/p>\n<h4>Interc\u00e2mbio de Alunos de P\u00f3s-Gradua\u00e7\u00e3o<\/h4>\n<div style=\"text-align: justify; text-indent: 30pt;\">As ag\u00eancias de fomento federais <a href=\"http:\/\/www.capes.gov.br\/\" target=\"_blank\" rel=\"noopener\">CAPES<\/a> e <a href=\"http:\/\/www.cnpq.br\/\" target=\"_blank\" rel=\"noopener\">CNPq<\/a> oferecem aux\u00edlio financeiro para as modalidades doutorado sandu\u00edche e doutorado pleno no exterior, incluindo bolsas pelo Programa Ci\u00eancias Sem Fronteiras. A FAPESP oferece a Bolsa Est\u00e1gio de Pesquisa no Exterior (BEPE) para mestrado (per\u00edodo m\u00e1ximo de seis meses) e para doutorado (per\u00edodo m\u00e1ximo de 12 meses) para bolsistas FAPESP. Maiores informa\u00e7\u00f5es podem ser obtidas junto \u00e0s ag\u00eancias de fomento e \u00e0 Comiss\u00e3o de P\u00f3s-Gradua\u00e7\u00e3o da FCFRP.<\/div>\n<p>&nbsp;<\/p>\n<h4>Interc\u00e2mbio de P\u00f3s-Doutorandos<\/h4>\n<div style=\"text-align: justify; text-indent: 30pt;\">As ag\u00eancias de fomento nacionais CAPES e CNPq oferecem aux\u00edlio financeiro para p\u00f3s-doutoramento pleno no exterior, incluindo o Programa Ci\u00eancias Sem Fronteiras. A FAPESP oferece a Bolsa Est\u00e1gio de Pesquisa no Exterior (BEPE) por um per\u00edodo m\u00e1ximo de 12 meses para bolsistas FAPESP.<\/div>\n<div style=\"text-align: justify; text-indent: 30pt;\">Ag\u00eancias de fomento internacionais de alguns pa\u00edses eventualmente oferecem bolsas para a realiza\u00e7\u00e3o de p\u00f3s-doutoramento. Uma das mais conceituadas \u00e9 a <a href=\"http:\/\/www.humboldt-foundation.de\/web\/home.html\" target=\"_blank\" rel=\"noopener\">Funda\u00e7\u00e3o Alexander von Humboldt<\/a>, a qual regularmente fomenta a realiza\u00e7\u00e3o de est\u00e1gio de p\u00f3s-doutoramento em universidades e institui\u00e7\u00f5es de pesquisa da Alemanha.<\/div>\n<p>&nbsp;<\/p>\n<h4><strong>Editais de Interc\u00e2mbio<\/strong><\/h4>\n<p><a href=\"https:\/\/sites.usp.br\/fcfrp\/wp-content\/uploads\/sites\/528\/2020\/04\/carta_de_recomendacao.pdf\">&#8211; Carta de recomenda\u00e7\u00e3o<\/a><br \/>\n<a href=\"https:\/\/sites.usp.br\/fcfrp\/wp-content\/uploads\/sites\/528\/2020\/04\/plano_de_estudos.doc\">&#8211; Plano de estudos<\/a><\/p>\n<\/div>\n\t\t<\/div><\/div><div id=\"pgc-2501-0-1\"  class=\"panel-grid-cell\" ><div id=\"panel-2501-0-1-0\" class=\"so-panel widget widget_nav_menu panel-first-child panel-last-child\" data-index=\"1\" ><div class=\"menu-menu-instcomissoes-container\"><ul id=\"menu-menu-instcomissoes\" class=\"menu\"><li id=\"menu-item-2692\" class=\"menu-item menu-item-type-post_type menu-item-object-page menu-item-has-children menu-item-2692\"><a href=\"https:\/\/fcfrp.usp.br\/pt\/institucional\/\">INSTITUCIONAL<\/a>\n<ul class=\"sub-menu\">\n\t<li id=\"menu-item-2694\" class=\"menu-item menu-item-type-post_type menu-item-object-page menu-item-2694\"><a href=\"https:\/\/fcfrp.usp.br\/pt\/institucional\/diretoria\/\">Diretoria<\/a><\/li>\n\t<li id=\"menu-item-2695\" class=\"menu-item menu-item-type-post_type menu-item-object-page menu-item-2695\"><a href=\"https:\/\/fcfrp.usp.br\/pt\/institucional\/departamentos\/\">Departamentos<\/a><\/li>\n\t<li id=\"menu-item-2696\" class=\"menu-item menu-item-type-post_type menu-item-object-page menu-item-2696\"><a href=\"https:\/\/fcfrp.usp.br\/pt\/institucional\/administracao\/\">Administra\u00e7\u00e3o<\/a><\/li>\n\t<li id=\"menu-item-10509\" class=\"menu-item menu-item-type-post_type menu-item-object-page menu-item-10509\"><a href=\"https:\/\/fcfrp.usp.br\/pt\/institucional\/cap\/\">Centro de Apoio a Projetos<\/a><\/li>\n\t<li id=\"menu-item-2689\" class=\"menu-item menu-item-type-post_type menu-item-object-page menu-item-2689\"><a href=\"https:\/\/fcfrp.usp.br\/pt\/institucional\/servicos\/\">Servi\u00e7os<\/a><\/li>\n\t<li id=\"menu-item-2718\" class=\"menu-item menu-item-type-post_type menu-item-object-page menu-item-has-children menu-item-2718\"><a href=\"https:\/\/fcfrp.usp.br\/pt\/institucional\/comissoes\/\">Comiss\u00f5es<\/a>\n\t<ul class=\"sub-menu\">\n\t\t<li id=\"menu-item-10441\" class=\"menu-item menu-item-type-post_type menu-item-object-page menu-item-10441\"><a href=\"https:\/\/fcfrp.usp.br\/pt\/institucional\/comissoes\/comissao-covid\/\">Comiss\u00e3o Assessora de Acompanhamento da Covid-19<\/a><\/li>\n\t\t<li id=\"menu-item-10381\" class=\"menu-item menu-item-type-post_type menu-item-object-page menu-item-10381\"><a href=\"https:\/\/fcfrp.usp.br\/pt\/institucional\/comissoes\/comissao-infra-pesquisa\/\">Comiss\u00e3o Assessora de Infraestrutura em Pesquisa<\/a><\/li>\n\t\t<li id=\"menu-item-2895\" class=\"menu-item menu-item-type-post_type menu-item-object-page menu-item-2895\"><a href=\"https:\/\/fcfrp.usp.br\/pt\/institucional\/comissoes\/comissao-bioterio\/\">Biot\u00e9rio<\/a><\/li>\n\t\t<li id=\"menu-item-3078\" class=\"menu-item menu-item-type-post_type menu-item-object-page menu-item-3078\"><a href=\"https:\/\/fcfrp.usp.br\/pt\/institucional\/comissoes\/comissao-boas-praticas\/\">Boas Pr\u00e1ticas Cient\u00edficas<\/a><\/li>\n\t\t<li id=\"menu-item-3008\" class=\"menu-item menu-item-type-post_type menu-item-object-page menu-item-3008\"><a href=\"https:\/\/fcfrp.usp.br\/pt\/institucional\/comissoes\/brigada\/\">Brigada de Inc\u00eandio<\/a><\/li>\n\t\t<li id=\"menu-item-2872\" class=\"menu-item menu-item-type-post_type menu-item-object-page menu-item-2872\"><a href=\"https:\/\/fcfrp.usp.br\/pt\/institucional\/comissoes\/comissao-biosseguranca\/\">Biosseguran\u00e7a &#8211; CiBio<\/a><\/li>\n\t\t<li id=\"menu-item-13238\" class=\"menu-item menu-item-type-post_type menu-item-object-page menu-item-13238\"><a href=\"https:\/\/fcfrp.usp.br\/pt\/institucional\/comissoes\/cip\/\">Comiss\u00e3o de Inclus\u00e3o e Pertencimento<\/a><\/li>\n\t\t<li id=\"menu-item-2846\" class=\"menu-item menu-item-type-post_type menu-item-object-page menu-item-2846\"><a href=\"https:\/\/fcfrp.usp.br\/pt\/institucional\/comissoes\/cipa\/\">CIPA<\/a><\/li>\n\t\t<li id=\"menu-item-3071\" class=\"menu-item menu-item-type-post_type menu-item-object-page menu-item-3071\"><a href=\"https:\/\/fcfrp.usp.br\/pt\/institucional\/comissoes\/comite-gestor-liarec\/\">Comit\u00ea Gestor Superior do Liarec<\/a><\/li>\n\t\t<li id=\"menu-item-10440\" class=\"menu-item menu-item-type-post_type menu-item-object-page menu-item-10440\"><a href=\"https:\/\/fcfrp.usp.br\/pt\/institucional\/comissoes\/comissao-projeto-academico\/\">Comiss\u00e3o Coordenadora do Projeto Acad\u00eamico<\/a><\/li>\n\t\t<li id=\"menu-item-2780\" class=\"menu-item menu-item-type-post_type menu-item-object-page menu-item-2780\"><a href=\"https:\/\/fcfrp.usp.br\/pt\/pesquisa-extensao\/extensao\/\">Cultura e Extens\u00e3o<\/a><\/li>\n\t\t<li id=\"menu-item-5136\" class=\"menu-item menu-item-type-post_type menu-item-object-page menu-item-5136\"><a href=\"https:\/\/fcfrp.usp.br\/pt\/institucional\/comissoes\/comissao-difusao\/\">Difus\u00e3o Cient\u00edfica e Acad\u00eamica<\/a><\/li>\n\t\t<li id=\"menu-item-2943\" class=\"menu-item menu-item-type-post_type menu-item-object-page menu-item-2943\"><a href=\"https:\/\/fcfrp.usp.br\/pt\/institucional\/comissoes\/comite-etica-pesquisa\/\">\u00c9tica em Pesquisa<\/a><\/li>\n\t\t<li id=\"menu-item-2799\" class=\"menu-item menu-item-type-post_type menu-item-object-page menu-item-2799\"><a href=\"https:\/\/fcfrp.usp.br\/pt\/institucional\/comissoes\/comissao-ceua\/\">\u00c9tica no Uso de Animais<\/a><\/li>\n\t\t<li id=\"menu-item-2919\" class=\"menu-item menu-item-type-post_type menu-item-object-page menu-item-2919\"><a href=\"https:\/\/fcfrp.usp.br\/pt\/institucional\/comissoes\/comissao-residuos-quimicos\/\">Gerenciamento de Res\u00edduos Qu\u00edmicos<\/a><\/li>\n\t\t<li id=\"menu-item-2728\" class=\"menu-item menu-item-type-post_type menu-item-object-page menu-item-2728\"><a href=\"https:\/\/fcfrp.usp.br\/pt\/institucional\/comissoes\/comissao-residuos-saude\/\">Gerenciamento de Res\u00edduos de Servi\u00e7os de Sa\u00fade<\/a><\/li>\n\t\t<li id=\"menu-item-2785\" class=\"menu-item menu-item-type-post_type menu-item-object-page menu-item-2785\"><a href=\"https:\/\/fcfrp.usp.br\/pt\/ensino\/graduacao\/comissao-graduacao\/\">Gradua\u00e7\u00e3o<\/a><\/li>\n\t\t<li id=\"menu-item-2779\" class=\"menu-item menu-item-type-post_type menu-item-object-page menu-item-2779\"><a href=\"https:\/\/fcfrp.usp.br\/pt\/pesquisa-extensao\/pesquisa\/\">Pesquisa<\/a><\/li>\n\t\t<li id=\"menu-item-2906\" class=\"menu-item menu-item-type-post_type menu-item-object-page menu-item-2906\"><a href=\"https:\/\/fcfrp.usp.br\/pt\/ensino\/pos-graduacao\/comissao-pos-graduacao\/\">P\u00f3s-Gradua\u00e7\u00e3o<\/a><\/li>\n\t\t<li id=\"menu-item-6132\" class=\"menu-item menu-item-type-post_type menu-item-object-page menu-item-6132\"><a href=\"https:\/\/fcfrp.usp.br\/pt\/institucional\/comissoes\/comissoes-pae\/\">Programa de Aperfei\u00e7oamento de Ensino<\/a><\/li>\n\t\t<li id=\"menu-item-2781\" class=\"menu-item menu-item-type-post_type menu-item-object-page menu-item-has-children menu-item-2781\"><a href=\"https:\/\/fcfrp.usp.br\/pt\/institucional\/comissoes\/relacoes-internacionais\/\">Rela\u00e7\u00f5es Internacionais<\/a>\n\t\t<ul class=\"sub-menu\">\n\t\t\t<li id=\"menu-item-5938\" class=\"menu-item menu-item-type-post_type menu-item-object-page menu-item-5938\"><a href=\"https:\/\/fcfrp.usp.br\/pt\/institucional\/comissoes\/relacoes-internacionais\/convenios-relacoes-internacionais\/\">Conv\u00eanios e Informa\u00e7\u00f5es<\/a><\/li>\n\t\t<\/ul>\n<\/li>\n\t\t<li id=\"menu-item-3084\" class=\"menu-item menu-item-type-post_type menu-item-object-page menu-item-3084\"><a href=\"https:\/\/fcfrp.usp.br\/pt\/institucional\/comissoes\/comissao-seguranca-laboratorios\/\">Seguran\u00e7a em Laborat\u00f3rios<\/a><\/li>\n\t\t<li id=\"menu-item-2795\" class=\"menu-item menu-item-type-post_type menu-item-object-page menu-item-2795\"><a href=\"https:\/\/fcfrp.usp.br\/pt\/institucional\/comissoes\/comissao-sausp\/\">Setorial do SAUSP<\/a><\/li>\n\t\t<li id=\"menu-item-2717\" class=\"menu-item menu-item-type-post_type menu-item-object-page menu-item-2717\"><a href=\"https:\/\/fcfrp.usp.br\/pt\/institucional\/comissoes\/comissao-treinamento\/\">Treinamento e Desenvolvimento dos Servidores N\u00e3o-Docentes<\/a><\/li>\n\t\t<li id=\"menu-item-2852\" class=\"menu-item menu-item-type-post_type menu-item-object-page menu-item-2852\"><a href=\"https:\/\/fcfrp.usp.br\/pt\/institucional\/comissoes\/comissao-usp-recicla\/\">USP Recicla<\/a><\/li>\n\t\t<li id=\"menu-item-3060\" class=\"menu-item menu-item-type-post_type menu-item-object-page menu-item-3060\"><a href=\"https:\/\/fcfrp.usp.br\/pt\/institucional\/comissoes\/comissao-usuarios-liarec\/\">Usu\u00e1rios do Liarec<\/a><\/li>\n\t<\/ul>\n<\/li>\n\t<li id=\"menu-item-2690\" class=\"menu-item menu-item-type-post_type menu-item-object-page menu-item-2690\"><a href=\"https:\/\/fcfrp.usp.br\/pt\/institucional\/concursos\/\">Concursos<\/a><\/li>\n\t<li id=\"menu-item-6217\" class=\"menu-item menu-item-type-custom menu-item-object-custom menu-item-6217\"><a href=\"https:\/\/fcfrp.usp.br\/pt\/institucional\/administracao\/assistencia-tecnica-financeira\/prov-materiais\/\">Licita\u00e7\u00f5es<\/a><\/li>\n\t<li id=\"menu-item-2693\" class=\"menu-item menu-item-type-post_type menu-item-object-page current_page_parent menu-item-2693\"><a href=\"https:\/\/fcfrp.usp.br\/pt\/institucional\/eventos-noticias\/\">Eventos \/ Not\u00edcias<\/a><\/li>\n\t<li id=\"menu-item-2691\" class=\"menu-item menu-item-type-post_type menu-item-object-page menu-item-2691\"><a target=\"_blank\" href=\"https:\/\/fcfrp.usp.br\/wp-content\/uploads\/sites\/528\/2025\/03\/Lista-de-ramais-marco-2025.pdf\">Servidores<\/a><\/li>\n\t<li id=\"menu-item-7209\" class=\"menu-item menu-item-type-post_type menu-item-object-page menu-item-7209\"><a href=\"https:\/\/fcfrp.usp.br\/pt\/institucional\/identidade-visual\/\">Identidade Visual<\/a><\/li>\n<\/ul>\n<\/li>\n<\/ul><\/div><\/div><\/div><\/div><\/div>","protected":false},"excerpt":{"rendered":"<p>Conv\u00eanios Os docentes da FCFRP-USP interessados em estabelecer acordos e conv\u00eanios acad\u00eamicos com institui\u00e7\u00f5es estrangeiras de ensino e pesquisa devem inicialmente encontrar um parceiro interessado e definirem em conjunto qual o tipo de acordo mais indicado para suas necessidades. Os conv\u00eanios devem ser assinados em dois idiomas: em portugu\u00eas e em um segundo idioma. Com<a href=\"https:\/\/fcfrp.usp.br\/pt\/institucional\/comissoes\/relacoes-internacionais\/convenios-relacoes-internacionais\/\">[&#8230;]<\/a><\/p>\n","protected":false},"author":978,"featured_media":0,"parent":460,"menu_order":0,"comment_status":"closed","ping_status":"closed","template":"template-fullwidth.php","meta":{"footnotes":"","_links_to":"","_links_to_target":""},"class_list":["post-2501","page","type-page","status-publish","hentry"],"_links":{"self":[{"href":"https:\/\/fcfrp.usp.br\/pt\/wp-json\/wp\/v2\/pages\/2501","targetHints":{"allow":["GET"]}}],"collection":[{"href":"https:\/\/fcfrp.usp.br\/pt\/wp-json\/wp\/v2\/pages"}],"about":[{"href":"https:\/\/fcfrp.usp.br\/pt\/wp-json\/wp\/v2\/types\/page"}],"author":[{"embeddable":true,"href":"https:\/\/fcfrp.usp.br\/pt\/wp-json\/wp\/v2\/users\/978"}],"replies":[{"embeddable":true,"href":"https:\/\/fcfrp.usp.br\/pt\/wp-json\/wp\/v2\/comments?post=2501"}],"version-history":[{"count":4,"href":"https:\/\/fcfrp.usp.br\/pt\/wp-json\/wp\/v2\/pages\/2501\/revisions"}],"predecessor-version":[{"id":7042,"href":"https:\/\/fcfrp.usp.br\/pt\/wp-json\/wp\/v2\/pages\/2501\/revisions\/7042"}],"up":[{"embeddable":true,"href":"https:\/\/fcfrp.usp.br\/pt\/wp-json\/wp\/v2\/pages\/460"}],"wp:attachment":[{"href":"https:\/\/fcfrp.usp.br\/pt\/wp-json\/wp\/v2\/media?parent=2501"}],"curies":[{"name":"wp","href":"https:\/\/api.w.org\/{rel}","templated":true}]}}