{"id":2697,"date":"2020-04-25T08:20:49","date_gmt":"2020-04-25T10:20:49","guid":{"rendered":"https:\/\/sites.usp.br\/fcfrp\/?page_id=2697"},"modified":"2026-02-12T09:47:29","modified_gmt":"2026-02-12T11:47:29","slug":"comissoes","status":"publish","type":"page","link":"https:\/\/fcfrp.usp.br\/pt\/institucional\/comissoes\/","title":{"rendered":"Comiss\u00f5es"},"content":{"rendered":"<div id=\"pl-2697\"  class=\"panel-layout\" ><div id=\"pg-2697-0\"  class=\"panel-grid panel-no-style\" ><div id=\"pgc-2697-0-0\"  class=\"panel-grid-cell\" ><div id=\"panel-2697-0-0-0\" class=\"so-panel widget widget_text panel-first-child panel-last-child\" data-index=\"0\" >\t\t\t<div class=\"textwidget\"><div style=\"text-align: justify;\">Comiss\u00f5es e Comit\u00eas da Faculdade de Ci\u00eancias Farmac\u00eauticas de Ribeir\u00e3o Preto:<\/div>\n<p>&nbsp;<\/p>\n<div style=\"text-align: justify;\"><a href=\"https:\/\/fcfrp.usp.br\/institucional\/comissoes\/comissao-covid\/\">&#8211; Comiss\u00e3o Assessora de Acompanhamento da Covid-19<\/a><br \/>\n<a href=\"https:\/\/fcfrp.usp.br\/institucional\/comissoes\/comissao-infra-pesquisa\/\">&#8211; Comiss\u00e3o Assessora de Infraestrutura em Pesquisa<\/a><br \/>\n<a href=\"https:\/\/fcfrp.usp.br\/institucional\/comissoes\/comissao-bioterio\/\">&#8211; Biot\u00e9rio<\/a><br \/>\n<a href=\"https:\/\/fcfrp.usp.br\/institucional\/comissoes\/comissao-boas-praticas\/\">&#8211; Boas Pr\u00e1ticas Cient\u00edficas<\/a><br \/>\n<a href=\"https:\/\/fcfrp.usp.br\/institucional\/comissoes\/brigada\/\">&#8211; Brigada de Inc\u00eandio<\/a><br \/>\n<a href=\"https:\/\/fcfrp.usp.br\/institucional\/comissoes\/comissao-biosseguranca\/\">&#8211; CiBio<\/a><br \/>\n<a href=\"https:\/\/fcfrp.usp.br\/institucional\/comissoes\/cip\/\">&#8211; CIP<\/a><br \/>\n<a href=\"https:\/\/fcfrp.usp.br\/institucional\/comissoes\/cipa\/\">&#8211; CIPA<\/a><br \/>\n<a href=\"https:\/\/fcfrp.usp.br\/institucional\/comissoes\/comite-gestor-liarec\/\">&#8211; Comit\u00ea Gestor Superior do Liarec<\/a><br \/>\n<a href=\"https:\/\/fcfrp.usp.br\/institucional\/comissoes\/comissao-projeto-academico\/\">&#8211; Comiss\u00e3o Coordenadora do Projeto Acad\u00eamico<\/a><br \/>\n<a href=\"https:\/\/fcfrp.usp.br\/pesquisa-extensao\/extensao\/\">&#8211; Cultura e Extens\u00e3o<\/a><br \/>\n<a href=\"https:\/\/fcfrp.usp.br\/institucional\/comissoes\/comissao-difusao\/\">&#8211; Difus\u00e3o Cient\u00edfica e Acad\u00eamica<\/a><br \/>\n<a href=\"https:\/\/fcfrp.usp.br\/institucional\/comissoes\/comite-etica-pesquisa\/\">&#8211; \u00c9tica em Pesquisa<\/a><br \/>\n<a href=\"https:\/\/fcfrp.usp.br\/institucional\/comissoes\/comissao-ceua\/\">&#8211; \u00c9tica no Uso de Animais<\/a><br \/>\n<a href=\"https:\/\/fcfrp.usp.br\/institucional\/comissoes\/comissao-residuos-quimicos\/\">&#8211; Gerenciamento de Produtos e Res\u00edduos Qu\u00edmicos<\/a><br \/>\n<a href=\"https:\/\/fcfrp.usp.br\/institucional\/comissoes\/comissao-residuos-saude\/\">&#8211; Gerenciamento de Res\u00edduos de Servi\u00e7os de Sa\u00fade<\/a><br \/>\n<a href=\"https:\/\/fcfrp.usp.br\/ensino\/graduacao\/comissao-graduacao\/\">&#8211; Gradua\u00e7\u00e3o<\/a><br \/>\n<a href=\"https:\/\/fcfrp.usp.br\/pesquisa-extensao\/pesquisa\/\">&#8211; Pesquisa<\/a><br \/>\n<a href=\"https:\/\/fcfrp.usp.br\/ensino\/pos-graduacao\/comissao-pos-graduacao\/\">&#8211; P\u00f3s-Gradua\u00e7\u00e3o<\/a><br \/>\n<a href=\"https:\/\/fcfrp.usp.br\/institucional\/comissoes\/comissoes-pae\/\">&#8211; Programa de Aperfei\u00e7oamento de Ensino<\/a><br \/>\n<a href=\"https:\/\/fcfrp.usp.br\/institucional\/comissoes\/relacoes-internacionais\/\">&#8211; Rela\u00e7\u00f5es Internacionais<\/a><br \/>\n<a href=\"https:\/\/fcfrp.usp.br\/institucional\/comissoes\/comissao-seguranca-laboratorios\/\">&#8211; Seguran\u00e7a em Laborat\u00f3rios<\/a><br \/>\n<a href=\"https:\/\/fcfrp.usp.br\/institucional\/comissoes\/comissao-sausp\/\">&#8211; Setorial do SAUSP<\/a><br \/>\n<a href=\"https:\/\/fcfrp.usp.br\/institucional\/comissoes\/comissao-treinamento\/\">&#8211; Treinamento e Desenvolvimento dos Servidores T\u00e9cnicos e Administrativos<\/a><br \/>\n<a href=\"https:\/\/fcfrp.usp.br\/institucional\/comissoes\/comissao-usp-recicla\/\">&#8211; USP Recicla<\/a><br \/>\n<a href=\"https:\/\/fcfrp.usp.br\/institucional\/comissoes\/comissao-usuarios-liarec\/\">&#8211; Usu\u00e1rios do Liarec<\/a><\/div>\n<\/div>\n\t\t<\/div><\/div><div id=\"pgc-2697-0-1\"  class=\"panel-grid-cell\" ><div id=\"panel-2697-0-1-0\" class=\"so-panel widget widget_nav_menu panel-first-child panel-last-child\" data-index=\"1\" ><div class=\"menu-menu-instcomissoes-container\"><ul id=\"menu-menu-instcomissoes\" class=\"menu\"><li id=\"menu-item-2692\" class=\"menu-item menu-item-type-post_type menu-item-object-page menu-item-has-children menu-item-2692\"><a href=\"https:\/\/fcfrp.usp.br\/pt\/institucional\/\">INSTITUCIONAL<\/a>\n<ul class=\"sub-menu\">\n\t<li id=\"menu-item-2694\" class=\"menu-item menu-item-type-post_type menu-item-object-page menu-item-2694\"><a href=\"https:\/\/fcfrp.usp.br\/pt\/institucional\/diretoria\/\">Diretoria<\/a><\/li>\n\t<li id=\"menu-item-2695\" class=\"menu-item menu-item-type-post_type menu-item-object-page menu-item-2695\"><a href=\"https:\/\/fcfrp.usp.br\/pt\/institucional\/departamentos\/\">Departamentos<\/a><\/li>\n\t<li id=\"menu-item-2696\" class=\"menu-item menu-item-type-post_type menu-item-object-page menu-item-2696\"><a href=\"https:\/\/fcfrp.usp.br\/pt\/institucional\/administracao\/\">Administra\u00e7\u00e3o<\/a><\/li>\n\t<li id=\"menu-item-10509\" class=\"menu-item menu-item-type-post_type menu-item-object-page menu-item-10509\"><a href=\"https:\/\/fcfrp.usp.br\/pt\/institucional\/cap\/\">Centro de Apoio a Projetos<\/a><\/li>\n\t<li id=\"menu-item-2689\" class=\"menu-item menu-item-type-post_type menu-item-object-page menu-item-2689\"><a href=\"https:\/\/fcfrp.usp.br\/pt\/institucional\/servicos\/\">Servi\u00e7os<\/a><\/li>\n\t<li id=\"menu-item-2718\" class=\"menu-item menu-item-type-post_type menu-item-object-page menu-item-has-children menu-item-2718\"><a href=\"https:\/\/fcfrp.usp.br\/pt\/institucional\/comissoes\/\">Comiss\u00f5es<\/a>\n\t<ul class=\"sub-menu\">\n\t\t<li id=\"menu-item-10441\" class=\"menu-item menu-item-type-post_type menu-item-object-page menu-item-10441\"><a href=\"https:\/\/fcfrp.usp.br\/pt\/institucional\/comissoes\/comissao-covid\/\">Comiss\u00e3o Assessora de Acompanhamento da Covid-19<\/a><\/li>\n\t\t<li id=\"menu-item-10381\" class=\"menu-item menu-item-type-post_type menu-item-object-page menu-item-10381\"><a href=\"https:\/\/fcfrp.usp.br\/pt\/institucional\/comissoes\/comissao-infra-pesquisa\/\">Comiss\u00e3o Assessora de Infraestrutura em Pesquisa<\/a><\/li>\n\t\t<li id=\"menu-item-2895\" class=\"menu-item menu-item-type-post_type menu-item-object-page menu-item-2895\"><a href=\"https:\/\/fcfrp.usp.br\/pt\/institucional\/comissoes\/comissao-bioterio\/\">Biot\u00e9rio<\/a><\/li>\n\t\t<li id=\"menu-item-3078\" class=\"menu-item menu-item-type-post_type menu-item-object-page menu-item-3078\"><a href=\"https:\/\/fcfrp.usp.br\/pt\/institucional\/comissoes\/comissao-boas-praticas\/\">Boas Pr\u00e1ticas Cient\u00edficas<\/a><\/li>\n\t\t<li id=\"menu-item-3008\" class=\"menu-item menu-item-type-post_type menu-item-object-page menu-item-3008\"><a href=\"https:\/\/fcfrp.usp.br\/pt\/institucional\/comissoes\/brigada\/\">Brigada de Inc\u00eandio<\/a><\/li>\n\t\t<li id=\"menu-item-2872\" class=\"menu-item menu-item-type-post_type menu-item-object-page menu-item-2872\"><a href=\"https:\/\/fcfrp.usp.br\/pt\/institucional\/comissoes\/comissao-biosseguranca\/\">Biosseguran\u00e7a &#8211; CiBio<\/a><\/li>\n\t\t<li id=\"menu-item-13238\" class=\"menu-item menu-item-type-post_type menu-item-object-page menu-item-13238\"><a href=\"https:\/\/fcfrp.usp.br\/pt\/institucional\/comissoes\/cip\/\">Comiss\u00e3o de Inclus\u00e3o e Pertencimento<\/a><\/li>\n\t\t<li id=\"menu-item-2846\" class=\"menu-item menu-item-type-post_type menu-item-object-page menu-item-2846\"><a href=\"https:\/\/fcfrp.usp.br\/pt\/institucional\/comissoes\/cipa\/\">CIPA<\/a><\/li>\n\t\t<li id=\"menu-item-3071\" class=\"menu-item menu-item-type-post_type menu-item-object-page menu-item-3071\"><a href=\"https:\/\/fcfrp.usp.br\/pt\/institucional\/comissoes\/comite-gestor-liarec\/\">Comit\u00ea Gestor Superior do Liarec<\/a><\/li>\n\t\t<li id=\"menu-item-10440\" class=\"menu-item menu-item-type-post_type menu-item-object-page menu-item-10440\"><a href=\"https:\/\/fcfrp.usp.br\/pt\/institucional\/comissoes\/comissao-projeto-academico\/\">Comiss\u00e3o Coordenadora do Projeto Acad\u00eamico<\/a><\/li>\n\t\t<li id=\"menu-item-2780\" class=\"menu-item menu-item-type-post_type menu-item-object-page menu-item-2780\"><a href=\"https:\/\/fcfrp.usp.br\/pt\/pesquisa-extensao\/extensao\/\">Cultura e Extens\u00e3o<\/a><\/li>\n\t\t<li id=\"menu-item-5136\" class=\"menu-item menu-item-type-post_type menu-item-object-page menu-item-5136\"><a href=\"https:\/\/fcfrp.usp.br\/pt\/institucional\/comissoes\/comissao-difusao\/\">Difus\u00e3o Cient\u00edfica e Acad\u00eamica<\/a><\/li>\n\t\t<li id=\"menu-item-2943\" class=\"menu-item menu-item-type-post_type menu-item-object-page menu-item-2943\"><a href=\"https:\/\/fcfrp.usp.br\/pt\/institucional\/comissoes\/comite-etica-pesquisa\/\">\u00c9tica em Pesquisa<\/a><\/li>\n\t\t<li id=\"menu-item-2799\" class=\"menu-item menu-item-type-post_type menu-item-object-page menu-item-2799\"><a href=\"https:\/\/fcfrp.usp.br\/pt\/institucional\/comissoes\/comissao-ceua\/\">\u00c9tica no Uso de Animais<\/a><\/li>\n\t\t<li id=\"menu-item-2919\" class=\"menu-item menu-item-type-post_type menu-item-object-page menu-item-2919\"><a href=\"https:\/\/fcfrp.usp.br\/pt\/institucional\/comissoes\/comissao-residuos-quimicos\/\">Gerenciamento de Res\u00edduos Qu\u00edmicos<\/a><\/li>\n\t\t<li id=\"menu-item-2728\" class=\"menu-item menu-item-type-post_type menu-item-object-page menu-item-2728\"><a href=\"https:\/\/fcfrp.usp.br\/pt\/institucional\/comissoes\/comissao-residuos-saude\/\">Gerenciamento de Res\u00edduos de Servi\u00e7os de Sa\u00fade<\/a><\/li>\n\t\t<li id=\"menu-item-2785\" class=\"menu-item menu-item-type-post_type menu-item-object-page menu-item-2785\"><a href=\"https:\/\/fcfrp.usp.br\/pt\/ensino\/graduacao\/comissao-graduacao\/\">Gradua\u00e7\u00e3o<\/a><\/li>\n\t\t<li id=\"menu-item-2779\" class=\"menu-item menu-item-type-post_type menu-item-object-page menu-item-2779\"><a href=\"https:\/\/fcfrp.usp.br\/pt\/pesquisa-extensao\/pesquisa\/\">Pesquisa<\/a><\/li>\n\t\t<li id=\"menu-item-2906\" class=\"menu-item menu-item-type-post_type menu-item-object-page menu-item-2906\"><a href=\"https:\/\/fcfrp.usp.br\/pt\/ensino\/pos-graduacao\/comissao-pos-graduacao\/\">P\u00f3s-Gradua\u00e7\u00e3o<\/a><\/li>\n\t\t<li id=\"menu-item-6132\" class=\"menu-item menu-item-type-post_type menu-item-object-page menu-item-6132\"><a href=\"https:\/\/fcfrp.usp.br\/pt\/institucional\/comissoes\/comissoes-pae\/\">Programa de Aperfei\u00e7oamento de Ensino<\/a><\/li>\n\t\t<li id=\"menu-item-2781\" class=\"menu-item menu-item-type-post_type menu-item-object-page menu-item-has-children menu-item-2781\"><a href=\"https:\/\/fcfrp.usp.br\/pt\/institucional\/comissoes\/relacoes-internacionais\/\">Rela\u00e7\u00f5es Internacionais<\/a>\n\t\t<ul class=\"sub-menu\">\n\t\t\t<li id=\"menu-item-5938\" class=\"menu-item menu-item-type-post_type menu-item-object-page menu-item-5938\"><a href=\"https:\/\/fcfrp.usp.br\/pt\/institucional\/comissoes\/relacoes-internacionais\/convenios-relacoes-internacionais\/\">Conv\u00eanios e Informa\u00e7\u00f5es<\/a><\/li>\n\t\t<\/ul>\n<\/li>\n\t\t<li id=\"menu-item-3084\" class=\"menu-item menu-item-type-post_type menu-item-object-page menu-item-3084\"><a href=\"https:\/\/fcfrp.usp.br\/pt\/institucional\/comissoes\/comissao-seguranca-laboratorios\/\">Seguran\u00e7a em Laborat\u00f3rios<\/a><\/li>\n\t\t<li id=\"menu-item-2795\" class=\"menu-item menu-item-type-post_type menu-item-object-page menu-item-2795\"><a href=\"https:\/\/fcfrp.usp.br\/pt\/institucional\/comissoes\/comissao-sausp\/\">Setorial do SAUSP<\/a><\/li>\n\t\t<li id=\"menu-item-2717\" class=\"menu-item menu-item-type-post_type menu-item-object-page menu-item-2717\"><a href=\"https:\/\/fcfrp.usp.br\/pt\/institucional\/comissoes\/comissao-treinamento\/\">Treinamento e Desenvolvimento dos Servidores N\u00e3o-Docentes<\/a><\/li>\n\t\t<li id=\"menu-item-2852\" class=\"menu-item menu-item-type-post_type menu-item-object-page menu-item-2852\"><a href=\"https:\/\/fcfrp.usp.br\/pt\/institucional\/comissoes\/comissao-usp-recicla\/\">USP Recicla<\/a><\/li>\n\t\t<li id=\"menu-item-3060\" class=\"menu-item menu-item-type-post_type menu-item-object-page menu-item-3060\"><a href=\"https:\/\/fcfrp.usp.br\/pt\/institucional\/comissoes\/comissao-usuarios-liarec\/\">Usu\u00e1rios do Liarec<\/a><\/li>\n\t<\/ul>\n<\/li>\n\t<li id=\"menu-item-2690\" class=\"menu-item menu-item-type-post_type menu-item-object-page menu-item-2690\"><a href=\"https:\/\/fcfrp.usp.br\/pt\/institucional\/concursos\/\">Concursos<\/a><\/li>\n\t<li id=\"menu-item-6217\" class=\"menu-item menu-item-type-custom menu-item-object-custom menu-item-6217\"><a href=\"https:\/\/fcfrp.usp.br\/pt\/institucional\/administracao\/assistencia-tecnica-financeira\/prov-materiais\/\">Licita\u00e7\u00f5es<\/a><\/li>\n\t<li id=\"menu-item-2693\" class=\"menu-item menu-item-type-post_type menu-item-object-page current_page_parent menu-item-2693\"><a href=\"https:\/\/fcfrp.usp.br\/pt\/institucional\/eventos-noticias\/\">Eventos \/ Not\u00edcias<\/a><\/li>\n\t<li id=\"menu-item-2691\" class=\"menu-item menu-item-type-post_type menu-item-object-page menu-item-2691\"><a target=\"_blank\" href=\"https:\/\/fcfrp.usp.br\/wp-content\/uploads\/sites\/528\/2025\/03\/Lista-de-ramais-marco-2025.pdf\">Servidores<\/a><\/li>\n\t<li id=\"menu-item-7209\" class=\"menu-item menu-item-type-post_type menu-item-object-page menu-item-7209\"><a href=\"https:\/\/fcfrp.usp.br\/pt\/institucional\/identidade-visual\/\">Identidade Visual<\/a><\/li>\n<\/ul>\n<\/li>\n<\/ul><\/div><\/div><\/div><\/div><\/div>","protected":false},"excerpt":{"rendered":"<p>Comiss\u00f5es e Comit\u00eas da Faculdade de Ci\u00eancias Farmac\u00eauticas de Ribeir\u00e3o Preto: &nbsp; &#8211; Comiss\u00e3o Assessora de Acompanhamento da Covid-19 &#8211; Comiss\u00e3o Assessora de Infraestrutura em Pesquisa &#8211; Biot\u00e9rio &#8211; Boas Pr\u00e1ticas Cient\u00edficas &#8211; Brigada de Inc\u00eandio &#8211; CiBio &#8211; CIP &#8211; CIPA &#8211; Comit\u00ea Gestor Superior do Liarec &#8211; Comiss\u00e3o Coordenadora do Projeto Acad\u00eamico &#8211;<a href=\"https:\/\/fcfrp.usp.br\/pt\/institucional\/comissoes\/\">[&#8230;]<\/a><\/p>\n","protected":false},"author":978,"featured_media":0,"parent":312,"menu_order":4,"comment_status":"closed","ping_status":"closed","template":"template-fullwidth.php","meta":{"footnotes":"","_links_to":"","_links_to_target":""},"class_list":["post-2697","page","type-page","status-publish","hentry"],"_links":{"self":[{"href":"https:\/\/fcfrp.usp.br\/pt\/wp-json\/wp\/v2\/pages\/2697","targetHints":{"allow":["GET"]}}],"collection":[{"href":"https:\/\/fcfrp.usp.br\/pt\/wp-json\/wp\/v2\/pages"}],"about":[{"href":"https:\/\/fcfrp.usp.br\/pt\/wp-json\/wp\/v2\/types\/page"}],"author":[{"embeddable":true,"href":"https:\/\/fcfrp.usp.br\/pt\/wp-json\/wp\/v2\/users\/978"}],"replies":[{"embeddable":true,"href":"https:\/\/fcfrp.usp.br\/pt\/wp-json\/wp\/v2\/comments?post=2697"}],"version-history":[{"count":4,"href":"https:\/\/fcfrp.usp.br\/pt\/wp-json\/wp\/v2\/pages\/2697\/revisions"}],"predecessor-version":[{"id":16168,"href":"https:\/\/fcfrp.usp.br\/pt\/wp-json\/wp\/v2\/pages\/2697\/revisions\/16168"}],"up":[{"embeddable":true,"href":"https:\/\/fcfrp.usp.br\/pt\/wp-json\/wp\/v2\/pages\/312"}],"wp:attachment":[{"href":"https:\/\/fcfrp.usp.br\/pt\/wp-json\/wp\/v2\/media?parent=2697"}],"curies":[{"name":"wp","href":"https:\/\/api.w.org\/{rel}","templated":true}]}}