{"id":2796,"date":"2020-04-25T14:51:02","date_gmt":"2020-04-25T16:51:02","guid":{"rendered":"https:\/\/sites.usp.br\/fcfrp\/?page_id=2796"},"modified":"2025-12-19T10:53:51","modified_gmt":"2025-12-19T12:53:51","slug":"comissao-ceua","status":"publish","type":"page","link":"https:\/\/fcfrp.usp.br\/pt\/institucional\/comissoes\/comissao-ceua\/","title":{"rendered":"Comiss\u00e3o de \u00c9tica no Uso de Animais"},"content":{"rendered":"<div id=\"pl-2796\"  class=\"panel-layout\" ><div id=\"pg-2796-0\"  class=\"panel-grid panel-no-style\" ><div id=\"pgc-2796-0-0\"  class=\"panel-grid-cell\" ><div id=\"panel-2796-0-0-0\" class=\"so-panel widget widget_text panel-first-child panel-last-child\" data-index=\"0\" >\t\t\t<div class=\"textwidget\"><h4><strong>Coordenadora<\/strong><\/h4>\n<h3>Profa. Dra. Ana Patr\u00edcia Yatsuda-Natsui<a href=\"https:\/\/fcfrp.usp.br\/wp-content\/uploads\/sites\/528\/2020\/07\/apatricia.jpg\"><img loading=\"lazy\" decoding=\"async\" class=\"wp-image-6421 size-full alignright\" src=\"https:\/\/fcfrp.usp.br\/wp-content\/uploads\/sites\/528\/2020\/07\/apatricia.jpg\" alt=\"\" width=\"100\" height=\"128\" \/><\/a><\/h3>\n<p>E-mail: <a href=\"mailto:ayatsuda@fcfrp.usp.br\" target=\"_blank\" rel=\"noopener\">ayatsuda@fcfrp.usp.br<\/a><br \/>\nTel.: (16) 3315-4728<\/p>\n<p>&nbsp;<\/p>\n<h4><strong>Secret\u00e1ria<\/strong><\/h4>\n<h3>Fernanda Del Campo de Matos<a href=\"https:\/\/sites.usp.br\/fcfrp\/wp-content\/uploads\/sites\/528\/2020\/04\/fernanda.jpg\"><img loading=\"lazy\" decoding=\"async\" class=\"wp-image-2431 size-full alignright\" src=\"https:\/\/sites.usp.br\/fcfrp\/wp-content\/uploads\/sites\/528\/2020\/04\/fernanda.jpg\" alt=\"\" width=\"100\" height=\"128\" \/><\/a><\/h3>\n<p>Email: ceua@fcfrp.usp.br<br \/>\nTel.: (16) 3315-8559<\/p>\n<p>&nbsp;<\/p>\n<p>&nbsp;<\/p>\n<div style=\"text-align: justify;\">A FCFRP possui desde o dia 10\/06\/2014 (Portaria 30\/2014) uma Comiss\u00e3o de \u00c9tica no Uso de Animais &#8211; CEUA &#8211; pr\u00f3pria, em aten\u00e7\u00e3o ao disposto na Resolu\u00e7\u00e3o Normativa n\u00ba 16, art. 3\u00ba, item IV do CONCEA \u2013 Conselho Nacional de Controle de Experimenta\u00e7\u00e3o Animal, \u00f3rg\u00e3o integrante do Minist\u00e9rio da Ci\u00eancia e Tecnologia. Em comum acordo com os Diretores das diferentes unidades pertencentes \u00e0 CEUA-PUSP, decidiu-se que a composi\u00e7\u00e3o da CEUA desta Faculdade respeitar\u00e1 as indica\u00e7\u00f5es feitas para composi\u00e7\u00e3o da CEUA da PUSP-RP, mantendo-se uma filosofia \u00fanica para os trabalhos realizados pelas CEUAs no Campus de Ribeir\u00e3o Preto, bem como a integra\u00e7\u00e3o entre as diferentes unidades. Este formato, chamado de \u201cespelho\u201d, estabelece CEUAs com a mesma composi\u00e7\u00e3o, por\u00e9m cada unidade ter\u00e1 seu pr\u00f3prio Coordenador e Vice-Coordenador vinculados.<\/div>\n<p>&nbsp;<\/p>\n<h4><strong>Membros<\/strong><\/h4>\n<div style=\"text-align: justify;\"><em>Profa. Dra. Danielle Palma de Oliveira (Vice-Coordenadora)<\/em><br \/>\nProfa. Dra. Renata Fonseca Vianna Lopez<br \/>\nProf. Dr. Tiago Rezende Figueira<br \/>\nProf. Dr. Daniel Junqueira Dorta<\/div>\n<div style=\"text-align: justify;\">Prof. Dr. Fernando Eduardo Padovan Neto<\/div>\n<div style=\"text-align: justify;\">Alexandre Agreli de Melo<br \/>\nRinaldo Bueno Ferreira<\/div>\n<p>&nbsp;<\/p>\n<div style=\"text-align: justify;\"><strong>Suplentes<\/strong><br \/>\nProfa. Dra. Andr\u00e9ia Machado Leopoldino<br \/>\nProfa. Dra. Lus\u00e2nia Maria Greggi Antunes<br \/>\nProfa. Dra. Camila de Moraes<br \/>\nProfa. Dra. Claudia Maria Padovan<\/div>\n<div style=\"text-align: justify;\">Prof. Dr. Felipe Bezerra Ribeiro<br \/>\nLucas Tabajara Parreiras e Silva<\/div>\n<div>Jos\u00e9 Irapuan de Ara\u00fajo<\/div>\n<div>Hertz Figueiredo dos Santos<\/div>\n<p>&nbsp;<\/p>\n<h4><strong>Contato<\/strong><\/h4>\n<div style=\"text-align: justify;\">Email: ceua@fcfrp.usp.br<\/div>\n<p>&nbsp;<\/p>\n<h4><strong>Reuni\u00f5es<\/strong><\/h4>\n<div style=\"text-align: justify;\">\n<table width=\"225\">\n<tbody>\n<tr>\n<td width=\"100\">Segunda-feira \u00e0s 14hs<\/td>\n<td width=\"80\">09\/02\/2026<\/td>\n<\/tr>\n<tr>\n<td>Segunda-feira \u00e0s 14hs<\/td>\n<td>09\/03\/2026<\/td>\n<\/tr>\n<tr>\n<td>Segunda-feira \u00e0s 14hs<\/td>\n<td>13\/04\/2026<\/td>\n<\/tr>\n<tr>\n<td>Segunda-feira \u00e0s 14hs<\/td>\n<td>11\/05\/2026<\/td>\n<\/tr>\n<tr>\n<td>Segunda-feira \u00e0s 14hs<\/td>\n<td>08\/06\/2026<\/td>\n<\/tr>\n<\/tbody>\n<\/table>\n<\/div>\n<p>&nbsp;<\/p>\n<h4><strong>Documentos<\/strong><\/h4>\n<div style=\"text-align: justify;\"><a href=\"https:\/\/sites.usp.br\/fcfrp\/wp-content\/uploads\/sites\/528\/2020\/04\/oficio_05.pdf\" target=\"_blank\" rel=\"noopener\">&#8211; Aulas utilizando material biol\u00f3gico de origem animal<\/a><br \/>\n<a href=\"https:\/\/fcfrp.usp.br\/wp-content\/uploads\/sites\/528\/2025\/11\/Como-submeter-um-Adendo.pdf\">&#8211; Como submeter um adendo a um projeto j\u00e1 aprovado pela CEUA FCFRP<\/a><br \/>\n<a href=\"https:\/\/fcfrp.usp.br\/wp-content\/uploads\/sites\/528\/2023\/10\/Como-submeter-um-projeto-a-CEUA-FCFRP.pdf\" target=\"_blank\" rel=\"noopener\">&#8211; Como submeter um projeto \u00e0 CEUA FCFRP<\/a><br \/>\n<a href=\"https:\/\/fcfrp.usp.br\/wp-content\/uploads\/sites\/528\/2023\/10\/Como-submeter-um-Relatorio-Final.pdf\" target=\"_blank\" rel=\"noopener\">&#8211; Como submeter um relat\u00f3rio final \u00e0 CEUA FCFRP<\/a><br \/>\n<a href=\"https:\/\/fcfrp.usp.br\/wp-content\/uploads\/sites\/528\/2024\/05\/Cursos-de-capacitacao.pdf\" target=\"_blank\" rel=\"noopener\">&#8211; Cursos de Capacita\u00e7\u00e3o<\/a><br \/>\n<a href=\"https:\/\/fcfrp.usp.br\/wp-content\/uploads\/sites\/528\/2025\/11\/Formulario-ADENDO.docx\">&#8211; Formul\u00e1rio ADENDO<\/a><br \/>\n<a href=\"https:\/\/fcfrp.usp.br\/wp-content\/uploads\/sites\/528\/2022\/09\/Formulario-CEUA-Aula_2022_atualizado.docx\" target=\"_blank\" rel=\"noopener\">&#8211; Formul\u00e1rio AULA<\/a><br \/>\n<a href=\"https:\/\/sites.usp.br\/fcfrp\/wp-content\/uploads\/sites\/528\/2020\/04\/formulario_material_biologico.docx\" target=\"_blank\" rel=\"noopener\">&#8211; Formul\u00e1rio &#8211; Material Biol\u00f3gico<\/a><br \/>\n<a href=\"https:\/\/fcfrp.usp.br\/wp-content\/uploads\/sites\/528\/2025\/05\/Formulario-PESQUISA.docx\">&#8211; Formul\u00e1rio PESQUISA<\/a><br \/>\n<a href=\"https:\/\/fcfrp.usp.br\/wp-content\/uploads\/sites\/528\/2023\/10\/Formulario-RELATORIO-FINAL.docx\" target=\"_blank\" rel=\"noopener\">&#8211; Formul\u00e1rio Relat\u00f3rio Final<\/a><br \/>\n<a href=\"https:\/\/fcfrp.usp.br\/wp-content\/uploads\/sites\/528\/2023\/10\/Legislacao-do-CONCEA-\u2013-Resumo-e-acesso.pdf\" target=\"_blank\" rel=\"noopener\">&#8211; Legisla\u00e7\u00e3o do CONCEA &#8211; Resumo e acesso<\/a><br \/>\n<a href=\"https:\/\/fcfrp.usp.br\/wp-content\/uploads\/sites\/528\/2021\/10\/Regimento-Interno-CEUA-FCFRP-2021.pdf\" target=\"_blank\" rel=\"noopener\">&#8211; Regimento Interno<\/a><\/div>\n<\/div>\n\t\t<\/div><\/div><div id=\"pgc-2796-0-1\"  class=\"panel-grid-cell\" ><div id=\"panel-2796-0-1-0\" class=\"so-panel widget widget_nav_menu panel-first-child panel-last-child\" data-index=\"1\" ><div class=\"menu-menu-instcomissoes-container\"><ul id=\"menu-menu-instcomissoes\" class=\"menu\"><li id=\"menu-item-2692\" class=\"menu-item menu-item-type-post_type menu-item-object-page menu-item-has-children menu-item-2692\"><a href=\"https:\/\/fcfrp.usp.br\/pt\/institucional\/\">INSTITUCIONAL<\/a>\n<ul class=\"sub-menu\">\n\t<li id=\"menu-item-2694\" class=\"menu-item menu-item-type-post_type menu-item-object-page menu-item-2694\"><a href=\"https:\/\/fcfrp.usp.br\/pt\/institucional\/diretoria\/\">Diretoria<\/a><\/li>\n\t<li id=\"menu-item-2695\" class=\"menu-item menu-item-type-post_type menu-item-object-page menu-item-2695\"><a href=\"https:\/\/fcfrp.usp.br\/pt\/institucional\/departamentos\/\">Departamentos<\/a><\/li>\n\t<li id=\"menu-item-2696\" class=\"menu-item menu-item-type-post_type menu-item-object-page menu-item-2696\"><a href=\"https:\/\/fcfrp.usp.br\/pt\/institucional\/administracao\/\">Administra\u00e7\u00e3o<\/a><\/li>\n\t<li id=\"menu-item-10509\" class=\"menu-item menu-item-type-post_type menu-item-object-page menu-item-10509\"><a href=\"https:\/\/fcfrp.usp.br\/pt\/institucional\/cap\/\">Centro de Apoio a Projetos<\/a><\/li>\n\t<li id=\"menu-item-2689\" class=\"menu-item menu-item-type-post_type menu-item-object-page menu-item-2689\"><a href=\"https:\/\/fcfrp.usp.br\/pt\/institucional\/servicos\/\">Servi\u00e7os<\/a><\/li>\n\t<li id=\"menu-item-2718\" class=\"menu-item menu-item-type-post_type menu-item-object-page menu-item-has-children menu-item-2718\"><a href=\"https:\/\/fcfrp.usp.br\/pt\/institucional\/comissoes\/\">Comiss\u00f5es<\/a>\n\t<ul class=\"sub-menu\">\n\t\t<li id=\"menu-item-10441\" class=\"menu-item menu-item-type-post_type menu-item-object-page menu-item-10441\"><a href=\"https:\/\/fcfrp.usp.br\/pt\/institucional\/comissoes\/comissao-covid\/\">Comiss\u00e3o Assessora de Acompanhamento da Covid-19<\/a><\/li>\n\t\t<li id=\"menu-item-10381\" class=\"menu-item menu-item-type-post_type menu-item-object-page menu-item-10381\"><a href=\"https:\/\/fcfrp.usp.br\/pt\/institucional\/comissoes\/comissao-infra-pesquisa\/\">Comiss\u00e3o Assessora de Infraestrutura em Pesquisa<\/a><\/li>\n\t\t<li id=\"menu-item-2895\" class=\"menu-item menu-item-type-post_type menu-item-object-page menu-item-2895\"><a href=\"https:\/\/fcfrp.usp.br\/pt\/institucional\/comissoes\/comissao-bioterio\/\">Biot\u00e9rio<\/a><\/li>\n\t\t<li id=\"menu-item-3078\" class=\"menu-item menu-item-type-post_type menu-item-object-page menu-item-3078\"><a href=\"https:\/\/fcfrp.usp.br\/pt\/institucional\/comissoes\/comissao-boas-praticas\/\">Boas Pr\u00e1ticas Cient\u00edficas<\/a><\/li>\n\t\t<li id=\"menu-item-3008\" class=\"menu-item menu-item-type-post_type menu-item-object-page menu-item-3008\"><a href=\"https:\/\/fcfrp.usp.br\/pt\/institucional\/comissoes\/brigada\/\">Brigada de Inc\u00eandio<\/a><\/li>\n\t\t<li id=\"menu-item-2872\" class=\"menu-item menu-item-type-post_type menu-item-object-page menu-item-2872\"><a href=\"https:\/\/fcfrp.usp.br\/pt\/institucional\/comissoes\/comissao-biosseguranca\/\">Biosseguran\u00e7a &#8211; CiBio<\/a><\/li>\n\t\t<li id=\"menu-item-13238\" class=\"menu-item menu-item-type-post_type menu-item-object-page menu-item-13238\"><a href=\"https:\/\/fcfrp.usp.br\/pt\/institucional\/comissoes\/cip\/\">Comiss\u00e3o de Inclus\u00e3o e Pertencimento<\/a><\/li>\n\t\t<li id=\"menu-item-2846\" class=\"menu-item menu-item-type-post_type menu-item-object-page menu-item-2846\"><a href=\"https:\/\/fcfrp.usp.br\/pt\/institucional\/comissoes\/cipa\/\">CIPA<\/a><\/li>\n\t\t<li id=\"menu-item-3071\" class=\"menu-item menu-item-type-post_type menu-item-object-page menu-item-3071\"><a href=\"https:\/\/fcfrp.usp.br\/pt\/institucional\/comissoes\/comite-gestor-liarec\/\">Comit\u00ea Gestor Superior do Liarec<\/a><\/li>\n\t\t<li id=\"menu-item-10440\" class=\"menu-item menu-item-type-post_type menu-item-object-page menu-item-10440\"><a href=\"https:\/\/fcfrp.usp.br\/pt\/institucional\/comissoes\/comissao-projeto-academico\/\">Comiss\u00e3o Coordenadora do Projeto Acad\u00eamico<\/a><\/li>\n\t\t<li id=\"menu-item-2780\" class=\"menu-item menu-item-type-post_type menu-item-object-page menu-item-2780\"><a href=\"https:\/\/fcfrp.usp.br\/pt\/pesquisa-extensao\/extensao\/\">Cultura e Extens\u00e3o<\/a><\/li>\n\t\t<li id=\"menu-item-5136\" class=\"menu-item menu-item-type-post_type menu-item-object-page menu-item-5136\"><a href=\"https:\/\/fcfrp.usp.br\/pt\/institucional\/comissoes\/comissao-difusao\/\">Difus\u00e3o Cient\u00edfica e Acad\u00eamica<\/a><\/li>\n\t\t<li id=\"menu-item-2943\" class=\"menu-item menu-item-type-post_type menu-item-object-page menu-item-2943\"><a href=\"https:\/\/fcfrp.usp.br\/pt\/institucional\/comissoes\/comite-etica-pesquisa\/\">\u00c9tica em Pesquisa<\/a><\/li>\n\t\t<li id=\"menu-item-2799\" class=\"menu-item menu-item-type-post_type menu-item-object-page menu-item-2799\"><a href=\"https:\/\/fcfrp.usp.br\/pt\/institucional\/comissoes\/comissao-ceua\/\">\u00c9tica no Uso de Animais<\/a><\/li>\n\t\t<li id=\"menu-item-2919\" class=\"menu-item menu-item-type-post_type menu-item-object-page menu-item-2919\"><a href=\"https:\/\/fcfrp.usp.br\/pt\/institucional\/comissoes\/comissao-residuos-quimicos\/\">Gerenciamento de Res\u00edduos Qu\u00edmicos<\/a><\/li>\n\t\t<li id=\"menu-item-2728\" class=\"menu-item menu-item-type-post_type menu-item-object-page menu-item-2728\"><a href=\"https:\/\/fcfrp.usp.br\/pt\/institucional\/comissoes\/comissao-residuos-saude\/\">Gerenciamento de Res\u00edduos de Servi\u00e7os de Sa\u00fade<\/a><\/li>\n\t\t<li id=\"menu-item-2785\" class=\"menu-item menu-item-type-post_type menu-item-object-page menu-item-2785\"><a href=\"https:\/\/fcfrp.usp.br\/pt\/ensino\/graduacao\/comissao-graduacao\/\">Gradua\u00e7\u00e3o<\/a><\/li>\n\t\t<li id=\"menu-item-2779\" class=\"menu-item menu-item-type-post_type menu-item-object-page menu-item-2779\"><a href=\"https:\/\/fcfrp.usp.br\/pt\/pesquisa-extensao\/pesquisa\/\">Pesquisa<\/a><\/li>\n\t\t<li id=\"menu-item-2906\" class=\"menu-item menu-item-type-post_type menu-item-object-page menu-item-2906\"><a href=\"https:\/\/fcfrp.usp.br\/pt\/ensino\/pos-graduacao\/comissao-pos-graduacao\/\">P\u00f3s-Gradua\u00e7\u00e3o<\/a><\/li>\n\t\t<li id=\"menu-item-6132\" class=\"menu-item menu-item-type-post_type menu-item-object-page menu-item-6132\"><a href=\"https:\/\/fcfrp.usp.br\/pt\/institucional\/comissoes\/comissoes-pae\/\">Programa de Aperfei\u00e7oamento de Ensino<\/a><\/li>\n\t\t<li id=\"menu-item-2781\" class=\"menu-item menu-item-type-post_type menu-item-object-page menu-item-has-children menu-item-2781\"><a href=\"https:\/\/fcfrp.usp.br\/pt\/institucional\/comissoes\/relacoes-internacionais\/\">Rela\u00e7\u00f5es Internacionais<\/a>\n\t\t<ul class=\"sub-menu\">\n\t\t\t<li id=\"menu-item-5938\" class=\"menu-item menu-item-type-post_type menu-item-object-page menu-item-5938\"><a href=\"https:\/\/fcfrp.usp.br\/pt\/institucional\/comissoes\/relacoes-internacionais\/convenios-relacoes-internacionais\/\">Conv\u00eanios e Informa\u00e7\u00f5es<\/a><\/li>\n\t\t<\/ul>\n<\/li>\n\t\t<li id=\"menu-item-3084\" class=\"menu-item menu-item-type-post_type menu-item-object-page menu-item-3084\"><a href=\"https:\/\/fcfrp.usp.br\/pt\/institucional\/comissoes\/comissao-seguranca-laboratorios\/\">Seguran\u00e7a em Laborat\u00f3rios<\/a><\/li>\n\t\t<li id=\"menu-item-2795\" class=\"menu-item menu-item-type-post_type menu-item-object-page menu-item-2795\"><a href=\"https:\/\/fcfrp.usp.br\/pt\/institucional\/comissoes\/comissao-sausp\/\">Setorial do SAUSP<\/a><\/li>\n\t\t<li id=\"menu-item-2717\" class=\"menu-item menu-item-type-post_type menu-item-object-page menu-item-2717\"><a href=\"https:\/\/fcfrp.usp.br\/pt\/institucional\/comissoes\/comissao-treinamento\/\">Treinamento e Desenvolvimento dos Servidores N\u00e3o-Docentes<\/a><\/li>\n\t\t<li id=\"menu-item-2852\" class=\"menu-item menu-item-type-post_type menu-item-object-page menu-item-2852\"><a href=\"https:\/\/fcfrp.usp.br\/pt\/institucional\/comissoes\/comissao-usp-recicla\/\">USP Recicla<\/a><\/li>\n\t\t<li id=\"menu-item-3060\" class=\"menu-item menu-item-type-post_type menu-item-object-page menu-item-3060\"><a href=\"https:\/\/fcfrp.usp.br\/pt\/institucional\/comissoes\/comissao-usuarios-liarec\/\">Usu\u00e1rios do Liarec<\/a><\/li>\n\t<\/ul>\n<\/li>\n\t<li id=\"menu-item-2690\" class=\"menu-item menu-item-type-post_type menu-item-object-page menu-item-2690\"><a href=\"https:\/\/fcfrp.usp.br\/pt\/institucional\/concursos\/\">Concursos<\/a><\/li>\n\t<li id=\"menu-item-6217\" class=\"menu-item menu-item-type-custom menu-item-object-custom menu-item-6217\"><a href=\"https:\/\/fcfrp.usp.br\/pt\/institucional\/administracao\/assistencia-tecnica-financeira\/prov-materiais\/\">Licita\u00e7\u00f5es<\/a><\/li>\n\t<li id=\"menu-item-2693\" class=\"menu-item menu-item-type-post_type menu-item-object-page current_page_parent menu-item-2693\"><a href=\"https:\/\/fcfrp.usp.br\/pt\/institucional\/eventos-noticias\/\">Eventos \/ Not\u00edcias<\/a><\/li>\n\t<li id=\"menu-item-2691\" class=\"menu-item menu-item-type-post_type menu-item-object-page menu-item-2691\"><a target=\"_blank\" href=\"https:\/\/fcfrp.usp.br\/wp-content\/uploads\/sites\/528\/2025\/03\/Lista-de-ramais-marco-2025.pdf\">Servidores<\/a><\/li>\n\t<li id=\"menu-item-7209\" class=\"menu-item menu-item-type-post_type menu-item-object-page menu-item-7209\"><a href=\"https:\/\/fcfrp.usp.br\/pt\/institucional\/identidade-visual\/\">Identidade Visual<\/a><\/li>\n<\/ul>\n<\/li>\n<\/ul><\/div><\/div><\/div><\/div><\/div>","protected":false},"excerpt":{"rendered":"<p>Coordenadora Profa. Dra. Ana Patr\u00edcia Yatsuda-Natsui E-mail: ayatsuda@fcfrp.usp.br Tel.: (16) 3315-4728 &nbsp; Secret\u00e1ria Fernanda Del Campo de Matos Email: ceua@fcfrp.usp.br Tel.: (16) 3315-8559 &nbsp; &nbsp; A FCFRP possui desde o dia 10\/06\/2014 (Portaria 30\/2014) uma Comiss\u00e3o de \u00c9tica no Uso de Animais &#8211; CEUA &#8211; pr\u00f3pria, em aten\u00e7\u00e3o ao disposto na Resolu\u00e7\u00e3o Normativa n\u00ba 16,<a href=\"https:\/\/fcfrp.usp.br\/pt\/institucional\/comissoes\/comissao-ceua\/\">[&#8230;]<\/a><\/p>\n","protected":false},"author":978,"featured_media":0,"parent":2697,"menu_order":7,"comment_status":"closed","ping_status":"closed","template":"template-fullwidth.php","meta":{"footnotes":"","_links_to":"","_links_to_target":""},"class_list":["post-2796","page","type-page","status-publish","hentry"],"_links":{"self":[{"href":"https:\/\/fcfrp.usp.br\/pt\/wp-json\/wp\/v2\/pages\/2796","targetHints":{"allow":["GET"]}}],"collection":[{"href":"https:\/\/fcfrp.usp.br\/pt\/wp-json\/wp\/v2\/pages"}],"about":[{"href":"https:\/\/fcfrp.usp.br\/pt\/wp-json\/wp\/v2\/types\/page"}],"author":[{"embeddable":true,"href":"https:\/\/fcfrp.usp.br\/pt\/wp-json\/wp\/v2\/users\/978"}],"replies":[{"embeddable":true,"href":"https:\/\/fcfrp.usp.br\/pt\/wp-json\/wp\/v2\/comments?post=2796"}],"version-history":[{"count":4,"href":"https:\/\/fcfrp.usp.br\/pt\/wp-json\/wp\/v2\/pages\/2796\/revisions"}],"predecessor-version":[{"id":15945,"href":"https:\/\/fcfrp.usp.br\/pt\/wp-json\/wp\/v2\/pages\/2796\/revisions\/15945"}],"up":[{"embeddable":true,"href":"https:\/\/fcfrp.usp.br\/pt\/wp-json\/wp\/v2\/pages\/2697"}],"wp:attachment":[{"href":"https:\/\/fcfrp.usp.br\/pt\/wp-json\/wp\/v2\/media?parent=2796"}],"curies":[{"name":"wp","href":"https:\/\/api.w.org\/{rel}","templated":true}]}}