{"id":322,"date":"2020-04-10T10:57:15","date_gmt":"2020-04-10T12:57:15","guid":{"rendered":"https:\/\/sites.usp.br\/fcfrp\/?page_id=322"},"modified":"2020-07-17T12:10:14","modified_gmt":"2020-07-17T14:10:14","slug":"pesquisa-extensao","status":"publish","type":"page","link":"https:\/\/fcfrp.usp.br\/pt\/pesquisa-extensao\/","title":{"rendered":"PESQUISA \/ EXTENS\u00c3O"},"content":{"rendered":"<div id=\"pl-322\"  class=\"panel-layout\" ><div id=\"pg-322-0\"  class=\"panel-grid panel-no-style\" ><div id=\"pgc-322-0-0\"  class=\"panel-grid-cell\" ><div id=\"panel-322-0-0-0\" class=\"so-panel widget widget_text panel-first-child panel-last-child\" data-index=\"0\" >\t\t\t<div class=\"textwidget\"><p><a href=\"https:\/\/sites.usp.br\/fcfrp\/wp-content\/uploads\/sites\/528\/2020\/06\/research.jpg\"><img loading=\"lazy\" decoding=\"async\" class=\"alignright wp-image-5680 size-medium\" src=\"https:\/\/sites.usp.br\/fcfrp\/wp-content\/uploads\/sites\/528\/2020\/06\/research-300x194.jpg\" alt=\"\" width=\"300\" height=\"194\" srcset=\"https:\/\/fcfrp.usp.br\/wp-content\/uploads\/sites\/528\/2020\/06\/research-300x194.jpg 300w, https:\/\/fcfrp.usp.br\/wp-content\/uploads\/sites\/528\/2020\/06\/research.jpg 310w\" sizes=\"auto, (max-width: 300px) 100vw, 300px\" \/><\/a><\/p>\n<div style=\"text-align: justify; text-indent: 30pt;\">A FCFRP-USP, por meio da Comiss\u00e3o de Pesquisa e da Comiss\u00e3o de Cultura e Extens\u00e3o Universit\u00e1ria, oferece diversas atividades voltadas \u00e0 Pesquisa e Extens\u00e3o para a comunidade universit\u00e1ria e para popula\u00e7\u00e3o em geral. Inicia\u00e7\u00e3o Cient\u00edfica, Programa de P\u00f3s-Doutorado, cursos de extens\u00e3o, visitas monitoradas, programas voltados para a Terceira Idade, entre outras, fazem parte destas atividades.<\/div>\n<p>&nbsp;<\/p>\n<p>&nbsp;<\/p>\n<div style=\"text-align: justify;\">Confira todas as informa\u00e7\u00f5es e atividades dispon\u00edveis.<\/div>\n<h4><strong><a href=\"https:\/\/fcfrp.usp.br\/pesquisa-extensao\/pesquisa\/\">-Pesquisa<\/a><br \/>\n<a href=\"https:\/\/fcfrp.usp.br\/pesquisa-extensao\/extensao\/\">-Cultura e Extens\u00e3o<\/a><\/strong><\/h4>\n<\/div>\n\t\t<\/div><\/div><div id=\"pgc-322-0-1\"  class=\"panel-grid-cell\" ><div id=\"panel-322-0-1-0\" class=\"so-panel widget widget_nav_menu panel-first-child panel-last-child\" data-index=\"1\" ><div class=\"menu-menu-pesquisa-extensao-container\"><ul id=\"menu-menu-pesquisa-extensao\" class=\"menu\"><li id=\"menu-item-5956\" class=\"menu-item menu-item-type-post_type menu-item-object-page menu-item-has-children menu-item-5956\"><a href=\"https:\/\/fcfrp.usp.br\/pt\/pesquisa-extensao\/\">PESQUISA \/ EXTENS\u00c3O<\/a>\n<ul class=\"sub-menu\">\n\t<li id=\"menu-item-5954\" class=\"menu-item menu-item-type-post_type menu-item-object-page menu-item-5954\"><a href=\"https:\/\/fcfrp.usp.br\/pt\/pesquisa-extensao\/pesquisa\/\">Pesquisa<\/a><\/li>\n\t<li id=\"menu-item-5955\" class=\"menu-item menu-item-type-post_type menu-item-object-page menu-item-5955\"><a href=\"https:\/\/fcfrp.usp.br\/pt\/pesquisa-extensao\/extensao\/\">Cultura e Extens\u00e3o<\/a><\/li>\n<\/ul>\n<\/li>\n<\/ul><\/div><\/div><\/div><\/div><\/div>","protected":false},"excerpt":{"rendered":"<p>A FCFRP-USP, por meio da Comiss\u00e3o de Pesquisa e da Comiss\u00e3o de Cultura e Extens\u00e3o Universit\u00e1ria, oferece diversas atividades voltadas \u00e0 Pesquisa e Extens\u00e3o para a comunidade universit\u00e1ria e para popula\u00e7\u00e3o em geral. Inicia\u00e7\u00e3o Cient\u00edfica, Programa de P\u00f3s-Doutorado, cursos de extens\u00e3o, visitas monitoradas, programas voltados para a Terceira Idade, entre outras, fazem parte destas atividades.<a href=\"https:\/\/fcfrp.usp.br\/pt\/pesquisa-extensao\/\">[&#8230;]<\/a><\/p>\n","protected":false},"author":978,"featured_media":0,"parent":0,"menu_order":2,"comment_status":"closed","ping_status":"closed","template":"template-fullwidth.php","meta":{"footnotes":"","_links_to":"","_links_to_target":""},"class_list":["post-322","page","type-page","status-publish","hentry"],"_links":{"self":[{"href":"https:\/\/fcfrp.usp.br\/pt\/wp-json\/wp\/v2\/pages\/322","targetHints":{"allow":["GET"]}}],"collection":[{"href":"https:\/\/fcfrp.usp.br\/pt\/wp-json\/wp\/v2\/pages"}],"about":[{"href":"https:\/\/fcfrp.usp.br\/pt\/wp-json\/wp\/v2\/types\/page"}],"author":[{"embeddable":true,"href":"https:\/\/fcfrp.usp.br\/pt\/wp-json\/wp\/v2\/users\/978"}],"replies":[{"embeddable":true,"href":"https:\/\/fcfrp.usp.br\/pt\/wp-json\/wp\/v2\/comments?post=322"}],"version-history":[{"count":4,"href":"https:\/\/fcfrp.usp.br\/pt\/wp-json\/wp\/v2\/pages\/322\/revisions"}],"predecessor-version":[{"id":6202,"href":"https:\/\/fcfrp.usp.br\/pt\/wp-json\/wp\/v2\/pages\/322\/revisions\/6202"}],"wp:attachment":[{"href":"https:\/\/fcfrp.usp.br\/pt\/wp-json\/wp\/v2\/media?parent=322"}],"curies":[{"name":"wp","href":"https:\/\/api.w.org\/{rel}","templated":true}]}}