{"id":3338,"date":"2020-04-30T11:21:25","date_gmt":"2020-04-30T13:21:25","guid":{"rendered":"https:\/\/sites.usp.br\/fcfrp\/?page_id=3338"},"modified":"2024-05-03T11:41:19","modified_gmt":"2024-05-03T13:41:19","slug":"cenacroesp","status":"publish","type":"page","link":"https:\/\/fcfrp.usp.br\/pt\/pesquisa-extensao\/pesquisa\/centrais-multiusuarios\/cenacroesp\/","title":{"rendered":"Central de Cromatografia e Espectrometria (CENACROESP)"},"content":{"rendered":"<div id=\"pl-3338\"  class=\"panel-layout\" ><div id=\"pg-3338-0\"  class=\"panel-grid panel-no-style\" ><div id=\"pgc-3338-0-0\"  class=\"panel-grid-cell\" ><div id=\"panel-3338-0-0-0\" class=\"so-panel widget widget_text panel-first-child panel-last-child\" data-index=\"0\" >\t\t\t<div class=\"textwidget\"><div style=\"text-align: justify; text-indent: 30pt;\">A CENACROESP (Central Anal\u00edtica de Cromatografia e Espectrometria) instalada no Departamento de Ci\u00eancias Biomoleculares da Faculdade de Ci\u00eancias Farmac\u00eauticas de Ribeir\u00e3o Preto da Universidade de S\u00e3o Paulo, representa um marco na pesquisa cient\u00edfica brasileira. Desde sua cria\u00e7\u00e3o no in\u00edcio dos anos 2000, a central proporcionou acesso a equipamentos de cromatografia l\u00edquida e espectrometria de massas de baixa resolu\u00e7\u00e3o inicialmente aos colegas do Campus de Ribeir\u00e3o Preto, evoluindo significativamente ao longo de mais de duas d\u00e9cadas, com a abertura para pesquisadores de outros campi, outras Universidades, Estados e Pa\u00edses e em 2023 foi convidada, como central modelo, para auxiliar na implementa\u00e7\u00e3o de estrutura semelhante na Universit\u00e9 Paris Cit\u00e9, antiga Paris Descarte ou Paris V na Fran\u00e7a. Al\u00e9m disso a CENACROESP deu suporte para a cria\u00e7\u00e3o de mais de duas dezenas de centrais espalhadas pelo pa\u00eds e tem mantido regularmente um programa de capacita\u00e7\u00e3o de t\u00e9cnicos e docentes de Universidades P\u00fablicas. Hoje, a CENACROESP possui tr\u00eas setores principais:<\/div>\n<div style=\"text-align: justify; text-indent: 30pt;\"><strong>Setor 1 (S1) &#8211; Central de Escalonamento:<\/strong> Criada para permitir que pesquisadores, acad\u00eamicos e membros do setor produtivo realizem estudos de amplia\u00e7\u00e3o de escala de produtos farmac\u00eauticos. Possui um reator multiprop\u00f3sito (com dimens\u00f5es adequadas para escalonamento) equipado com detector por espectrometria de infravermelho, al\u00e9m de sistemas cromatogr\u00e1ficos para isolamento de subst\u00e2ncias em grande escala. Notadamente, durante a pandemia, a central foi fundamental na verticaliza\u00e7\u00e3o do antiviral fumarato de tenofovir no Brasil, tendo sido desenvolvida uma rota alternativa de produ\u00e7\u00e3o e viabilizando os estudos cl\u00ednicos e pr\u00e9-cl\u00ednicos que foram realizados no pa\u00eds. O uso dessa estrutura requer a submiss\u00e3o de pequenos projetos que devem ser enviados ao email coordenador da central, Prof. Dr. Norberto Peporine Lopes.<\/div>\n<div style=\"text-align: justify; text-indent: 30pt;\"><strong>Setor 2 (S2) &#8211; Central de Nitrog\u00eanio L\u00edquido:<\/strong> Contando com um grande tanque de armazenamento, esta central reduz os custos de aquisi\u00e7\u00e3o de nitrog\u00eanio l\u00edquido para os docentes\/pesquisadores e possui um sistema de gera\u00e7\u00e3o de g\u00e1s que abastece diversos equipamentos. Embora seu impacto seja mais local, ela atende a mais de 50 pesquisadores. A distribui\u00e7\u00e3o do Nitrog\u00eanio L\u00edquido ocorre todas as ter\u00e7as-feiras das 07:30 \u00e0s 12:30, enquanto que Nitrog\u00eanio em sua fase gasosa \u00e9 utilizado diretamente nas tubula\u00e7\u00f5es dos blocos, M, J e K (anexo do J) da FCFRP-USP.<\/div>\n<div style=\"text-align: justify; text-indent: 30pt;\"><strong>Setor (S3) &#8211; Central de Espectrometria de Massas de Micromol\u00e9culas Org\u00e2nicas (CEMMO):<\/strong> Oferece servi\u00e7os de espectrometria de massas de alta e baixa resolu\u00e7\u00e3o, acoplados a sondas s\u00f3lidas e cromat\u00f3grafos l\u00edquidos e gasosos, atendendo a uma ampla gama de necessidades anal\u00edticas. Por ser um dos maiores parques na Am\u00e9rica Latina, em suas depend\u00eancias foram gerados, nos \u00faltimos anos, dados para publica\u00e7\u00f5es, em metabol\u00f4mica, que alcan\u00e7aram peri\u00f3dicos importantes como Nature Biotecnology (duas vezes), PNAS (5 vezes e duas capas), Nature Ecology and Evolution, Science Advances, Nature Chemistry, Nature Microbiology e Nature Communications (duas vezes), entre outros. Seu uso \u00e9 regulado pelo sistema <a href=\"https:\/\/uspmulti.prp.usp.br\/public\/centrais\/43\" target=\"_blank\" rel=\"noopener\">MultiUSP<\/a> e todo agendamento \u00e9 realizado atrav\u00e9s desta plataforma, onde podem ser encontrados os formul\u00e1rios espec\u00edficos com a descri\u00e7\u00e3o das diversas an\u00e1lises e valores.<\/div>\n<div style=\"text-align: justify; text-indent: 30pt;\">Tendo alcan\u00e7ado mais de nove mil usu\u00e1rios em todo o pa\u00eds e dando apoio a pesquisadores da Am\u00e9rica do Sul, a CENACROESP \u00e9 um exemplo de excel\u00eancia e inova\u00e7\u00e3o, contribuindo significativamente para o avan\u00e7o da ci\u00eancia e tecnologia. Por essa raz\u00e3o \u00e9 reconhecida como uma das maiores centrais em atividade e possui, como j\u00e1 citado, toda infraestrutura para treinamento de pessoal para outras centrais anal\u00edticas do Brasil e do exterior. Assim, acreditamos estar auxiliando a dispers\u00e3o da t\u00e9cnica e aprimorando a forma\u00e7\u00e3o de recursos humanos.<\/div>\n<p>&nbsp;<\/p>\n<p>&nbsp;<\/p>\n<h4><strong>Equipamentos e Servi\u00e7os<\/strong><\/h4>\n<p><a href=\"https:\/\/sites.usp.br\/fcfrp\/wp-content\/uploads\/sites\/528\/2020\/05\/massas.jpeg\"><img loading=\"lazy\" decoding=\"async\" class=\"alignright wp-image-3453 size-medium\" src=\"https:\/\/sites.usp.br\/fcfrp\/wp-content\/uploads\/sites\/528\/2020\/05\/massas-300x224.jpeg\" alt=\"\" width=\"300\" height=\"224\" srcset=\"https:\/\/fcfrp.usp.br\/wp-content\/uploads\/sites\/528\/2020\/05\/massas-300x224.jpeg 300w, https:\/\/fcfrp.usp.br\/wp-content\/uploads\/sites\/528\/2020\/05\/massas-1024x765.jpeg 1024w, https:\/\/fcfrp.usp.br\/wp-content\/uploads\/sites\/528\/2020\/05\/massas-768x574.jpeg 768w, https:\/\/fcfrp.usp.br\/wp-content\/uploads\/sites\/528\/2020\/05\/massas-1536x1148.jpeg 1536w, https:\/\/fcfrp.usp.br\/wp-content\/uploads\/sites\/528\/2020\/05\/massas-2048x1530.jpeg 2048w, https:\/\/fcfrp.usp.br\/wp-content\/uploads\/sites\/528\/2020\/05\/massas-285x214.jpeg 285w, https:\/\/fcfrp.usp.br\/wp-content\/uploads\/sites\/528\/2020\/05\/massas-80x60.jpeg 80w, https:\/\/fcfrp.usp.br\/wp-content\/uploads\/sites\/528\/2020\/05\/massas-400x299.jpeg 400w\" sizes=\"auto, (max-width: 300px) 100vw, 300px\" \/><\/a><\/p>\n<div style=\"text-align: justify; text-indent: 30pt;\">A Central Aanl\u00edtica disponibiliza 10 equipamentos utilizados para pesquisa e ensino bem como dispon\u00edvel para a obten\u00e7\u00e3o de dados pelo setor produtivo, dois desses equipamentos foram cedidos pela FAPESP atrav\u00e9s de projetos multiusu\u00e1rio (EMU \u2013 Processos: 04\/09479-8: CG-MS e 2009\/54098-6: MALDI-MS). Os outros foram aux\u00edlios individuais a pesquisa junto a FINEP (conv\u00eanio FUSP 222708: GC-MS), um pelo CNPq (INCT_if: Single TOF). No per\u00edodo recente o Departamento de F\u00edsica e Qu\u00edmica recebeu um aux\u00edlio FINEP para insta\u00e7\u00e3o de um reator multiprop\u00f3sito com monitoramento por espectroscopia de infravermelho (contrato FINEP 01.12.0282.00).<\/div>\n<div style=\"text-align: justify; text-indent: 30pt;\">Dentre os Espectr\u00f4metros de Massas existentes, 3 deles s\u00e3o de Alta Resolu\u00e7\u00e3o sendo 2 equipados com fontes de ioniza\u00e7\u00e3o electrospray (ESI) e um com fonte de MALDI. Tamb\u00e9m possu\u00edmos um equipamento de ioniza\u00e7\u00e3o por el\u00e9tron (EI) para a an\u00e1lise de constituintes vol\u00e1teis. Todos os equipamentos est\u00e3o configurados para trabalharem com subst\u00e2ncias de baixa massa molecular (inferior a 2000u).<\/div>\n<div style=\"text-align: justify;\">Os servi\u00e7os oferecidos pela CENACROESP atrav\u00e9s da CEMMO (S3) s\u00e3o:<\/div>\n<p>&nbsp;<\/p>\n<div style=\"text-align: justify;\"><strong>Ioniza\u00e7\u00e3o por Eletronspray<\/strong><br \/>\nDados de ESI-MS podem ser realizados com baixa ou alta resolu\u00e7\u00e3o. Por favor, selecione seu interesse espec\u00edfico antes de submeter a amostra junto com o arquivo espec\u00edfico.<br \/>\nAs amostras devem estar livres de sais e detergentes, sol\u00faveis em \u00e1gua ou em um solvente vol\u00e1til tal como metanol ou acetonitrila. Solventes polares tais como DMSO ou DMF n\u00e3o s\u00e3o permitidos.<\/div>\n<p>&nbsp;<\/p>\n<div style=\"text-align: justify;\"><strong>Espectrometria de Massas de Alta Resolu\u00e7\u00e3o (HRMS)<\/strong><br \/>\nEste servi\u00e7o \u00e9 tipicamente usado para pequenas mol\u00e9culas. Para an\u00e1lises de rotina o analito deve possuir massas na faixa de m\/z entre 50-2000, bem como formar \u00edons em solu\u00e7\u00e3o. Esses requisitos s\u00e3o essenciais tanto para os sistemas de Time of Flight (TOF). Caso n\u00e3o se enquadre nestes quesitos, favor contatar o Prof. Dr. Norberto Peporine Lopes pelo email: cemmo@fcfrp.usp.br.<\/div>\n<p>&nbsp;<\/p>\n<div style=\"text-align: justify;\"><strong>Cromatografia L\u00edquida acoplada a Espectrometria de Massas (LC-MS)<\/strong><br \/>\nEste servi\u00e7o permite acesso aos equipamentos com analisador TOF ou \u201cIon Trap\u201d (quando fragmenta\u00e7\u00f5es s\u00e3o requeridas), acoplados com um sistema de cromatografia l\u00edquida de alta performance. Este an\u00e1lise \u00e9 normalmente aplicada para an\u00e1lises de extratos brutos de metab\u00f3litos. Os analisadores acima n\u00e3o permitem estudos quantitativos seguros, portanto n\u00e3o desenvolvemos protocolos de quantifica\u00e7\u00e3o. Para outro uso espec\u00edfico favor contatar o Prof. Dr. Norberto Peporine Lopes pelo email: cemmo@fcfrp.usp.br.<\/div>\n<p>&nbsp;<\/p>\n<div style=\"text-align: justify;\"><strong>Matrix Assisted Laser Desorption Ionization (MALDI)<\/strong><br \/>\nApesar deste servi\u00e7o ser tipicamente utilizado para pept\u00eddeos, prote\u00ednas intactas ou outras macromol\u00e9culas, o sistema adquirido foi configurado para trabalhar com mol\u00e9culas de baixa massa molecular. Para an\u00e1lise de prote\u00ednas favor entrar em contato com o laborat\u00f3rio de Qu\u00edmica de Prote\u00ednas da FMRP. Solventes polares tais como DMSO ou DMF n\u00e3o s\u00e3o permitidos.<\/div>\n<p>&nbsp;<\/p>\n<div style=\"text-align: justify;\"><strong>Ioniza\u00e7\u00e3o por el\u00e9tron<\/strong><br \/>\nDados de EI-MS podem ser realizados em nossa central apenas em baixa resolu\u00e7\u00e3o atrav\u00e9s de inser\u00e7\u00e3o direta ou atrav\u00e9s de sistema de cromatografia em fase gasosa. Por favor, selecione seu interesse espec\u00edfico antes de submeter a amostra junto com o arquivo espec\u00edfico.<br \/>\nAs amostras devem ser termoest\u00e1veis e vol\u00e1teis, sol\u00faveis em diclorometano ou em um outro solvente vol\u00e1til. Solventes polares tais como Metanol, DMSO ou DMF n\u00e3o s\u00e3o permitidos.<\/div>\n<p>&nbsp;<\/p>\n<div style=\"text-align: justify;\">\n<h4>O servi\u00e7o oferecido pela CENACROESP S1:<\/h4>\n<p><strong>Reator multiprop\u00f3sito com monitoramento por espectroscopia na regi\u00e3o do IV<\/strong><br \/>\nEscalonamentos de rea\u00e7\u00f5es laboratoriais podem ser realizadas em nossa central com monitoramento por espectrometria de massas na regi\u00e3o do infravermelho. O sistema de cobran\u00e7a colaborativa \u00e9 medido por hora de rea\u00e7\u00e3o e todos os solventes e regentes devem ser fornecidos pelo usu\u00e1rio. Por favor, selecione seu interesse espec\u00edfico antes de submeter a solicita\u00e7\u00e3o junto com o arquivo espec\u00edfico.<\/div>\n<p>&nbsp;<\/p>\n<div style=\"text-align: justify;\"><strong>Os equipamentos acima listados n\u00e3o possuem engenharia que permitam trabalhados de quantifica\u00e7\u00e3o com alta sensibilidade. Portanto n\u00e3o oferecemos esse servi\u00e7o.<\/strong><\/div>\n<p>&nbsp;<\/p>\n<p>&nbsp;<\/p>\n<h4><strong>Dados e Resultados<\/strong><\/h4>\n<div style=\"text-align: justify;\">A solicita\u00e7\u00e3o de an\u00e1lise de espectrometria de massas dever\u00e1 ser solicitada na p\u00e1gina USP MULTI conforme tutorial em anexo.<br \/>\nTodos os dados obtidos s\u00e3o elucidados pelos usu\u00e1rios externos <strong>n\u00e3o sendo autorizado a qualquer membro da central anal\u00edtica fornecer a interpreta\u00e7\u00e3o dos resultados e\/ou identifica\u00e7\u00e3o estrutural.<\/strong><br \/>\nA solicita\u00e7\u00e3o de an\u00e1lise no reator dever\u00e1 ser solicitado pelo e-mail: gclososki@usp.br<\/div>\n<p>&nbsp;<\/p>\n<p>&nbsp;<\/p>\n<h4><strong>Hor\u00e1rio de Atendimento<\/strong><\/h4>\n<div style=\"text-align: justify;\">Segunda a Sexta-feira: das 8:00 \u00e0s 17:00 h<\/div>\n<p>&nbsp;<\/p>\n<p>&nbsp;<\/p>\n<h4><strong>Usu\u00e1rios<\/strong><\/h4>\n<div style=\"text-align: justify;\">A utiliza\u00e7\u00e3o dos equipamentos \u00e9 aberta preferencialmente aos docentes e alunos de p\u00f3s-gradua\u00e7\u00e3o da FCFRP-USP e demais unidades da Universidade de S\u00e3o Paulo (USP). De acordo com a disponibilidade de hor\u00e1rios, a utiliza\u00e7\u00e3o poder\u00e1 ser expandida para outros usu\u00e1rios externos, como docentes e alunos de outras institui\u00e7\u00f5es de ensino e pesquisa, al\u00e9m de laborat\u00f3rios diversos, empresas ou ind\u00fastrias interessadas.<\/div>\n<p>&nbsp;<\/p>\n<p>&nbsp;<\/p>\n<h4><strong>Localiza\u00e7\u00e3o<\/strong><\/h4>\n<div style=\"text-align: justify;\">Os equipamentos est\u00e3o instalados no Bloco J da FCFRP-USP.<\/div>\n<p>&nbsp;<\/p>\n<p>&nbsp;<\/p>\n<h4><strong>Contato<\/strong><\/h4>\n<div style=\"text-align: justify;\"><strong>Isabel Cristina Casanova Turatti<\/strong><br \/>\nEmail: cemmo@fcfrp.usp.br<br \/>\nTel: (16) 3315-8562<\/div>\n<p>&nbsp;<\/p>\n<div style=\"text-align: justify;\"><strong>Jacqueline Nakau Mendon\u00e7a Galiote Silva<\/strong><br \/>\nEmail: cemmo@fcfrp.usp.br<br \/>\nTel: (16) 3315-4168<\/div>\n<p>&nbsp;<\/p>\n<div style=\"text-align: justify;\"><strong>Giuliano C. Clososki<\/strong><br \/>\nEmail: gclososki@usp.br<br \/>\nTel: (16) 3315-4208<\/div>\n<p>&nbsp;<\/p>\n<p>&nbsp;<\/p>\n<h4><strong>Documentos<\/strong><\/h4>\n<p><a href=\"https:\/\/fcfrp.usp.br\/wp-content\/uploads\/sites\/528\/2022\/04\/Tutorial-para-solicitacao-de-analises-de-Espectrometria-de-Massas.pdf\" target=\"_blank\" rel=\"noopener\">&#8211; Tutorial para solicita\u00e7\u00e3o de an\u00e1lises de Espectrometria de Massas<\/a><br \/>\n<a href=\"https:\/\/fcfrp.usp.br\/wp-content\/uploads\/sites\/528\/2022\/04\/formulario_de_analise_de_espectrometria_de_massas.pdf\" target=\"_blank\" rel=\"noopener\">&#8211; Formul\u00e1rio de an\u00e1lise de Espectrometria de Massas (PDF)<\/a><br \/>\n<a href=\"https:\/\/fcfrp.usp.br\/wp-content\/uploads\/sites\/528\/2022\/04\/formulario_de_analise_de_espectrometria_de_massas.docx\" target=\"_blank\" rel=\"noopener\">&#8211; Formul\u00e1rio de an\u00e1lise de Espectrometria de Massas (DOC)<\/a><\/p>\n<\/div>\n\t\t<\/div><\/div><div id=\"pgc-3338-0-1\"  class=\"panel-grid-cell\" ><div id=\"panel-3338-0-1-0\" class=\"so-panel widget widget_nav_menu panel-first-child panel-last-child\" data-index=\"1\" ><div class=\"menu-menu-multi-container\"><ul id=\"menu-menu-multi\" class=\"menu\"><li id=\"menu-item-5520\" class=\"menu-item menu-item-type-post_type menu-item-object-page menu-item-has-children menu-item-5520\"><a href=\"https:\/\/fcfrp.usp.br\/pt\/pesquisa-extensao\/\">PESQUISA \/ EXTENS\u00c3O<\/a>\n<ul class=\"sub-menu\">\n\t<li id=\"menu-item-3343\" class=\"menu-item menu-item-type-post_type menu-item-object-page menu-item-has-children menu-item-3343\"><a href=\"https:\/\/fcfrp.usp.br\/pt\/pesquisa-extensao\/pesquisa\/\">Pesquisa<\/a>\n\t<ul class=\"sub-menu\">\n\t\t<li id=\"menu-item-5919\" class=\"menu-item menu-item-type-post_type menu-item-object-page menu-item-5919\"><a href=\"https:\/\/fcfrp.usp.br\/pt\/pesquisa-extensao\/pesquisa\/normas\/\">Normas<\/a><\/li>\n\t\t<li id=\"menu-item-5563\" class=\"menu-item menu-item-type-post_type menu-item-object-page menu-item-5563\"><a href=\"https:\/\/fcfrp.usp.br\/pt\/pesquisa-extensao\/pesquisa\/infraestrutura\/\">Infraestrutura<\/a><\/li>\n\t\t<li id=\"menu-item-3346\" class=\"menu-item menu-item-type-post_type menu-item-object-page menu-item-has-children menu-item-3346\"><a href=\"https:\/\/fcfrp.usp.br\/pt\/pesquisa-extensao\/pesquisa\/centrais-multiusuarios\/\">Centrais Multiusu\u00e1rios<\/a>\n\t\t<ul class=\"sub-menu\">\n\t\t\t<li id=\"menu-item-13614\" class=\"menu-item menu-item-type-post_type menu-item-object-page menu-item-13614\"><a href=\"https:\/\/fcfrp.usp.br\/pt\/pesquisa-extensao\/pesquisa\/centrais-multiusuarios\/cenacroesp\/\">Central de Cromatografia e Espectrometria (CENACROESP)<\/a><\/li>\n\t\t\t<li id=\"menu-item-3518\" class=\"menu-item menu-item-type-post_type menu-item-object-page menu-item-3518\"><a href=\"https:\/\/fcfrp.usp.br\/pt\/pesquisa-extensao\/pesquisa\/centrais-multiusuarios\/pusesin\/\">Central Multiusu\u00e1rio de Purifica\u00e7\u00e3o e Sequenciamento de Prote\u00edna e S\u00edntese de Pept\u00eddeo (PuSeSin)<\/a><\/li>\n\t\t\t<li id=\"menu-item-14599\" class=\"menu-item menu-item-type-post_type menu-item-object-page menu-item-14599\"><a href=\"https:\/\/uspmulti.prp.usp.br\/public\/centrais\/262\">Central Multiusu\u00e1rio em Bioqu\u00edmica Estrutural e Metabolismo \u2013 Central BQ<\/a><\/li>\n\t\t\t<li id=\"menu-item-13616\" class=\"menu-item menu-item-type-post_type menu-item-object-page menu-item-13616\"><a href=\"https:\/\/fcfrp.usp.br\/pt\/pesquisa-extensao\/pesquisa\/centrais-multiusuarios\/cemaesp\/\">Centro de Excel\u00eancia em Metal\u00f4mica Aplicada a Estudos de Sa\u00fade Populacional (CEMAESP)<\/a><\/li>\n\t\t\t<li id=\"menu-item-12988\" class=\"menu-item menu-item-type-post_type menu-item-object-page menu-item-12988\"><a href=\"https:\/\/fcfrp.usp.br\/pt\/pesquisa-extensao\/pesquisa\/centrais-multiusuarios\/oncomot\/\">Centro de Excel\u00eancia em Oncologia Molecular e Translacional (OncoMoT)<\/a><\/li>\n\t\t\t<li id=\"menu-item-3404\" class=\"menu-item menu-item-type-post_type menu-item-object-page menu-item-3404\"><a href=\"https:\/\/fcfrp.usp.br\/pt\/pesquisa-extensao\/pesquisa\/centrais-multiusuarios\/ceqil\/\">Centro de Excel\u00eancia em Quantifica\u00e7\u00e3o e Identifica\u00e7\u00e3o de Lip\u00eddios (CEQIL)<\/a><\/li>\n\t\t\t<li id=\"menu-item-3520\" class=\"menu-item menu-item-type-post_type menu-item-object-page menu-item-3520\"><a href=\"https:\/\/fcfrp.usp.br\/pt\/pesquisa-extensao\/pesquisa\/centrais-multiusuarios\/lafai\/\">Laborat\u00f3rio de Farmacot\u00e9cnica Instrumental (LAFAI)<\/a><\/li>\n\t\t\t<li id=\"menu-item-3519\" class=\"menu-item menu-item-type-post_type menu-item-object-page menu-item-3519\"><a href=\"https:\/\/fcfrp.usp.br\/pt\/pesquisa-extensao\/pesquisa\/centrais-multiusuarios\/laprofar\/\">Laborat\u00f3rio de P&#038;D em Processos Farmac\u00eauticos (LAPROFAR)<\/a><\/li>\n\t\t\t<li id=\"menu-item-3492\" class=\"menu-item menu-item-type-post_type menu-item-object-page menu-item-3492\"><a href=\"https:\/\/fcfrp.usp.br\/pt\/pesquisa-extensao\/pesquisa\/centrais-multiusuarios\/astox\/\">Laborat\u00f3rio de Toxicologia Anal\u00edtica e de Sistemas (ASTox)<\/a><\/li>\n\t\t\t<li id=\"menu-item-3517\" class=\"menu-item menu-item-type-post_type menu-item-object-page menu-item-3517\"><a href=\"https:\/\/fcfrp.usp.br\/pt\/pesquisa-extensao\/pesquisa\/centrais-multiusuarios\/sequenciamento\/\">Laborat\u00f3rio Multiusu\u00e1rio de Sequenciamento de \u00c1cidos Nucleicos (LMSeq)<\/a><\/li>\n\t\t\t<li id=\"menu-item-12470\" class=\"menu-item menu-item-type-post_type menu-item-object-page menu-item-12470\"><a href=\"https:\/\/fcfrp.usp.br\/pt\/pesquisa-extensao\/pesquisa\/centrais-multiusuarios\/crmn300\/\">Central de Resson\u00e2ncia Magn\u00e9tica Nuclear de 300MHz<\/a><\/li>\n\t\t\t<li id=\"menu-item-3860\" class=\"menu-item menu-item-type-post_type menu-item-object-page menu-item-has-children menu-item-3860\"><a href=\"https:\/\/fcfrp.usp.br\/pt\/pesquisa-extensao\/pesquisa\/centrais-multiusuarios\/\">LIAREC &#8211; Laborat\u00f3rio de Imagens de Alta Resolu\u00e7\u00e3o e Estudos Celulares<\/a>\n\t\t\t<ul class=\"sub-menu\">\n\t\t\t\t<li id=\"menu-item-3543\" class=\"menu-item menu-item-type-post_type menu-item-object-page menu-item-3543\"><a href=\"https:\/\/fcfrp.usp.br\/pt\/pesquisa-extensao\/pesquisa\/centrais-multiusuarios\/nanoparticulados\/\">Caracteriza\u00e7\u00e3o de Sistemas de Libera\u00e7\u00e3o Micro e Nanodispersos<\/a><\/li>\n\t\t\t\t<li id=\"menu-item-3542\" class=\"menu-item menu-item-type-post_type menu-item-object-page menu-item-3542\"><a href=\"https:\/\/fcfrp.usp.br\/pt\/pesquisa-extensao\/pesquisa\/centrais-multiusuarios\/citometria\/\">Citometria de Fluxo<\/a><\/li>\n\t\t\t\t<li id=\"menu-item-3541\" class=\"menu-item menu-item-type-post_type menu-item-object-page menu-item-3541\"><a href=\"https:\/\/fcfrp.usp.br\/pt\/pesquisa-extensao\/pesquisa\/centrais-multiusuarios\/eletroforese\/\">Eletroforese Capilar<\/a><\/li>\n\t\t\t\t<li id=\"menu-item-3540\" class=\"menu-item menu-item-type-post_type menu-item-object-page menu-item-3540\"><a href=\"https:\/\/fcfrp.usp.br\/pt\/pesquisa-extensao\/pesquisa\/centrais-multiusuarios\/microscopia\/\">Microscopia de Fluoresc\u00eancia Confocal<\/a><\/li>\n\t\t\t\t<li id=\"menu-item-3882\" class=\"menu-item menu-item-type-post_type menu-item-object-page menu-item-3882\"><a href=\"https:\/\/fcfrp.usp.br\/pt\/pesquisa-extensao\/pesquisa\/centrais-multiusuarios\/microscopia-atomica\/\">Microsc\u00f3pio de For\u00e7a At\u00f4mica<\/a><\/li>\n\t\t\t\t<li id=\"menu-item-12343\" class=\"menu-item menu-item-type-post_type menu-item-object-page menu-item-12343\"><a href=\"https:\/\/fcfrp.usp.br\/pt\/pesquisa-extensao\/pesquisa\/centrais-multiusuarios\/cromatografo-liquido-de-ultra-eficiencia-uplc\/\">Cromat\u00f3grafo l\u00edquido de ultra efici\u00eancia \u2013 UPLC<\/a><\/li>\n\t\t\t\t<li id=\"menu-item-12344\" class=\"menu-item menu-item-type-post_type menu-item-object-page menu-item-12344\"><a href=\"https:\/\/fcfrp.usp.br\/pt\/pesquisa-extensao\/pesquisa\/centrais-multiusuarios\/sistema-automatico-para-testes-de-topicos-e-transdermicos-em-celulas-de-difusao-vertical-vertical-diffusion-cell-sistema-de-coleta-automatica-microette-plus-phoenix-rds-robotic-diffusion\/\">Sistema Autom\u00e1tico para testes de t\u00f3picos e Transd\u00e9rmicos em C\u00e9lulas de Difus\u00e3o Vertical<\/a><\/li>\n\t\t\t\t<li id=\"menu-item-12352\" class=\"menu-item menu-item-type-post_type menu-item-object-page menu-item-12352\"><a href=\"https:\/\/fcfrp.usp.br\/pt\/pesquisa-extensao\/pesquisa\/centrais-multiusuarios\/imagexpress-micro-4-xl-high-content-screening-hcs\/\">ImageXpress Micro 4 XL \u2013 High Content Screening \u2013 HCS<\/a><\/li>\n\t\t\t<\/ul>\n<\/li>\n\t\t<\/ul>\n<\/li>\n\t\t<li id=\"menu-item-5569\" class=\"menu-item menu-item-type-post_type menu-item-object-page menu-item-5569\"><a href=\"https:\/\/fcfrp.usp.br\/pt\/pesquisa-extensao\/pesquisa\/grupos-pesquisa\/\">Grupos de Pesquisa<\/a><\/li>\n\t\t<li id=\"menu-item-5575\" class=\"menu-item menu-item-type-post_type menu-item-object-page menu-item-5575\"><a href=\"https:\/\/fcfrp.usp.br\/pt\/pesquisa-extensao\/pesquisa\/programas\/\">Programas<\/a><\/li>\n\t\t<li id=\"menu-item-5579\" class=\"menu-item menu-item-type-post_type menu-item-object-page menu-item-5579\"><a href=\"https:\/\/fcfrp.usp.br\/pt\/pesquisa-extensao\/pesquisa\/oportunidades\/\">Oportunidades<\/a><\/li>\n\t<\/ul>\n<\/li>\n\t<li id=\"menu-item-3344\" class=\"menu-item menu-item-type-post_type menu-item-object-page menu-item-3344\"><a href=\"https:\/\/fcfrp.usp.br\/pt\/pesquisa-extensao\/extensao\/\">Cultura e Extens\u00e3o<\/a><\/li>\n\t<li id=\"menu-item-3345\" class=\"menu-item menu-item-type-post_type menu-item-object-page menu-item-3345\"><a href=\"https:\/\/fcfrp.usp.br\/pt\/institucional\/comissoes\/relacoes-internacionais\/\">Rela\u00e7\u00f5es Internacionais<\/a><\/li>\n<\/ul>\n<\/li>\n<\/ul><\/div><\/div><\/div><\/div><\/div>","protected":false},"excerpt":{"rendered":"<p>A CENACROESP (Central Anal\u00edtica de Cromatografia e Espectrometria) instalada no Departamento de Ci\u00eancias Biomoleculares da Faculdade de Ci\u00eancias Farmac\u00eauticas de Ribeir\u00e3o Preto da Universidade de S\u00e3o Paulo, representa um marco na pesquisa cient\u00edfica brasileira. Desde sua cria\u00e7\u00e3o no in\u00edcio dos anos 2000, a central proporcionou acesso a equipamentos de cromatografia l\u00edquida e espectrometria de massas<a href=\"https:\/\/fcfrp.usp.br\/pt\/pesquisa-extensao\/pesquisa\/centrais-multiusuarios\/cenacroesp\/\">[&#8230;]<\/a><\/p>\n","protected":false},"author":978,"featured_media":0,"parent":796,"menu_order":0,"comment_status":"closed","ping_status":"closed","template":"template-fullwidth.php","meta":{"footnotes":"","_links_to":"","_links_to_target":""},"class_list":["post-3338","page","type-page","status-publish","hentry"],"_links":{"self":[{"href":"https:\/\/fcfrp.usp.br\/pt\/wp-json\/wp\/v2\/pages\/3338","targetHints":{"allow":["GET"]}}],"collection":[{"href":"https:\/\/fcfrp.usp.br\/pt\/wp-json\/wp\/v2\/pages"}],"about":[{"href":"https:\/\/fcfrp.usp.br\/pt\/wp-json\/wp\/v2\/types\/page"}],"author":[{"embeddable":true,"href":"https:\/\/fcfrp.usp.br\/pt\/wp-json\/wp\/v2\/users\/978"}],"replies":[{"embeddable":true,"href":"https:\/\/fcfrp.usp.br\/pt\/wp-json\/wp\/v2\/comments?post=3338"}],"version-history":[{"count":4,"href":"https:\/\/fcfrp.usp.br\/pt\/wp-json\/wp\/v2\/pages\/3338\/revisions"}],"predecessor-version":[{"id":13613,"href":"https:\/\/fcfrp.usp.br\/pt\/wp-json\/wp\/v2\/pages\/3338\/revisions\/13613"}],"up":[{"embeddable":true,"href":"https:\/\/fcfrp.usp.br\/pt\/wp-json\/wp\/v2\/pages\/796"}],"wp:attachment":[{"href":"https:\/\/fcfrp.usp.br\/pt\/wp-json\/wp\/v2\/media?parent=3338"}],"curies":[{"name":"wp","href":"https:\/\/api.w.org\/{rel}","templated":true}]}}