{"id":4086,"date":"2020-05-06T11:14:47","date_gmt":"2020-05-06T13:14:47","guid":{"rendered":"https:\/\/sites.usp.br\/fcfrp\/?page_id=4086"},"modified":"2025-03-19T08:10:18","modified_gmt":"2025-03-19T10:10:18","slug":"trancamentos","status":"publish","type":"page","link":"https:\/\/fcfrp.usp.br\/pt\/ensino\/graduacao\/trancamentos\/","title":{"rendered":"Trancamentos"},"content":{"rendered":"<div id=\"pl-4086\"  class=\"panel-layout\" ><div id=\"pg-4086-0\"  class=\"panel-grid panel-no-style\" ><div id=\"pgc-4086-0-0\"  class=\"panel-grid-cell\" ><div id=\"panel-4086-0-0-0\" class=\"so-panel widget widget_text panel-first-child panel-last-child\" data-index=\"0\" >\t\t\t<div class=\"textwidget\"><div style=\"text-align: justify;\">Trancamento \u00e9 a interrup\u00e7\u00e3o TOTAL ou PARCIAL das atividades escolares, conforme Art. 74 do Regimento Geral da USP.<\/div>\n<p>&nbsp;<\/p>\n<div style=\"text-align: justify;\"><strong>TOTAL (CURSO)<\/strong> \u2013 \u00c9 o trancamento do curso e \u00e9 poss\u00edvel solicitar em qualquer \u00e9poca do ano, desde que o aluno:<br \/>\n&#8211; Tenha matr\u00edcula em alguma disciplina;<br \/>\n&#8211; N\u00e3o esteja reprovado por falta nas disciplinas do semestre e que a soma dos cr\u00e9ditos das disciplinas com reprova\u00e7\u00e3o n\u00e3o ultrapasse 25% do total de cr\u00e9ditos em que estiver matriculado.<br \/>\n<strong><em>Como Solicitar<\/em><\/strong><br \/>\n1) Passe por orienta\u00e7\u00e3o pedag\u00f3gica com a Educadora M\u00e1rcia;<br \/>\n2) Apresente ao Servi\u00e7o de Gradua\u00e7\u00e3o o Requerimento Padr\u00e3o (acesse o menu Formul\u00e1rios) original, preenchido e assinado com a devida justificativa.<\/div>\n<p>&nbsp;<\/p>\n<div style=\"text-align: justify;\"><strong>PARCIAL (DISCIPLINA)<\/strong> \u2013 \u00c9 a desist\u00eancia de cursar uma ou mais disciplinas do semestre, sendo da FCFRP ou de qualquer outra Unidade da USP, inclusive disciplinas da Pr\u00f3-Reitoria de Gradua\u00e7\u00e3o.<br \/>\nO prazo para trancamento de disciplinas no ano de 2025, s\u00e3o:<br \/>\n1\u00ba sem 2025: 17\/03 a 07\/04\/25<br \/>\n2\u00ba sem 2025: 25\/08 a 12\/09\/25.<br \/>\n<em><strong>Como Solicitar<\/strong><\/em><br \/>\nEnvie solicita\u00e7\u00e3o de seu e-mail USP para jr8@fcfrp.usp.br contendo nome completo, n\u00ba USP, nome e c\u00f3digo da disciplina e devida justificativa.<\/div>\n<\/div>\n\t\t<\/div><\/div><div id=\"pgc-4086-0-1\"  class=\"panel-grid-cell\" ><div id=\"panel-4086-0-1-0\" class=\"so-panel widget widget_nav_menu panel-first-child panel-last-child\" data-index=\"1\" ><div class=\"menu-menu-grad-container\"><ul id=\"menu-menu-grad\" class=\"menu\"><li id=\"menu-item-3941\" class=\"menu-item menu-item-type-post_type menu-item-object-page menu-item-has-children menu-item-3941\"><a href=\"https:\/\/fcfrp.usp.br\/pt\/ensino\/\">ENSINO<\/a>\n<ul class=\"sub-menu\">\n\t<li id=\"menu-item-3942\" class=\"menu-item menu-item-type-post_type menu-item-object-page menu-item-has-children menu-item-3942\"><a href=\"https:\/\/fcfrp.usp.br\/pt\/ensino\/graduacao\/\">Gradua\u00e7\u00e3o<\/a>\n\t<ul class=\"sub-menu\">\n\t\t<li id=\"menu-item-3938\" class=\"menu-item menu-item-type-post_type menu-item-object-page menu-item-has-children menu-item-3938\"><a href=\"https:\/\/fcfrp.usp.br\/pt\/ensino\/graduacao\/comissao-graduacao\/\">Comiss\u00e3o de Gradua\u00e7\u00e3o<\/a>\n\t\t<ul class=\"sub-menu\">\n\t\t\t<li id=\"menu-item-10994\" class=\"menu-item menu-item-type-post_type menu-item-object-page menu-item-10994\"><a href=\"https:\/\/fcfrp.usp.br\/pt\/ensino\/graduacao\/deliberacoes\/\">Regimento e Delibera\u00e7\u00f5es<\/a><\/li>\n\t\t\t<li id=\"menu-item-13034\" class=\"menu-item menu-item-type-post_type menu-item-object-page menu-item-13034\"><a href=\"https:\/\/fcfrp.usp.br\/pt\/ensino\/graduacao\/eventos\/\">Eventos<\/a><\/li>\n\t\t<\/ul>\n<\/li>\n\t\t<li id=\"menu-item-3939\" class=\"menu-item menu-item-type-post_type menu-item-object-page menu-item-3939\"><a href=\"https:\/\/fcfrp.usp.br\/pt\/institucional\/administracao\/atac\/secao-graduacao\/\">Servi\u00e7o de Gradua\u00e7\u00e3o<\/a><\/li>\n\t\t<li id=\"menu-item-3940\" class=\"menu-item menu-item-type-post_type menu-item-object-page menu-item-3940\"><a href=\"https:\/\/fcfrp.usp.br\/pt\/institucional\/administracao\/atac\/apoio-pedagogico\/\">Apoio Pedag\u00f3gico<\/a><\/li>\n\t\t<li id=\"menu-item-4000\" class=\"menu-item menu-item-type-post_type menu-item-object-page menu-item-4000\"><a href=\"https:\/\/fcfrp.usp.br\/pt\/ensino\/graduacao\/como-estudar\/\">Como Estudar na FCFRP\/USP<\/a><\/li>\n\t\t<li id=\"menu-item-4064\" class=\"menu-item menu-item-type-post_type menu-item-object-page menu-item-4064\"><a href=\"https:\/\/fcfrp.usp.br\/pt\/ensino\/graduacao\/atestados\/\">Solicita\u00e7\u00f5es &#8211; alunos<\/a><\/li>\n\t\t<li id=\"menu-item-4047\" class=\"menu-item menu-item-type-post_type menu-item-object-page menu-item-4047\"><a href=\"https:\/\/fcfrp.usp.br\/pt\/ensino\/graduacao\/aulas\/\">Aulas e Calend\u00e1rios<\/a><\/li>\n\t\t<li id=\"menu-item-7698\" class=\"menu-item menu-item-type-post_type menu-item-object-page menu-item-7698\"><a href=\"https:\/\/fcfrp.usp.br\/pt\/ensino\/graduacao\/onibus\/\">Dados para Carteirinha de \u00d4nibus<\/a><\/li>\n\t\t<li id=\"menu-item-4073\" class=\"menu-item menu-item-type-post_type menu-item-object-page menu-item-4073\"><a href=\"https:\/\/fcfrp.usp.br\/pt\/ensino\/graduacao\/colacoes\/\">Cola\u00e7\u00f5es de Grau<\/a><\/li>\n\t\t<li id=\"menu-item-4097\" class=\"menu-item menu-item-type-post_type menu-item-object-page menu-item-4097\"><a href=\"https:\/\/fcfrp.usp.br\/pt\/ensino\/graduacao\/estagios\/\">Est\u00e1gios<\/a><\/li>\n\t\t<li id=\"menu-item-4096\" class=\"menu-item menu-item-type-post_type menu-item-object-page menu-item-4096\"><a href=\"https:\/\/fcfrp.usp.br\/pt\/ensino\/graduacao\/formularios-grad\/\">Formul\u00e1rios para professores<\/a><\/li>\n\t\t<li id=\"menu-item-4095\" class=\"menu-item menu-item-type-post_type menu-item-object-page menu-item-4095\"><a href=\"https:\/\/fcfrp.usp.br\/pt\/ensino\/graduacao\/matriculas\/\">Matr\u00edculas 2026<\/a><\/li>\n\t\t<li id=\"menu-item-4094\" class=\"menu-item menu-item-type-post_type menu-item-object-page menu-item-4094\"><a href=\"https:\/\/fcfrp.usp.br\/pt\/ensino\/graduacao\/monitoria\/\">Monitoria<\/a><\/li>\n\t\t<li id=\"menu-item-4092\" class=\"menu-item menu-item-type-post_type menu-item-object-page menu-item-4092\"><a href=\"https:\/\/fcfrp.usp.br\/pt\/ensino\/graduacao\/tcc\/\">TCC<\/a><\/li>\n\t\t<li id=\"menu-item-4093\" class=\"menu-item menu-item-type-post_type menu-item-object-page menu-item-4093\"><a href=\"https:\/\/fcfrp.usp.br\/pt\/ensino\/graduacao\/trancamentos\/\">Trancamentos<\/a><\/li>\n\t\t<li id=\"menu-item-4009\" class=\"menu-item menu-item-type-post_type menu-item-object-page menu-item-4009\"><a href=\"https:\/\/fcfrp.usp.br\/pt\/ensino\/graduacao\/egressos\/\">Egressos (Ex-Alunos)<\/a><\/li>\n\t<\/ul>\n<\/li>\n\t<li id=\"menu-item-3943\" class=\"menu-item menu-item-type-post_type menu-item-object-page menu-item-3943\"><a href=\"https:\/\/fcfrp.usp.br\/pt\/ensino\/pos-graduacao\/\">P\u00f3s-Gradua\u00e7\u00e3o<\/a><\/li>\n<\/ul>\n<\/li>\n<\/ul><\/div><\/div><\/div><\/div><\/div>","protected":false},"excerpt":{"rendered":"<p>Trancamento \u00e9 a interrup\u00e7\u00e3o TOTAL ou PARCIAL das atividades escolares, conforme Art. 74 do Regimento Geral da USP. &nbsp; TOTAL (CURSO) \u2013 \u00c9 o trancamento do curso e \u00e9 poss\u00edvel solicitar em qualquer \u00e9poca do ano, desde que o aluno: &#8211; Tenha matr\u00edcula em alguma disciplina; &#8211; N\u00e3o esteja reprovado por falta nas disciplinas do<a href=\"https:\/\/fcfrp.usp.br\/pt\/ensino\/graduacao\/trancamentos\/\">[&#8230;]<\/a><\/p>\n","protected":false},"author":978,"featured_media":0,"parent":452,"menu_order":8,"comment_status":"closed","ping_status":"closed","template":"template-fullwidth.php","meta":{"footnotes":"","_links_to":"","_links_to_target":""},"class_list":["post-4086","page","type-page","status-publish","hentry"],"_links":{"self":[{"href":"https:\/\/fcfrp.usp.br\/pt\/wp-json\/wp\/v2\/pages\/4086","targetHints":{"allow":["GET"]}}],"collection":[{"href":"https:\/\/fcfrp.usp.br\/pt\/wp-json\/wp\/v2\/pages"}],"about":[{"href":"https:\/\/fcfrp.usp.br\/pt\/wp-json\/wp\/v2\/types\/page"}],"author":[{"embeddable":true,"href":"https:\/\/fcfrp.usp.br\/pt\/wp-json\/wp\/v2\/users\/978"}],"replies":[{"embeddable":true,"href":"https:\/\/fcfrp.usp.br\/pt\/wp-json\/wp\/v2\/comments?post=4086"}],"version-history":[{"count":4,"href":"https:\/\/fcfrp.usp.br\/pt\/wp-json\/wp\/v2\/pages\/4086\/revisions"}],"predecessor-version":[{"id":15001,"href":"https:\/\/fcfrp.usp.br\/pt\/wp-json\/wp\/v2\/pages\/4086\/revisions\/15001"}],"up":[{"embeddable":true,"href":"https:\/\/fcfrp.usp.br\/pt\/wp-json\/wp\/v2\/pages\/452"}],"wp:attachment":[{"href":"https:\/\/fcfrp.usp.br\/pt\/wp-json\/wp\/v2\/media?parent=4086"}],"curies":[{"name":"wp","href":"https:\/\/api.w.org\/{rel}","templated":true}]}}