{"id":4262,"date":"2020-05-08T08:34:39","date_gmt":"2020-05-08T10:34:39","guid":{"rendered":"https:\/\/sites.usp.br\/fcfrp\/?page_id=4262"},"modified":"2026-02-26T16:35:14","modified_gmt":"2026-02-26T18:35:14","slug":"toxicologia","status":"publish","type":"page","link":"https:\/\/fcfrp.usp.br\/pt\/ensino\/pos-graduacao\/toxicologia\/","title":{"rendered":"Programa de Toxicologia"},"content":{"rendered":"<div id=\"pl-4262\"  class=\"panel-layout\" ><div id=\"pg-4262-0\"  class=\"panel-grid panel-no-style\" ><div id=\"pgc-4262-0-0\"  class=\"panel-grid-cell\" ><div id=\"panel-4262-0-0-0\" class=\"so-panel widget widget_text panel-first-child\" data-index=\"0\" >\t\t\t<div class=\"textwidget\"><div style=\"text-align: justify; text-indent: 30pt;\">O programa oferece para os alunos dos cursos de mestrado e doutorado um amplo treinamento em ensino e pesquisa nas diferentes \u00e1reas do conhecimento em Toxicologia. A interdisciplinaridade do programa est\u00e1 pautada na forma\u00e7\u00e3o cient\u00edfica excelente e altamente diversificada dos seus pesquisadores.<br \/>\nO Programa de P\u00f3s-Gradua\u00e7\u00e3o em Toxicologia tem como objetivos:<br \/>\na) forma\u00e7\u00e3o de recursos humanos especializados no estudo dos efeitos adversos de subst\u00e2ncias qu\u00edmicas aos organismos vivos;<br \/>\nb) promover a forma\u00e7\u00e3o de pessoal para a doc\u00eancia e pesquisa em Toxicologia e \u00e1reas afins com capacidade de atuar em institui\u00e7\u00f5es de ensino p\u00fablico ou privado;<br \/>\nc) formar e\/ou aprimorar recursos humanos aptos a atuarem na solu\u00e7\u00e3o de problemas e tomadas de decis\u00e3o relativas ao emprego seguro das subst\u00e2ncias qu\u00edmicas, exercendo atividades de lideran\u00e7a tanto em \u00f3rg\u00e3os e ag\u00eancias reguladoras como em v\u00e1rios segmentos da ind\u00fastria nacional;<br \/>\nd) fortalecer a Toxicologia no Pa\u00eds, com a forma\u00e7\u00e3o de lideran\u00e7as na \u00e1rea que disseminar\u00e3o os conhecimentos no pa\u00eds e no exterior, al\u00e9m de nuclear grupos fortes na \u00e1rea.<\/div>\n<div style=\"text-align: justify; text-indent: 30pt;\">Para atingir esses objetivos, o p\u00f3s-graduando se especializar\u00e1 em uma de suas tr\u00eas grandes \u00e1reas: Experimental, Cl\u00ednica e Anal\u00edtica, que constituem as tr\u00eas grandes linhas do nosso PPG e atendem \u00e0s tr\u00eas finalidades essenciais da Toxicologia: Preven\u00e7\u00e3o, Diagn\u00f3stico e Tratamento de Intoxica\u00e7\u00f5es.<\/div>\n<p>&nbsp;<\/p>\n<div style=\"text-align: justify;\"><strong>Miss\u00e3o do PPG em Toxicologia:<\/strong><br \/>\n<em>A forma\u00e7\u00e3o de recursos humanos especializados e capacitados para atuar no estudo dos efeitos adversos de subst\u00e2ncias qu\u00edmicas aos organismos vivos, com vis\u00e3o cr\u00edtica e construtiva, comprometidos com valores \u00e9ticos e com a sociedade.<\/em><\/div>\n<p>&nbsp;<\/p>\n<div style=\"text-align: justify;\"><strong>Mestrado e Doutorado Conceito CAPES: 6<\/strong><\/div>\n<p>&nbsp;<\/p>\n<h4><strong>Comiss\u00e3o Coordenadora do Programa<\/strong><\/h4>\n<div>\n<table width=\"709\">\n<tbody>\n<tr>\n<td width=\"462\"><strong><em>Prof. Dr. Jonas Augusto R. Paschoal (Coordenador)<\/em><\/strong><\/td>\n<td width=\"247\">15\/06\/2024 a 14\/06\/2026<\/td>\n<\/tr>\n<tr>\n<td>Profa. Dra. Danielle Palma de Oliveira (Vice-Coordenadora)<\/td>\n<td>15\/06\/2024 a 14\/06\/2026<\/td>\n<\/tr>\n<tr>\n<td>Prof. Dr. Jo\u00e3o Paulo Bianchi Ximenez<\/td>\n<td>31\/05\/2024 a 30\/05\/2026<\/td>\n<\/tr>\n<tr>\n<td>Profa. Dra. Lus\u00e2nia Maria Greggi Antunes<\/td>\n<td>11\/11\/2024 a 10\/11\/2026<\/td>\n<\/tr>\n<tr>\n<td>Gabriel Henrique Savietto(Representante Discente)<\/td>\n<td>18\/12\/2025 a 17\/12\/2026<\/td>\n<\/tr>\n<tr>\n<td><strong>Suplentes<\/strong><\/td>\n<td><\/td>\n<\/tr>\n<tr>\n<td>Profa. Dra. Cristiane Masetto de Gaitani<\/td>\n<td>31\/05\/2024 a 30\/05\/2026<\/td>\n<\/tr>\n<tr>\n<td>Prof. Dr. Daniel Junqueira Dorta<\/td>\n<td>11\/11\/2024 a 10\/11\/2026<\/td>\n<\/tr>\n<tr>\n<td>Profa. Dra. Alessandra Jager Vincenzi<\/td>\n<td>31\/05\/2024 a 30\/05\/2026<\/td>\n<\/tr>\n<tr>\n<td>Prof. Dr. Bruno Spinosa De Martinis<\/td>\n<td>11\/11\/2024 a 10\/11\/2026<\/td>\n<\/tr>\n<tr>\n<td>Lucas Cassulatti dos Santos<\/td>\n<td>18\/12\/2025 a 17\/12\/2026<\/td>\n<\/tr>\n<\/tbody>\n<\/table>\n<\/div>\n<p>&nbsp;<\/p>\n<h4><a href=\"https:\/\/fcfrp.usp.br\/wp-content\/uploads\/sites\/528\/2025\/12\/Calendario-Reunioes-Primeiro-Semestre-de-2026.pdf\"><strong>CALEND\u00c1RIO DAS REUNI\u00d5ES ORDIN\u00c1RIAS DA COMISS\u00c3O COORDENADORA DO<br \/>\nPROGRAMA DE TOXICOLOGIA 1\u00ba SEMESTRE DE 2026<\/strong><\/a><\/h4>\n<table width=\"677\">\n<tbody>\n<tr>\n<td width=\"206\"><strong>PRAZO M\u00c1XIMO DA ENTREGA DE DOCUMENTOS PARA REUNI\u00c3O DA CCP<\/strong><\/td>\n<td width=\"216\"><strong>DATA DAS REUNI\u00d5ES DA CCP DO PROGRAMA DE TOXICOLOGIA<\/strong><\/td>\n<td width=\"115\"><strong>HOR\u00c1RIO<\/strong><\/td>\n<td width=\"140\"><strong>LOCAL<\/strong><\/td>\n<\/tr>\n<tr>\n<td width=\"206\"><strong>04\/02\/2026 (Quinta-feira)<\/strong><\/td>\n<td width=\"216\"><strong>09\/02\/2026 (Segunda-feira)<\/strong><\/td>\n<td width=\"115\"><strong>09:00\u00a0 <\/strong><\/td>\n<td width=\"140\"><strong>Sala de Videoconfer\u00eancia <\/strong><\/td>\n<\/tr>\n<tr>\n<td width=\"206\"><strong>04\/03\/2026 (Quinta-feira)<\/strong><\/td>\n<td width=\"216\"><strong>09\/03\/2026 (Segunda-feira) <\/strong><\/td>\n<td width=\"115\"><strong>09:00\u00a0 <\/strong><\/td>\n<td width=\"140\"><strong>Sala de Reuni\u00f5es <\/strong><\/td>\n<\/tr>\n<tr>\n<td width=\"206\"><strong>01\/04\/2026 (Quinta-feira)<\/strong><\/td>\n<td width=\"216\"><strong>06\/04\/2026 (Segunda-feira)<\/strong><\/td>\n<td width=\"115\"><strong>09:00\u00a0 <\/strong><\/td>\n<td width=\"140\"><strong>Sala de Reuni\u00f5es <\/strong><\/td>\n<\/tr>\n<tr>\n<td width=\"206\"><strong>29\/04\/2026 (Quinta-feira)<\/strong><\/td>\n<td width=\"216\"><strong>04\/05\/2026 (Segunda-feira)<\/strong><\/td>\n<td width=\"115\"><strong>09:00\u00a0 <\/strong><\/td>\n<td width=\"140\"><strong>Sala de Videoconfer\u00eancia<\/strong><\/td>\n<\/tr>\n<tr>\n<td width=\"206\"><strong>03\/06\/2026 (Quinta-feira)<\/strong><\/td>\n<td width=\"216\"><strong>08\/06\/2026 (Segunda-feira)<\/strong><\/td>\n<td width=\"115\"><strong>09:00\u00a0 <\/strong><\/td>\n<td width=\"140\"><strong>Sala de Videoconfer\u00eancia<\/strong><\/td>\n<\/tr>\n<tr>\n<td width=\"206\"><strong>01\/07\/2026 (Quinta-feira)<\/strong><\/td>\n<td width=\"216\"><strong>06\/07\/2026 (Segunda-feira)<\/strong><\/td>\n<td width=\"115\"><strong>09:00\u00a0 <\/strong><\/td>\n<td width=\"140\"><strong>Sala de Reuni\u00f5es <\/strong><\/td>\n<\/tr>\n<\/tbody>\n<\/table>\n<p>&nbsp;<\/p>\n<h4><strong>Comiss\u00e3o de Auto Avalia\u00e7\u00e3o &#8211; Vig\u00eancia Maio\/2022 a Maio\/2024<\/strong><\/h4>\n<div>\n<table width=\"709\">\n<tbody>\n<tr>\n<td width=\"462\"><em>Profa. Dra. Lus\u00e2nia Maria Greggi Antunes<\/em><\/td>\n<td width=\"247\">Coordenadora do Programa<\/td>\n<\/tr>\n<tr>\n<td>Prof. Dr. Jonas Augusto R. Paschoal<\/td>\n<td>Vice-Coordenador<\/td>\n<\/tr>\n<tr>\n<td>Profa. Dra. Danielle Palma de Oliveira<\/td>\n<td>Docente Permanente<\/td>\n<\/tr>\n<tr>\n<td>Me. Paula Picoli Devoz<\/td>\n<td>Represente Discente<\/td>\n<\/tr>\n<tr>\n<td>Rosemary Ioshimine Gerolineto<\/td>\n<td>T\u00e9cnico Administrativo<\/td>\n<\/tr>\n<\/tbody>\n<\/table>\n<\/div>\n<p>&nbsp;<\/p>\n<h4><strong>Hor\u00e1rio de Atendimento<\/strong><\/h4>\n<div style=\"text-align: justify;\">Segunda a Sexta-feira: das 08:00 \u00e0s 16:30 h<\/div>\n<p>&nbsp;<\/p>\n<h4><strong>Contato<\/strong><\/h4>\n<div style=\"text-align: justify;\"><strong>Rosana Flor\u00eancio<\/strong><br \/>\nEmail: ppg.toxrp@usp.br<br \/>\nTel: (16) 3315-4881<\/div>\n<\/div>\n\t\t<\/div><div id=\"panel-4262-0-0-1\" class=\"so-panel widget widget_media_video\" data-index=\"1\" ><h3 class=\"widget-title\">V\u00eddeo Institucional do Programa de Toxicologia<\/h3><div style=\"width:100%;\" class=\"wp-video\"><video class=\"wp-video-shortcode\" id=\"video-4262-1\" preload=\"metadata\" controls=\"controls\"><source type=\"video\/youtube\" src=\"https:\/\/youtu.be\/6vk-JdP5Ckk?_=1\" \/><a href=\"https:\/\/youtu.be\/6vk-JdP5Ckk\">https:\/\/youtu.be\/6vk-JdP5Ckk<\/a><\/video><\/div><\/div><div id=\"panel-4262-0-0-2\" class=\"so-panel widget widget_media_video panel-last-child\" data-index=\"2\" ><div style=\"width:100%;\" class=\"wp-video\"><video class=\"wp-video-shortcode\" id=\"video-4262-2\" preload=\"metadata\" controls=\"controls\"><source type=\"video\/youtube\" src=\"https:\/\/www.youtube.com\/watch?v=F61TR0ES7hM&#038;_=2\" \/><a href=\"https:\/\/www.youtube.com\/watch?v=F61TR0ES7hM\">https:\/\/www.youtube.com\/watch?v=F61TR0ES7hM<\/a><\/video><\/div><\/div><\/div><div id=\"pgc-4262-0-1\"  class=\"panel-grid-cell\" ><div id=\"panel-4262-0-1-0\" class=\"so-panel widget widget_nav_menu panel-first-child panel-last-child\" data-index=\"3\" ><div class=\"menu-menu-pos-tox-container\"><ul id=\"menu-menu-pos-tox\" class=\"menu\"><li id=\"menu-item-4581\" class=\"menu-item menu-item-type-post_type menu-item-object-page menu-item-has-children menu-item-4581\"><a href=\"https:\/\/fcfrp.usp.br\/pt\/ensino\/\">ENSINO<\/a>\n<ul class=\"sub-menu\">\n\t<li id=\"menu-item-4582\" class=\"menu-item menu-item-type-post_type menu-item-object-page menu-item-4582\"><a href=\"https:\/\/fcfrp.usp.br\/pt\/ensino\/graduacao\/\">Gradua\u00e7\u00e3o<\/a><\/li>\n\t<li id=\"menu-item-4583\" class=\"menu-item menu-item-type-post_type menu-item-object-page menu-item-has-children menu-item-4583\"><a href=\"https:\/\/fcfrp.usp.br\/pt\/ensino\/pos-graduacao\/\">P\u00f3s-Gradua\u00e7\u00e3o<\/a>\n\t<ul class=\"sub-menu\">\n\t\t<li id=\"menu-item-4584\" class=\"menu-item menu-item-type-post_type menu-item-object-page menu-item-4584\"><a href=\"https:\/\/fcfrp.usp.br\/pt\/ensino\/pos-graduacao\/comissao-pos-graduacao\/\">Comiss\u00e3o de P\u00f3s-Gradua\u00e7\u00e3o<\/a><\/li>\n\t\t<li id=\"menu-item-4580\" class=\"menu-item menu-item-type-post_type menu-item-object-page menu-item-4580\"><a href=\"https:\/\/fcfrp.usp.br\/pt\/institucional\/administracao\/atac\/secao-posgraduacao\/\">Servi\u00e7o de P\u00f3s-Gradua\u00e7\u00e3o<\/a><\/li>\n\t\t<li id=\"menu-item-4585\" class=\"menu-item menu-item-type-post_type menu-item-object-page menu-item-4585\"><a href=\"https:\/\/fcfrp.usp.br\/pt\/ensino\/pos-graduacao\/biociencias-biotecnologia\/\">Programa de Bioci\u00eancias e Biotecnologia<\/a><\/li>\n\t\t<li id=\"menu-item-4586\" class=\"menu-item menu-item-type-post_type menu-item-object-page menu-item-4586\"><a href=\"https:\/\/fcfrp.usp.br\/pt\/ensino\/pos-graduacao\/ciencias-farmaceuticas\/\">Programa de P\u00f3s-Gradua\u00e7\u00e3o em Ci\u00eancias Farmac\u00eauticas<\/a><\/li>\n\t\t<li id=\"menu-item-4587\" class=\"menu-item menu-item-type-post_type menu-item-object-page menu-item-has-children menu-item-4587\"><a href=\"https:\/\/fcfrp.usp.br\/pt\/ensino\/pos-graduacao\/toxicologia\/\">Programa de Toxicologia<\/a>\n\t\t<ul class=\"sub-menu\">\n\t\t\t<li id=\"menu-item-4787\" class=\"menu-item menu-item-type-post_type menu-item-object-page menu-item-4787\"><a href=\"https:\/\/fcfrp.usp.br\/pt\/ensino\/pos-graduacao\/toxicologia\/ptox-historico\/\">Hist\u00f3rico e Objetivos<\/a><\/li>\n\t\t\t<li id=\"menu-item-4801\" class=\"menu-item menu-item-type-post_type menu-item-object-page menu-item-4801\"><a href=\"https:\/\/fcfrp.usp.br\/pt\/ensino\/pos-graduacao\/toxicologia\/ptox-docentes\/\">Corpo Docente e Linhas de Pesquisa<\/a><\/li>\n\t\t\t<li id=\"menu-item-5060\" class=\"menu-item menu-item-type-post_type menu-item-object-page menu-item-5060\"><a href=\"https:\/\/fcfrp.usp.br\/pt\/ensino\/pos-graduacao\/toxicologia\/ptox-projetos\/\">Corpo Discente e Projetos de Pesquisa<\/a><\/li>\n\t\t\t<li id=\"menu-item-4828\" class=\"menu-item menu-item-type-post_type menu-item-object-page menu-item-4828\"><a href=\"https:\/\/fcfrp.usp.br\/pt\/ensino\/pos-graduacao\/toxicologia\/ptox-processo-seletivo\/\">Processo Seletivo e Matr\u00edcula<\/a><\/li>\n\t\t\t<li id=\"menu-item-5130\" class=\"menu-item menu-item-type-post_type menu-item-object-page menu-item-5130\"><a href=\"https:\/\/fcfrp.usp.br\/pt\/ensino\/pos-graduacao\/toxicologia\/ptox-teses\/\">Teses e Disserta\u00e7\u00f5es<\/a><\/li>\n\t\t\t<li id=\"menu-item-4841\" class=\"menu-item menu-item-type-post_type menu-item-object-page menu-item-4841\"><a href=\"https:\/\/fcfrp.usp.br\/pt\/ensino\/pos-graduacao\/toxicologia\/ptox-pos-doc\/\">P\u00f3s-Doc (PNPD)<\/a><\/li>\n\t\t\t<li id=\"menu-item-4865\" class=\"menu-item menu-item-type-post_type menu-item-object-page menu-item-4865\"><a href=\"https:\/\/fcfrp.usp.br\/pt\/ensino\/pos-graduacao\/toxicologia\/ptox-editais-print\/\">Editais Print USP\/CAPES<\/a><\/li>\n\t\t\t<li id=\"menu-item-14052\" class=\"menu-item menu-item-type-post_type menu-item-object-page menu-item-14052\"><a href=\"https:\/\/fcfrp.usp.br\/pt\/ensino\/pos-graduacao\/toxicologia\/editais-especiais\/\">Edital Especial: Conv\u00eanio Mo\u00e7ambique<\/a><\/li>\n\t\t\t<li id=\"menu-item-14316\" class=\"menu-item menu-item-type-post_type menu-item-object-page menu-item-14316\"><a href=\"https:\/\/fcfrp.usp.br\/pt\/ensino\/pos-graduacao\/toxicologia\/programa-institucional-de-pos-doutorado-pipd-capes\/\">Programa Institucional de P\u00f3s-Doutorado (PIPD\/CAPES)<\/a><\/li>\n\t\t\t<li id=\"menu-item-4909\" class=\"menu-item menu-item-type-post_type menu-item-object-page menu-item-4909\"><a href=\"https:\/\/fcfrp.usp.br\/pt\/ensino\/pos-graduacao\/toxicologia\/ptox-disciplinas\/\">Disciplinas<\/a><\/li>\n\t\t\t<li id=\"menu-item-4921\" class=\"menu-item menu-item-type-post_type menu-item-object-page menu-item-4921\"><a href=\"https:\/\/fcfrp.usp.br\/pt\/ensino\/pos-graduacao\/toxicologia\/ptox-regulamento\/\">Regulamento do Programa<\/a><\/li>\n\t\t\t<li id=\"menu-item-4974\" class=\"menu-item menu-item-type-post_type menu-item-object-page menu-item-4974\"><a href=\"https:\/\/fcfrp.usp.br\/pt\/ensino\/pos-graduacao\/toxicologia\/ptox-formularios\/\">Formul\u00e1rios<\/a><\/li>\n\t\t\t<li id=\"menu-item-5022\" class=\"menu-item menu-item-type-post_type menu-item-object-page menu-item-5022\"><a href=\"https:\/\/fcfrp.usp.br\/pt\/ensino\/pos-graduacao\/toxicologia\/ptox-bolsas\/\">Concess\u00e3o de Bolsas<\/a><\/li>\n\t\t\t<li id=\"menu-item-5031\" class=\"menu-item menu-item-type-post_type menu-item-object-page menu-item-5031\"><a href=\"https:\/\/fcfrp.usp.br\/pt\/ensino\/pos-graduacao\/toxicologia\/ptox-premios\/\">Pr\u00eamios<\/a><\/li>\n\t\t\t<li id=\"menu-item-5092\" class=\"menu-item menu-item-type-post_type menu-item-object-page menu-item-5092\"><a href=\"https:\/\/fcfrp.usp.br\/pt\/ensino\/pos-graduacao\/toxicologia\/ptox-infra\/\">Infraestrutura<\/a><\/li>\n\t\t<\/ul>\n<\/li>\n\t\t<li id=\"menu-item-5009\" class=\"menu-item menu-item-type-post_type menu-item-object-page menu-item-5009\"><a href=\"https:\/\/fcfrp.usp.br\/pt\/ensino\/pos-graduacao\/defesas\/\">Defesas<\/a><\/li>\n\t\t<li id=\"menu-item-5010\" class=\"menu-item menu-item-type-post_type menu-item-object-page menu-item-5010\"><a href=\"https:\/\/fcfrp.usp.br\/pt\/ensino\/pos-graduacao\/diplomas\/\">Diplomas<\/a><\/li>\n\t\t<li id=\"menu-item-5011\" class=\"menu-item menu-item-type-post_type menu-item-object-page menu-item-5011\"><a href=\"https:\/\/fcfrp.usp.br\/pt\/ensino\/pos-graduacao\/pae\/\">Programa de Aperfei\u00e7oamento de Ensino (PAE)<\/a><\/li>\n\t\t<li id=\"menu-item-5012\" class=\"menu-item menu-item-type-post_type menu-item-object-page menu-item-5012\"><a href=\"https:\/\/fcfrp.usp.br\/pt\/ensino\/pos-graduacao\/historia\/\">Hist\u00f3ria da P\u00f3s-Gradua\u00e7\u00e3o<\/a><\/li>\n\t\t<li id=\"menu-item-5007\" class=\"menu-item menu-item-type-post_type menu-item-object-page menu-item-5007\"><a href=\"https:\/\/fcfrp.usp.br\/pt\/ensino\/pos-graduacao\/pg-regimento\/\">Regimento e Normas<\/a><\/li>\n\t\t<li id=\"menu-item-5083\" class=\"menu-item menu-item-type-post_type menu-item-object-page menu-item-5083\"><a href=\"https:\/\/fcfrp.usp.br\/pt\/ensino\/pos-graduacao\/colaboradores\/\">Colaboradores Internacionais<\/a><\/li>\n\t<\/ul>\n<\/li>\n<\/ul>\n<\/li>\n<\/ul><\/div><\/div><\/div><\/div><\/div>","protected":false},"excerpt":{"rendered":"<p>O programa oferece para os alunos dos cursos de mestrado e doutorado um amplo treinamento em ensino e pesquisa nas diferentes \u00e1reas do conhecimento em Toxicologia. A interdisciplinaridade do programa est\u00e1 pautada na forma\u00e7\u00e3o cient\u00edfica excelente e altamente diversificada dos seus pesquisadores. O Programa de P\u00f3s-Gradua\u00e7\u00e3o em Toxicologia tem como objetivos: a) forma\u00e7\u00e3o de recursos<a href=\"https:\/\/fcfrp.usp.br\/pt\/ensino\/pos-graduacao\/toxicologia\/\">[&#8230;]<\/a><\/p>\n","protected":false},"author":978,"featured_media":0,"parent":454,"menu_order":3,"comment_status":"closed","ping_status":"closed","template":"template-fullwidth.php","meta":{"footnotes":"","_links_to":"","_links_to_target":""},"class_list":["post-4262","page","type-page","status-publish","hentry"],"_links":{"self":[{"href":"https:\/\/fcfrp.usp.br\/pt\/wp-json\/wp\/v2\/pages\/4262","targetHints":{"allow":["GET"]}}],"collection":[{"href":"https:\/\/fcfrp.usp.br\/pt\/wp-json\/wp\/v2\/pages"}],"about":[{"href":"https:\/\/fcfrp.usp.br\/pt\/wp-json\/wp\/v2\/types\/page"}],"author":[{"embeddable":true,"href":"https:\/\/fcfrp.usp.br\/pt\/wp-json\/wp\/v2\/users\/978"}],"replies":[{"embeddable":true,"href":"https:\/\/fcfrp.usp.br\/pt\/wp-json\/wp\/v2\/comments?post=4262"}],"version-history":[{"count":4,"href":"https:\/\/fcfrp.usp.br\/pt\/wp-json\/wp\/v2\/pages\/4262\/revisions"}],"predecessor-version":[{"id":16316,"href":"https:\/\/fcfrp.usp.br\/pt\/wp-json\/wp\/v2\/pages\/4262\/revisions\/16316"}],"up":[{"embeddable":true,"href":"https:\/\/fcfrp.usp.br\/pt\/wp-json\/wp\/v2\/pages\/454"}],"wp:attachment":[{"href":"https:\/\/fcfrp.usp.br\/pt\/wp-json\/wp\/v2\/media?parent=4262"}],"curies":[{"name":"wp","href":"https:\/\/api.w.org\/{rel}","templated":true}]}}