{"id":452,"date":"2020-04-11T10:40:14","date_gmt":"2020-04-11T12:40:14","guid":{"rendered":"https:\/\/sites.usp.br\/fcfrp\/?page_id=452"},"modified":"2025-09-02T12:42:33","modified_gmt":"2025-09-02T14:42:33","slug":"graduacao","status":"publish","type":"page","link":"https:\/\/fcfrp.usp.br\/pt\/ensino\/graduacao\/","title":{"rendered":"Gradua\u00e7\u00e3o"},"content":{"rendered":"<div id=\"pl-452\"  class=\"panel-layout\" ><div id=\"pg-452-0\"  class=\"panel-grid panel-no-style\" ><div id=\"pgc-452-0-0\"  class=\"panel-grid-cell\" ><div id=\"panel-452-0-0-0\" class=\"so-panel widget widget_text panel-first-child\" data-index=\"0\" >\t\t\t<div class=\"textwidget\"><h4><strong>Sobre o Curso<\/strong><\/h4>\n<p><a href=\"https:\/\/fcfrp.usp.br\/wp-content\/uploads\/sites\/528\/2020\/06\/graducao.jpg\"><img loading=\"lazy\" decoding=\"async\" class=\"alignright wp-image-5657 size-medium\" src=\"https:\/\/fcfrp.usp.br\/wp-content\/uploads\/sites\/528\/2020\/06\/graducao-300x199.jpg\" alt=\"\" width=\"300\" height=\"199\" srcset=\"https:\/\/fcfrp.usp.br\/wp-content\/uploads\/sites\/528\/2020\/06\/graducao-300x199.jpg 300w, https:\/\/fcfrp.usp.br\/wp-content\/uploads\/sites\/528\/2020\/06\/graducao-400x266.jpg 400w, https:\/\/fcfrp.usp.br\/wp-content\/uploads\/sites\/528\/2020\/06\/graducao.jpg 737w\" sizes=\"auto, (max-width: 300px) 100vw, 300px\" \/><\/a><\/p>\n<div style=\"text-align: justify; text-indent: 30pt;\">O curso de Farm\u00e1cia da FCFRP\/USP acontece em per\u00edodo integral, com dura\u00e7\u00e3o de 5 anos e possui possibilidades distintas de ingresso (para saber mais clique <a href=\"https:\/\/fcfrp.usp.br\/ensino\/graduacao\/como-estudar\/\">AQUI<\/a>). O curr\u00edculo vigente foi desenvolvido considerando as compet\u00eancias necess\u00e1rias para o exerc\u00edcio da profiss\u00e3o, por meio de uma grade curricular estabelecida em m\u00f3dulos e permeando conte\u00fados multidisciplinares. Tal adequa\u00e7\u00e3o pedag\u00f3gica inova ao atender o ensino de uma profiss\u00e3o cuja \u00e1rea de atua\u00e7\u00e3o \u00e9 muito vasta, com mais de 70 ramos de atividade existentes. Al\u00e9m disso, auxilia o profissional farmac\u00eautico formado na FCFRP\/USP a adquirir caracter\u00edsticas \u00e9ticas e humanizadas, essenciais ao exerc\u00edcio de profiss\u00f5es da sa\u00fade.<\/div>\n<div style=\"text-align: justify; text-indent: 30pt;\">O farmac\u00eautico formado aqui poder\u00e1 atuar em diversas \u00e1reas, algumas delas s\u00e3o:<\/div>\n<div style=\"text-align: justify;\">&#8211; F\u00e1rmacos, medicamentos e cosm\u00e9ticos: desde as pesquisas, testes de princ\u00edpios ativos, fabrica\u00e7\u00e3o, produ\u00e7\u00e3o e controle de qualidade, at\u00e9 ao momento da venda ao consumidor final com a devida orienta\u00e7\u00e3o e acompanhamento ao paciente sobre o uso. Isso pode acontecer em drogarias, ind\u00fastrias, hospitais, unidades b\u00e1sicas de sa\u00fade, cl\u00ednicas particulares e outros ambientes.<br \/>\n&#8211; An\u00e1lises cl\u00ednicas: execu\u00e7\u00e3o, coordena\u00e7\u00e3o e an\u00e1lise dos mais diversos tipos de amostras da \u00e1rea da sa\u00fade.<br \/>\n&#8211; Alimentos: an\u00e1lise de subst\u00e2ncias provenientes de alimentos no organismo humano e no controle de qualidade dos alimentos.<br \/>\n&#8211; Ambiental: controle de da \u00e1gua e do solo.<br \/>\n&#8211; Gest\u00e3o: administra\u00e7\u00e3o de estabelecimentos da \u00e1rea da sa\u00fade, inclusive tendo a oportunidade de abrir a sua pr\u00f3pria drogaria, farm\u00e1cia de manipula\u00e7\u00e3o, laborat\u00f3rio de an\u00e1lises cl\u00ednicas, etc.<br \/>\n&#8211; Vendas: comercializa\u00e7\u00e3o de medicamentos em geral;<br \/>\n&#8211; Vigil\u00e2ncia sanit\u00e1ria: an\u00e1lise e controle de qualidade de medicamentos, insumos para laborat\u00f3rios ou alimentos de interesse sanit\u00e1rio.<\/div>\n<div style=\"text-align: justify;\"><strong>Contato da Se\u00e7\u00e3o de Gradua\u00e7\u00e3o:<\/strong> sgrad@fcfrp.usp.br<\/div>\n<\/div>\n\t\t<\/div><div id=\"panel-452-0-0-1\" class=\"so-panel widget widget_text panel-last-child\" data-index=\"1\" >\t\t\t<div class=\"textwidget\"><h4><strong>Matriz Curricular<\/strong><\/h4>\n<div><\/div>\n<div style=\"text-align: justify; text-indent: 30pt;\">Atualmente a FCFRP possui 3 estruturas em andamento e possuem algumas diferen\u00e7as entre si, sendo:<\/div>\n<p>&nbsp;<\/p>\n<div>Farm\u00e1cia (c\u00f3digo 60015) &#8211; essa \u00e9 a matriz atual e que est\u00e1 vigente desde 2023 &#8211; o ingressante tem que cumprir todas as disciplinas obrigat\u00f3rias, incluindo o est\u00e1gio e uma carga hor\u00e1ria em disciplinas eletivas, al\u00e9m da devida carga hor\u00e1ria de atividades acad\u00eamicas complementares (AACs) e nessa matriz, uma carga hor\u00e1ria tamb\u00e9m em atividades extensionistas;<\/div>\n<div>\n<div><\/div>\n<div><a href=\"https:\/\/fcfrp.usp.br\/wp-content\/uploads\/sites\/528\/2025\/09\/Matriz-Curricular-60015-vigente-a-partir-1o-Sem-2026.pdf\">Matriz Curricular 60015 &#8211; vigente a partir do 1\u00ba sem 2026<\/a><\/div>\n<div><a href=\"https:\/\/fcfrp.usp.br\/wp-content\/uploads\/sites\/528\/2025\/03\/Matriz-Curricular-60015-vigente-a-partir-1o-Sem-2025.pdf\" target=\"_blank\" rel=\"noopener\">Matriz Curricular 60015 &#8211; vigente a partir do 1\u00ba Sem 2025<\/a><\/div>\n<p><a href=\"https:\/\/fcfrp.usp.br\/wp-content\/uploads\/sites\/528\/2025\/08\/Coordenadores-dos-Modulos-vigentes-no-2o-sem-2025.pdf\" target=\"_blank\" rel=\"noopener\">Coordenadores dos m\u00f3dulos &#8211; vigentes no 2\u00ba sem 2025<\/a><\/p>\n<\/div>\n<p>&nbsp;<\/p>\n<div>Farm\u00e1cia (c\u00f3digo 60014) &#8211; essa matriz recebeu ingressantes de 2020 a 2022 e a diferen\u00e7a entre esta e a atual \u00e9 a defini\u00e7\u00e3o de uma carga hor\u00e1ria extensionista que para estes ingressantes n\u00e3o existia;<br \/>\n<a href=\"https:\/\/uspdigital.usp.br\/jupiterweb\/listarGradeCurricular?codcg=60&amp;codcur=60014&amp;codhab=0&amp;tipo=V\">&#8211; Grade Curricular<\/a><\/div>\n<p>&nbsp;<\/p>\n<div>\n<div>Farm\u00e1cia-Bioqu\u00edmica (c\u00f3digo 60013) &#8211;\u00a0essa matriz recebeu ingressantes de 2017 a 2019 e a diferen\u00e7a entre esta e a 60014 \u00e9 a defini\u00e7\u00e3o de uma carga hor\u00e1ria de AACs, que na 60013 n\u00e3o existia e entre esta e a 60015 s\u00e3o as AACs e as atividades extensionistas;<br \/>\n<a href=\"https:\/\/uspdigital.usp.br\/jupiterweb\/listarGradeCurricular?codcg=60&amp;codcur=60013&amp;codhab=0&amp;tipo=V\">&#8211; Grade Curricular<\/a><\/div>\n<p>&nbsp;<\/p>\n<\/div>\n<h4><strong>Projeto Pedag\u00f3gico<\/strong><\/h4>\n<div style=\"text-align: justify; text-indent: 30pt;\">O Projeto Pedag\u00f3gico da Faculdade de Ci\u00eancias Farmac\u00eauticas de Ribeir\u00e3o Preto- FCFRP-USP, elaborado pela Comiss\u00e3o de Gradua\u00e7\u00e3o e pelo Apoio Pedag\u00f3gico \u00e9 constru\u00eddo com base na hist\u00f3ria e na comunidade da FCFRP-USP e tem como objetivo orientar a comunidade acad\u00eamica com rela\u00e7\u00e3o \u00e0s atividades voltadas ao ensino de gradua\u00e7\u00e3o.<\/div>\n<p><a href=\"https:\/\/fcfrp.usp.br\/wp-content\/uploads\/sites\/528\/2024\/09\/PP-vigente-a-partir-do-1o-sem-2025.pdf\">Projeto Pedag\u00f3gico de Curso &#8211; atualizado em 30\/08\/2024<\/a><\/p>\n<\/div>\n\t\t<\/div><\/div><div id=\"pgc-452-0-1\"  class=\"panel-grid-cell\" ><div id=\"panel-452-0-1-0\" class=\"so-panel widget widget_nav_menu panel-first-child panel-last-child\" data-index=\"2\" ><div class=\"menu-menu-grad-container\"><ul id=\"menu-menu-grad\" class=\"menu\"><li id=\"menu-item-3941\" class=\"menu-item menu-item-type-post_type menu-item-object-page menu-item-has-children menu-item-3941\"><a href=\"https:\/\/fcfrp.usp.br\/pt\/ensino\/\">ENSINO<\/a>\n<ul class=\"sub-menu\">\n\t<li id=\"menu-item-3942\" class=\"menu-item menu-item-type-post_type menu-item-object-page menu-item-has-children menu-item-3942\"><a href=\"https:\/\/fcfrp.usp.br\/pt\/ensino\/graduacao\/\">Gradua\u00e7\u00e3o<\/a>\n\t<ul class=\"sub-menu\">\n\t\t<li id=\"menu-item-3938\" class=\"menu-item menu-item-type-post_type menu-item-object-page menu-item-has-children menu-item-3938\"><a href=\"https:\/\/fcfrp.usp.br\/pt\/ensino\/graduacao\/comissao-graduacao\/\">Comiss\u00e3o de Gradua\u00e7\u00e3o<\/a>\n\t\t<ul class=\"sub-menu\">\n\t\t\t<li id=\"menu-item-10994\" class=\"menu-item menu-item-type-post_type menu-item-object-page menu-item-10994\"><a href=\"https:\/\/fcfrp.usp.br\/pt\/ensino\/graduacao\/deliberacoes\/\">Regimento e Delibera\u00e7\u00f5es<\/a><\/li>\n\t\t\t<li id=\"menu-item-13034\" class=\"menu-item menu-item-type-post_type menu-item-object-page menu-item-13034\"><a href=\"https:\/\/fcfrp.usp.br\/pt\/ensino\/graduacao\/eventos\/\">Eventos<\/a><\/li>\n\t\t<\/ul>\n<\/li>\n\t\t<li id=\"menu-item-3939\" class=\"menu-item menu-item-type-post_type menu-item-object-page menu-item-3939\"><a href=\"https:\/\/fcfrp.usp.br\/pt\/institucional\/administracao\/atac\/secao-graduacao\/\">Servi\u00e7o de Gradua\u00e7\u00e3o<\/a><\/li>\n\t\t<li id=\"menu-item-3940\" class=\"menu-item menu-item-type-post_type menu-item-object-page menu-item-3940\"><a href=\"https:\/\/fcfrp.usp.br\/pt\/institucional\/administracao\/atac\/apoio-pedagogico\/\">Apoio Pedag\u00f3gico<\/a><\/li>\n\t\t<li id=\"menu-item-4000\" class=\"menu-item menu-item-type-post_type menu-item-object-page menu-item-4000\"><a href=\"https:\/\/fcfrp.usp.br\/pt\/ensino\/graduacao\/como-estudar\/\">Como Estudar na FCFRP\/USP<\/a><\/li>\n\t\t<li id=\"menu-item-4064\" class=\"menu-item menu-item-type-post_type menu-item-object-page menu-item-4064\"><a href=\"https:\/\/fcfrp.usp.br\/pt\/ensino\/graduacao\/atestados\/\">Solicita\u00e7\u00f5es &#8211; alunos<\/a><\/li>\n\t\t<li id=\"menu-item-4047\" class=\"menu-item menu-item-type-post_type menu-item-object-page menu-item-4047\"><a href=\"https:\/\/fcfrp.usp.br\/pt\/ensino\/graduacao\/aulas\/\">Aulas e Calend\u00e1rios<\/a><\/li>\n\t\t<li id=\"menu-item-7698\" class=\"menu-item menu-item-type-post_type menu-item-object-page menu-item-7698\"><a href=\"https:\/\/fcfrp.usp.br\/pt\/ensino\/graduacao\/onibus\/\">Dados para Carteirinha de \u00d4nibus<\/a><\/li>\n\t\t<li id=\"menu-item-4073\" class=\"menu-item menu-item-type-post_type menu-item-object-page menu-item-4073\"><a href=\"https:\/\/fcfrp.usp.br\/pt\/ensino\/graduacao\/colacoes\/\">Cola\u00e7\u00f5es de Grau<\/a><\/li>\n\t\t<li id=\"menu-item-4097\" class=\"menu-item menu-item-type-post_type menu-item-object-page menu-item-4097\"><a href=\"https:\/\/fcfrp.usp.br\/pt\/ensino\/graduacao\/estagios\/\">Est\u00e1gios<\/a><\/li>\n\t\t<li id=\"menu-item-4096\" class=\"menu-item menu-item-type-post_type menu-item-object-page menu-item-4096\"><a href=\"https:\/\/fcfrp.usp.br\/pt\/ensino\/graduacao\/formularios-grad\/\">Formul\u00e1rios para professores<\/a><\/li>\n\t\t<li id=\"menu-item-4095\" class=\"menu-item menu-item-type-post_type menu-item-object-page menu-item-4095\"><a href=\"https:\/\/fcfrp.usp.br\/pt\/ensino\/graduacao\/matriculas\/\">Matr\u00edculas 2026<\/a><\/li>\n\t\t<li id=\"menu-item-4094\" class=\"menu-item menu-item-type-post_type menu-item-object-page menu-item-4094\"><a href=\"https:\/\/fcfrp.usp.br\/pt\/ensino\/graduacao\/monitoria\/\">Monitoria<\/a><\/li>\n\t\t<li id=\"menu-item-4092\" class=\"menu-item menu-item-type-post_type menu-item-object-page menu-item-4092\"><a href=\"https:\/\/fcfrp.usp.br\/pt\/ensino\/graduacao\/tcc\/\">TCC<\/a><\/li>\n\t\t<li id=\"menu-item-4093\" class=\"menu-item menu-item-type-post_type menu-item-object-page menu-item-4093\"><a href=\"https:\/\/fcfrp.usp.br\/pt\/ensino\/graduacao\/trancamentos\/\">Trancamentos<\/a><\/li>\n\t\t<li id=\"menu-item-4009\" class=\"menu-item menu-item-type-post_type menu-item-object-page menu-item-4009\"><a href=\"https:\/\/fcfrp.usp.br\/pt\/ensino\/graduacao\/egressos\/\">Egressos (Ex-Alunos)<\/a><\/li>\n\t<\/ul>\n<\/li>\n\t<li id=\"menu-item-3943\" class=\"menu-item menu-item-type-post_type menu-item-object-page menu-item-3943\"><a href=\"https:\/\/fcfrp.usp.br\/pt\/ensino\/pos-graduacao\/\">P\u00f3s-Gradua\u00e7\u00e3o<\/a><\/li>\n<\/ul>\n<\/li>\n<\/ul><\/div><\/div><\/div><\/div><\/div>","protected":false},"excerpt":{"rendered":"<p>Sobre o Curso O curso de Farm\u00e1cia da FCFRP\/USP acontece em per\u00edodo integral, com dura\u00e7\u00e3o de 5 anos e possui possibilidades distintas de ingresso (para saber mais clique AQUI). O curr\u00edculo vigente foi desenvolvido considerando as compet\u00eancias necess\u00e1rias para o exerc\u00edcio da profiss\u00e3o, por meio de uma grade curricular estabelecida em m\u00f3dulos e permeando conte\u00fados<a href=\"https:\/\/fcfrp.usp.br\/pt\/ensino\/graduacao\/\">[&#8230;]<\/a><\/p>\n","protected":false},"author":978,"featured_media":0,"parent":320,"menu_order":0,"comment_status":"closed","ping_status":"closed","template":"template-fullwidth.php","meta":{"footnotes":"","_links_to":"","_links_to_target":""},"class_list":["post-452","page","type-page","status-publish","hentry"],"_links":{"self":[{"href":"https:\/\/fcfrp.usp.br\/pt\/wp-json\/wp\/v2\/pages\/452","targetHints":{"allow":["GET"]}}],"collection":[{"href":"https:\/\/fcfrp.usp.br\/pt\/wp-json\/wp\/v2\/pages"}],"about":[{"href":"https:\/\/fcfrp.usp.br\/pt\/wp-json\/wp\/v2\/types\/page"}],"author":[{"embeddable":true,"href":"https:\/\/fcfrp.usp.br\/pt\/wp-json\/wp\/v2\/users\/978"}],"replies":[{"embeddable":true,"href":"https:\/\/fcfrp.usp.br\/pt\/wp-json\/wp\/v2\/comments?post=452"}],"version-history":[{"count":4,"href":"https:\/\/fcfrp.usp.br\/pt\/wp-json\/wp\/v2\/pages\/452\/revisions"}],"predecessor-version":[{"id":15534,"href":"https:\/\/fcfrp.usp.br\/pt\/wp-json\/wp\/v2\/pages\/452\/revisions\/15534"}],"up":[{"embeddable":true,"href":"https:\/\/fcfrp.usp.br\/pt\/wp-json\/wp\/v2\/pages\/320"}],"wp:attachment":[{"href":"https:\/\/fcfrp.usp.br\/pt\/wp-json\/wp\/v2\/media?parent=452"}],"curies":[{"name":"wp","href":"https:\/\/api.w.org\/{rel}","templated":true}]}}