{"id":4535,"date":"2020-05-11T09:00:38","date_gmt":"2020-05-11T11:00:38","guid":{"rendered":"https:\/\/sites.usp.br\/fcfrp\/?page_id=4535"},"modified":"2026-01-26T10:20:34","modified_gmt":"2026-01-26T12:20:34","slug":"pae","status":"publish","type":"page","link":"https:\/\/fcfrp.usp.br\/pt\/ensino\/pos-graduacao\/pae\/","title":{"rendered":"Programa de Aperfei\u00e7oamento de Ensino (PAE)"},"content":{"rendered":"<div id=\"pl-4535\"  class=\"panel-layout\" ><div id=\"pg-4535-0\"  class=\"panel-grid panel-no-style\" ><div id=\"pgc-4535-0-0\"  class=\"panel-grid-cell\" ><div id=\"panel-4535-0-0-0\" class=\"so-panel widget widget_text panel-first-child panel-last-child\" data-index=\"0\" >\t\t\t<div class=\"textwidget\"><div style=\"text-align: justify; text-indent: 30pt;\">O Programa de Aperfei\u00e7oamento de Ensino, regulamentado pela Portaria GR 3588, de 10 de maio de 2005, destina-se exclusivamente a alunos de P\u00f3s-Gradua\u00e7\u00e3o matriculados na Universidade de S\u00e3o Paulo nos cursos de mestrado e doutorado.<\/div>\n<div style=\"text-align: justify; text-indent: 30pt;\">Seu principal objetivo \u00e9 aprimorar a forma\u00e7\u00e3o do p\u00f3s-graduando para atividade did\u00e1tica de gradua\u00e7\u00e3o e sua composi\u00e7\u00e3o consiste em duas etapas: Prepara\u00e7\u00e3o Pedag\u00f3gica e Est\u00e1gio Supervisionado em Doc\u00eancia.<\/div>\n<div style=\"text-align: justify; text-indent: 30pt;\">A Etapa de Prepara\u00e7\u00e3o Pedag\u00f3gica assume diferentes caracter\u00edsticas de acordo com a forma como a Unidade de Ensino a estrutura, podendo ser encontrada em tr\u00eas modalidades:<\/div>\n<div style=\"text-align: justify;\">a) uma disciplina de P\u00f3s-Gradua\u00e7\u00e3o oferecendo cr\u00e9ditos, cujo conte\u00fado estar\u00e1 voltado para as quest\u00f5es da Universidade e do Ensino Superior;<br \/>\nb) conjunto de confer\u00eancias, com especialistas da \u00e1rea de Educa\u00e7\u00e3o, condensadas num tempo menor, tendo como tema as quest\u00f5es do Ensino Superior;<br \/>\nc) n\u00facleo de atividades, envolvendo preparo de material did\u00e1tico, discuss\u00f5es de curriculum, de ementas de disciplinas e planejamento de cursos, coordenadas por professores.<\/div>\n<div style=\"text-align: justify; text-indent: 30pt;\">Quanto \u00e0 Etapa de Est\u00e1gio Supervisionado em Doc\u00eancia, esta \u00e9 realizada especificamente em disciplinas de gradua\u00e7\u00e3o, devendo o interessado se inscrever na Unidade de Ensino da \u00e1rea de conhecimento pertinente ao seu curso.<\/div>\n<div style=\"text-align: justify; text-indent: 30pt;\">Ao final do est\u00e1gio, depois de cumpridas as formalidades, os participantes que obt\u00eam aproveitamento satisfat\u00f3rio t\u00eam direito a um certificado e, a crit\u00e9rio da Comiss\u00e3o de P\u00f3s-Gradua\u00e7\u00e3o, poder\u00e3o receber cr\u00e9ditos pela atividade.<\/div>\n<div style=\"text-align: justify; text-indent: 30pt;\">O Programa \u00e9 opcional aos alunos de P\u00f3s-Gradua\u00e7\u00e3o da Universidade, exceto \u00e0queles que s\u00e3o contemplados pela Bolsa Demanda Social da CAPES, cujo regulamento solicita a realiza\u00e7\u00e3o de est\u00e1gio.<\/div>\n<p>&nbsp;<\/p>\n<div style=\"text-align: justify;\"><strong>&#8211; <\/strong><a href=\"https:\/\/fcfrp.usp.br\/institucional\/comissoes\/comissoes-pae\/\"><strong>Comiss\u00e3o<\/strong><\/a><\/div>\n<p>&nbsp;<\/p>\n<div style=\"text-align: justify;\"><strong>&#8211; <\/strong><a href=\"https:\/\/sites.usp.br\/fcfrp\/wp-content\/uploads\/sites\/528\/2020\/05\/perguntas-pae.pdf\" target=\"_blank\" rel=\"noopener\"><strong>Perguntas e Respostas<\/strong><\/a><\/div>\n<p>&nbsp;<\/p>\n<h4><strong>Normas<\/strong><\/h4>\n<div style=\"text-align: justify;\">&#8211; <a href=\"http:\/\/www.leginf.usp.br\/?portaria=portaria-gr-no-3588-de-10-de-maio-de-2005\" target=\"_blank\" rel=\"noopener\">Portaria GR 3588\/2005<\/a> (Regulamenta o Programa PAE).<br \/>\n&#8211; <a href=\"http:\/\/www.prpg.usp.br\/pt\/pdf-formularios\/portaria_GR_4391_2009.pdf\" target=\"_blank\" rel=\"noopener\">Portaria GR 4391\/2009<\/a> (Altera Dispositivo da Portaria GR 3588\/2005).<br \/>\n&#8211; <a href=\"http:\/\/www.leginf.usp.br\/?portaria=portaria-gr-no-4601-de-19-de-novembro-de-2009\" target=\"_blank\" rel=\"noopener\">Portaria GR 4601\/2009<\/a> (Altera Dispositivo da Portaria GR 3588\/2005).<br \/>\n&#8211; <a href=\"https:\/\/fcfrp.usp.br\/wp-content\/uploads\/sites\/528\/2021\/05\/Diretrizes-PAE-29_05_2019-1.pdf\" target=\"_blank\" rel=\"noopener\">Diretrizes<\/a><br \/>\n&#8211; <a href=\"http:\/\/www.prpg.usp.br\/index.php\/pt-br\/pae\/comissao-central\" target=\"_blank\" rel=\"noopener\">Comiss\u00e3o Central<\/a><br \/>\n&#8211; <a href=\"http:\/\/www.prpg.usp.br\/pt\/interna1\/pae-Etapa.html\" target=\"_blank\" rel=\"noopener\">Etapa de Prepara\u00e7\u00e3o Pedag\u00f3gica<\/a><\/div>\n<p>&nbsp;<\/p>\n<h4><strong>Edital<\/strong><\/h4>\n<div>EDITAL DE ABERTURA DE INSCRI\u00c7\u00d5ES PARA A ETAPA DE EST\u00c1GIO SUPERVISIONADO EM DOC\u00caNCIA DO PROGRAMA DE APERFEI\u00c7OAMENTO DE ENSINO \u2013 PAE \u2013 1\u00ba SEMESTRE DE 2026.<\/div>\n<div>\n<div><\/div>\n<p>Estar\u00e3o abertas, de\u00a0<b>30 de setembro a 24 de outubro de 2025<\/b>, no site\u00a0<a href=\"http:\/\/www.sistemas.usp.br\/janus\" target=\"_blank\" rel=\"noopener\" data-saferedirecturl=\"https:\/\/www.google.com\/url?q=http:\/\/www.sistemas.usp.br\/janus&amp;source=gmail&amp;ust=1697138535042000&amp;usg=AOvVaw18iwl0Netkbmn-IHtLb-0G\">www.sistemas.usp.br\/janus<\/a><wbr \/>, as inscri\u00e7\u00f5es para o preenchimento de vagas destinadas \u00e0 Etapa de Est\u00e1gio Supervisionado em Doc\u00eancia do PROGRAMA DE APERFEI\u00c7OAMENTO DE ENSINO, referente ao\u00a0<b>1\u00ba semestre de 2026<\/b>, em conformidade com o disposto na Portaria GR 3588 de 10.05.2005.<\/p>\n<p><a href=\"https:\/\/fcfrp.usp.br\/wp-content\/uploads\/sites\/528\/2025\/10\/Edital-PAE-1-semestre-de-2026.pdf\">&#8211; Edital 1\u00ba Semestre de 2026<\/a><br \/>\n<a href=\"https:\/\/fcfrp.usp.br\/wp-content\/uploads\/sites\/528\/2026\/01\/Lista-Classificacao-pra-divulgar-2026_1.pdf\"> &#8211; Lista de aprovados no PAE<\/a><\/p>\n<p>&nbsp;<\/p>\n<\/div>\n<h4><strong>Formul\u00e1rios<\/strong><\/h4>\n<p><a href=\"https:\/\/sites.usp.br\/fcfrp\/wp-content\/uploads\/sites\/528\/2020\/05\/modelo_relatorio_de_estagio_pae_estagiario_1.doc\" target=\"_blank\" rel=\"noopener\">&#8211; Modelo Relat\u00f3rio de Est\u00e1gio PAE &#8211; Estagi\u00e1rio<\/a><br \/>\n<a href=\"https:\/\/sites.usp.br\/fcfrp\/wp-content\/uploads\/sites\/528\/2020\/05\/modelo_relatorio_de_estagio_pae_supervisor_1.docx\" target=\"_blank\" rel=\"noopener\">&#8211; Modelo Relat\u00f3rio de Est\u00e1gio PAE &#8211; Supervisor<\/a><br \/>\n<a href=\"https:\/\/sites.usp.br\/fcfrp\/wp-content\/uploads\/sites\/528\/2020\/05\/modelo_de_solicitacao_desistencia_pae_1.docx\" target=\"_blank\" rel=\"noopener\">&#8211; Modelo de Solicita\u00e7\u00e3o Desist\u00eancia PAE<\/a><br \/>\n<a href=\"https:\/\/sites.usp.br\/fcfrp\/wp-content\/uploads\/sites\/528\/2020\/05\/dados_complementares_curriculum_vitae.doc\" target=\"_blank\" rel=\"noopener\">&#8211; Dados Complementares do Curriculum Vitae<\/a><\/p>\n<\/div>\n\t\t<\/div><\/div><div id=\"pgc-4535-0-1\"  class=\"panel-grid-cell\" ><div id=\"panel-4535-0-1-0\" class=\"so-panel widget widget_nav_menu panel-first-child panel-last-child\" data-index=\"1\" ><div class=\"menu-menu-pos-container\"><ul id=\"menu-menu-pos\" class=\"menu\"><li id=\"menu-item-4250\" class=\"menu-item menu-item-type-post_type menu-item-object-page menu-item-has-children menu-item-4250\"><a href=\"https:\/\/fcfrp.usp.br\/pt\/ensino\/\">ENSINO<\/a>\n<ul class=\"sub-menu\">\n\t<li id=\"menu-item-4251\" class=\"menu-item menu-item-type-post_type menu-item-object-page menu-item-4251\"><a href=\"https:\/\/fcfrp.usp.br\/pt\/ensino\/graduacao\/\">Gradua\u00e7\u00e3o<\/a><\/li>\n\t<li id=\"menu-item-4252\" class=\"menu-item menu-item-type-post_type menu-item-object-page menu-item-has-children menu-item-4252\"><a href=\"https:\/\/fcfrp.usp.br\/pt\/ensino\/pos-graduacao\/\">P\u00f3s-Gradua\u00e7\u00e3o<\/a>\n\t<ul class=\"sub-menu\">\n\t\t<li id=\"menu-item-4253\" class=\"menu-item menu-item-type-post_type menu-item-object-page menu-item-4253\"><a href=\"https:\/\/fcfrp.usp.br\/pt\/ensino\/pos-graduacao\/comissao-pos-graduacao\/\">Comiss\u00e3o de P\u00f3s-Gradua\u00e7\u00e3o<\/a><\/li>\n\t\t<li id=\"menu-item-4249\" class=\"menu-item menu-item-type-post_type menu-item-object-page menu-item-4249\"><a href=\"https:\/\/fcfrp.usp.br\/pt\/institucional\/administracao\/atac\/secao-posgraduacao\/\">Servi\u00e7o de P\u00f3s-Gradua\u00e7\u00e3o<\/a><\/li>\n\t\t<li id=\"menu-item-4266\" class=\"menu-item menu-item-type-post_type menu-item-object-page menu-item-4266\"><a href=\"https:\/\/fcfrp.usp.br\/pt\/ensino\/pos-graduacao\/biociencias-biotecnologia\/\">Programa de Bioci\u00eancias e Biotecnologia<\/a><\/li>\n\t\t<li id=\"menu-item-4267\" class=\"menu-item menu-item-type-post_type menu-item-object-page menu-item-4267\"><a href=\"https:\/\/fcfrp.usp.br\/pt\/ensino\/pos-graduacao\/ciencias-farmaceuticas\/\">Programa de P\u00f3s-Gradua\u00e7\u00e3o em Ci\u00eancias Farmac\u00eauticas<\/a><\/li>\n\t\t<li id=\"menu-item-4265\" class=\"menu-item menu-item-type-post_type menu-item-object-page menu-item-4265\"><a href=\"https:\/\/fcfrp.usp.br\/pt\/ensino\/pos-graduacao\/toxicologia\/\">Programa de Toxicologia<\/a><\/li>\n\t\t<li id=\"menu-item-4508\" class=\"menu-item menu-item-type-post_type menu-item-object-page menu-item-4508\"><a href=\"https:\/\/fcfrp.usp.br\/pt\/ensino\/pos-graduacao\/defesas\/\">Defesas<\/a><\/li>\n\t\t<li id=\"menu-item-4529\" class=\"menu-item menu-item-type-post_type menu-item-object-page menu-item-4529\"><a href=\"https:\/\/fcfrp.usp.br\/pt\/ensino\/pos-graduacao\/diplomas\/\">Diplomas<\/a><\/li>\n\t\t<li id=\"menu-item-4550\" class=\"menu-item menu-item-type-post_type menu-item-object-page menu-item-4550\"><a href=\"https:\/\/fcfrp.usp.br\/pt\/ensino\/pos-graduacao\/pae\/\">Programa de Aperfei\u00e7oamento de Ensino (PAE)<\/a><\/li>\n\t\t<li id=\"menu-item-4563\" class=\"menu-item menu-item-type-post_type menu-item-object-page menu-item-4563\"><a href=\"https:\/\/fcfrp.usp.br\/pt\/ensino\/pos-graduacao\/historia\/\">Hist\u00f3ria da P\u00f3s-Gradua\u00e7\u00e3o<\/a><\/li>\n\t\t<li id=\"menu-item-4504\" class=\"menu-item menu-item-type-post_type menu-item-object-page menu-item-4504\"><a href=\"https:\/\/fcfrp.usp.br\/pt\/ensino\/pos-graduacao\/pg-regimento\/\">Regimento e Normas<\/a><\/li>\n\t\t<li id=\"menu-item-5086\" class=\"menu-item menu-item-type-post_type menu-item-object-page menu-item-5086\"><a href=\"https:\/\/fcfrp.usp.br\/pt\/ensino\/pos-graduacao\/colaboradores\/\">Colaboradores Internacionais<\/a><\/li>\n\t<\/ul>\n<\/li>\n<\/ul>\n<\/li>\n<\/ul><\/div><\/div><\/div><\/div><\/div>","protected":false},"excerpt":{"rendered":"<p>O Programa de Aperfei\u00e7oamento de Ensino, regulamentado pela Portaria GR 3588, de 10 de maio de 2005, destina-se exclusivamente a alunos de P\u00f3s-Gradua\u00e7\u00e3o matriculados na Universidade de S\u00e3o Paulo nos cursos de mestrado e doutorado. Seu principal objetivo \u00e9 aprimorar a forma\u00e7\u00e3o do p\u00f3s-graduando para atividade did\u00e1tica de gradua\u00e7\u00e3o e sua composi\u00e7\u00e3o consiste em duas<a href=\"https:\/\/fcfrp.usp.br\/pt\/ensino\/pos-graduacao\/pae\/\">[&#8230;]<\/a><\/p>\n","protected":false},"author":978,"featured_media":0,"parent":454,"menu_order":6,"comment_status":"closed","ping_status":"closed","template":"template-fullwidth.php","meta":{"footnotes":"","_links_to":"","_links_to_target":""},"class_list":["post-4535","page","type-page","status-publish","hentry"],"_links":{"self":[{"href":"https:\/\/fcfrp.usp.br\/pt\/wp-json\/wp\/v2\/pages\/4535","targetHints":{"allow":["GET"]}}],"collection":[{"href":"https:\/\/fcfrp.usp.br\/pt\/wp-json\/wp\/v2\/pages"}],"about":[{"href":"https:\/\/fcfrp.usp.br\/pt\/wp-json\/wp\/v2\/types\/page"}],"author":[{"embeddable":true,"href":"https:\/\/fcfrp.usp.br\/pt\/wp-json\/wp\/v2\/users\/978"}],"replies":[{"embeddable":true,"href":"https:\/\/fcfrp.usp.br\/pt\/wp-json\/wp\/v2\/comments?post=4535"}],"version-history":[{"count":4,"href":"https:\/\/fcfrp.usp.br\/pt\/wp-json\/wp\/v2\/pages\/4535\/revisions"}],"predecessor-version":[{"id":16041,"href":"https:\/\/fcfrp.usp.br\/pt\/wp-json\/wp\/v2\/pages\/4535\/revisions\/16041"}],"up":[{"embeddable":true,"href":"https:\/\/fcfrp.usp.br\/pt\/wp-json\/wp\/v2\/pages\/454"}],"wp:attachment":[{"href":"https:\/\/fcfrp.usp.br\/pt\/wp-json\/wp\/v2\/media?parent=4535"}],"curies":[{"name":"wp","href":"https:\/\/api.w.org\/{rel}","templated":true}]}}