{"id":456,"date":"2020-04-11T10:41:17","date_gmt":"2020-04-11T12:41:17","guid":{"rendered":"https:\/\/sites.usp.br\/fcfrp\/?page_id=456"},"modified":"2026-02-27T11:34:56","modified_gmt":"2026-02-27T13:34:56","slug":"pesquisa","status":"publish","type":"page","link":"https:\/\/fcfrp.usp.br\/pt\/pesquisa-extensao\/pesquisa\/","title":{"rendered":"Comiss\u00e3o de Pesquisa e Inova\u00e7\u00e3o"},"content":{"rendered":"<div id=\"pl-456\"  class=\"panel-layout\" ><div id=\"pg-456-0\"  class=\"panel-grid panel-no-style\" ><div id=\"pgc-456-0-0\"  class=\"panel-grid-cell\" ><div id=\"panel-456-0-0-0\" class=\"so-panel widget widget_text panel-first-child panel-last-child\" data-index=\"0\" >\t\t\t<div class=\"textwidget\"><p><a href=\"https:\/\/fcfrp.usp.br\/pesquisa-extensao\/pesquisa\/\"><img loading=\"lazy\" decoding=\"async\" class=\"aligncenter wp-image-5654 size-full\" src=\"https:\/\/fcfrp.usp.br\/wp-content\/uploads\/sites\/528\/2025\/04\/pesquisai.jpg\" alt=\"\" width=\"800\" height=\"118\" \/><\/a><\/p>\n<h4><strong>Presidente<\/strong><\/h4>\n<h3>Profa. Dra. Andr\u00e9ia Machado Leopoldino<a href=\"https:\/\/fcfrp.usp.br\/wp-content\/uploads\/sites\/528\/2020\/07\/lpAndr\u00e9ia.png\"><img loading=\"lazy\" decoding=\"async\" class=\"wp-image-6482 size-full alignright\" src=\"https:\/\/fcfrp.usp.br\/wp-content\/uploads\/sites\/528\/2020\/07\/lpAndr\u00e9ia.png\" alt=\"\" width=\"100\" height=\"125\" \/><\/a><\/h3>\n<p>Email: andreiaml@usp.br<br \/>\nMandato: 14\/02\/2026 a 13\/02\/2028<\/p>\n<h4><strong>Vice-Presidente<\/strong><\/h4>\n<h3>Profa. Dra. Sandra Yasuyo Fukada Alves<a href=\"https:\/\/fcfrp.usp.br\/wp-content\/uploads\/sites\/528\/2020\/07\/lpSandra.png\"><img loading=\"lazy\" decoding=\"async\" class=\"wp-image-6569 size-full alignright\" src=\"https:\/\/fcfrp.usp.br\/wp-content\/uploads\/sites\/528\/2020\/07\/lpSandra.png\" alt=\"\" width=\"100\" height=\"125\" \/><\/a><\/h3>\n<p>Email: sfukada@usp.br<br \/>\nMandato: 14\/02\/2026 a 13\/02\/2028<\/p>\n<h4><strong>Secret\u00e1rio<\/strong><\/h4>\n<h3>David Fernando de Almeida Vieira<a href=\"https:\/\/sites.usp.br\/fcfrp\/wp-content\/uploads\/sites\/528\/2020\/04\/david.jpg\"><img loading=\"lazy\" decoding=\"async\" class=\"wp-image-1923 size-full alignright\" src=\"https:\/\/sites.usp.br\/fcfrp\/wp-content\/uploads\/sites\/528\/2020\/04\/david.jpg\" alt=\"\" width=\"100\" height=\"128\" \/><\/a><\/h3>\n<p>Email: davidvieira@fcfrp.usp.br<br \/>\nTel\/WhatsApp: (16) 3315-4216<\/p>\n<p>&nbsp;<\/p>\n<p>&nbsp;<\/p>\n<div style=\"text-align: justify; text-indent: 30pt;\">A composi\u00e7\u00e3o da Comiss\u00e3o de Pesquisa e Inova\u00e7\u00e3o \u00e9 definida pela <a href=\"https:\/\/leginf.usp.br\/?resolucao=resolucao-copi-no-8463-de-06-de-julho-de-2023\" target=\"_blank\" rel=\"noopener\">Resolu\u00e7\u00e3o CoPq n\u00ba 8463<\/a>, de 06\/07\/2023, e pelo <a href=\"https:\/\/leginf.usp.br\/?resolucao=consolidada-resolucao-no-4050-de-22-de-novembro-de-1993\" target=\"_blank\" rel=\"noopener\">Regimento Interno da Unidade<\/a>.<br \/>\nOs membros docentes da Comiss\u00e3o de Pesquisa e Inova\u00e7\u00e3o, indicados pela Congrega\u00e7\u00e3o ap\u00f3s consulta aos Departamentos, ser\u00e3o obrigatoriamente docentes-pesquisadores da Unidade com, no m\u00ednimo, o t\u00edtulo de Doutor.<br \/>\nA Comiss\u00e3o ter\u00e1 representa\u00e7\u00e3o discente, correspondente a 10% do total de docentes do colegiado, eleita por seus pares e constitu\u00edda por alunos de Gradua\u00e7\u00e3o e\/ou P\u00f3s-Gradua\u00e7\u00e3o da Unidade, com mandato de um ano, permitida a recondu\u00e7\u00e3o.<\/div>\n<p>&nbsp;<\/p>\n<h4><strong>Membros<\/strong><\/h4>\n<div style=\"text-align: justify;\">\n<table width=\"623\">\n<tbody>\n<tr>\n<td>Profa. Dra. Juliana Pfrimer Falc\u00e3o<\/td>\n<td>01\/11\/2025 a 31\/10\/2028<\/td>\n<\/tr>\n<tr>\n<td>Profa. Dra. Luciane Carla Alberici<\/td>\n<td width=\"223\">05\/07\/2025 a 04\/07\/2028<\/td>\n<\/tr>\n<tr>\n<td>Profa. Dra. M\u00e1rcia Eliana da Silva Ferreira<\/td>\n<td width=\"223\">19\/12\/2024 a 18\/12\/2027<\/td>\n<\/tr>\n<tr>\n<td>Profa. Dra. Cristina Ribeiro de Barros Cardoso<\/td>\n<td width=\"223\">19\/12\/2024 a 18\/12\/2027<\/td>\n<\/tr>\n<tr>\n<td>Profa. Dra. Patr\u00edcia Maria Berardo Gon\u00e7alves Maia Campos<\/td>\n<td width=\"223\">19\/12\/2024 a 18\/12\/2027<\/td>\n<\/tr>\n<tr>\n<td>Profa. Dra. Alessandra Vincenzi Jagers<\/td>\n<td width=\"223\">19\/12\/2024 a 18\/12\/2027<\/td>\n<\/tr>\n<tr>\n<td>Ellen Nobrega de Azevedo (Representante Discente)<\/td>\n<td width=\"223\">23\/08\/2025 a 22\/08\/2026<\/td>\n<\/tr>\n<tr>\n<td><strong>Suplentes<\/strong><\/td>\n<td><\/td>\n<\/tr>\n<tr>\n<td>Prof. Dr. Carlos Renato Tirapelli<\/td>\n<td width=\"223\">05\/07\/2025 a 04\/07\/2028<\/td>\n<\/tr>\n<tr>\n<td>Profa. Dra. Andr\u00e9ia Machado Leopoldino<\/td>\n<td width=\"223\">01\/11\/2025 a 31\/10\/2028<\/td>\n<\/tr>\n<tr>\n<td>Profa. Dra. Simone de P\u00e1dua Teixeira<\/td>\n<td width=\"223\">28\/06\/2025 a 27\/06\/2028<\/td>\n<\/tr>\n<tr>\n<td>Profa. Dra. Kelen Cristina Ribeiro Malmegrim de Farias<\/td>\n<td width=\"223\">19\/12\/2024 a 18\/12\/2027<\/td>\n<\/tr>\n<tr>\n<td>Prof. Dr. Norberto Peporine Lopes<\/td>\n<td width=\"223\">19\/12\/2024 a 18\/12\/2027<\/td>\n<\/tr>\n<tr>\n<td>Prof. Dr. Wanderley Pereira de Oliveira<\/td>\n<td width=\"223\">19\/12\/2024 a 18\/12\/2027<\/td>\n<\/tr>\n<tr>\n<td>Jo\u00e3o Vitor de Almeida Pereira (Representante Discente)<\/td>\n<td width=\"223\">23\/08\/2025 a 22\/08\/2026<\/td>\n<\/tr>\n<\/tbody>\n<\/table>\n<\/div>\n<p>&nbsp;<\/p>\n<h4><strong>Contato<\/strong><\/h4>\n<div style=\"text-align: justify;\">Email: pesquisa@fcfrp.usp.br<br \/>\nFacebook: <a href=\"https:\/\/www.facebook.com\/cpq.fcfrp\/\" target=\"_blank\" rel=\"noopener\">@cpq.fcfrp<\/a><br \/>\nInstagram: <a href=\"https:\/\/www.instagram.com\/cpq_fcfrp\/\" target=\"_blank\" rel=\"noopener\">@cpq_fcfrp<\/a><br \/>\nWhatsApp: (16) 3315-4216<\/div>\n<p>&nbsp;<\/p>\n<\/div>\n\t\t<\/div><\/div><div id=\"pgc-456-0-1\"  class=\"panel-grid-cell\" ><div id=\"panel-456-0-1-0\" class=\"so-panel widget widget_nav_menu panel-first-child panel-last-child\" data-index=\"1\" ><div class=\"menu-menu-pesquisa-container\"><ul id=\"menu-menu-pesquisa\" class=\"menu\"><li id=\"menu-item-791\" class=\"menu-item menu-item-type-post_type menu-item-object-page menu-item-has-children menu-item-791\"><a href=\"https:\/\/fcfrp.usp.br\/pt\/pesquisa-extensao\/\">PESQUISA \/ EXTENS\u00c3O<\/a>\n<ul class=\"sub-menu\">\n\t<li id=\"menu-item-792\" class=\"menu-item menu-item-type-post_type menu-item-object-page menu-item-has-children menu-item-792\"><a href=\"https:\/\/fcfrp.usp.br\/pt\/pesquisa-extensao\/pesquisa\/\">Pesquisa<\/a>\n\t<ul class=\"sub-menu\">\n\t\t<li id=\"menu-item-5831\" class=\"menu-item menu-item-type-post_type menu-item-object-page menu-item-5831\"><a href=\"https:\/\/fcfrp.usp.br\/pt\/pesquisa-extensao\/pesquisa\/normas\/\">Normas<\/a><\/li>\n\t\t<li id=\"menu-item-5562\" class=\"menu-item menu-item-type-post_type menu-item-object-page menu-item-has-children menu-item-5562\"><a href=\"https:\/\/fcfrp.usp.br\/pt\/pesquisa-extensao\/pesquisa\/infraestrutura\/\">Infraestrutura<\/a>\n\t\t<ul class=\"sub-menu\">\n\t\t\t<li id=\"menu-item-15552\" class=\"menu-item menu-item-type-post_type menu-item-object-page menu-item-15552\"><a href=\"https:\/\/fcfrp.usp.br\/pt\/pesquisa-extensao\/pesquisa\/infraestrutura\/biocel\/\">BioCel FCFRP-USP<\/a><\/li>\n\t\t<\/ul>\n<\/li>\n\t\t<li id=\"menu-item-910\" class=\"menu-item menu-item-type-post_type menu-item-object-page menu-item-910\"><a href=\"https:\/\/fcfrp.usp.br\/pt\/pesquisa-extensao\/pesquisa\/centrais-multiusuarios\/\">Centrais Multiusu\u00e1rios<\/a><\/li>\n\t\t<li id=\"menu-item-6067\" class=\"menu-item menu-item-type-post_type menu-item-object-page menu-item-6067\"><a href=\"https:\/\/fcfrp.usp.br\/pt\/pesquisa-extensao\/pesquisa\/linhas-de-pesquisa\/\">Linhas de Pesquisa<\/a><\/li>\n\t\t<li id=\"menu-item-5570\" class=\"menu-item menu-item-type-post_type menu-item-object-page menu-item-5570\"><a href=\"https:\/\/fcfrp.usp.br\/pt\/pesquisa-extensao\/pesquisa\/grupos-pesquisa\/\">Grupos de Pesquisa<\/a><\/li>\n\t\t<li id=\"menu-item-5574\" class=\"menu-item menu-item-type-post_type menu-item-object-page menu-item-has-children menu-item-5574\"><a href=\"https:\/\/fcfrp.usp.br\/pt\/pesquisa-extensao\/pesquisa\/programas\/\">Programas<\/a>\n\t\t<ul class=\"sub-menu\">\n\t\t\t<li id=\"menu-item-5863\" class=\"menu-item menu-item-type-post_type menu-item-object-page menu-item-5863\"><a href=\"https:\/\/fcfrp.usp.br\/pt\/pesquisa-extensao\/pesquisa\/programas\/preiniciacao\/\">Pr\u00e9-Inicia\u00e7\u00e3o Cient\u00edfica<\/a><\/li>\n\t\t\t<li id=\"menu-item-5853\" class=\"menu-item menu-item-type-post_type menu-item-object-page menu-item-5853\"><a href=\"https:\/\/fcfrp.usp.br\/pt\/pesquisa-extensao\/pesquisa\/programas\/iniciacao\/\">Inicia\u00e7\u00e3o Cient\u00edfica<\/a><\/li>\n\t\t\t<li id=\"menu-item-5862\" class=\"menu-item menu-item-type-post_type menu-item-object-page menu-item-5862\"><a href=\"https:\/\/fcfrp.usp.br\/pt\/pesquisa-extensao\/pesquisa\/programas\/posdoutorado\/\">P\u00f3s-Doutorado<\/a><\/li>\n\t\t\t<li id=\"menu-item-5889\" class=\"menu-item menu-item-type-post_type menu-item-object-page menu-item-5889\"><a href=\"https:\/\/fcfrp.usp.br\/pt\/pesquisa-extensao\/pesquisa\/programas\/pesquisador\/\">Pesquisador Colaborador<\/a><\/li>\n\t\t<\/ul>\n<\/li>\n\t\t<li id=\"menu-item-5580\" class=\"menu-item menu-item-type-post_type menu-item-object-page menu-item-5580\"><a href=\"https:\/\/fcfrp.usp.br\/pt\/pesquisa-extensao\/pesquisa\/oportunidades\/\">Oportunidades<\/a><\/li>\n\t\t<li id=\"menu-item-7063\" class=\"menu-item menu-item-type-post_type menu-item-object-page menu-item-7063\"><a href=\"https:\/\/fcfrp.usp.br\/pt\/pesquisa-extensao\/pesquisa\/siicusp\/\">SIICUSP<\/a><\/li>\n\t\t<li id=\"menu-item-12022\" class=\"menu-item menu-item-type-post_type menu-item-object-page menu-item-12022\"><a href=\"https:\/\/fcfrp.usp.br\/pt\/pesquisa-extensao\/patrimonio-genetico\/\">Patrim\u00f4nio Gen\u00e9tico \u2013 CTA<\/a><\/li>\n\t<\/ul>\n<\/li>\n\t<li id=\"menu-item-790\" class=\"menu-item menu-item-type-post_type menu-item-object-page menu-item-790\"><a href=\"https:\/\/fcfrp.usp.br\/pt\/pesquisa-extensao\/extensao\/\">Cultura e Extens\u00e3o<\/a><\/li>\n<\/ul>\n<\/li>\n<\/ul><\/div><\/div><\/div><\/div><\/div>","protected":false},"excerpt":{"rendered":"<p>Presidente Profa. Dra. Andr\u00e9ia Machado Leopoldino Email: andreiaml@usp.br Mandato: 14\/02\/2026 a 13\/02\/2028 Vice-Presidente Profa. Dra. Sandra Yasuyo Fukada Alves Email: sfukada@usp.br Mandato: 14\/02\/2026 a 13\/02\/2028 Secret\u00e1rio David Fernando de Almeida Vieira Email: davidvieira@fcfrp.usp.br Tel\/WhatsApp: (16) 3315-4216 &nbsp; &nbsp; A composi\u00e7\u00e3o da Comiss\u00e3o de Pesquisa e Inova\u00e7\u00e3o \u00e9 definida pela Resolu\u00e7\u00e3o CoPq n\u00ba 8463, de 06\/07\/2023,<a href=\"https:\/\/fcfrp.usp.br\/pt\/pesquisa-extensao\/pesquisa\/\">[&#8230;]<\/a><\/p>\n","protected":false},"author":978,"featured_media":0,"parent":322,"menu_order":0,"comment_status":"closed","ping_status":"closed","template":"template-fullwidth-no-title.php","meta":{"footnotes":"","_links_to":"","_links_to_target":""},"class_list":["post-456","page","type-page","status-publish","hentry"],"_links":{"self":[{"href":"https:\/\/fcfrp.usp.br\/pt\/wp-json\/wp\/v2\/pages\/456","targetHints":{"allow":["GET"]}}],"collection":[{"href":"https:\/\/fcfrp.usp.br\/pt\/wp-json\/wp\/v2\/pages"}],"about":[{"href":"https:\/\/fcfrp.usp.br\/pt\/wp-json\/wp\/v2\/types\/page"}],"author":[{"embeddable":true,"href":"https:\/\/fcfrp.usp.br\/pt\/wp-json\/wp\/v2\/users\/978"}],"replies":[{"embeddable":true,"href":"https:\/\/fcfrp.usp.br\/pt\/wp-json\/wp\/v2\/comments?post=456"}],"version-history":[{"count":4,"href":"https:\/\/fcfrp.usp.br\/pt\/wp-json\/wp\/v2\/pages\/456\/revisions"}],"predecessor-version":[{"id":16335,"href":"https:\/\/fcfrp.usp.br\/pt\/wp-json\/wp\/v2\/pages\/456\/revisions\/16335"}],"up":[{"embeddable":true,"href":"https:\/\/fcfrp.usp.br\/pt\/wp-json\/wp\/v2\/pages\/322"}],"wp:attachment":[{"href":"https:\/\/fcfrp.usp.br\/pt\/wp-json\/wp\/v2\/media?parent=456"}],"curies":[{"name":"wp","href":"https:\/\/api.w.org\/{rel}","templated":true}]}}