{"id":458,"date":"2020-04-11T10:41:36","date_gmt":"2020-04-11T12:41:36","guid":{"rendered":"https:\/\/sites.usp.br\/fcfrp\/?page_id=458"},"modified":"2026-02-23T09:23:06","modified_gmt":"2026-02-23T11:23:06","slug":"extensao","status":"publish","type":"page","link":"https:\/\/fcfrp.usp.br\/pt\/pesquisa-extensao\/extensao\/","title":{"rendered":"Comiss\u00e3o de Cultura e Extens\u00e3o"},"content":{"rendered":"<div id=\"pl-458\"  class=\"panel-layout\" ><div id=\"pg-458-0\"  class=\"panel-grid panel-no-style\" ><div id=\"pgc-458-0-0\"  class=\"panel-grid-cell\" ><div id=\"panel-458-0-0-0\" class=\"so-panel widget widget_text panel-first-child panel-last-child\" data-index=\"0\" >\t\t\t<div class=\"textwidget\"><p>&nbsp;<\/p>\n<h4><strong>Presidente<\/strong><\/h4>\n<h3>Profa. Dra. Elisa Maria de Sousa Russo<a href=\"https:\/\/fcfrp.usp.br\/wp-content\/uploads\/sites\/528\/2026\/02\/elisa.jpg\"><img loading=\"lazy\" decoding=\"async\" class=\"wp-image-16213 size-full alignright\" src=\"https:\/\/fcfrp.usp.br\/wp-content\/uploads\/sites\/528\/2026\/02\/elisa.jpg\" alt=\"\" width=\"100\" height=\"125\" \/><\/a><\/h3>\n<p>Email: elisa@fcfrp.usp.br<br \/>\nTel: (16) 3315-0559<br \/>\nMandato:\u00a021\/02\/2026 a 20\/02\/2028<\/p>\n<h4><strong>Vice-presidente<\/strong><\/h4>\n<h3>Profa. Dra. V\u00e2nia Braz\u00e3o Muniz<a href=\"https:\/\/fcfrp.usp.br\/wp-content\/uploads\/sites\/528\/2026\/02\/vaniab.jpg\"><img loading=\"lazy\" decoding=\"async\" class=\"wp-image-16214 size-full alignright\" src=\"https:\/\/fcfrp.usp.br\/wp-content\/uploads\/sites\/528\/2026\/02\/vaniab.jpg\" alt=\"\" width=\"100\" height=\"125\" \/><\/a><\/h3>\n<p>Email: vbrazao@usp.br<br \/>\nTel: (16) 3315-4720<br \/>\nMandato:\u00a021\/02\/2026 a 20\/02\/2028<\/p>\n<h4><strong>Secret\u00e1ria<\/strong><\/h4>\n<h3>Fernanda Del Campo de Matos<a href=\"https:\/\/sites.usp.br\/fcfrp\/wp-content\/uploads\/sites\/528\/2020\/04\/fernanda.jpg\"><img loading=\"lazy\" decoding=\"async\" class=\"wp-image-2431 size-full alignright\" src=\"https:\/\/sites.usp.br\/fcfrp\/wp-content\/uploads\/sites\/528\/2020\/04\/fernanda.jpg\" alt=\"\" width=\"100\" height=\"128\" \/><\/a><\/h3>\n<p>Email: ccex@fcfrp.usp.br<br \/>\nTel: (16) 3315-8559<\/p>\n<p>&nbsp;<\/p>\n<p>&nbsp;<\/p>\n<div style=\"text-align: justify; text-indent: 30pt;\">A CCEx da FCFRP \u00e9 respons\u00e1vel pela coordena\u00e7\u00e3o de atividades de integra\u00e7\u00e3o entre a Universidade e Sociedade, democratizando o conhecimento acad\u00eamico na \u00e1rea de farm\u00e1cia e bioqu\u00edmica.<br \/>\n&#8211; ATIVIDADES DE EXTENS\u00c3O: a FCFRP promove organiza\u00e7\u00e3o de eventos cient\u00edficos, cursos de difus\u00e3o e atualiza\u00e7\u00e3o, assist\u00eancia farmac\u00eautica e presta\u00e7\u00e3o de servi\u00e7os em diferentes \u00e1reas farmac\u00eauticas para a comunidade em geral; est\u00e1gios profissionalizantes a alunos de gradua\u00e7\u00e3o e p\u00f3s-gradua\u00e7\u00e3o, al\u00e9m de estimular a participa\u00e7\u00e3o dos alunos em campanhas educativas sobre o Uso Correto de Medicamentos.<br \/>\n&#8211; ATIVIDADES DE CULTURA: a FCFRP elabora e disponibiliza atividades de natureza cultural (campanhas, feiras e exposi\u00e7\u00f5es) colaborando com o desenvolvimento do senso cr\u00edtico e forma\u00e7\u00e3o intelectual da sociedade.<\/div>\n<div style=\"text-align: justify; text-indent: 30pt;\">A FCFRP possui conv\u00eanios com Universidades no Exterior, Farm\u00e1cias, Ind\u00fastrias Farmac\u00eauticas e Cosm\u00e9ticas, possibilitando a realiza\u00e7\u00e3o de est\u00e1gios aos alunos de gradua\u00e7\u00e3o e p\u00f3s-gradua\u00e7\u00e3o estrangeiros, o interc\u00e2mbio de informa\u00e7\u00f5es e a difus\u00e3o do conhecimento \u00e0 sociedade (Programa de Atualiza\u00e7\u00e3o).<\/div>\n<p>&nbsp;<\/p>\n<p>&nbsp;<\/p>\n<h4><strong>Membros<\/strong><\/h4>\n<p><strong>Titulares<\/strong><\/p>\n<div>\n<table width=\"681\">\n<tbody>\n<tr>\n<td width=\"389\">Prof. Dr. Marcelo Dias Baruffi<\/td>\n<td width=\"292\">30\/10\/2023 a 29\/10\/2026<\/td>\n<\/tr>\n<tr>\n<td>Profa. Dra. Lorena Rigo Gaspar Cordeiro<\/td>\n<td>19\/12\/2024 a\u00a018\/12\/2027<\/td>\n<\/tr>\n<tr>\n<td>Profa. Dra.\u00a0<span lang=\"ES-TRAD\">M\u00e1rcia Eliana da Silva Ferreira<\/span><\/td>\n<td>26\/11\/2025 a\u00a025\/11\/2028<\/td>\n<\/tr>\n<tr>\n<td>Profa. Dra. V\u00e2nia Braz\u00e3o Muniz<\/td>\n<td>26\/11\/2025 a\u00a025\/11\/2028<\/td>\n<\/tr>\n<tr>\n<td>Prof. Dr. Germ\u00e1n Gustavo Sgro<\/td>\n<td>19\/12\/2023 a 18\/12\/2026<\/td>\n<\/tr>\n<tr>\n<td>Profa. Dra. Sabrina Francesca de Souza Lisboa<\/td>\n<td>19\/12\/2023 a 18\/12\/2026<\/td>\n<\/tr>\n<tr>\n<td>Representante discente: J\u00falia Tain\u00e1 Pereira<\/td>\n<td>27\/04\/2025 a\u00a026\/04\/2026<\/td>\n<\/tr>\n<\/tbody>\n<\/table>\n<\/div>\n<div><\/div>\n<div style=\"text-align: justify;\"><\/div>\n<p><strong>Suplentes<\/strong><\/p>\n<div>\n<table width=\"681\">\n<tbody>\n<tr>\n<td width=\"389\">Profa. Dra. V\u00e2nia dos Santos<\/td>\n<td width=\"292\">30\/10\/2023 a 29\/10\/2026<\/td>\n<\/tr>\n<tr>\n<td>Profa. Dra. Marilisa Guimar\u00e3es Lara<\/td>\n<td>19\/12\/2024 a\u00a018\/12\/2027<\/td>\n<\/tr>\n<tr>\n<td><span lang=\"IT\">Prof. Dr.\u00a0<\/span><span lang=\"ES-TRAD\">Ronaldo Bragan\u00e7a Martins Junior<\/span><\/td>\n<td>26\/11\/2025 a\u00a025\/11\/2028<\/td>\n<\/tr>\n<tr>\n<td>Profa. Dra.\u00a0<span lang=\"IT\">Jana\u00edna Artem Ata\u00edde<\/span><\/td>\n<td>26\/11\/2025 a\u00a025\/11\/2028<\/td>\n<\/tr>\n<tr>\n<td>Prof. Dr. Fernando Lu\u00eds Barroso da Silva<\/td>\n<td>19\/12\/2023 a 18\/12\/2026<\/td>\n<\/tr>\n<tr>\n<td>Profa. Dra. Hosana Maria Debonsi<\/td>\n<td>26\/02\/2024 a 25\/02\/2027<\/td>\n<\/tr>\n<tr>\n<td>Representante discente: Isabela Cristina Barretto<\/td>\n<td>27\/04\/2025 a\u00a026\/04\/2026<\/td>\n<\/tr>\n<\/tbody>\n<\/table>\n<\/div>\n<div style=\"text-align: justify;\"><\/div>\n<p>&nbsp;<\/p>\n<h4><strong>Contato<\/strong><\/h4>\n<p>E-mail: ccex@fcfrp.usp.br<\/p>\n<p>&nbsp;<\/p>\n<\/div>\n\t\t<\/div><\/div><div id=\"pgc-458-0-1\"  class=\"panel-grid-cell\" ><div id=\"panel-458-0-1-0\" class=\"so-panel widget widget_nav_menu panel-first-child panel-last-child\" data-index=\"1\" ><div class=\"menu-menu-extensao-container\"><ul id=\"menu-menu-extensao\" class=\"menu\"><li id=\"menu-item-5943\" class=\"menu-item menu-item-type-post_type menu-item-object-page menu-item-has-children menu-item-5943\"><a href=\"https:\/\/fcfrp.usp.br\/pt\/pesquisa-extensao\/\">PESQUISA \/ EXTENS\u00c3O<\/a>\n<ul class=\"sub-menu\">\n\t<li id=\"menu-item-5944\" class=\"menu-item menu-item-type-post_type menu-item-object-page menu-item-5944\"><a href=\"https:\/\/fcfrp.usp.br\/pt\/pesquisa-extensao\/pesquisa\/\">Pesquisa<\/a><\/li>\n\t<li id=\"menu-item-5945\" class=\"menu-item menu-item-type-post_type menu-item-object-page menu-item-has-children menu-item-5945\"><a href=\"https:\/\/fcfrp.usp.br\/pt\/pesquisa-extensao\/extensao\/\">Cultura e Extens\u00e3o<\/a>\n\t<ul class=\"sub-menu\">\n\t\t<li id=\"menu-item-15867\" class=\"menu-item menu-item-type-post_type menu-item-object-page menu-item-15867\"><a href=\"https:\/\/fcfrp.usp.br\/pt\/pesquisa-extensao\/extensao\/curricularizacao\/\">Curriculariza\u00e7\u00e3o<\/a><\/li>\n\t\t<li id=\"menu-item-5946\" class=\"menu-item menu-item-type-post_type menu-item-object-page menu-item-5946\"><a href=\"https:\/\/fcfrp.usp.br\/pt\/pesquisa-extensao\/extensao\/cursos-extensao\/\">Cursos e Atividades<\/a><\/li>\n\t\t<li id=\"menu-item-6781\" class=\"menu-item menu-item-type-post_type menu-item-object-page menu-item-6781\"><a href=\"https:\/\/fcfrp.usp.br\/pt\/pesquisa-extensao\/extensao\/fepusp\/\">Feira de Profiss\u00f5es<\/a><\/li>\n\t\t<li id=\"menu-item-11497\" class=\"menu-item menu-item-type-post_type menu-item-object-page menu-item-11497\"><a href=\"https:\/\/fcfrp.usp.br\/pt\/pesquisa-extensao\/extensao\/material-divulgacao\/\">Material de Divulga\u00e7\u00e3o \u00e0 Comunidade<\/a><\/li>\n\t\t<li id=\"menu-item-5947\" class=\"menu-item menu-item-type-post_type menu-item-object-page menu-item-5947\"><a href=\"https:\/\/fcfrp.usp.br\/pt\/pesquisa-extensao\/extensao\/programas-extensao\/\">Programas e Projetos<\/a><\/li>\n\t<\/ul>\n<\/li>\n<\/ul>\n<\/li>\n<\/ul><\/div><\/div><\/div><\/div><\/div>","protected":false},"excerpt":{"rendered":"<p>&nbsp; Presidente Profa. Dra. Elisa Maria de Sousa Russo Email: elisa@fcfrp.usp.br Tel: (16) 3315-0559 Mandato:\u00a021\/02\/2026 a 20\/02\/2028 Vice-presidente Profa. Dra. V\u00e2nia Braz\u00e3o Muniz Email: vbrazao@usp.br Tel: (16) 3315-4720 Mandato:\u00a021\/02\/2026 a 20\/02\/2028 Secret\u00e1ria Fernanda Del Campo de Matos Email: ccex@fcfrp.usp.br Tel: (16) 3315-8559 &nbsp; &nbsp; A CCEx da FCFRP \u00e9 respons\u00e1vel pela coordena\u00e7\u00e3o de atividades de<a href=\"https:\/\/fcfrp.usp.br\/pt\/pesquisa-extensao\/extensao\/\">[&#8230;]<\/a><\/p>\n","protected":false},"author":978,"featured_media":0,"parent":322,"menu_order":1,"comment_status":"closed","ping_status":"closed","template":"template-fullwidth.php","meta":{"footnotes":"","_links_to":"","_links_to_target":""},"class_list":["post-458","page","type-page","status-publish","hentry"],"_links":{"self":[{"href":"https:\/\/fcfrp.usp.br\/pt\/wp-json\/wp\/v2\/pages\/458","targetHints":{"allow":["GET"]}}],"collection":[{"href":"https:\/\/fcfrp.usp.br\/pt\/wp-json\/wp\/v2\/pages"}],"about":[{"href":"https:\/\/fcfrp.usp.br\/pt\/wp-json\/wp\/v2\/types\/page"}],"author":[{"embeddable":true,"href":"https:\/\/fcfrp.usp.br\/pt\/wp-json\/wp\/v2\/users\/978"}],"replies":[{"embeddable":true,"href":"https:\/\/fcfrp.usp.br\/pt\/wp-json\/wp\/v2\/comments?post=458"}],"version-history":[{"count":4,"href":"https:\/\/fcfrp.usp.br\/pt\/wp-json\/wp\/v2\/pages\/458\/revisions"}],"predecessor-version":[{"id":16215,"href":"https:\/\/fcfrp.usp.br\/pt\/wp-json\/wp\/v2\/pages\/458\/revisions\/16215"}],"up":[{"embeddable":true,"href":"https:\/\/fcfrp.usp.br\/pt\/wp-json\/wp\/v2\/pages\/322"}],"wp:attachment":[{"href":"https:\/\/fcfrp.usp.br\/pt\/wp-json\/wp\/v2\/media?parent=458"}],"curies":[{"name":"wp","href":"https:\/\/api.w.org\/{rel}","templated":true}]}}