{"id":4749,"date":"2020-05-12T12:04:34","date_gmt":"2020-05-12T14:04:34","guid":{"rendered":"https:\/\/sites.usp.br\/fcfrp\/?page_id=4749"},"modified":"2026-04-10T10:37:27","modified_gmt":"2026-04-10T12:37:27","slug":"pbbio-regulamento","status":"publish","type":"page","link":"https:\/\/fcfrp.usp.br\/pt\/ensino\/pos-graduacao\/biociencias-biotecnologia\/pbbio-regulamento\/","title":{"rendered":"Regulamento do Programa"},"content":{"rendered":"<div id=\"pl-4749\"  class=\"panel-layout\" ><div id=\"pg-4749-0\"  class=\"panel-grid panel-no-style\" ><div id=\"pgc-4749-0-0\"  class=\"panel-grid-cell\" ><div id=\"panel-4749-0-0-0\" class=\"so-panel widget widget_text panel-first-child panel-last-child\" data-index=\"0\" >\t\t\t<div class=\"textwidget\"><div style=\"text-align: justify;\"><a href=\"https:\/\/sites.usp.br\/fcfrp\/wp-content\/uploads\/sites\/528\/2020\/06\/BBIO-Res-CoPGr-7672-Novo-regulamento.pdf\" target=\"_blank\" rel=\"noopener\">&#8211; Regulamento do Programa de P\u00f3s-Gradua\u00e7\u00e3o em Bioci\u00eancias e Biotecnologia da FCFRP-USP (para ingressantes a partir de 28\/05\/2019 ou que solicitaram a mudan\u00e7a de norma)<\/a><br \/>\n<a href=\"https:\/\/fcfrp.usp.br\/wp-content\/uploads\/sites\/528\/2026\/04\/Lista-de-Alunos-com-suas-respectivas-normas.pdf\">&#8211; Lista de Alunos com suas respectivas normas<\/a><br \/>\n<a href=\"https:\/\/fcfrp.usp.br\/wp-content\/uploads\/sites\/528\/2025\/12\/FCFRP_BiocBiotec_Aprovacao-e-Publicacao.pdf\">&#8211; Regulamento do Programa de P\u00f3s-Gradua\u00e7\u00e3o em Bioci\u00eancias e Biotecnologia da FCFRP-USP &#8211; RESOLU\u00c7\u00c3O CoPGr n\u00ba 8901, de 15 de dezembro de 2025. (para ingressantes a partir de 15 de dezembro de 2025)<\/a><\/div>\n<p>&nbsp;<\/p>\n<div style=\"text-align: justify;\"><strong>Aten\u00e7\u00e3o &#8211; <\/strong><a href=\"https:\/\/leginf.usp.br\/?resolucao=resolucao-copgr-no-8655-de-27-de-junho-de-2024\" target=\"_blank\" rel=\"noopener\">RESOLU\u00c7\u00c3O CoPGr N\u00ba 8655, DE 27 DE JUNHO DE 2024<\/a><br \/>\nPrev\u00ea a revoga\u00e7\u00e3o, observado o prazo que especifica, da autoriza\u00e7\u00e3o excepcional e tempor\u00e1ria para prorroga\u00e7\u00f5es de prazo na P\u00f3s-Gradua\u00e7\u00e3o em raz\u00e3o da Pandemia da COVID-19.<\/div>\n<\/div>\n\t\t<\/div><\/div><div id=\"pgc-4749-0-1\"  class=\"panel-grid-cell\" ><div id=\"panel-4749-0-1-0\" class=\"so-panel widget widget_nav_menu panel-first-child panel-last-child\" data-index=\"1\" ><div class=\"menu-menu-pos-pbb-container\"><ul id=\"menu-menu-pos-pbb\" class=\"menu\"><li id=\"menu-item-4573\" class=\"menu-item menu-item-type-post_type menu-item-object-page menu-item-has-children menu-item-4573\"><a href=\"https:\/\/fcfrp.usp.br\/pt\/ensino\/\">ENSINO<\/a>\n<ul class=\"sub-menu\">\n\t<li id=\"menu-item-4574\" class=\"menu-item menu-item-type-post_type menu-item-object-page menu-item-4574\"><a href=\"https:\/\/fcfrp.usp.br\/pt\/ensino\/graduacao\/\">Gradua\u00e7\u00e3o<\/a><\/li>\n\t<li id=\"menu-item-4575\" class=\"menu-item menu-item-type-post_type menu-item-object-page menu-item-has-children menu-item-4575\"><a href=\"https:\/\/fcfrp.usp.br\/pt\/ensino\/pos-graduacao\/\">P\u00f3s-Gradua\u00e7\u00e3o<\/a>\n\t<ul class=\"sub-menu\">\n\t\t<li id=\"menu-item-4576\" class=\"menu-item menu-item-type-post_type menu-item-object-page menu-item-4576\"><a href=\"https:\/\/fcfrp.usp.br\/pt\/ensino\/pos-graduacao\/comissao-pos-graduacao\/\">Comiss\u00e3o de P\u00f3s-Gradua\u00e7\u00e3o<\/a><\/li>\n\t\t<li id=\"menu-item-4572\" class=\"menu-item menu-item-type-post_type menu-item-object-page menu-item-4572\"><a href=\"https:\/\/fcfrp.usp.br\/pt\/institucional\/administracao\/atac\/secao-posgraduacao\/\">Servi\u00e7o de P\u00f3s-Gradua\u00e7\u00e3o<\/a><\/li>\n\t\t<li id=\"menu-item-4577\" class=\"menu-item menu-item-type-post_type menu-item-object-page menu-item-has-children menu-item-4577\"><a href=\"https:\/\/fcfrp.usp.br\/pt\/ensino\/pos-graduacao\/biociencias-biotecnologia\/\">Programa de Bioci\u00eancias e Biotecnologia<\/a>\n\t\t<ul class=\"sub-menu\">\n\t\t\t<li id=\"menu-item-4620\" class=\"menu-item menu-item-type-post_type menu-item-object-page menu-item-4620\"><a href=\"https:\/\/fcfrp.usp.br\/pt\/ensino\/pos-graduacao\/biociencias-biotecnologia\/pbbio-historico\/\">Hist\u00f3rico e Objetivos<\/a><\/li>\n\t\t\t<li id=\"menu-item-4628\" class=\"menu-item menu-item-type-post_type menu-item-object-page menu-item-4628\"><a href=\"https:\/\/fcfrp.usp.br\/pt\/ensino\/pos-graduacao\/biociencias-biotecnologia\/pbbio-areas\/\">Corpo Docente e \u00c1reas de Concentra\u00e7\u00e3o<\/a><\/li>\n\t\t\t<li id=\"menu-item-5419\" class=\"menu-item menu-item-type-post_type menu-item-object-page menu-item-5419\"><a href=\"https:\/\/fcfrp.usp.br\/pt\/ensino\/pos-graduacao\/biociencias-biotecnologia\/ppbio-discentes\/\">Corpo Discente<\/a><\/li>\n\t\t\t<li id=\"menu-item-4652\" class=\"menu-item menu-item-type-post_type menu-item-object-page menu-item-4652\"><a href=\"https:\/\/fcfrp.usp.br\/pt\/ensino\/pos-graduacao\/biociencias-biotecnologia\/pbbio-processo-seletivo\/\">Processo Seletivo e Matr\u00edcula<\/a><\/li>\n\t\t\t<li id=\"menu-item-5116\" class=\"menu-item menu-item-type-post_type menu-item-object-page menu-item-5116\"><a href=\"https:\/\/fcfrp.usp.br\/pt\/ensino\/pos-graduacao\/biociencias-biotecnologia\/pbbio-teses\/\">Teses e Disserta\u00e7\u00f5es<\/a><\/li>\n\t\t\t<li id=\"menu-item-4666\" class=\"menu-item menu-item-type-post_type menu-item-object-page menu-item-4666\"><a href=\"https:\/\/fcfrp.usp.br\/pt\/ensino\/pos-graduacao\/biociencias-biotecnologia\/pbbio-pos-doc\/\">P\u00f3s-Doc (PIPD\/CAPES)<\/a><\/li>\n\t\t\t<li id=\"menu-item-4680\" class=\"menu-item menu-item-type-post_type menu-item-object-page menu-item-4680\"><a href=\"https:\/\/fcfrp.usp.br\/pt\/ensino\/pos-graduacao\/biociencias-biotecnologia\/pbbio-editais-print\/\">Editais Print USP\/CAPES<\/a><\/li>\n\t\t\t<li id=\"menu-item-4695\" class=\"menu-item menu-item-type-post_type menu-item-object-page menu-item-4695\"><a href=\"https:\/\/fcfrp.usp.br\/pt\/ensino\/pos-graduacao\/biociencias-biotecnologia\/pbbio-disciplinas\/\">Disciplinas<\/a><\/li>\n\t\t\t<li id=\"menu-item-4760\" class=\"menu-item menu-item-type-post_type menu-item-object-page menu-item-4760\"><a href=\"https:\/\/fcfrp.usp.br\/pt\/ensino\/pos-graduacao\/biociencias-biotecnologia\/pbbio-regulamento\/\">Regulamento do Programa<\/a><\/li>\n\t\t\t<li id=\"menu-item-4744\" class=\"menu-item menu-item-type-post_type menu-item-object-page menu-item-4744\"><a href=\"https:\/\/fcfrp.usp.br\/pt\/ensino\/pos-graduacao\/biociencias-biotecnologia\/pbbio-formularios\/\">Formul\u00e1rios<\/a><\/li>\n\t\t\t<li id=\"menu-item-4769\" class=\"menu-item menu-item-type-post_type menu-item-object-page menu-item-4769\"><a href=\"https:\/\/fcfrp.usp.br\/pt\/ensino\/pos-graduacao\/biociencias-biotecnologia\/pbbio-bolsas\/\">Concess\u00e3o de Bolsas<\/a><\/li>\n\t\t\t<li id=\"menu-item-4775\" class=\"menu-item menu-item-type-post_type menu-item-object-page menu-item-4775\"><a href=\"https:\/\/fcfrp.usp.br\/pt\/ensino\/pos-graduacao\/biociencias-biotecnologia\/pbbio-premios\/\">Pr\u00eamios<\/a><\/li>\n\t\t\t<li id=\"menu-item-5509\" class=\"menu-item menu-item-type-post_type menu-item-object-page menu-item-5509\"><a href=\"https:\/\/fcfrp.usp.br\/pt\/ensino\/pos-graduacao\/biociencias-biotecnologia\/pbbio-journal-club\/\">Journal Club<\/a><\/li>\n\t\t\t<li id=\"menu-item-4704\" class=\"menu-item menu-item-type-post_type menu-item-object-page menu-item-4704\"><a href=\"https:\/\/fcfrp.usp.br\/pt\/ensino\/pos-graduacao\/biociencias-biotecnologia\/pbbio-workshops\/\">Workshops<\/a><\/li>\n\t\t\t<li id=\"menu-item-8516\" class=\"menu-item menu-item-type-post_type menu-item-object-page menu-item-8516\"><a href=\"https:\/\/uspdigital.usp.br\/apolo\/apoObterCurso?cod_curso=600400239&#038;cod_edicao=23001&#038;numseqofeedi=1\">Escola de Inverno 2023<\/a><\/li>\n\t\t<\/ul>\n<\/li>\n\t\t<li id=\"menu-item-4578\" class=\"menu-item menu-item-type-post_type menu-item-object-page menu-item-4578\"><a href=\"https:\/\/fcfrp.usp.br\/pt\/ensino\/pos-graduacao\/ciencias-farmaceuticas\/\">Programa de P\u00f3s-Gradua\u00e7\u00e3o em Ci\u00eancias Farmac\u00eauticas<\/a><\/li>\n\t\t<li id=\"menu-item-4579\" class=\"menu-item menu-item-type-post_type menu-item-object-page menu-item-4579\"><a href=\"https:\/\/fcfrp.usp.br\/pt\/ensino\/pos-graduacao\/toxicologia\/\">Programa de Toxicologia<\/a><\/li>\n\t\t<li id=\"menu-item-4997\" class=\"menu-item menu-item-type-post_type menu-item-object-page menu-item-4997\"><a href=\"https:\/\/fcfrp.usp.br\/pt\/ensino\/pos-graduacao\/defesas\/\">Defesas<\/a><\/li>\n\t\t<li id=\"menu-item-4998\" class=\"menu-item menu-item-type-post_type menu-item-object-page menu-item-4998\"><a href=\"https:\/\/fcfrp.usp.br\/pt\/ensino\/pos-graduacao\/diplomas\/\">Diplomas<\/a><\/li>\n\t\t<li id=\"menu-item-4999\" class=\"menu-item menu-item-type-post_type menu-item-object-page menu-item-4999\"><a href=\"https:\/\/fcfrp.usp.br\/pt\/ensino\/pos-graduacao\/pae\/\">Programa de Aperfei\u00e7oamento de Ensino (PAE)<\/a><\/li>\n\t\t<li id=\"menu-item-5000\" class=\"menu-item menu-item-type-post_type menu-item-object-page menu-item-5000\"><a href=\"https:\/\/fcfrp.usp.br\/pt\/ensino\/pos-graduacao\/historia\/\">Hist\u00f3ria da P\u00f3s-Gradua\u00e7\u00e3o<\/a><\/li>\n\t\t<li id=\"menu-item-4995\" class=\"menu-item menu-item-type-post_type menu-item-object-page menu-item-4995\"><a href=\"https:\/\/fcfrp.usp.br\/pt\/ensino\/pos-graduacao\/pg-regimento\/\">Regimento e Normas<\/a><\/li>\n\t\t<li id=\"menu-item-5085\" class=\"menu-item menu-item-type-post_type menu-item-object-page menu-item-5085\"><a href=\"https:\/\/fcfrp.usp.br\/pt\/ensino\/pos-graduacao\/colaboradores\/\">Colaboradores Internacionais<\/a><\/li>\n\t<\/ul>\n<\/li>\n<\/ul>\n<\/li>\n<\/ul><\/div><\/div><\/div><\/div><\/div>","protected":false},"excerpt":{"rendered":"<p>&#8211; Regulamento do Programa de P\u00f3s-Gradua\u00e7\u00e3o em Bioci\u00eancias e Biotecnologia da FCFRP-USP (para ingressantes a partir de 28\/05\/2019 ou que solicitaram a mudan\u00e7a de norma) &#8211; Lista de Alunos com suas respectivas normas &#8211; Regulamento do Programa de P\u00f3s-Gradua\u00e7\u00e3o em Bioci\u00eancias e Biotecnologia da FCFRP-USP &#8211; RESOLU\u00c7\u00c3O CoPGr n\u00ba 8901, de 15 de dezembro de<a href=\"https:\/\/fcfrp.usp.br\/pt\/ensino\/pos-graduacao\/biociencias-biotecnologia\/pbbio-regulamento\/\">[&#8230;]<\/a><\/p>\n","protected":false},"author":978,"featured_media":0,"parent":4259,"menu_order":8,"comment_status":"closed","ping_status":"closed","template":"template-fullwidth.php","meta":{"footnotes":"","_links_to":"","_links_to_target":""},"class_list":["post-4749","page","type-page","status-publish","hentry"],"_links":{"self":[{"href":"https:\/\/fcfrp.usp.br\/pt\/wp-json\/wp\/v2\/pages\/4749","targetHints":{"allow":["GET"]}}],"collection":[{"href":"https:\/\/fcfrp.usp.br\/pt\/wp-json\/wp\/v2\/pages"}],"about":[{"href":"https:\/\/fcfrp.usp.br\/pt\/wp-json\/wp\/v2\/types\/page"}],"author":[{"embeddable":true,"href":"https:\/\/fcfrp.usp.br\/pt\/wp-json\/wp\/v2\/users\/978"}],"replies":[{"embeddable":true,"href":"https:\/\/fcfrp.usp.br\/pt\/wp-json\/wp\/v2\/comments?post=4749"}],"version-history":[{"count":4,"href":"https:\/\/fcfrp.usp.br\/pt\/wp-json\/wp\/v2\/pages\/4749\/revisions"}],"predecessor-version":[{"id":16591,"href":"https:\/\/fcfrp.usp.br\/pt\/wp-json\/wp\/v2\/pages\/4749\/revisions\/16591"}],"up":[{"embeddable":true,"href":"https:\/\/fcfrp.usp.br\/pt\/wp-json\/wp\/v2\/pages\/4259"}],"wp:attachment":[{"href":"https:\/\/fcfrp.usp.br\/pt\/wp-json\/wp\/v2\/media?parent=4749"}],"curies":[{"name":"wp","href":"https:\/\/api.w.org\/{rel}","templated":true}]}}