{"id":4770,"date":"2020-05-12T12:15:51","date_gmt":"2020-05-12T14:15:51","guid":{"rendered":"https:\/\/sites.usp.br\/fcfrp\/?page_id=4770"},"modified":"2021-10-18T11:47:56","modified_gmt":"2021-10-18T13:47:56","slug":"pbbio-premios","status":"publish","type":"page","link":"https:\/\/fcfrp.usp.br\/pt\/ensino\/pos-graduacao\/biociencias-biotecnologia\/pbbio-premios\/","title":{"rendered":"Pr\u00eamios"},"content":{"rendered":"<div id=\"pl-4770\"  class=\"panel-layout\" ><div id=\"pg-4770-0\"  class=\"panel-grid panel-no-style\" ><div id=\"pgc-4770-0-0\"  class=\"panel-grid-cell\" ><div id=\"panel-4770-0-0-0\" class=\"so-panel widget widget_text panel-first-child panel-last-child\" data-index=\"0\" >\t\t\t<div class=\"textwidget\"><h4><strong>Resultado da 3\u00aa Edi\u00e7\u00e3o do \u201cPr\u00eamio V\u00eddeo P\u00f3s-Gradua\u00e7\u00e3o USP\u201d em parceria com a TV Cultura 2021.<\/strong><\/h4>\n<div style=\"text-align: justify;\">O p\u00f3s-graduando Lucas David Rodrigues dos Santos, orientado da Profa. Dra. Eliana Guedes Stehling do Programa de Bioci\u00eancias e Biotecnologia da FCFRP \u2013 USP, foi o vencedor do pr\u00eamio na \u00e1rea de Ci\u00eancias da Sa\u00fade II e concorrer\u00e1 ao Grande Pr\u00eamio V\u00eddeo P\u00f3s-Gradua\u00e7\u00e3o USP-TV Cultura 2021.<br \/>\nA escolha para o Grande Pr\u00eamio V\u00eddeo de P\u00f3s-Gradua\u00e7\u00e3o-TV Cultura 2021 ser\u00e1 de 15 a 18 de outubro de 2021 at\u00e9 as 17 horas, por voto eletr\u00f4nico via helios voting, e aberto \u00e0 comunidade USP (alunos, professores e funcion\u00e1rios).<\/div>\n<div style=\"text-align: justify;\">Assistam o v\u00eddeo <a href=\"https:\/\/www.youtube.com\/watch?v=ZLEfPwplwq4\" target=\"_blank\" rel=\"noopener\">Caracteriza\u00e7\u00e3o molecular e an\u00e1lise plasmidial de isolados ambientais de Enterococcus sp. resistentes \u00e0 linezolida<\/a> e votem:<br \/>\n<strong>Lucas David Rodrigues dos Santos<\/strong><br \/>\nEliana Guedes Stehling<\/div>\n<\/div>\n\t\t<\/div><\/div><div id=\"pgc-4770-0-1\"  class=\"panel-grid-cell\" ><div id=\"panel-4770-0-1-0\" class=\"so-panel widget widget_nav_menu panel-first-child panel-last-child\" data-index=\"1\" ><div class=\"menu-menu-pos-pbb-container\"><ul id=\"menu-menu-pos-pbb\" class=\"menu\"><li id=\"menu-item-4573\" class=\"menu-item menu-item-type-post_type menu-item-object-page menu-item-has-children menu-item-4573\"><a href=\"https:\/\/fcfrp.usp.br\/pt\/ensino\/\">ENSINO<\/a>\n<ul class=\"sub-menu\">\n\t<li id=\"menu-item-4574\" class=\"menu-item menu-item-type-post_type menu-item-object-page menu-item-4574\"><a href=\"https:\/\/fcfrp.usp.br\/pt\/ensino\/graduacao\/\">Gradua\u00e7\u00e3o<\/a><\/li>\n\t<li id=\"menu-item-4575\" class=\"menu-item menu-item-type-post_type menu-item-object-page menu-item-has-children menu-item-4575\"><a href=\"https:\/\/fcfrp.usp.br\/pt\/ensino\/pos-graduacao\/\">P\u00f3s-Gradua\u00e7\u00e3o<\/a>\n\t<ul class=\"sub-menu\">\n\t\t<li id=\"menu-item-4576\" class=\"menu-item menu-item-type-post_type menu-item-object-page menu-item-4576\"><a href=\"https:\/\/fcfrp.usp.br\/pt\/ensino\/pos-graduacao\/comissao-pos-graduacao\/\">Comiss\u00e3o de P\u00f3s-Gradua\u00e7\u00e3o<\/a><\/li>\n\t\t<li id=\"menu-item-4572\" class=\"menu-item menu-item-type-post_type menu-item-object-page menu-item-4572\"><a href=\"https:\/\/fcfrp.usp.br\/pt\/institucional\/administracao\/atac\/secao-posgraduacao\/\">Servi\u00e7o de P\u00f3s-Gradua\u00e7\u00e3o<\/a><\/li>\n\t\t<li id=\"menu-item-4577\" class=\"menu-item menu-item-type-post_type menu-item-object-page menu-item-has-children menu-item-4577\"><a href=\"https:\/\/fcfrp.usp.br\/pt\/ensino\/pos-graduacao\/biociencias-biotecnologia\/\">Programa de Bioci\u00eancias e Biotecnologia<\/a>\n\t\t<ul class=\"sub-menu\">\n\t\t\t<li id=\"menu-item-4620\" class=\"menu-item menu-item-type-post_type menu-item-object-page menu-item-4620\"><a href=\"https:\/\/fcfrp.usp.br\/pt\/ensino\/pos-graduacao\/biociencias-biotecnologia\/pbbio-historico\/\">Hist\u00f3rico e Objetivos<\/a><\/li>\n\t\t\t<li id=\"menu-item-4628\" class=\"menu-item menu-item-type-post_type menu-item-object-page menu-item-4628\"><a href=\"https:\/\/fcfrp.usp.br\/pt\/ensino\/pos-graduacao\/biociencias-biotecnologia\/pbbio-areas\/\">Corpo Docente e \u00c1reas de Concentra\u00e7\u00e3o<\/a><\/li>\n\t\t\t<li id=\"menu-item-5419\" class=\"menu-item menu-item-type-post_type menu-item-object-page menu-item-5419\"><a href=\"https:\/\/fcfrp.usp.br\/pt\/ensino\/pos-graduacao\/biociencias-biotecnologia\/ppbio-discentes\/\">Corpo Discente<\/a><\/li>\n\t\t\t<li id=\"menu-item-4652\" class=\"menu-item menu-item-type-post_type menu-item-object-page menu-item-4652\"><a href=\"https:\/\/fcfrp.usp.br\/pt\/ensino\/pos-graduacao\/biociencias-biotecnologia\/pbbio-processo-seletivo\/\">Processo Seletivo e Matr\u00edcula<\/a><\/li>\n\t\t\t<li id=\"menu-item-5116\" class=\"menu-item menu-item-type-post_type menu-item-object-page menu-item-5116\"><a href=\"https:\/\/fcfrp.usp.br\/pt\/ensino\/pos-graduacao\/biociencias-biotecnologia\/pbbio-teses\/\">Teses e Disserta\u00e7\u00f5es<\/a><\/li>\n\t\t\t<li id=\"menu-item-4666\" class=\"menu-item menu-item-type-post_type menu-item-object-page menu-item-4666\"><a href=\"https:\/\/fcfrp.usp.br\/pt\/ensino\/pos-graduacao\/biociencias-biotecnologia\/pbbio-pos-doc\/\">P\u00f3s-Doc (PIPD\/CAPES)<\/a><\/li>\n\t\t\t<li id=\"menu-item-4680\" class=\"menu-item menu-item-type-post_type menu-item-object-page menu-item-4680\"><a href=\"https:\/\/fcfrp.usp.br\/pt\/ensino\/pos-graduacao\/biociencias-biotecnologia\/pbbio-editais-print\/\">Editais Print USP\/CAPES<\/a><\/li>\n\t\t\t<li id=\"menu-item-4695\" class=\"menu-item menu-item-type-post_type menu-item-object-page menu-item-4695\"><a href=\"https:\/\/fcfrp.usp.br\/pt\/ensino\/pos-graduacao\/biociencias-biotecnologia\/pbbio-disciplinas\/\">Disciplinas<\/a><\/li>\n\t\t\t<li id=\"menu-item-4760\" class=\"menu-item menu-item-type-post_type menu-item-object-page menu-item-4760\"><a href=\"https:\/\/fcfrp.usp.br\/pt\/ensino\/pos-graduacao\/biociencias-biotecnologia\/pbbio-regulamento\/\">Regulamento do Programa<\/a><\/li>\n\t\t\t<li id=\"menu-item-4744\" class=\"menu-item menu-item-type-post_type menu-item-object-page menu-item-4744\"><a href=\"https:\/\/fcfrp.usp.br\/pt\/ensino\/pos-graduacao\/biociencias-biotecnologia\/pbbio-formularios\/\">Formul\u00e1rios<\/a><\/li>\n\t\t\t<li id=\"menu-item-4769\" class=\"menu-item menu-item-type-post_type menu-item-object-page menu-item-4769\"><a href=\"https:\/\/fcfrp.usp.br\/pt\/ensino\/pos-graduacao\/biociencias-biotecnologia\/pbbio-bolsas\/\">Concess\u00e3o de Bolsas<\/a><\/li>\n\t\t\t<li id=\"menu-item-4775\" class=\"menu-item menu-item-type-post_type menu-item-object-page menu-item-4775\"><a href=\"https:\/\/fcfrp.usp.br\/pt\/ensino\/pos-graduacao\/biociencias-biotecnologia\/pbbio-premios\/\">Pr\u00eamios<\/a><\/li>\n\t\t\t<li id=\"menu-item-5509\" class=\"menu-item menu-item-type-post_type menu-item-object-page menu-item-5509\"><a href=\"https:\/\/fcfrp.usp.br\/pt\/ensino\/pos-graduacao\/biociencias-biotecnologia\/pbbio-journal-club\/\">Journal Club<\/a><\/li>\n\t\t\t<li id=\"menu-item-4704\" class=\"menu-item menu-item-type-post_type menu-item-object-page menu-item-4704\"><a href=\"https:\/\/fcfrp.usp.br\/pt\/ensino\/pos-graduacao\/biociencias-biotecnologia\/pbbio-workshops\/\">Workshops<\/a><\/li>\n\t\t\t<li id=\"menu-item-8516\" class=\"menu-item menu-item-type-post_type menu-item-object-page menu-item-8516\"><a href=\"https:\/\/uspdigital.usp.br\/apolo\/apoObterCurso?cod_curso=600400239&#038;cod_edicao=23001&#038;numseqofeedi=1\">Escola de Inverno 2023<\/a><\/li>\n\t\t<\/ul>\n<\/li>\n\t\t<li id=\"menu-item-4578\" class=\"menu-item menu-item-type-post_type menu-item-object-page menu-item-4578\"><a href=\"https:\/\/fcfrp.usp.br\/pt\/ensino\/pos-graduacao\/ciencias-farmaceuticas\/\">Programa de P\u00f3s-Gradua\u00e7\u00e3o em Ci\u00eancias Farmac\u00eauticas<\/a><\/li>\n\t\t<li id=\"menu-item-4579\" class=\"menu-item menu-item-type-post_type menu-item-object-page menu-item-4579\"><a href=\"https:\/\/fcfrp.usp.br\/pt\/ensino\/pos-graduacao\/toxicologia\/\">Programa de Toxicologia<\/a><\/li>\n\t\t<li id=\"menu-item-4997\" class=\"menu-item menu-item-type-post_type menu-item-object-page menu-item-4997\"><a href=\"https:\/\/fcfrp.usp.br\/pt\/ensino\/pos-graduacao\/defesas\/\">Defesas<\/a><\/li>\n\t\t<li id=\"menu-item-4998\" class=\"menu-item menu-item-type-post_type menu-item-object-page menu-item-4998\"><a href=\"https:\/\/fcfrp.usp.br\/pt\/ensino\/pos-graduacao\/diplomas\/\">Diplomas<\/a><\/li>\n\t\t<li id=\"menu-item-4999\" class=\"menu-item menu-item-type-post_type menu-item-object-page menu-item-4999\"><a href=\"https:\/\/fcfrp.usp.br\/pt\/ensino\/pos-graduacao\/pae\/\">Programa de Aperfei\u00e7oamento de Ensino (PAE)<\/a><\/li>\n\t\t<li id=\"menu-item-5000\" class=\"menu-item menu-item-type-post_type menu-item-object-page menu-item-5000\"><a href=\"https:\/\/fcfrp.usp.br\/pt\/ensino\/pos-graduacao\/historia\/\">Hist\u00f3ria da P\u00f3s-Gradua\u00e7\u00e3o<\/a><\/li>\n\t\t<li id=\"menu-item-4995\" class=\"menu-item menu-item-type-post_type menu-item-object-page menu-item-4995\"><a href=\"https:\/\/fcfrp.usp.br\/pt\/ensino\/pos-graduacao\/pg-regimento\/\">Regimento e Normas<\/a><\/li>\n\t\t<li id=\"menu-item-5085\" class=\"menu-item menu-item-type-post_type menu-item-object-page menu-item-5085\"><a href=\"https:\/\/fcfrp.usp.br\/pt\/ensino\/pos-graduacao\/colaboradores\/\">Colaboradores Internacionais<\/a><\/li>\n\t<\/ul>\n<\/li>\n<\/ul>\n<\/li>\n<\/ul><\/div><\/div><\/div><\/div><\/div>","protected":false},"excerpt":{"rendered":"<p>Resultado da 3\u00aa Edi\u00e7\u00e3o do \u201cPr\u00eamio V\u00eddeo P\u00f3s-Gradua\u00e7\u00e3o USP\u201d em parceria com a TV Cultura 2021. O p\u00f3s-graduando Lucas David Rodrigues dos Santos, orientado da Profa. Dra. Eliana Guedes Stehling do Programa de Bioci\u00eancias e Biotecnologia da FCFRP \u2013 USP, foi o vencedor do pr\u00eamio na \u00e1rea de Ci\u00eancias da Sa\u00fade II e concorrer\u00e1 ao<a href=\"https:\/\/fcfrp.usp.br\/pt\/ensino\/pos-graduacao\/biociencias-biotecnologia\/pbbio-premios\/\">[&#8230;]<\/a><\/p>\n","protected":false},"author":978,"featured_media":0,"parent":4259,"menu_order":11,"comment_status":"closed","ping_status":"closed","template":"template-fullwidth.php","meta":{"footnotes":"","_links_to":"","_links_to_target":""},"class_list":["post-4770","page","type-page","status-publish","hentry"],"_links":{"self":[{"href":"https:\/\/fcfrp.usp.br\/pt\/wp-json\/wp\/v2\/pages\/4770","targetHints":{"allow":["GET"]}}],"collection":[{"href":"https:\/\/fcfrp.usp.br\/pt\/wp-json\/wp\/v2\/pages"}],"about":[{"href":"https:\/\/fcfrp.usp.br\/pt\/wp-json\/wp\/v2\/types\/page"}],"author":[{"embeddable":true,"href":"https:\/\/fcfrp.usp.br\/pt\/wp-json\/wp\/v2\/users\/978"}],"replies":[{"embeddable":true,"href":"https:\/\/fcfrp.usp.br\/pt\/wp-json\/wp\/v2\/comments?post=4770"}],"version-history":[{"count":4,"href":"https:\/\/fcfrp.usp.br\/pt\/wp-json\/wp\/v2\/pages\/4770\/revisions"}],"predecessor-version":[{"id":9341,"href":"https:\/\/fcfrp.usp.br\/pt\/wp-json\/wp\/v2\/pages\/4770\/revisions\/9341"}],"up":[{"embeddable":true,"href":"https:\/\/fcfrp.usp.br\/pt\/wp-json\/wp\/v2\/pages\/4259"}],"wp:attachment":[{"href":"https:\/\/fcfrp.usp.br\/pt\/wp-json\/wp\/v2\/media?parent=4770"}],"curies":[{"name":"wp","href":"https:\/\/api.w.org\/{rel}","templated":true}]}}