{"id":497,"date":"2020-04-11T11:46:13","date_gmt":"2020-04-11T13:46:13","guid":{"rendered":"https:\/\/sites.usp.br\/fcfrp\/?page_id=497"},"modified":"2026-02-03T12:17:16","modified_gmt":"2026-02-03T14:17:16","slug":"administracao","status":"publish","type":"page","link":"https:\/\/fcfrp.usp.br\/pt\/institucional\/administracao\/","title":{"rendered":"Administra\u00e7\u00e3o"},"content":{"rendered":"<div id=\"pl-497\"  class=\"panel-layout\" ><div id=\"pg-497-0\"  class=\"panel-grid panel-no-style\" ><div id=\"pgc-497-0-0\"  class=\"panel-grid-cell\" ><div id=\"panel-497-0-0-0\" class=\"so-panel widget widget_text panel-first-child panel-last-child\" data-index=\"0\" >\t\t\t<div class=\"textwidget\"><div style=\"text-align: justify;\">A Faculdade de Ci\u00eancias Farmac\u00eauticas de Ribeir\u00e3o Preto possui uma grande equipe t\u00e9cnica para auxiliar nas atividades fim da Unidade:<\/div>\n<p>&nbsp;<\/p>\n<div style=\"text-align: justify;\"><a href=\"https:\/\/fcfrp.usp.br\/pt\/institucional\/administracao\/atac\/apoio-pedagogico\/\">&#8211; Apoio Pedag\u00f3gico<\/a><br \/>\n<a href=\"https:\/\/fcfrp.usp.br\/institucional\/administracao\/atac\/\">&#8211; Divis\u00e3o Acad\u00eamica<\/a><br \/>\n<a href=\"https:\/\/fcfrp.usp.br\/institucional\/administracao\/assistencia-tecnica-administrativa\/\">&#8211; Divis\u00e3o Administrativa<\/a><br \/>\n<a href=\"https:\/\/fcfrp.usp.br\/institucional\/administracao\/assistencia-tecnica-financeira\/\">&#8211; Divis\u00e3o Financeira<\/a><br \/>\n<a href=\"https:\/\/fcfrp.usp.br\/pt\/institucional\/cap\/\">&#8211; Centro de Apoio a Projetos<\/a><br \/>\n<a href=\"https:\/\/fcfrp.usp.br\/pt\/institucional\/administracao\/atac\/apoio-academico\/\">&#8211; Se\u00e7\u00e3o de Apoio Acad\u00eamico<\/a><br \/>\n<a href=\"https:\/\/fcfrp.usp.br\/institucional\/administracao\/assistencia-tecnica-administrativa\/apoio-adm\/\">&#8211; Se\u00e7\u00e3o de Apoio Administrativo<\/a><br \/>\n<a href=\"https:\/\/fcfrp.usp.br\/institucional\/administracao\/secao-apoio-institucional\/\">&#8211; Se\u00e7\u00e3o de Apoio Institucional<\/a><br \/>\n<a href=\"https:\/\/fcfrp.usp.br\/institucional\/administracao\/secao-de-bioterio\/\">&#8211; Se\u00e7\u00e3o de Biot\u00e9rio<\/a><br \/>\n<a href=\"https:\/\/fcfrp.usp.br\/institucional\/administracao\/assistencia-tecnica-financeira\/contabilidade\/\">&#8211; Se\u00e7\u00e3o T\u00e9cnica de Contabilidade, Patrim\u00f4nio, Contratos e Conv\u00eanios<\/a><br \/>\n<a href=\"https:\/\/fcfrp.usp.br\/institucional\/administracao\/assistencia-tecnica-administrativa\/secao-informatica\/\">&#8211; Se\u00e7\u00e3o T\u00e9cnica de Inform\u00e1tica<\/a><br \/>\n<a href=\"https:\/\/fcfrp.usp.br\/institucional\/servicos\/analises-clinicas\/\">&#8211; Servi\u00e7o de An\u00e1lises Cl\u00ednicas<\/a><br \/>\n<a href=\"https:\/\/fcfrp.usp.br\/institucional\/servicos\/analises-toxicologicas\/\">&#8211; Servi\u00e7o de An\u00e1lises Toxicol\u00f3gicas<\/a><br \/>\n<a href=\"https:\/\/fcfrp.usp.br\/institucional\/administracao\/assistencia-tecnica-administrativa\/apoio-operacional\/\">&#8211; Servi\u00e7o de Apoio Operacional<\/a><br \/>\n<a href=\"https:\/\/fcfrp.usp.br\/pt\/institucional\/administracao\/atac\/secao-graduacao\/\">&#8211; Servi\u00e7o de Gradua\u00e7\u00e3o<\/a><br \/>\n<a href=\"https:\/\/fcfrp.usp.br\/institucional\/administracao\/assistencia-tecnica-financeira\/materiais\/\">&#8211; Servi\u00e7o de Materiais e Tesouraria<\/a><br \/>\n<a href=\"https:\/\/fcfrp.usp.br\/pt\/institucional\/administracao\/atac\/secao-posgraduacao\/\">&#8211; Servi\u00e7o de P\u00f3s-Gradua\u00e7\u00e3o<\/a><br \/>\n<a href=\"https:\/\/fcfrp.usp.br\/institucional\/servicos\/servico-farmaceutico\/\">&#8211; Servi\u00e7o Farmac\u00eautico<\/a><\/div>\n<\/div>\n\t\t<\/div><\/div><div id=\"pgc-497-0-1\"  class=\"panel-grid-cell\" ><div id=\"panel-497-0-1-0\" class=\"so-panel widget widget_nav_menu panel-first-child panel-last-child\" data-index=\"1\" ><div class=\"menu-menu-instiadmin-container\"><ul id=\"menu-menu-instiadmin\" class=\"menu\"><li id=\"menu-item-1265\" class=\"menu-item menu-item-type-post_type menu-item-object-page menu-item-has-children menu-item-1265\"><a href=\"https:\/\/fcfrp.usp.br\/pt\/institucional\/\">INSTITUCIONAL<\/a>\n<ul class=\"sub-menu\">\n\t<li id=\"menu-item-1267\" class=\"menu-item menu-item-type-post_type menu-item-object-page menu-item-1267\"><a href=\"https:\/\/fcfrp.usp.br\/pt\/institucional\/diretoria\/\">Diretoria<\/a><\/li>\n\t<li id=\"menu-item-1268\" class=\"menu-item menu-item-type-post_type menu-item-object-page menu-item-1268\"><a href=\"https:\/\/fcfrp.usp.br\/pt\/institucional\/departamentos\/\">Departamentos<\/a><\/li>\n\t<li id=\"menu-item-1269\" class=\"menu-item menu-item-type-post_type menu-item-object-page menu-item-has-children menu-item-1269\"><a href=\"https:\/\/fcfrp.usp.br\/pt\/institucional\/administracao\/\">Administra\u00e7\u00e3o<\/a>\n\t<ul class=\"sub-menu\">\n\t\t<li id=\"menu-item-1270\" class=\"menu-item menu-item-type-post_type menu-item-object-page menu-item-has-children menu-item-1270\"><a href=\"https:\/\/fcfrp.usp.br\/pt\/institucional\/administracao\/atac\/\">Divis\u00e3o Acad\u00eamica<\/a>\n\t\t<ul class=\"sub-menu\">\n\t\t\t<li id=\"menu-item-2179\" class=\"menu-item menu-item-type-post_type menu-item-object-page menu-item-2179\"><a href=\"https:\/\/fcfrp.usp.br\/pt\/institucional\/administracao\/atac\/secao-graduacao\/\">Servi\u00e7o de Gradua\u00e7\u00e3o<\/a><\/li>\n\t\t\t<li id=\"menu-item-2178\" class=\"menu-item menu-item-type-post_type menu-item-object-page menu-item-2178\"><a href=\"https:\/\/fcfrp.usp.br\/pt\/institucional\/administracao\/atac\/secao-posgraduacao\/\">Servi\u00e7o de P\u00f3s-Gradua\u00e7\u00e3o<\/a><\/li>\n\t\t\t<li id=\"menu-item-1300\" class=\"menu-item menu-item-type-post_type menu-item-object-page menu-item-1300\"><a href=\"https:\/\/fcfrp.usp.br\/pt\/institucional\/administracao\/atac\/apoio-academico\/\">Se\u00e7\u00e3o de Apoio Acad\u00eamico<\/a><\/li>\n\t\t\t<li id=\"menu-item-1917\" class=\"menu-item menu-item-type-post_type menu-item-object-page menu-item-1917\"><a href=\"https:\/\/fcfrp.usp.br\/pt\/institucional\/administracao\/atac\/apoio-pedagogico\/\">Apoio Pedag\u00f3gico<\/a><\/li>\n\t\t<\/ul>\n<\/li>\n\t\t<li id=\"menu-item-1271\" class=\"menu-item menu-item-type-post_type menu-item-object-page menu-item-has-children menu-item-1271\"><a href=\"https:\/\/fcfrp.usp.br\/pt\/institucional\/administracao\/assistencia-tecnica-administrativa\/\">Divis\u00e3o Administrativa<\/a>\n\t\t<ul class=\"sub-menu\">\n\t\t\t<li id=\"menu-item-1354\" class=\"menu-item menu-item-type-post_type menu-item-object-page menu-item-1354\"><a href=\"https:\/\/fcfrp.usp.br\/pt\/institucional\/administracao\/assistencia-tecnica-administrativa\/secao-informatica\/\">Se\u00e7\u00e3o T\u00e9cnica de Inform\u00e1tica<\/a><\/li>\n\t\t\t<li id=\"menu-item-1355\" class=\"menu-item menu-item-type-post_type menu-item-object-page menu-item-1355\"><a href=\"https:\/\/fcfrp.usp.br\/pt\/institucional\/administracao\/assistencia-tecnica-administrativa\/apoio-operacional\/\">Servi\u00e7o de Apoio Operacional<\/a><\/li>\n\t\t\t<li id=\"menu-item-1358\" class=\"menu-item menu-item-type-post_type menu-item-object-page menu-item-1358\"><a href=\"https:\/\/fcfrp.usp.br\/pt\/institucional\/administracao\/assistencia-tecnica-administrativa\/apoio-adm\/\">Se\u00e7\u00e3o de Apoio Administrativo<\/a><\/li>\n\t\t<\/ul>\n<\/li>\n\t\t<li id=\"menu-item-1272\" class=\"menu-item menu-item-type-post_type menu-item-object-page menu-item-has-children menu-item-1272\"><a href=\"https:\/\/fcfrp.usp.br\/pt\/institucional\/administracao\/assistencia-tecnica-financeira\/\">Divis\u00e3o Financeira<\/a>\n\t\t<ul class=\"sub-menu\">\n\t\t\t<li id=\"menu-item-9878\" class=\"menu-item menu-item-type-post_type menu-item-object-page menu-item-9878\"><a href=\"https:\/\/fcfrp.usp.br\/pt\/institucional\/administracao\/assistencia-tecnica-financeira\/contabilidade\/\">Se\u00e7\u00e3o T\u00e9cnica de Contabilidade, Patrim\u00f4nio, Contratos e Conv\u00eanios<\/a><\/li>\n\t\t\t<li id=\"menu-item-9882\" class=\"menu-item menu-item-type-post_type menu-item-object-page menu-item-9882\"><a href=\"https:\/\/fcfrp.usp.br\/pt\/institucional\/administracao\/assistencia-tecnica-financeira\/materiais\/\">Servi\u00e7o de Materiais e Tesouraria<\/a><\/li>\n\t\t<\/ul>\n<\/li>\n\t\t<li id=\"menu-item-1273\" class=\"menu-item menu-item-type-post_type menu-item-object-page menu-item-1273\"><a href=\"https:\/\/fcfrp.usp.br\/pt\/institucional\/administracao\/secao-apoio-institucional\/\">Se\u00e7\u00e3o de Apoio Institucional<\/a><\/li>\n\t\t<li id=\"menu-item-1274\" class=\"menu-item menu-item-type-post_type menu-item-object-page menu-item-1274\"><a href=\"https:\/\/fcfrp.usp.br\/pt\/institucional\/administracao\/secao-de-bioterio\/\">Se\u00e7\u00e3o de Biot\u00e9rio<\/a><\/li>\n\t<\/ul>\n<\/li>\n\t<li id=\"menu-item-1359\" class=\"menu-item menu-item-type-post_type menu-item-object-page menu-item-1359\"><a href=\"https:\/\/fcfrp.usp.br\/pt\/institucional\/cap\/\">Centro de Apoio a Projetos<\/a><\/li>\n\t<li id=\"menu-item-1275\" class=\"menu-item menu-item-type-post_type menu-item-object-page menu-item-1275\"><a href=\"https:\/\/fcfrp.usp.br\/pt\/institucional\/servicos\/\">Servi\u00e7os<\/a><\/li>\n\t<li id=\"menu-item-2705\" class=\"menu-item menu-item-type-post_type menu-item-object-page menu-item-2705\"><a href=\"https:\/\/fcfrp.usp.br\/pt\/institucional\/comissoes\/\">Comiss\u00f5es<\/a><\/li>\n\t<li id=\"menu-item-1276\" class=\"menu-item menu-item-type-post_type menu-item-object-page menu-item-1276\"><a href=\"https:\/\/fcfrp.usp.br\/pt\/institucional\/concursos\/\">Concursos<\/a><\/li>\n\t<li id=\"menu-item-6213\" class=\"menu-item menu-item-type-custom menu-item-object-custom menu-item-6213\"><a href=\"https:\/\/fcfrp.usp.br\/pt\/institucional\/administracao\/assistencia-tecnica-financeira\/prov-materiais\/\">Licita\u00e7\u00f5es<\/a><\/li>\n\t<li id=\"menu-item-1266\" class=\"menu-item menu-item-type-post_type menu-item-object-page current_page_parent menu-item-1266\"><a href=\"https:\/\/fcfrp.usp.br\/pt\/institucional\/eventos-noticias\/\">Eventos \/ Not\u00edcias<\/a><\/li>\n\t<li id=\"menu-item-1277\" class=\"menu-item menu-item-type-post_type menu-item-object-page menu-item-1277\"><a target=\"_blank\" href=\"https:\/\/fcfrp.usp.br\/wp-content\/uploads\/sites\/528\/2025\/03\/Lista-de-ramais-marco-2025.pdf\">Servidores<\/a><\/li>\n\t<li id=\"menu-item-7210\" class=\"menu-item menu-item-type-post_type menu-item-object-page menu-item-7210\"><a href=\"https:\/\/fcfrp.usp.br\/pt\/institucional\/identidade-visual\/\">Identidade Visual<\/a><\/li>\n<\/ul>\n<\/li>\n<\/ul><\/div><\/div><\/div><\/div><\/div>","protected":false},"excerpt":{"rendered":"<p>A Faculdade de Ci\u00eancias Farmac\u00eauticas de Ribeir\u00e3o Preto possui uma grande equipe t\u00e9cnica para auxiliar nas atividades fim da Unidade: &nbsp; &#8211; Apoio Pedag\u00f3gico &#8211; Divis\u00e3o Acad\u00eamica &#8211; Divis\u00e3o Administrativa &#8211; Divis\u00e3o Financeira &#8211; Centro de Apoio a Projetos &#8211; Se\u00e7\u00e3o de Apoio Acad\u00eamico &#8211; Se\u00e7\u00e3o de Apoio Administrativo &#8211; Se\u00e7\u00e3o de Apoio Institucional &#8211;<a href=\"https:\/\/fcfrp.usp.br\/pt\/institucional\/administracao\/\">[&#8230;]<\/a><\/p>\n","protected":false},"author":978,"featured_media":0,"parent":312,"menu_order":2,"comment_status":"closed","ping_status":"closed","template":"template-fullwidth.php","meta":{"footnotes":"","_links_to":"","_links_to_target":""},"class_list":["post-497","page","type-page","status-publish","hentry"],"_links":{"self":[{"href":"https:\/\/fcfrp.usp.br\/pt\/wp-json\/wp\/v2\/pages\/497","targetHints":{"allow":["GET"]}}],"collection":[{"href":"https:\/\/fcfrp.usp.br\/pt\/wp-json\/wp\/v2\/pages"}],"about":[{"href":"https:\/\/fcfrp.usp.br\/pt\/wp-json\/wp\/v2\/types\/page"}],"author":[{"embeddable":true,"href":"https:\/\/fcfrp.usp.br\/pt\/wp-json\/wp\/v2\/users\/978"}],"replies":[{"embeddable":true,"href":"https:\/\/fcfrp.usp.br\/pt\/wp-json\/wp\/v2\/comments?post=497"}],"version-history":[{"count":4,"href":"https:\/\/fcfrp.usp.br\/pt\/wp-json\/wp\/v2\/pages\/497\/revisions"}],"predecessor-version":[{"id":16117,"href":"https:\/\/fcfrp.usp.br\/pt\/wp-json\/wp\/v2\/pages\/497\/revisions\/16117"}],"up":[{"embeddable":true,"href":"https:\/\/fcfrp.usp.br\/pt\/wp-json\/wp\/v2\/pages\/312"}],"wp:attachment":[{"href":"https:\/\/fcfrp.usp.br\/pt\/wp-json\/wp\/v2\/media?parent=497"}],"curies":[{"name":"wp","href":"https:\/\/api.w.org\/{rel}","templated":true}]}}