{"id":552,"date":"2020-04-11T15:23:58","date_gmt":"2020-04-11T17:23:58","guid":{"rendered":"https:\/\/sites.usp.br\/fcfrp\/?page_id=552"},"modified":"2025-07-02T15:42:33","modified_gmt":"2025-07-02T17:42:33","slug":"concursos","status":"publish","type":"page","link":"https:\/\/fcfrp.usp.br\/pt\/institucional\/concursos\/","title":{"rendered":"Concursos"},"content":{"rendered":"<div id=\"pl-552\"  class=\"panel-layout\" ><div id=\"pg-552-0\"  class=\"panel-grid panel-no-style\" ><div id=\"pgc-552-0-0\"  class=\"panel-grid-cell\" ><div id=\"panel-552-0-0-0\" class=\"so-panel widget widget_text panel-first-child panel-last-child\" data-index=\"0\" >\t\t\t<div class=\"textwidget\"><div style=\"text-align: justify;\"><a href=\"https:\/\/fcfrp.usp.br\/wp-content\/uploads\/sites\/528\/2025\/05\/Edital-08-2025_Toxinologia-Aplicada_DOE.pdf\" target=\"_blank\" rel=\"noopener\">\u2013 Edital ATAc\/FCFRP 08\/2025<\/a><br \/>\nConcurso p\u00fablico de t\u00edtulos e provas para provimento de 1 (um) cargo de Professor Doutor, refer\u00eancia MS-3, em RDIDP, junto ao Departamento de An\u00e1lises Cl\u00ednicas, Toxicol\u00f3gicas e Bromatol\u00f3gicas \u2013 \u00e1rea &#8220;TOXINOLOGIA APLICADA\u201d<br \/>\nInscri\u00e7\u00f5es: de 1\u00ba\/7\/2025 a 29\/8\/2025 (at\u00e9 \u00e0s 17h)<\/div>\n<p>&nbsp;<\/p>\n<div style=\"text-align: justify;\"><a href=\"https:\/\/fcfrp.usp.br\/wp-content\/uploads\/sites\/528\/2025\/05\/Edital-09-2025_Epidemiologia-molecular_DOE.pdf\" target=\"_blank\" rel=\"noopener\">\u2013 Edital ATAc\/FCFRP 09\/2025<\/a><br \/>\nConcurso p\u00fablico de t\u00edtulos e provas para provimento de 1 (um) cargo de Professor Doutor, refer\u00eancia MS-3, em RDIDP, junto ao Departamento de An\u00e1lises Cl\u00ednicas, Toxicol\u00f3gicas e Bromatol\u00f3gicas \u2013 \u00e1rea &#8220;EPIDEMIOLOGIA MOLECULAR APLICADA A DOEN\u00c7AS VIRAIS COM IMPACTO NA SA\u00daDE HUMANA&#8221;<br \/>\nInscri\u00e7\u00f5es: de 1\u00ba\/7\/2025 a 29\/8\/2025 (at\u00e9 \u00e0s 17h)<\/div>\n<p>&nbsp;<\/p>\n<div style=\"text-align: justify;\"><a href=\"https:\/\/fcfrp.usp.br\/wp-content\/uploads\/sites\/528\/2025\/05\/Edital-10-2025_Processos-farmaceuticos_DOE.pdf\" target=\"_blank\" rel=\"noopener\">\u2013 Edital ATAc\/FCFRP 10\/2025<\/a><br \/>\nConcurso p\u00fablico de t\u00edtulos e provas para provimento de 1 (um) cargo de Professor Doutor, refer\u00eancia MS-3, em RDIDP, junto ao Departamento de Ci\u00eancias Farmac\u00eauticas \u2013 \u00e1rea &#8220;PROCESSOS FARMAC\u00caUTICOS&#8221;<br \/>\nInscri\u00e7\u00f5es: de 4\/7\/2025 a 1\u00ba\/9\/2025 (at\u00e9 \u00e0s 17h)<\/div>\n<p>&nbsp;<\/p>\n<div style=\"text-align: justify;\"><a href=\"https:\/\/fcfrp.usp.br\/wp-content\/uploads\/sites\/528\/2025\/05\/Edital-11-2025_Planejamento-e-otimizacao-QO_DOE.pdf\" target=\"_blank\" rel=\"noopener\">\u2013 Edital ATAc\/FCFRP 11\/2025<\/a><br \/>\nConcurso p\u00fablico de t\u00edtulos e provas para provimento de 1 (um) cargo de Professor Doutor, refer\u00eancia MS-3, em RDIDP, junto ao Departamento de Ci\u00eancias BioMoleculares \u2013 \u00e1rea &#8220;PLANEJAMENTO E OTIMIZA\u00c7\u00c3O DE PROCESSOS EM QU\u00cdMICA ORG\u00c2NICA&#8221;<br \/>\nInscri\u00e7\u00f5es: de 4\/7\/2025 a 1\u00ba\/9\/2025 (at\u00e9 \u00e0s 17h)<\/div>\n<p>&nbsp;<\/p>\n<div><a href=\"https:\/\/fcfrp.usp.br\/wp-content\/uploads\/sites\/528\/2025\/01\/Edital-42-2024-DOE.pdf\" target=\"_blank\" rel=\"noopener\">\u2013 Edital ATAc\/FCFRP 42\/2024<\/a><br \/>\n<strong>Concurso p\u00fablico de t\u00edtulos e provas para provimento de 1 (um) cargo de Professor Doutor, refer\u00eancia MS-3, em RDIDP, junto ao Departamento de Ci\u00eancias BioMoleculares \u2013 \u00e1rea &#8220;CI\u00caNCIAS BIOMOLECULARES\u201d<\/strong><br \/>\n<strong>Inscri\u00e7\u00f5es:<\/strong> de 06\/01\/2025 a 06\/03\/2025 (at\u00e9 \u00e0s 17h)<br \/>\n<a href=\"https:\/\/fcfrp.usp.br\/wp-content\/uploads\/sites\/528\/2025\/07\/Edital-07-2025_Convocacao-DOE.pdf\" target=\"_blank\" rel=\"noopener\">&#8211; Convoca\u00e7\u00e3o dos candidatos<\/a><\/div>\n<p>&nbsp;<\/p>\n<div><strong>Os pedidos de inscri\u00e7\u00e3o dever\u00e3o ser feitos, exclusivamente, por meio do link <a href=\"https:\/\/uspdigital.usp.br\/gr\/admissao\" target=\"_blank\" rel=\"noopener\">https:\/\/uspdigital.usp.br\/gr\/admissao<\/a> no per\u00edodo indicado em cada Edital.<\/strong><\/div>\n<\/div>\n\t\t<\/div><\/div><div id=\"pgc-552-0-1\"  class=\"panel-grid-cell\" ><div id=\"panel-552-0-1-0\" class=\"so-panel widget widget_nav_menu panel-first-child panel-last-child\" data-index=\"1\" ><div class=\"menu-menu-institucional-container\"><ul id=\"menu-menu-institucional\" class=\"menu\"><li id=\"menu-item-5965\" class=\"menu-item menu-item-type-post_type menu-item-object-page menu-item-has-children menu-item-5965\"><a href=\"https:\/\/fcfrp.usp.br\/pt\/institucional\/\">INSTITUCIONAL<\/a>\n<ul class=\"sub-menu\">\n\t<li id=\"menu-item-5967\" class=\"menu-item menu-item-type-post_type menu-item-object-page menu-item-5967\"><a href=\"https:\/\/fcfrp.usp.br\/pt\/institucional\/diretoria\/\">Diretoria<\/a><\/li>\n\t<li id=\"menu-item-9372\" class=\"menu-item menu-item-type-post_type menu-item-object-page menu-item-9372\"><a href=\"https:\/\/fcfrp.usp.br\/pt\/institucional\/exdiretores\/\">Ex-Diretores(as)<\/a><\/li>\n\t<li id=\"menu-item-10185\" class=\"menu-item menu-item-type-post_type menu-item-object-page menu-item-10185\"><a href=\"https:\/\/fcfrp.usp.br\/pt\/institucional\/emeritos\/\">Professores Em\u00e9ritos<\/a><\/li>\n\t<li id=\"menu-item-5968\" class=\"menu-item menu-item-type-post_type menu-item-object-page menu-item-5968\"><a href=\"https:\/\/fcfrp.usp.br\/pt\/institucional\/departamentos\/\">Departamentos<\/a><\/li>\n\t<li id=\"menu-item-5971\" class=\"menu-item menu-item-type-post_type menu-item-object-page menu-item-has-children menu-item-5971\"><a href=\"https:\/\/fcfrp.usp.br\/pt\/institucional\/administracao\/\">Administra\u00e7\u00e3o<\/a>\n\t<ul class=\"sub-menu\">\n\t\t<li id=\"menu-item-5969\" class=\"menu-item menu-item-type-post_type menu-item-object-page menu-item-5969\"><a href=\"https:\/\/fcfrp.usp.br\/pt\/institucional\/administracao\/atac\/\">Divis\u00e3o Acad\u00eamica<\/a><\/li>\n\t\t<li id=\"menu-item-5970\" class=\"menu-item menu-item-type-post_type menu-item-object-page menu-item-5970\"><a href=\"https:\/\/fcfrp.usp.br\/pt\/institucional\/administracao\/assistencia-tecnica-administrativa\/\">Divis\u00e3o Administrativa<\/a><\/li>\n\t\t<li id=\"menu-item-5974\" class=\"menu-item menu-item-type-post_type menu-item-object-page menu-item-5974\"><a href=\"https:\/\/fcfrp.usp.br\/pt\/institucional\/administracao\/assistencia-tecnica-financeira\/\">Divis\u00e3o Financeira<\/a><\/li>\n\t<\/ul>\n<\/li>\n\t<li id=\"menu-item-10507\" class=\"menu-item menu-item-type-post_type menu-item-object-page menu-item-10507\"><a href=\"https:\/\/fcfrp.usp.br\/pt\/institucional\/cap\/\">Centro de Apoio a Projetos<\/a><\/li>\n\t<li id=\"menu-item-5972\" class=\"menu-item menu-item-type-post_type menu-item-object-page menu-item-5972\"><a href=\"https:\/\/fcfrp.usp.br\/pt\/institucional\/servicos\/\">Servi\u00e7os<\/a><\/li>\n\t<li id=\"menu-item-5973\" class=\"menu-item menu-item-type-post_type menu-item-object-page menu-item-5973\"><a href=\"https:\/\/fcfrp.usp.br\/pt\/institucional\/comissoes\/\">Comiss\u00f5es<\/a><\/li>\n\t<li id=\"menu-item-5975\" class=\"menu-item menu-item-type-post_type menu-item-object-page menu-item-5975\"><a href=\"https:\/\/fcfrp.usp.br\/pt\/institucional\/concursos\/\">Concursos<\/a><\/li>\n\t<li id=\"menu-item-6182\" class=\"menu-item menu-item-type-custom menu-item-object-custom menu-item-6182\"><a href=\"https:\/\/fcfrp.usp.br\/pt\/institucional\/administracao\/assistencia-tecnica-financeira\/materiais\/\">Licita\u00e7\u00f5es<\/a><\/li>\n\t<li id=\"menu-item-5966\" class=\"menu-item menu-item-type-post_type menu-item-object-page current_page_parent menu-item-5966\"><a href=\"https:\/\/fcfrp.usp.br\/pt\/institucional\/eventos-noticias\/\">Eventos \/ Not\u00edcias<\/a><\/li>\n\t<li id=\"menu-item-5976\" class=\"menu-item menu-item-type-post_type menu-item-object-page menu-item-5976\"><a target=\"_blank\" href=\"https:\/\/fcfrp.usp.br\/wp-content\/uploads\/sites\/528\/2025\/03\/Lista-de-ramais-marco-2025.pdf\">Servidores<\/a><\/li>\n\t<li id=\"menu-item-7206\" class=\"menu-item menu-item-type-post_type menu-item-object-page menu-item-7206\"><a href=\"https:\/\/fcfrp.usp.br\/pt\/institucional\/identidade-visual\/\">Identidade Visual<\/a><\/li>\n<\/ul>\n<\/li>\n<\/ul><\/div><\/div><\/div><\/div><\/div>","protected":false},"excerpt":{"rendered":"<p>\u2013 Edital ATAc\/FCFRP 08\/2025 Concurso p\u00fablico de t\u00edtulos e provas para provimento de 1 (um) cargo de Professor Doutor, refer\u00eancia MS-3, em RDIDP, junto ao Departamento de An\u00e1lises Cl\u00ednicas, Toxicol\u00f3gicas e Bromatol\u00f3gicas \u2013 \u00e1rea &#8220;TOXINOLOGIA APLICADA\u201d Inscri\u00e7\u00f5es: de 1\u00ba\/7\/2025 a 29\/8\/2025 (at\u00e9 \u00e0s 17h) &nbsp; \u2013 Edital ATAc\/FCFRP 09\/2025 Concurso p\u00fablico de t\u00edtulos e provas<a href=\"https:\/\/fcfrp.usp.br\/pt\/institucional\/concursos\/\">[&#8230;]<\/a><\/p>\n","protected":false},"author":978,"featured_media":0,"parent":312,"menu_order":5,"comment_status":"closed","ping_status":"closed","template":"template-fullwidth.php","meta":{"footnotes":"","_links_to":"","_links_to_target":""},"class_list":["post-552","page","type-page","status-publish","hentry"],"_links":{"self":[{"href":"https:\/\/fcfrp.usp.br\/pt\/wp-json\/wp\/v2\/pages\/552","targetHints":{"allow":["GET"]}}],"collection":[{"href":"https:\/\/fcfrp.usp.br\/pt\/wp-json\/wp\/v2\/pages"}],"about":[{"href":"https:\/\/fcfrp.usp.br\/pt\/wp-json\/wp\/v2\/types\/page"}],"author":[{"embeddable":true,"href":"https:\/\/fcfrp.usp.br\/pt\/wp-json\/wp\/v2\/users\/978"}],"replies":[{"embeddable":true,"href":"https:\/\/fcfrp.usp.br\/pt\/wp-json\/wp\/v2\/comments?post=552"}],"version-history":[{"count":4,"href":"https:\/\/fcfrp.usp.br\/pt\/wp-json\/wp\/v2\/pages\/552\/revisions"}],"predecessor-version":[{"id":15313,"href":"https:\/\/fcfrp.usp.br\/pt\/wp-json\/wp\/v2\/pages\/552\/revisions\/15313"}],"up":[{"embeddable":true,"href":"https:\/\/fcfrp.usp.br\/pt\/wp-json\/wp\/v2\/pages\/312"}],"wp:attachment":[{"href":"https:\/\/fcfrp.usp.br\/pt\/wp-json\/wp\/v2\/media?parent=552"}],"curies":[{"name":"wp","href":"https:\/\/api.w.org\/{rel}","templated":true}]}}