{"id":555,"date":"2020-04-11T15:27:30","date_gmt":"2020-04-11T17:27:30","guid":{"rendered":"https:\/\/sites.usp.br\/fcfrp\/?page_id=555"},"modified":"2026-02-05T11:52:02","modified_gmt":"2026-02-05T13:52:02","slug":"diretoria","status":"publish","type":"page","link":"https:\/\/fcfrp.usp.br\/pt\/institucional\/diretoria\/","title":{"rendered":"Diretoria"},"content":{"rendered":"<div id=\"pl-555\"  class=\"panel-layout\" ><div id=\"pg-555-0\"  class=\"panel-grid panel-no-style\" ><div id=\"pgc-555-0-0\"  class=\"panel-grid-cell\" ><div id=\"panel-555-0-0-0\" class=\"so-panel widget widget_text panel-first-child panel-last-child\" data-index=\"0\" >\t\t\t<div class=\"textwidget\"><h4><strong>DIRETOR<\/strong><\/h4>\n<h3>Prof. Dr. S\u00e9rgio de Albuquerque<\/h3>\n<h3><a href=\"https:\/\/fcfrp.usp.br\/wp-content\/uploads\/sites\/528\/2026\/02\/sadiretoria.jpg\"><img loading=\"lazy\" decoding=\"async\" class=\"wp-image-16138 size-full alignright\" src=\"https:\/\/fcfrp.usp.br\/wp-content\/uploads\/sites\/528\/2026\/02\/sadiretoria.jpg\" alt=\"\" width=\"100\" height=\"128\" \/><\/a><\/h3>\n<p>2026- 2030<br \/>\nEmail: sdalbuqu@fcfrp.usp.br<br \/>\nTel: (16) 3315-4181<\/p>\n<p>&nbsp;<\/p>\n<p>&nbsp;<\/p>\n<h4><strong>VICE-DIRETORA<\/strong><\/h4>\n<h3>Profa. Dra. Patr\u00edcia Maria Berardo Gon\u00e7alves Maia Campos<\/h3>\n<h3><a href=\"https:\/\/fcfrp.usp.br\/wp-content\/uploads\/sites\/528\/2026\/02\/pdiretoria.jpg\"><img loading=\"lazy\" decoding=\"async\" class=\"wp-image-16139 size-full alignright\" src=\"https:\/\/fcfrp.usp.br\/wp-content\/uploads\/sites\/528\/2026\/02\/pdiretoria.jpg\" alt=\"\" width=\"100\" height=\"128\" \/><\/a><\/h3>\n<p>2026 &#8211; 2030<br \/>\nEmail: pmcampos@usp.br<br \/>\nTel: (16) 3315-4181<\/p>\n<p>&nbsp;<\/p>\n<p>&nbsp;<\/p>\n<h4><strong>Assistente T\u00e9cnico de Dire\u00e7\u00e3o<\/strong><\/h4>\n<h3>Karina Marchetti Stefani <a href=\"https:\/\/sites.usp.br\/fcfrp\/wp-content\/uploads\/sites\/528\/2020\/04\/karina-1.jpg\"><img loading=\"lazy\" decoding=\"async\" class=\"alignright wp-image-1629 size-full\" src=\"https:\/\/sites.usp.br\/fcfrp\/wp-content\/uploads\/sites\/528\/2020\/04\/karina-1.jpg\" alt=\"\" width=\"100\" height=\"128\" \/><\/a><\/h3>\n<p>Email: karina@fcfrp.usp.br<br \/>\nTel: (16) 3315-4213<\/p>\n<p>&nbsp;<\/p>\n<p>&nbsp;<\/p>\n<h4><strong>Secret\u00e1ria da Dire\u00e7\u00e3o<\/strong><\/h4>\n<h3>Luci Fabio Sanches <a href=\"https:\/\/sites.usp.br\/fcfrp\/wp-content\/uploads\/sites\/528\/2020\/04\/luci-1.jpg\"><img loading=\"lazy\" decoding=\"async\" class=\"wp-image-1630 size-full alignright\" src=\"https:\/\/sites.usp.br\/fcfrp\/wp-content\/uploads\/sites\/528\/2020\/04\/luci-1.jpg\" alt=\"\" width=\"100\" height=\"128\" \/><\/a><\/h3>\n<p>Email: lfsanche@fcfrp.usp.br<br \/>\nTel: (16) 3315-4181<\/p>\n<\/div>\n\t\t<\/div><\/div><div id=\"pgc-555-0-1\"  class=\"panel-grid-cell\" ><div id=\"panel-555-0-1-0\" class=\"so-panel widget widget_nav_menu panel-first-child panel-last-child\" data-index=\"1\" ><div class=\"menu-menu-institucional-container\"><ul id=\"menu-menu-institucional\" class=\"menu\"><li id=\"menu-item-5965\" class=\"menu-item menu-item-type-post_type menu-item-object-page menu-item-has-children menu-item-5965\"><a href=\"https:\/\/fcfrp.usp.br\/pt\/institucional\/\">INSTITUCIONAL<\/a>\n<ul class=\"sub-menu\">\n\t<li id=\"menu-item-5967\" class=\"menu-item menu-item-type-post_type menu-item-object-page menu-item-5967\"><a href=\"https:\/\/fcfrp.usp.br\/pt\/institucional\/diretoria\/\">Diretoria<\/a><\/li>\n\t<li id=\"menu-item-9372\" class=\"menu-item menu-item-type-post_type menu-item-object-page menu-item-9372\"><a href=\"https:\/\/fcfrp.usp.br\/pt\/institucional\/exdiretores\/\">Ex-Diretores(as)<\/a><\/li>\n\t<li id=\"menu-item-10185\" class=\"menu-item menu-item-type-post_type menu-item-object-page menu-item-10185\"><a href=\"https:\/\/fcfrp.usp.br\/pt\/institucional\/emeritos\/\">Professores Em\u00e9ritos<\/a><\/li>\n\t<li id=\"menu-item-5968\" class=\"menu-item menu-item-type-post_type menu-item-object-page menu-item-5968\"><a href=\"https:\/\/fcfrp.usp.br\/pt\/institucional\/departamentos\/\">Departamentos<\/a><\/li>\n\t<li id=\"menu-item-5971\" class=\"menu-item menu-item-type-post_type menu-item-object-page menu-item-has-children menu-item-5971\"><a href=\"https:\/\/fcfrp.usp.br\/pt\/institucional\/administracao\/\">Administra\u00e7\u00e3o<\/a>\n\t<ul class=\"sub-menu\">\n\t\t<li id=\"menu-item-5969\" class=\"menu-item menu-item-type-post_type menu-item-object-page menu-item-5969\"><a href=\"https:\/\/fcfrp.usp.br\/pt\/institucional\/administracao\/atac\/\">Divis\u00e3o Acad\u00eamica<\/a><\/li>\n\t\t<li id=\"menu-item-5970\" class=\"menu-item menu-item-type-post_type menu-item-object-page menu-item-5970\"><a href=\"https:\/\/fcfrp.usp.br\/pt\/institucional\/administracao\/assistencia-tecnica-administrativa\/\">Divis\u00e3o Administrativa<\/a><\/li>\n\t\t<li id=\"menu-item-5974\" class=\"menu-item menu-item-type-post_type menu-item-object-page menu-item-5974\"><a href=\"https:\/\/fcfrp.usp.br\/pt\/institucional\/administracao\/assistencia-tecnica-financeira\/\">Divis\u00e3o Financeira<\/a><\/li>\n\t<\/ul>\n<\/li>\n\t<li id=\"menu-item-10507\" class=\"menu-item menu-item-type-post_type menu-item-object-page menu-item-10507\"><a href=\"https:\/\/fcfrp.usp.br\/pt\/institucional\/cap\/\">Centro de Apoio a Projetos<\/a><\/li>\n\t<li id=\"menu-item-5972\" class=\"menu-item menu-item-type-post_type menu-item-object-page menu-item-5972\"><a href=\"https:\/\/fcfrp.usp.br\/pt\/institucional\/servicos\/\">Servi\u00e7os<\/a><\/li>\n\t<li id=\"menu-item-5973\" class=\"menu-item menu-item-type-post_type menu-item-object-page menu-item-5973\"><a href=\"https:\/\/fcfrp.usp.br\/pt\/institucional\/comissoes\/\">Comiss\u00f5es<\/a><\/li>\n\t<li id=\"menu-item-5975\" class=\"menu-item menu-item-type-post_type menu-item-object-page menu-item-5975\"><a href=\"https:\/\/fcfrp.usp.br\/pt\/institucional\/concursos\/\">Concursos<\/a><\/li>\n\t<li id=\"menu-item-6182\" class=\"menu-item menu-item-type-custom menu-item-object-custom menu-item-6182\"><a href=\"https:\/\/fcfrp.usp.br\/pt\/institucional\/administracao\/assistencia-tecnica-financeira\/materiais\/\">Licita\u00e7\u00f5es<\/a><\/li>\n\t<li id=\"menu-item-5966\" class=\"menu-item menu-item-type-post_type menu-item-object-page current_page_parent menu-item-5966\"><a href=\"https:\/\/fcfrp.usp.br\/pt\/institucional\/eventos-noticias\/\">Eventos \/ Not\u00edcias<\/a><\/li>\n\t<li id=\"menu-item-5976\" class=\"menu-item menu-item-type-post_type menu-item-object-page menu-item-5976\"><a target=\"_blank\" href=\"https:\/\/fcfrp.usp.br\/wp-content\/uploads\/sites\/528\/2025\/03\/Lista-de-ramais-marco-2025.pdf\">Servidores<\/a><\/li>\n\t<li id=\"menu-item-7206\" class=\"menu-item menu-item-type-post_type menu-item-object-page menu-item-7206\"><a href=\"https:\/\/fcfrp.usp.br\/pt\/institucional\/identidade-visual\/\">Identidade Visual<\/a><\/li>\n<\/ul>\n<\/li>\n<\/ul><\/div><\/div><\/div><\/div><\/div>","protected":false},"excerpt":{"rendered":"<p>DIRETOR Prof. Dr. S\u00e9rgio de Albuquerque 2026- 2030 Email: sdalbuqu@fcfrp.usp.br Tel: (16) 3315-4181 &nbsp; &nbsp; VICE-DIRETORA Profa. Dra. Patr\u00edcia Maria Berardo Gon\u00e7alves Maia Campos 2026 &#8211; 2030 Email: pmcampos@usp.br Tel: (16) 3315-4181 &nbsp; &nbsp; Assistente T\u00e9cnico de Dire\u00e7\u00e3o Karina Marchetti Stefani Email: karina@fcfrp.usp.br Tel: (16) 3315-4213 &nbsp; &nbsp; Secret\u00e1ria da Dire\u00e7\u00e3o Luci Fabio Sanches Email:<a href=\"https:\/\/fcfrp.usp.br\/pt\/institucional\/diretoria\/\">[&#8230;]<\/a><\/p>\n","protected":false},"author":978,"featured_media":0,"parent":312,"menu_order":0,"comment_status":"closed","ping_status":"closed","template":"template-fullwidth.php","meta":{"footnotes":"","_links_to":"","_links_to_target":""},"class_list":["post-555","page","type-page","status-publish","hentry"],"_links":{"self":[{"href":"https:\/\/fcfrp.usp.br\/pt\/wp-json\/wp\/v2\/pages\/555","targetHints":{"allow":["GET"]}}],"collection":[{"href":"https:\/\/fcfrp.usp.br\/pt\/wp-json\/wp\/v2\/pages"}],"about":[{"href":"https:\/\/fcfrp.usp.br\/pt\/wp-json\/wp\/v2\/types\/page"}],"author":[{"embeddable":true,"href":"https:\/\/fcfrp.usp.br\/pt\/wp-json\/wp\/v2\/users\/978"}],"replies":[{"embeddable":true,"href":"https:\/\/fcfrp.usp.br\/pt\/wp-json\/wp\/v2\/comments?post=555"}],"version-history":[{"count":4,"href":"https:\/\/fcfrp.usp.br\/pt\/wp-json\/wp\/v2\/pages\/555\/revisions"}],"predecessor-version":[{"id":16140,"href":"https:\/\/fcfrp.usp.br\/pt\/wp-json\/wp\/v2\/pages\/555\/revisions\/16140"}],"up":[{"embeddable":true,"href":"https:\/\/fcfrp.usp.br\/pt\/wp-json\/wp\/v2\/pages\/312"}],"wp:attachment":[{"href":"https:\/\/fcfrp.usp.br\/pt\/wp-json\/wp\/v2\/media?parent=555"}],"curies":[{"name":"wp","href":"https:\/\/api.w.org\/{rel}","templated":true}]}}