{"id":5858,"date":"2020-07-07T10:48:04","date_gmt":"2020-07-07T12:48:04","guid":{"rendered":"https:\/\/sites.usp.br\/fcfrp\/?page_id=5858"},"modified":"2025-05-08T09:01:32","modified_gmt":"2025-05-08T11:01:32","slug":"posdoutorado","status":"publish","type":"page","link":"https:\/\/fcfrp.usp.br\/pt\/pesquisa-extensao\/pesquisa\/programas\/posdoutorado\/","title":{"rendered":"P\u00f3s-Doutorado"},"content":{"rendered":"<div id=\"pl-5858\"  class=\"panel-layout\" ><div id=\"pg-5858-0\"  class=\"panel-grid panel-no-style\" ><div id=\"pgc-5858-0-0\"  class=\"panel-grid-cell\" ><div id=\"panel-5858-0-0-0\" class=\"so-panel widget widget_text panel-first-child panel-last-child\" data-index=\"0\" >\t\t\t<div class=\"textwidget\"><h4><strong>O QUE \u00c9?<\/strong><\/h4>\n<div style=\"text-align: justify;\">O P\u00f3s-Doutorado na FCFRP \u00e9 um programa de pesquisa, realizado por portadores de t\u00edtulo de doutor, sob supervis\u00e3o de docente ativo ou professor s\u00eanior da Unidade.<br \/>\nO objetivo do programa \u00e9 melhorar o n\u00edvel de excel\u00eancia cient\u00edfica e tecnol\u00f3gica da universidade e os projetos, com dura\u00e7\u00e3o m\u00ednima de 3 (tr\u00eas) meses e m\u00e1xima de 5 (cinco) anos, podem ser desenvolvidos nas seguintes modalidades:<br \/>\nI \u2013 Financiado por bolsa de p\u00f3s-doutorado de ag\u00eancia de fomento ou bolsa equivalente<br \/>\nII \u2013 Afastamento remunerado de institui\u00e7\u00e3o de pesquisa e ensino ou empresa<br \/>\nIII \u2013 Sem bolsa<br \/>\nAcesse o <a href=\"https:\/\/prpi.usp.br\/wp-content\/uploads\/sites\/1239\/2024\/09\/Guia-para-Programa-de-Pos-Doutorado-USP.pdf\" target=\"_blank\" rel=\"noopener\">Guia do Programa de P\u00f3s-Doutorado<\/a> elaborado pela Pr\u00f3-Reitoria de Pesquisa e Inova\u00e7\u00e3o.<\/div>\n<p>&nbsp;<\/p>\n<h4><strong>NORMAS<\/strong><\/h4>\n<div style=\"text-align: justify;\"><a href=\"https:\/\/drive.google.com\/file\/d\/1-EaAiKdLY9VuXvBC9tXSW2k7Moq6DGV_\/view?usp=sharing\" target=\"_blank\" rel=\"noopener\">&#8211; Normas Internas da FCFRP-USP para o Programa de P\u00f3s-Doutorado<\/a><br \/>\n<a href=\"https:\/\/leginf.usp.br\/?resolucao=resolucao-copi-no-8689-de-03-de-setembro-de-2024-copy\" target=\"_blank\" rel=\"noopener\">&#8211; Resolu\u00e7\u00e3o CoPIn n. 8689<\/a> \u2013 Disp\u00f5e sobre o Programa de P\u00f3s-Doutorado na USP<\/div>\n<div style=\"text-align: justify;\">O acompanhamento do desenvolvimento do projeto \u00e9 feito atrav\u00e9s da avalia\u00e7\u00e3o de relat\u00f3rios, procedimento realizado exclusivamente no sistema Atena.<br \/>\nO Programa de P\u00f3s-Doutorado prev\u00ea apenas a realiza\u00e7\u00e3o de atividades de pesquisa nas depend\u00eancias da Universidade de S\u00e3o Paulo. Caso haja desenvolvimento de parte da pesquisa em outras Universidades (do Brasil ou do exterior) \u00e9 necess\u00e1rio solicitar o Afastamento do programa por meio de requerimento cadastrado no sistema Atena, com a apresenta\u00e7\u00e3o dos documentos exigidos.<\/div>\n<p>&nbsp;<\/p>\n<h4><strong>CREDENCIAMENTO DE SUPERVISORES DE P\u00d3S-DOUTORADO<\/strong><\/h4>\n<div style=\"text-align: justify;\">Conforme previsto no artigo 5\u00ba da Resolu\u00e7\u00e3o CoIP n\u00ba 8689 e aprovado pela Comiss\u00e3o de Pesquisa e Inova\u00e7\u00e3o em sua 248\u00aa Reuni\u00e3o Ordin\u00e1ria, realizada em 24\/09\/2024, os supervisores de p\u00f3s-doutorado devem seguir os crit\u00e9rios abaixo para credenciamento:<\/p>\n<p>1) Docentes ativos da FCFRP est\u00e3o automaticamente credenciados.<br \/>\n2) Ser\u00e1 permitido o credenciamento de Professores Visitantes ou Pesquisadores Colaboradores, vinculados \u00e0 FCFRP, desde que atendam aos seguintes crit\u00e9rios<br \/>\n&#8211; ser portador do t\u00edtulo de Doutor<br \/>\n&#8211; ter vig\u00eancia do v\u00ednculo acima declarado com per\u00edodo, no m\u00ednimo, igual ao do projeto de pesquisa de p\u00f3s-doutorado<br \/>\n&#8211; comprovar compet\u00eancia e produtividade em pesquisa na \u00e1rea do projeto de p\u00f3s-doutorado por meio do curr\u00edculo Lattes ou equivalente<\/p><\/div>\n<p>&nbsp;<\/p>\n<h4><strong>QUANDO E COMO SE INSCREVER?<\/strong><\/h4>\n<div style=\"text-align: justify;\">A inscri\u00e7\u00e3o no Programa de P\u00f3s-Doutorado se d\u00e1 por fluxo cont\u00ednuo.<br \/>\nPara admiss\u00e3o no programa, o candidato dever\u00e1 apresentar plano de trabalho (aprovado pelo supervisor) com o detalhamento de todas as atividades a serem desenvolvidas pelo pesquisador, contendo necessariamente:<br \/>\na) justificativa;<br \/>\nb) cronograma de execu\u00e7\u00e3o;<br \/>\nc) atividades que disseminem os resultados da pesquisa e promovam a intera\u00e7\u00e3o com os corpos docente e discente da Unidade, com a gradua\u00e7\u00e3o, p\u00f3s-gradua\u00e7\u00e3o e\/ou programas de cultura extens\u00e3o, e com impacto ben\u00e9fico na sociedade;<br \/>\nd) Projeto de Pesquisa, contendo necessariamente a formula\u00e7\u00e3o do problema, objetivo, justificativa, metodologia, e cronograma de execu\u00e7\u00e3o com atividades que contemplem um per\u00edodo m\u00ednimo de tr\u00eas meses, informando a carga hor\u00e1ria global e o esquema de trabalho semanal definidos entre supervisor e pesquisador.<\/div>\n<p>&nbsp;<\/p>\n<div style=\"text-align: justify;\"><strong>1 &#8211; DOCUMENTOS PARA INSCRI\u00c7\u00c3O<\/strong><br \/>\nPreencher o formul\u00e1rio de inclus\u00e3o dispon\u00edvel <a href=\"https:\/\/forms.gle\/45PouqBi9kXrkSDd9\" target=\"_blank\" rel=\"noopener\">AQUI<\/a>.<\/div>\n<p>&nbsp;<\/p>\n<div style=\"text-align: justify;\"><strong>2 &#8211; DOCUMENTOS PARA PRORROGA\u00c7\u00c3O<\/strong><br \/>\nA solicita\u00e7\u00e3o para prorroga\u00e7\u00e3o deve ser cadastrada exclusivamente no sistema Atena por meio de um Requerimento de Prorroga\u00e7\u00e3o <strong>em at\u00e9 40 (quarenta) dias anteriores ao t\u00e9rmino da vig\u00eancia do projeto de pesquisa<\/strong>.<br \/>\n\u2013 <a href=\"https:\/\/drive.google.com\/file\/d\/1Rg1udpI-7RV7FSiZ5mcaHZtmqoABJrrJ\/view?usp=sharing\" target=\"_blank\" rel=\"noopener\">Verificar a Lista de Documentos para Prorroga\u00e7\u00e3o<\/a><br \/>\n\u2013 <a href=\"https:\/\/docs.google.com\/document\/d\/1S6qlCv9Qg62M_V2j65ijGAry3D5wISib\/edit?usp=sharing&amp;ouid=111690239327604145766&amp;rtpof=true&amp;sd=true\" target=\"_blank\" rel=\"noopener\">Termo de Ci\u00eancia do P\u00f3s-Doutorado \u2013 Anexo I<\/a><br \/>\n\u2013 <a href=\"https:\/\/docs.google.com\/document\/d\/1S42w3xqWqdnS7skVZmTmfv-P0QFDonoB\/edit?usp=sharing&amp;ouid=111690239327604145766&amp;rtpof=true&amp;sd=true\" target=\"_blank\" rel=\"noopener\">Termo de Compromisso de P\u00f3s-Doutorado \u2013 Anexo II<\/a><\/div>\n<p>&nbsp;<\/p>\n<div style=\"text-align: justify;\"><strong>3 &#8211; DOCUMENTOS PARA ENCERRAMENTO<\/strong><br \/>\n<a href=\"https:\/\/drive.google.com\/file\/d\/1Rsmu4-xpLvDRC_x2YSeltydJO4eDSn5p\/view?usp=sharing\" target=\"_blank\" rel=\"noopener\">&#8211; Verificar a Lista de Documentos para Encerramento<\/a><\/div>\n<p>&nbsp;<\/p>\n<\/div>\n\t\t<\/div><\/div><div id=\"pgc-5858-0-1\"  class=\"panel-grid-cell\" ><div id=\"panel-5858-0-1-0\" class=\"so-panel widget widget_nav_menu panel-first-child panel-last-child\" data-index=\"1\" ><div class=\"menu-menu-pesquisa-container\"><ul id=\"menu-menu-pesquisa\" class=\"menu\"><li id=\"menu-item-791\" class=\"menu-item menu-item-type-post_type menu-item-object-page menu-item-has-children menu-item-791\"><a href=\"https:\/\/fcfrp.usp.br\/pt\/pesquisa-extensao\/\">PESQUISA \/ EXTENS\u00c3O<\/a>\n<ul class=\"sub-menu\">\n\t<li id=\"menu-item-792\" class=\"menu-item menu-item-type-post_type menu-item-object-page menu-item-has-children menu-item-792\"><a href=\"https:\/\/fcfrp.usp.br\/pt\/pesquisa-extensao\/pesquisa\/\">Pesquisa<\/a>\n\t<ul class=\"sub-menu\">\n\t\t<li id=\"menu-item-5831\" class=\"menu-item menu-item-type-post_type menu-item-object-page menu-item-5831\"><a href=\"https:\/\/fcfrp.usp.br\/pt\/pesquisa-extensao\/pesquisa\/normas\/\">Normas<\/a><\/li>\n\t\t<li id=\"menu-item-5562\" class=\"menu-item menu-item-type-post_type menu-item-object-page menu-item-has-children menu-item-5562\"><a href=\"https:\/\/fcfrp.usp.br\/pt\/pesquisa-extensao\/pesquisa\/infraestrutura\/\">Infraestrutura<\/a>\n\t\t<ul class=\"sub-menu\">\n\t\t\t<li id=\"menu-item-15552\" class=\"menu-item menu-item-type-post_type menu-item-object-page menu-item-15552\"><a href=\"https:\/\/fcfrp.usp.br\/pt\/pesquisa-extensao\/pesquisa\/infraestrutura\/biocel\/\">BioCel FCFRP-USP<\/a><\/li>\n\t\t<\/ul>\n<\/li>\n\t\t<li id=\"menu-item-910\" class=\"menu-item menu-item-type-post_type menu-item-object-page menu-item-910\"><a href=\"https:\/\/fcfrp.usp.br\/pt\/pesquisa-extensao\/pesquisa\/centrais-multiusuarios\/\">Centrais Multiusu\u00e1rios<\/a><\/li>\n\t\t<li id=\"menu-item-6067\" class=\"menu-item menu-item-type-post_type menu-item-object-page menu-item-6067\"><a href=\"https:\/\/fcfrp.usp.br\/pt\/pesquisa-extensao\/pesquisa\/linhas-de-pesquisa\/\">Linhas de Pesquisa<\/a><\/li>\n\t\t<li id=\"menu-item-5570\" class=\"menu-item menu-item-type-post_type menu-item-object-page menu-item-5570\"><a href=\"https:\/\/fcfrp.usp.br\/pt\/pesquisa-extensao\/pesquisa\/grupos-pesquisa\/\">Grupos de Pesquisa<\/a><\/li>\n\t\t<li id=\"menu-item-5574\" class=\"menu-item menu-item-type-post_type menu-item-object-page menu-item-has-children menu-item-5574\"><a href=\"https:\/\/fcfrp.usp.br\/pt\/pesquisa-extensao\/pesquisa\/programas\/\">Programas<\/a>\n\t\t<ul class=\"sub-menu\">\n\t\t\t<li id=\"menu-item-5863\" class=\"menu-item menu-item-type-post_type menu-item-object-page menu-item-5863\"><a href=\"https:\/\/fcfrp.usp.br\/pt\/pesquisa-extensao\/pesquisa\/programas\/preiniciacao\/\">Pr\u00e9-Inicia\u00e7\u00e3o Cient\u00edfica<\/a><\/li>\n\t\t\t<li id=\"menu-item-5853\" class=\"menu-item menu-item-type-post_type menu-item-object-page menu-item-5853\"><a href=\"https:\/\/fcfrp.usp.br\/pt\/pesquisa-extensao\/pesquisa\/programas\/iniciacao\/\">Inicia\u00e7\u00e3o Cient\u00edfica<\/a><\/li>\n\t\t\t<li id=\"menu-item-5862\" class=\"menu-item menu-item-type-post_type menu-item-object-page menu-item-5862\"><a href=\"https:\/\/fcfrp.usp.br\/pt\/pesquisa-extensao\/pesquisa\/programas\/posdoutorado\/\">P\u00f3s-Doutorado<\/a><\/li>\n\t\t\t<li id=\"menu-item-5889\" class=\"menu-item menu-item-type-post_type menu-item-object-page menu-item-5889\"><a href=\"https:\/\/fcfrp.usp.br\/pt\/pesquisa-extensao\/pesquisa\/programas\/pesquisador\/\">Pesquisador Colaborador<\/a><\/li>\n\t\t<\/ul>\n<\/li>\n\t\t<li id=\"menu-item-5580\" class=\"menu-item menu-item-type-post_type menu-item-object-page menu-item-5580\"><a href=\"https:\/\/fcfrp.usp.br\/pt\/pesquisa-extensao\/pesquisa\/oportunidades\/\">Oportunidades<\/a><\/li>\n\t\t<li id=\"menu-item-7063\" class=\"menu-item menu-item-type-post_type menu-item-object-page menu-item-7063\"><a href=\"https:\/\/fcfrp.usp.br\/pt\/pesquisa-extensao\/pesquisa\/siicusp\/\">SIICUSP<\/a><\/li>\n\t\t<li id=\"menu-item-12022\" class=\"menu-item menu-item-type-post_type menu-item-object-page menu-item-12022\"><a href=\"https:\/\/fcfrp.usp.br\/pt\/pesquisa-extensao\/patrimonio-genetico\/\">Patrim\u00f4nio Gen\u00e9tico \u2013 CTA<\/a><\/li>\n\t<\/ul>\n<\/li>\n\t<li id=\"menu-item-790\" class=\"menu-item menu-item-type-post_type menu-item-object-page menu-item-790\"><a href=\"https:\/\/fcfrp.usp.br\/pt\/pesquisa-extensao\/extensao\/\">Cultura e Extens\u00e3o<\/a><\/li>\n<\/ul>\n<\/li>\n<\/ul><\/div><\/div><\/div><\/div><\/div>","protected":false},"excerpt":{"rendered":"<p>O QUE \u00c9? O P\u00f3s-Doutorado na FCFRP \u00e9 um programa de pesquisa, realizado por portadores de t\u00edtulo de doutor, sob supervis\u00e3o de docente ativo ou professor s\u00eanior da Unidade. O objetivo do programa \u00e9 melhorar o n\u00edvel de excel\u00eancia cient\u00edfica e tecnol\u00f3gica da universidade e os projetos, com dura\u00e7\u00e3o m\u00ednima de 3 (tr\u00eas) meses e<a href=\"https:\/\/fcfrp.usp.br\/pt\/pesquisa-extensao\/pesquisa\/programas\/posdoutorado\/\">[&#8230;]<\/a><\/p>\n","protected":false},"author":978,"featured_media":0,"parent":5571,"menu_order":2,"comment_status":"closed","ping_status":"closed","template":"template-fullwidth.php","meta":{"footnotes":"","_links_to":"","_links_to_target":""},"class_list":["post-5858","page","type-page","status-publish","hentry"],"_links":{"self":[{"href":"https:\/\/fcfrp.usp.br\/pt\/wp-json\/wp\/v2\/pages\/5858","targetHints":{"allow":["GET"]}}],"collection":[{"href":"https:\/\/fcfrp.usp.br\/pt\/wp-json\/wp\/v2\/pages"}],"about":[{"href":"https:\/\/fcfrp.usp.br\/pt\/wp-json\/wp\/v2\/types\/page"}],"author":[{"embeddable":true,"href":"https:\/\/fcfrp.usp.br\/pt\/wp-json\/wp\/v2\/users\/978"}],"replies":[{"embeddable":true,"href":"https:\/\/fcfrp.usp.br\/pt\/wp-json\/wp\/v2\/comments?post=5858"}],"version-history":[{"count":4,"href":"https:\/\/fcfrp.usp.br\/pt\/wp-json\/wp\/v2\/pages\/5858\/revisions"}],"predecessor-version":[{"id":15146,"href":"https:\/\/fcfrp.usp.br\/pt\/wp-json\/wp\/v2\/pages\/5858\/revisions\/15146"}],"up":[{"embeddable":true,"href":"https:\/\/fcfrp.usp.br\/pt\/wp-json\/wp\/v2\/pages\/5571"}],"wp:attachment":[{"href":"https:\/\/fcfrp.usp.br\/pt\/wp-json\/wp\/v2\/media?parent=5858"}],"curies":[{"name":"wp","href":"https:\/\/api.w.org\/{rel}","templated":true}]}}