{"id":5879,"date":"2020-07-07T11:31:14","date_gmt":"2020-07-07T13:31:14","guid":{"rendered":"https:\/\/sites.usp.br\/fcfrp\/?page_id=5879"},"modified":"2020-07-07T22:34:52","modified_gmt":"2020-07-08T00:34:52","slug":"pesquisador","status":"publish","type":"page","link":"https:\/\/fcfrp.usp.br\/pt\/pesquisa-extensao\/pesquisa\/programas\/pesquisador\/","title":{"rendered":"Pesquisador Colaborador"},"content":{"rendered":"<div id=\"pl-5879\"  class=\"panel-layout\" ><div id=\"pg-5879-0\"  class=\"panel-grid panel-no-style\" ><div id=\"pgc-5879-0-0\"  class=\"panel-grid-cell\" ><div id=\"panel-5879-0-0-0\" class=\"so-panel widget widget_text panel-first-child panel-last-child\" data-index=\"0\" >\t\t\t<div class=\"textwidget\"><h4><strong>O QUE \u00c9?<\/strong><\/h4>\n<div style=\"text-align: justify;\">O Programa Pesquisador Colaborador da Universidade de S\u00e3o Paulo visa oferecer a oportunidade de pesquisadores externos, vinculados ou n\u00e3o a outra institui\u00e7\u00e3o, colaborarem em projetos de pesquisa da USP. O candidato que tiver sua inscri\u00e7\u00e3o aprovada passa a ter v\u00ednculo com a Universidade de S\u00e3o Paulo, sendo-lhe facultado participar de atividades did\u00e1ticas nos cursos de gradua\u00e7\u00e3o e solicitar credenciamento como orientador em programas de p\u00f3s-gradua\u00e7\u00e3o (n\u00e3o se trata de v\u00ednculo empregat\u00edcio ou funcional entre a universidade e o pesquisador, nem obriga\u00e7\u00e3o de natureza trabalhista, previdenci\u00e1ria ou afim, sendo vedada a extens\u00e3o de direitos e vantagens concedidos aos servidores, bem como a contagem de tempo do programa como de servi\u00e7o p\u00fablico).<\/div>\n<p>&nbsp;<\/p>\n<div style=\"text-align: justify;\">O candidato ao programa deve possuir t\u00edtulo de doutor de qualquer institui\u00e7\u00e3o, nacional ou estrangeira, embora inscri\u00e7\u00f5es de candidatos que n\u00e3o possuam t\u00edtulo de doutor poder\u00e3o ser consideradas mediante solicita\u00e7\u00e3o fundamentada encaminhada \u00e0 Comiss\u00e3o de Pesquisa.<\/div>\n<p>&nbsp;<\/p>\n<div style=\"text-align: justify;\">A participa\u00e7\u00e3o no programa ser\u00e1 aceita dentro de uma das seguintes situa\u00e7\u00f5es:<br \/>\nI &#8211; se for financiada por quaisquer fontes de financiamento (carga hor\u00e1ria de 40 horas semanais);<br \/>\nII &#8211; se houver concess\u00e3o de afastamento remunerado de institui\u00e7\u00e3o de pesquisa e ensino ou empresa, ou ainda, se o v\u00ednculo empregat\u00edcio for em tempo parcial (carga hor\u00e1ria m\u00ednima de 12 horas e m\u00e1xima de 20 horas semanais);<br \/>\nIII &#8211; sem financiamento, a crit\u00e9rio da Comiss\u00e3o de Pesquisa (carga hor\u00e1ria m\u00ednima de 12 horas e m\u00e1xima de 20 horas semanais).<\/div>\n<p>&nbsp;<\/p>\n<div style=\"text-align: justify;\">Os bolsistas Jovem Pesquisador FAPESP devem se inscrever, obrigatoriamente, no Programa Pesquisador Colaborador.<\/div>\n<p>&nbsp;<\/p>\n<h4><strong>NORMAS<\/strong><\/h4>\n<div style=\"text-align: justify;\"><a href=\"http:\/\/www.leginf.usp.br\/?resolucao=resolucao-copq-no-7413-de-06-de-outubro-de-2017\" target=\"_blank\" rel=\"noopener\">Resolu\u00e7\u00e3o CoPq n. 7413<\/a> \u2013 Disp\u00f5e sobre o Programa de Pesquisador Colaborador na USP<\/div>\n<div style=\"text-align: justify;\">Ao final do per\u00edodo de perman\u00eancia no programa, o pesquisador colaborador dever\u00e1 apresentar um relat\u00f3rio das atividades realizadas, a ser aprovado pelo docente proponente e apreciado pela Comiss\u00e3o de Pesquisa. Caso o per\u00edodo de perman\u00eancia seja superior a 12 meses, um relat\u00f3rio ao final do primeiro ano ser\u00e1 considerado requisito para a extens\u00e3o do per\u00edodo de perman\u00eancia.<\/div>\n<p>&nbsp;<\/p>\n<h4><strong>QUANDO E COMO SE INSCREVER?<\/strong><\/h4>\n<div style=\"text-align: justify;\">A inscri\u00e7\u00e3o no Programa de Pesquisador Colaborador se d\u00e1 por fluxo cont\u00ednuo.<br \/>\nPara admiss\u00e3o no programa, o candidato dever\u00e1 apresentar <strong>plano de trabalho, aprovado pelo supervisor,<\/strong> que detalhe todas as atividades a ser desenvolvidas, com justificativa. O plano de trabalho pode conter atividades como semin\u00e1rios, palestras ou orienta\u00e7\u00e3o de estudantes de gradua\u00e7\u00e3o, que contribuam com as atividades de ensino e programas de cultura e extens\u00e3o da FCFRP. O plano de trabalho deve conter tamb\u00e9m, necessariamente, <strong>o projeto de pesquisa que articular\u00e1 e organizar\u00e1 a proposta de pesquisa e conter\u00e1 a formula\u00e7\u00e3o do problema, objetivo, justificativa, metodologia e cronograma de execu\u00e7\u00e3o.<\/strong><\/div>\n<p>&nbsp;<\/p>\n<div style=\"text-align: justify;\"><strong>1 &#8211; DOCUMENTOS PARA INSCRI\u00c7\u00c3O<\/strong><br \/>\n<a href=\"https:\/\/sites.usp.br\/fcfrp\/wp-content\/uploads\/sites\/528\/2020\/07\/Lista-de-Documentos-INCLUSA\u0303O-PC.pdf\" target=\"_blank\" rel=\"noopener\">&#8211; Verificar a Lista de Documentos para Inclus\u00e3o<\/a><br \/>\n<a href=\"https:\/\/sites.usp.br\/fcfrp\/wp-content\/uploads\/sites\/528\/2020\/07\/Formula\u0301rio-INCLUSA\u0303O-PC.docx\" target=\"_blank\" rel=\"noopener\">&#8211; Formul\u00e1rio de Inclus\u00e3o<\/a><br \/>\n<a href=\"https:\/\/sites.usp.br\/fcfrp\/wp-content\/uploads\/sites\/528\/2020\/07\/Anexo-I-Termo-de-Cie\u0302ncia-PC.docx\" target=\"_blank\" rel=\"noopener\">&#8211; Termo de Ci\u00eancia do Pesquisador Colaborador \u2013 Anexo I <\/a><br \/>\n<a href=\"https:\/\/sites.usp.br\/fcfrp\/wp-content\/uploads\/sites\/528\/2020\/07\/Anexo-II-Termo-de-Compromisso-PC.docx\" target=\"_blank\" rel=\"noopener\">&#8211; Termo de Compromisso de Pesquisador Colaborador \u2013 Anexo II<\/a><br \/>\n<a href=\"https:\/\/sites.usp.br\/fcfrp\/wp-content\/uploads\/sites\/528\/2020\/07\/Anexo-III-Propriedade-Intelectual-PC.docx\" target=\"_blank\" rel=\"noopener\">&#8211; Declara\u00e7\u00e3o de Reconhecimento de Direitos de Propriedade Intelectual \u2013 Anexo III<\/a><\/div>\n<p>&nbsp;<\/p>\n<div style=\"text-align: justify;\"><strong>2 &#8211; DOCUMENTOS PARA PRORROGA\u00c7\u00c3O<\/strong><br \/>\n<a href=\"https:\/\/sites.usp.br\/fcfrp\/wp-content\/uploads\/sites\/528\/2020\/07\/Lista-de-Documentos-PRORROGAC\u0327A\u0303O-PC.pdf\" target=\"_blank\" rel=\"noopener\">&#8211; Verificar a Lista de Documentos para Prorroga\u00e7\u00e3o<\/a><br \/>\n<a href=\"https:\/\/sites.usp.br\/fcfrp\/wp-content\/uploads\/sites\/528\/2020\/07\/Anexo-I-Termo-de-Cie\u0302ncia-PC.docx\" target=\"_blank\" rel=\"noopener\">&#8211; Termo de Ci\u00eancia do Pesquisador Colaborador \u2013 Anexo I <\/a><br \/>\n<a href=\"https:\/\/sites.usp.br\/fcfrp\/wp-content\/uploads\/sites\/528\/2020\/07\/Anexo-II-Termo-de-Compromisso-PC.docx\" target=\"_blank\" rel=\"noopener\">&#8211; Termo de Compromisso de Pesquisador Colaborador \u2013 Anexo II<\/a><br \/>\n<a href=\"https:\/\/sites.usp.br\/fcfrp\/wp-content\/uploads\/sites\/528\/2020\/07\/Anexo-III-Propriedade-Intelectual-PC.docx\" target=\"_blank\" rel=\"noopener\">&#8211; Declara\u00e7\u00e3o de Reconhecimento de Direitos de Propriedade Intelectual \u2013 Anexo III<\/a><\/div>\n<p>&nbsp;<\/p>\n<div style=\"text-align: justify;\"><strong>3 &#8211; DOCUMENTOS PARA ENCERRAMENTO<\/strong><br \/>\n<a href=\"https:\/\/sites.usp.br\/fcfrp\/wp-content\/uploads\/sites\/528\/2020\/07\/Lista-de-Documentos-ENCERRAMENTO-PC.pdf\" target=\"_blank\" rel=\"noopener\">&#8211; Verificar a Lista de Documentos para Encerramento<\/a><\/div>\n<p>&nbsp;<\/p>\n<\/div>\n\t\t<\/div><\/div><div id=\"pgc-5879-0-1\"  class=\"panel-grid-cell\" ><div id=\"panel-5879-0-1-0\" class=\"so-panel widget widget_nav_menu panel-first-child panel-last-child\" data-index=\"1\" ><div class=\"menu-menu-pesquisa-container\"><ul id=\"menu-menu-pesquisa\" class=\"menu\"><li id=\"menu-item-791\" class=\"menu-item menu-item-type-post_type menu-item-object-page menu-item-has-children menu-item-791\"><a href=\"https:\/\/fcfrp.usp.br\/pt\/pesquisa-extensao\/\">PESQUISA \/ EXTENS\u00c3O<\/a>\n<ul class=\"sub-menu\">\n\t<li id=\"menu-item-792\" class=\"menu-item menu-item-type-post_type menu-item-object-page menu-item-has-children menu-item-792\"><a href=\"https:\/\/fcfrp.usp.br\/pt\/pesquisa-extensao\/pesquisa\/\">Pesquisa<\/a>\n\t<ul class=\"sub-menu\">\n\t\t<li id=\"menu-item-5831\" class=\"menu-item menu-item-type-post_type menu-item-object-page menu-item-5831\"><a href=\"https:\/\/fcfrp.usp.br\/pt\/pesquisa-extensao\/pesquisa\/normas\/\">Normas<\/a><\/li>\n\t\t<li id=\"menu-item-5562\" class=\"menu-item menu-item-type-post_type menu-item-object-page menu-item-has-children menu-item-5562\"><a href=\"https:\/\/fcfrp.usp.br\/pt\/pesquisa-extensao\/pesquisa\/infraestrutura\/\">Infraestrutura<\/a>\n\t\t<ul class=\"sub-menu\">\n\t\t\t<li id=\"menu-item-15552\" class=\"menu-item menu-item-type-post_type menu-item-object-page menu-item-15552\"><a href=\"https:\/\/fcfrp.usp.br\/pt\/pesquisa-extensao\/pesquisa\/infraestrutura\/biocel\/\">BioCel FCFRP-USP<\/a><\/li>\n\t\t<\/ul>\n<\/li>\n\t\t<li id=\"menu-item-910\" class=\"menu-item menu-item-type-post_type menu-item-object-page menu-item-910\"><a href=\"https:\/\/fcfrp.usp.br\/pt\/pesquisa-extensao\/pesquisa\/centrais-multiusuarios\/\">Centrais Multiusu\u00e1rios<\/a><\/li>\n\t\t<li id=\"menu-item-6067\" class=\"menu-item menu-item-type-post_type menu-item-object-page menu-item-6067\"><a href=\"https:\/\/fcfrp.usp.br\/pt\/pesquisa-extensao\/pesquisa\/linhas-de-pesquisa\/\">Linhas de Pesquisa<\/a><\/li>\n\t\t<li id=\"menu-item-5570\" class=\"menu-item menu-item-type-post_type menu-item-object-page menu-item-5570\"><a href=\"https:\/\/fcfrp.usp.br\/pt\/pesquisa-extensao\/pesquisa\/grupos-pesquisa\/\">Grupos de Pesquisa<\/a><\/li>\n\t\t<li id=\"menu-item-5574\" class=\"menu-item menu-item-type-post_type menu-item-object-page menu-item-has-children menu-item-5574\"><a href=\"https:\/\/fcfrp.usp.br\/pt\/pesquisa-extensao\/pesquisa\/programas\/\">Programas<\/a>\n\t\t<ul class=\"sub-menu\">\n\t\t\t<li id=\"menu-item-5863\" class=\"menu-item menu-item-type-post_type menu-item-object-page menu-item-5863\"><a href=\"https:\/\/fcfrp.usp.br\/pt\/pesquisa-extensao\/pesquisa\/programas\/preiniciacao\/\">Pr\u00e9-Inicia\u00e7\u00e3o Cient\u00edfica<\/a><\/li>\n\t\t\t<li id=\"menu-item-5853\" class=\"menu-item menu-item-type-post_type menu-item-object-page menu-item-5853\"><a href=\"https:\/\/fcfrp.usp.br\/pt\/pesquisa-extensao\/pesquisa\/programas\/iniciacao\/\">Inicia\u00e7\u00e3o Cient\u00edfica<\/a><\/li>\n\t\t\t<li id=\"menu-item-5862\" class=\"menu-item menu-item-type-post_type menu-item-object-page menu-item-5862\"><a href=\"https:\/\/fcfrp.usp.br\/pt\/pesquisa-extensao\/pesquisa\/programas\/posdoutorado\/\">P\u00f3s-Doutorado<\/a><\/li>\n\t\t\t<li id=\"menu-item-5889\" class=\"menu-item menu-item-type-post_type menu-item-object-page menu-item-5889\"><a href=\"https:\/\/fcfrp.usp.br\/pt\/pesquisa-extensao\/pesquisa\/programas\/pesquisador\/\">Pesquisador Colaborador<\/a><\/li>\n\t\t<\/ul>\n<\/li>\n\t\t<li id=\"menu-item-5580\" class=\"menu-item menu-item-type-post_type menu-item-object-page menu-item-5580\"><a href=\"https:\/\/fcfrp.usp.br\/pt\/pesquisa-extensao\/pesquisa\/oportunidades\/\">Oportunidades<\/a><\/li>\n\t\t<li id=\"menu-item-7063\" class=\"menu-item menu-item-type-post_type menu-item-object-page menu-item-7063\"><a href=\"https:\/\/fcfrp.usp.br\/pt\/pesquisa-extensao\/pesquisa\/siicusp\/\">SIICUSP<\/a><\/li>\n\t\t<li id=\"menu-item-12022\" class=\"menu-item menu-item-type-post_type menu-item-object-page menu-item-12022\"><a href=\"https:\/\/fcfrp.usp.br\/pt\/pesquisa-extensao\/patrimonio-genetico\/\">Patrim\u00f4nio Gen\u00e9tico \u2013 CTA<\/a><\/li>\n\t<\/ul>\n<\/li>\n\t<li id=\"menu-item-790\" class=\"menu-item menu-item-type-post_type menu-item-object-page menu-item-790\"><a href=\"https:\/\/fcfrp.usp.br\/pt\/pesquisa-extensao\/extensao\/\">Cultura e Extens\u00e3o<\/a><\/li>\n<\/ul>\n<\/li>\n<\/ul><\/div><\/div><\/div><\/div><\/div>","protected":false},"excerpt":{"rendered":"<p>O QUE \u00c9? O Programa Pesquisador Colaborador da Universidade de S\u00e3o Paulo visa oferecer a oportunidade de pesquisadores externos, vinculados ou n\u00e3o a outra institui\u00e7\u00e3o, colaborarem em projetos de pesquisa da USP. O candidato que tiver sua inscri\u00e7\u00e3o aprovada passa a ter v\u00ednculo com a Universidade de S\u00e3o Paulo, sendo-lhe facultado participar de atividades did\u00e1ticas<a href=\"https:\/\/fcfrp.usp.br\/pt\/pesquisa-extensao\/pesquisa\/programas\/pesquisador\/\">[&#8230;]<\/a><\/p>\n","protected":false},"author":978,"featured_media":0,"parent":5571,"menu_order":3,"comment_status":"closed","ping_status":"closed","template":"template-fullwidth.php","meta":{"footnotes":"","_links_to":"","_links_to_target":""},"class_list":["post-5879","page","type-page","status-publish","hentry"],"_links":{"self":[{"href":"https:\/\/fcfrp.usp.br\/pt\/wp-json\/wp\/v2\/pages\/5879","targetHints":{"allow":["GET"]}}],"collection":[{"href":"https:\/\/fcfrp.usp.br\/pt\/wp-json\/wp\/v2\/pages"}],"about":[{"href":"https:\/\/fcfrp.usp.br\/pt\/wp-json\/wp\/v2\/types\/page"}],"author":[{"embeddable":true,"href":"https:\/\/fcfrp.usp.br\/pt\/wp-json\/wp\/v2\/users\/978"}],"replies":[{"embeddable":true,"href":"https:\/\/fcfrp.usp.br\/pt\/wp-json\/wp\/v2\/comments?post=5879"}],"version-history":[{"count":3,"href":"https:\/\/fcfrp.usp.br\/pt\/wp-json\/wp\/v2\/pages\/5879\/revisions"}],"predecessor-version":[{"id":5914,"href":"https:\/\/fcfrp.usp.br\/pt\/wp-json\/wp\/v2\/pages\/5879\/revisions\/5914"}],"up":[{"embeddable":true,"href":"https:\/\/fcfrp.usp.br\/pt\/wp-json\/wp\/v2\/pages\/5571"}],"wp:attachment":[{"href":"https:\/\/fcfrp.usp.br\/pt\/wp-json\/wp\/v2\/media?parent=5879"}],"curies":[{"name":"wp","href":"https:\/\/api.w.org\/{rel}","templated":true}]}}