{"id":6661,"date":"2020-08-07T11:18:51","date_gmt":"2020-08-07T13:18:51","guid":{"rendered":"https:\/\/fcfrp.usp.br\/?page_id=6661"},"modified":"2025-12-10T14:45:21","modified_gmt":"2025-12-10T16:45:21","slug":"fepusp","status":"publish","type":"page","link":"https:\/\/fcfrp.usp.br\/pt\/pesquisa-extensao\/extensao\/fepusp\/","title":{"rendered":"Feira de Profiss\u00f5es"},"content":{"rendered":"<div id=\"pl-6661\"  class=\"panel-layout\" ><div id=\"pg-6661-0\"  class=\"panel-grid panel-no-style\" ><div id=\"pgc-6661-0-0\"  class=\"panel-grid-cell\" ><div id=\"panel-6661-0-0-0\" class=\"so-panel widget widget_text panel-first-child panel-last-child\" data-index=\"0\" >\t\t\t<div class=\"textwidget\"><p>A Feira de Profiss\u00f5es da USP, mais conhecida como FEPUSP, \u00e9 um evento anual da Universidade de S\u00e3o Paulo (USP) focado em estudantes do ensino m\u00e9dio e pr\u00e9-vestibular para apresentar os cursos, carreiras e a vida universit\u00e1ria, com o objetivo de auxiliar na escolha profissional, e tamb\u00e9m fornece informa\u00e7\u00f5es sobre ingresso e perman\u00eancia (aux\u00edlios e moradia) na universidade.<\/p>\n<h4><strong>FEPUSP 2025<\/strong><\/h4>\n<p>Confira a <a href=\"https:\/\/feirauspprofissoes.usp.br\/\" target=\"_blank\">Feira de Profiss\u00f5es de 2025<\/a>: Campus, Faculdades, Como Ingressar<\/p>\n<h4>FCFRP na FEPUSP <\/h4>\n<p><a href=\"https:\/\/feirauspprofissoes.usp.br\/unidades\/faculdade-de-ciencias-farmaceuticas-de-ribeirao-preto\" target=\"_blank\">&#8211; P\u00e1gina da FCFRP na Feira de Profiss\u00f5es<\/a><\/p>\n<p>&nbsp;<\/p>\n<h4><strong>FEPUSP 2024<\/strong><\/h4>\n<p><a href=\"https:\/\/www.youtube.com\/watch?v=PaMvCmtva08\" target=\"_blank\">&#8211; Bate-papo com a Profa. Cristiane Masetto de Gaitani, presidente da Comiss\u00e3o de Gradua\u00e7\u00e3o<\/a><\/p>\n<p><a href=\"https:\/\/www.youtube.com\/watch?v=dTqfZVfdMzs\" target=\"_blank\">&#8211; Bate-papo com o prof. Zeki Naal<\/a><\/p>\n<p><a href=\"https:\/\/www.youtube.com\/watch?v=dFBZa7W9Jtg\" target=\"_blank\">&#8211; Bate papo com o prof. Leonardo R\u00e9gis Leira Pereira<\/a><\/p>\n<p><a href=\"https:\/\/www.youtube.com\/watch?v=TvPhd73P7vg\" target=\"_blank\">&#8211; Bate-papo com a profa. Priscyla Daniely Marcato Gaspari<\/a><\/p>\n<\/div>\n\t\t<\/div><\/div><div id=\"pgc-6661-0-1\"  class=\"panel-grid-cell\" ><div id=\"panel-6661-0-1-0\" class=\"so-panel widget widget_nav_menu panel-first-child panel-last-child\" data-index=\"1\" ><div class=\"menu-menu-extensao-container\"><ul id=\"menu-menu-extensao\" class=\"menu\"><li id=\"menu-item-5943\" class=\"menu-item menu-item-type-post_type menu-item-object-page menu-item-has-children menu-item-5943\"><a href=\"https:\/\/fcfrp.usp.br\/pt\/pesquisa-extensao\/\">PESQUISA \/ EXTENS\u00c3O<\/a>\n<ul class=\"sub-menu\">\n\t<li id=\"menu-item-5944\" class=\"menu-item menu-item-type-post_type menu-item-object-page menu-item-5944\"><a href=\"https:\/\/fcfrp.usp.br\/pt\/pesquisa-extensao\/pesquisa\/\">Pesquisa<\/a><\/li>\n\t<li id=\"menu-item-5945\" class=\"menu-item menu-item-type-post_type menu-item-object-page menu-item-has-children menu-item-5945\"><a href=\"https:\/\/fcfrp.usp.br\/pt\/pesquisa-extensao\/extensao\/\">Cultura e Extens\u00e3o<\/a>\n\t<ul class=\"sub-menu\">\n\t\t<li id=\"menu-item-15867\" class=\"menu-item menu-item-type-post_type menu-item-object-page menu-item-15867\"><a href=\"https:\/\/fcfrp.usp.br\/pt\/pesquisa-extensao\/extensao\/curricularizacao\/\">Curriculariza\u00e7\u00e3o<\/a><\/li>\n\t\t<li id=\"menu-item-5946\" class=\"menu-item menu-item-type-post_type menu-item-object-page menu-item-5946\"><a href=\"https:\/\/fcfrp.usp.br\/pt\/pesquisa-extensao\/extensao\/cursos-extensao\/\">Cursos e Atividades<\/a><\/li>\n\t\t<li id=\"menu-item-6781\" class=\"menu-item menu-item-type-post_type menu-item-object-page menu-item-6781\"><a href=\"https:\/\/fcfrp.usp.br\/pt\/pesquisa-extensao\/extensao\/fepusp\/\">Feira de Profiss\u00f5es<\/a><\/li>\n\t\t<li id=\"menu-item-11497\" class=\"menu-item menu-item-type-post_type menu-item-object-page menu-item-11497\"><a href=\"https:\/\/fcfrp.usp.br\/pt\/pesquisa-extensao\/extensao\/material-divulgacao\/\">Material de Divulga\u00e7\u00e3o \u00e0 Comunidade<\/a><\/li>\n\t\t<li id=\"menu-item-5947\" class=\"menu-item menu-item-type-post_type menu-item-object-page menu-item-5947\"><a href=\"https:\/\/fcfrp.usp.br\/pt\/pesquisa-extensao\/extensao\/programas-extensao\/\">Programas e Projetos<\/a><\/li>\n\t<\/ul>\n<\/li>\n<\/ul>\n<\/li>\n<\/ul><\/div><\/div><\/div><\/div><div id=\"pg-6661-1\"  class=\"panel-grid panel-no-style\" ><div id=\"pgc-6661-1-0\"  class=\"panel-grid-cell\" ><div id=\"panel-6661-1-0-0\" class=\"so-panel widget widget_text panel-first-child\" data-index=\"2\" >\t\t\t<div class=\"textwidget\"><\/div>\n\t\t<\/div><div id=\"panel-6661-1-0-1\" class=\"widget_text so-panel widget widget_custom_html panel-last-child\" data-index=\"3\" ><div class=\"textwidget custom-html-widget\"><\/div><\/div><\/div><div id=\"pgc-6661-1-1\"  class=\"panel-grid-cell\" ><div id=\"panel-6661-1-1-0\" class=\"so-panel widget widget_text panel-first-child\" data-index=\"4\" >\t\t\t<div class=\"textwidget\"><\/div>\n\t\t<\/div><div id=\"panel-6661-1-1-1\" class=\"widget_text so-panel widget widget_custom_html panel-last-child\" data-index=\"5\" ><div class=\"textwidget custom-html-widget\"><\/div><\/div><\/div><\/div><\/div>","protected":false},"excerpt":{"rendered":"<p>A Feira de Profiss\u00f5es da USP, mais conhecida como FEPUSP, \u00e9 um evento anual da Universidade de S\u00e3o Paulo (USP) focado em estudantes do ensino m\u00e9dio e pr\u00e9-vestibular para apresentar os cursos, carreiras e a vida universit\u00e1ria, com o objetivo de auxiliar na escolha profissional, e tamb\u00e9m fornece informa\u00e7\u00f5es sobre ingresso e perman\u00eancia (aux\u00edlios e<a href=\"https:\/\/fcfrp.usp.br\/pt\/pesquisa-extensao\/extensao\/fepusp\/\">[&#8230;]<\/a><\/p>\n","protected":false},"author":978,"featured_media":0,"parent":458,"menu_order":2,"comment_status":"closed","ping_status":"closed","template":"template-fullwidth.php","meta":{"footnotes":"","_links_to":"","_links_to_target":""},"class_list":["post-6661","page","type-page","status-publish","hentry"],"_links":{"self":[{"href":"https:\/\/fcfrp.usp.br\/pt\/wp-json\/wp\/v2\/pages\/6661","targetHints":{"allow":["GET"]}}],"collection":[{"href":"https:\/\/fcfrp.usp.br\/pt\/wp-json\/wp\/v2\/pages"}],"about":[{"href":"https:\/\/fcfrp.usp.br\/pt\/wp-json\/wp\/v2\/types\/page"}],"author":[{"embeddable":true,"href":"https:\/\/fcfrp.usp.br\/pt\/wp-json\/wp\/v2\/users\/978"}],"replies":[{"embeddable":true,"href":"https:\/\/fcfrp.usp.br\/pt\/wp-json\/wp\/v2\/comments?post=6661"}],"version-history":[{"count":4,"href":"https:\/\/fcfrp.usp.br\/pt\/wp-json\/wp\/v2\/pages\/6661\/revisions"}],"predecessor-version":[{"id":15903,"href":"https:\/\/fcfrp.usp.br\/pt\/wp-json\/wp\/v2\/pages\/6661\/revisions\/15903"}],"up":[{"embeddable":true,"href":"https:\/\/fcfrp.usp.br\/pt\/wp-json\/wp\/v2\/pages\/458"}],"wp:attachment":[{"href":"https:\/\/fcfrp.usp.br\/pt\/wp-json\/wp\/v2\/media?parent=6661"}],"curies":[{"name":"wp","href":"https:\/\/api.w.org\/{rel}","templated":true}]}}